{"id":10019,"date":"2025-02-05T16:15:24","date_gmt":"2025-02-05T16:15:24","guid":{"rendered":"https:\/\/comcellstore.com\/?post_type=product&#038;p=10019"},"modified":"2025-07-08T15:22:09","modified_gmt":"2025-07-08T15:22:09","slug":"xtech-xth-690","status":"publish","type":"product","link":"https:\/\/comcellstore.com\/?product=xtech-xth-690","title":{"rendered":"XTECH <br>XTH-690"},"content":{"rendered":"<ul>\n<li>Tipo de producto : Doble soporte para auriculares con luz RGB y concentrador USB<\/li>\n<li>Puerto de carga : 2 USB 2.0<\/li>\n<li>Botones : 1 bot\u00f3n para selecci\u00f3n de modos de iluminaci\u00f3n, 1 interruptor de encendido\/apagado para luz LED superior.<\/li>\n<li>Longitud del cable : Cable USB integrado a la unidad de 1,5m de largo<\/li>\n<li>Plug &amp; Play<\/li>\n<li>Color : Negro<\/li>\n<\/ul>\n","protected":false},"excerpt":{"rendered":"<h2><span style=\"color: #33cccc;\">Soporte doble para auriculares con luz RGB y 2 puertos USB<\/span><\/h2>\n<p>Soporte iluminado con luces RGB para colocar tus auriculares y ahorrar espacio en el escritorio, incluye dos entradas de carga para celular y ganchos en la parte posterior del soporte que ayudan a organizar los cables y evitar enredos.<\/p>\n","protected":false},"featured_media":10020,"comment_status":"closed","ping_status":"closed","template":"","meta":[],"product_brand":[124],"product_cat":[76,77,57,128],"product_tag":[],"class_list":{"0":"post-10019","1":"product","2":"type-product","3":"status-publish","4":"has-post-thumbnail","6":"product_brand-xtech","7":"product_cat-accesorios-gaming","8":"product_cat-auriculares-gaming","9":"product_cat-auricularesteclados-mecanicos-ratones","10":"product_cat-soporte-para-audifono","12":"first","13":"instock","14":"taxable","15":"shipping-taxable","16":"purchasable","17":"product-type-simple"},"_links":{"self":[{"href":"https:\/\/comcellstore.com\/index.php?rest_route=\/wp\/v2\/product\/10019","targetHints":{"allow":["GET"]}}],"collection":[{"href":"https:\/\/comcellstore.com\/index.php?rest_route=\/wp\/v2\/product"}],"about":[{"href":"https:\/\/comcellstore.com\/index.php?rest_route=\/wp\/v2\/types\/product"}],"replies":[{"embeddable":true,"href":"https:\/\/comcellstore.com\/index.php?rest_route=%2Fwp%2Fv2%2Fcomments&post=10019"}],"version-history":[{"count":1,"href":"https:\/\/comcellstore.com\/index.php?rest_route=\/wp\/v2\/product\/10019\/revisions"}],"predecessor-version":[{"id":10023,"href":"https:\/\/comcellstore.com\/index.php?rest_route=\/wp\/v2\/product\/10019\/revisions\/10023"}],"wp:featuredmedia":[{"embeddable":true,"href":"https:\/\/comcellstore.com\/index.php?rest_route=\/wp\/v2\/media\/10020"}],"wp:attachment":[{"href":"https:\/\/comcellstore.com\/index.php?rest_route=%2Fwp%2Fv2%2Fmedia&parent=10019"}],"wp:term":[{"taxonomy":"product_brand","embeddable":true,"href":"https:\/\/comcellstore.com\/index.php?rest_route=%2Fwp%2Fv2%2Fproduct_brand&post=10019"},{"taxonomy":"product_cat","embeddable":true,"href":"https:\/\/comcellstore.com\/index.php?rest_route=%2Fwp%2Fv2%2Fproduct_cat&post=10019"},{"taxonomy":"product_tag","embeddable":true,"href":"https:\/\/comcellstore.com\/index.php?rest_route=%2Fwp%2Fv2%2Fproduct_tag&post=10019"}],"curies":[{"name":"wp","href":"https:\/\/api.w.org\/{rel}","templated":true}]}}