{"id":1316,"date":"2020-05-28T02:39:13","date_gmt":"2020-05-28T02:39:13","guid":{"rendered":"https:\/\/comcellstore.com\/?post_type=product&#038;p=1316"},"modified":"2025-07-08T14:39:49","modified_gmt":"2025-07-08T14:39:49","slug":"kac-001-cable-lightning-mfi","status":"publish","type":"product","link":"https:\/\/comcellstore.com\/?product=kac-001-cable-lightning-mfi","title":{"rendered":"KLIP XTREME<br>KAC-001 Cable Lightning\u00ae MFI"},"content":{"rendered":"\t\t<div data-elementor-type=\"wp-post\" data-elementor-id=\"1316\" class=\"elementor elementor-1316\" data-elementor-post-type=\"product\">\n\t\t\t\t\t\t<section class=\"elementor-section elementor-top-section elementor-element elementor-element-69a83100 elementor-section-boxed elementor-section-height-default elementor-section-height-default\" data-id=\"69a83100\" data-element_type=\"section\">\n\t\t\t\t\t\t<div class=\"elementor-container elementor-column-gap-default\">\n\t\t\t\t\t<div class=\"elementor-column elementor-col-100 elementor-top-column elementor-element elementor-element-76085028\" data-id=\"76085028\" data-element_type=\"column\">\n\t\t\t<div class=\"elementor-widget-wrap elementor-element-populated\">\n\t\t\t\t\t\t<div class=\"elementor-element elementor-element-14641a76 elementor-widget elementor-widget-text-editor\" data-id=\"14641a76\" data-element_type=\"widget\" data-widget_type=\"text-editor.default\">\n\t\t\t\t\t\t\t\t\t<div class=\"col-lg-6\">\r\n<div><i class=\"interna_icon\"><img decoding=\"async\" class=\"\" title=\"Especificaciones t\u00e9cnicas\" src=\"https:\/\/www.klipxtreme.com\/media\/Icon-Technical-specifications-grupo.png\" alt=\"Icono-Especificaciones-t\u00e9cnicas-grupo.png\" width=\"36\" height=\"36\" \/>\u00a0<span class=\"title-specs\">Especificaciones t\u00e9cnicas<\/span><\/i><\/div>\r\n<div>\r\n<ul>\r\n \t<li>Amplificadores: hasta 2.4A<\/li>\r\n \t<li>Longitud del cable: 1.6 pies<\/li>\r\n \t<li>Material del conductor: cobre esta\u00f1ado<\/li>\r\n \t<li>Tipo de conector: Lightning\u00ae a USB 3.0<\/li>\r\n \t<li>Material de contacto: chapado en oro<\/li>\r\n \t<li>Chaqueta \/ Material de construcci\u00f3n: metal y cord\u00f3n trenzado<\/li>\r\n \t<li>N\u00famero de pares: 8<\/li>\r\n \t<li>Di\u00e1metro exterior: 3.6 mm<\/li>\r\n \t<li>Tipo: cable Lightning\u00ae<\/li>\r\n \t<li>Garant\u00eda: limitada por un a\u00f1o<\/li>\r\n \t<li>Peso: 0.38 oz<\/li>\r\n \t<li>Calibrador de alambre (AWG): 22 AWG<\/li>\r\n<\/ul>\r\n<\/div>\r\n<\/div>\r\n<div class=\"col-lg-6\">\r\n<div><i class=\"interna_icon\"><img decoding=\"async\" class=\"\" title=\"Compatible con\" src=\"https:\/\/www.klipxtreme.com\/media\/Icon-Compatible-with-grupo.png\" alt=\"Icon-Compatible-with-grupo.png\" width=\"36\" height=\"36\" \/>\u00a0<span class=\"title-specs\">Compatible con<\/span><\/i><\/div>\r\n<div>\r\n<ul>\r\n \t<li>iPhone XS Max \/ XS \/ XR \/ X \/ 8 Plus \/ 8\/7 Plus \/ 7 \/ 6s Plus \/ 6s \/ 6 Plus \/ 6 \/ SE \/ 5s \/ 5c \/ 5<\/li>\r\n \t<li>iPad Pro (9.7 pulgadas) \/ (10.5 pulgadas), iPad Pro (12.9 pulgadas) primero \/ segundo, iPad Air 2, iPad Air<\/li>\r\n \t<li>iPad mini 4\/3\/2, iPad mini, iPad (4ta, 5ta y 6ta generaci\u00f3n)<\/li>\r\n \t<li>iPod touch (5ta y 6ta generaci\u00f3n)<\/li>\r\n<\/ul>\r\n<\/div>\r\n<\/div>\t\t\t\t\t\t\t\t<\/div>\n\t\t\t\t<div class=\"elementor-element elementor-element-703bcbf elementor-arrows-position-inside elementor-pagination-position-outside elementor-widget elementor-widget-image-carousel\" data-id=\"703bcbf\" data-element_type=\"widget\" data-settings=\"{&quot;slides_to_show&quot;:&quot;4&quot;,&quot;navigation&quot;:&quot;both&quot;,&quot;autoplay&quot;:&quot;yes&quot;,&quot;pause_on_hover&quot;:&quot;yes&quot;,&quot;pause_on_interaction&quot;:&quot;yes&quot;,&quot;autoplay_speed&quot;:5000,&quot;infinite&quot;:&quot;yes&quot;,&quot;speed&quot;:500}\" data-widget_type=\"image-carousel.default\">\n\t\t\t\t\t\t\t<div class=\"elementor-image-carousel-wrapper swiper\" role=\"region\" aria-roledescription=\"carousel\" aria-label=\"Carrusel de im\u00e1genes\" dir=\"ltr\">\n\t\t\t<div class=\"elementor-image-carousel swiper-wrapper\" aria-live=\"off\">\n\t\t\t\t\t\t\t\t<div class=\"swiper-slide\" role=\"group\" aria-roledescription=\"slide\" aria-label=\"1 de 4\"><figure class=\"swiper-slide-inner\"><img decoding=\"async\" class=\"swiper-slide-image\" src=\"https:\/\/comcellstore.com\/wp-content\/uploads\/2020\/05\/KAC-001-imgico-2-300x300.jpg\" alt=\"KAC-001-imgico-2\" \/><\/figure><\/div><div class=\"swiper-slide\" role=\"group\" aria-roledescription=\"slide\" aria-label=\"2 de 4\"><figure class=\"swiper-slide-inner\"><img decoding=\"async\" class=\"swiper-slide-image\" src=\"https:\/\/comcellstore.com\/wp-content\/uploads\/2020\/05\/KAC-001-imgico-3-300x300.jpg\" alt=\"KAC-001-imgico-3\" \/><\/figure><\/div><div class=\"swiper-slide\" role=\"group\" aria-roledescription=\"slide\" aria-label=\"3 de 4\"><figure class=\"swiper-slide-inner\"><img decoding=\"async\" class=\"swiper-slide-image\" src=\"https:\/\/comcellstore.com\/wp-content\/uploads\/2020\/05\/KAC-001-imgico-4-300x300.jpg\" alt=\"KAC-001-imgico-4\" \/><\/figure><\/div><div class=\"swiper-slide\" role=\"group\" aria-roledescription=\"slide\" aria-label=\"4 de 4\"><figure class=\"swiper-slide-inner\"><img decoding=\"async\" class=\"swiper-slide-image\" src=\"https:\/\/comcellstore.com\/wp-content\/uploads\/2020\/05\/KAC-020-imgico-1-300x300.jpg\" alt=\"KAC-020-imgico-1\" \/><\/figure><\/div>\t\t\t<\/div>\n\t\t\t\t\t\t\t\t\t\t\t\t<div class=\"elementor-swiper-button elementor-swiper-button-prev\" role=\"button\" tabindex=\"0\">\n\t\t\t\t\t\t<svg aria-hidden=\"true\" class=\"e-font-icon-svg e-eicon-chevron-left\" viewBox=\"0 0 1000 1000\" xmlns=\"http:\/\/www.w3.org\/2000\/svg\"><path d=\"M646 125C629 125 613 133 604 142L308 442C296 454 292 471 292 487 292 504 296 521 308 533L604 854C617 867 629 875 646 875 663 875 679 871 692 858 704 846 713 829 713 812 713 796 708 779 692 767L438 487 692 225C700 217 708 204 708 187 708 171 704 154 692 142 675 129 663 125 646 125Z\"><\/path><\/svg>\t\t\t\t\t<\/div>\n\t\t\t\t\t<div class=\"elementor-swiper-button elementor-swiper-button-next\" role=\"button\" tabindex=\"0\">\n\t\t\t\t\t\t<svg aria-hidden=\"true\" class=\"e-font-icon-svg e-eicon-chevron-right\" viewBox=\"0 0 1000 1000\" xmlns=\"http:\/\/www.w3.org\/2000\/svg\"><path d=\"M696 533C708 521 713 504 713 487 713 471 708 454 696 446L400 146C388 133 375 125 354 125 338 125 325 129 313 142 300 154 292 171 292 187 292 204 296 221 308 233L563 492 304 771C292 783 288 800 288 817 288 833 296 850 308 863 321 871 338 875 354 875 371 875 388 867 400 854L696 533Z\"><\/path><\/svg>\t\t\t\t\t<\/div>\n\t\t\t\t\n\t\t\t\t\t\t\t\t\t<div class=\"swiper-pagination\"><\/div>\n\t\t\t\t\t\t\t\t\t<\/div>\n\t\t\t\t\t\t<\/div>\n\t\t\t\t\t<\/div>\n\t\t<\/div>\n\t\t\t\t\t<\/div>\n\t\t<\/section>\n\t\t\t\t<\/div>\n\t\t","protected":false},"excerpt":{"rendered":"<div>\n<h2><span style=\"color: #33cccc;\">Sincroniza y carga tu dispositivo en cualquier momento y en cualquier lugar<\/span><\/h2>\n<\/div>\n<p>Este cable ultraduradero es perfecto para cargar y sincronizar su dispositivo Apple.\u00a0El enchufe USB vers\u00e1til se conecta directamente a cualquier computadora, pared o adaptador de autom\u00f3vil con un puerto USB 3.0 est\u00e1ndar.\u00a0Es compatible con dispositivos con un conector Lightning\u00ae de 8 pines, como los \u00faltimos modelos de iPhone, iPad y iPod.<\/p>\n<ul>\n<li>Ofrece 2,4 amperios de potencia de manera m\u00e1s eficiente y r\u00e1pida que los cables de carga normales<\/li>\n<li>Se ha demostrado que el cable reforzado y trenzado de 3.6 mm es m\u00e1s resistente que otros productos similares.<\/li>\n<li>El conector de metal delgado y de bajo perfil hace que sea f\u00e1cil de usar sin la necesidad de quitar la funda.<\/li>\n<li>El dise\u00f1o de enchufe reversible permite a los usuarios insertar el conector en cualquier direcci\u00f3n<\/li>\n<li>Tiene solo 1.6 pies de largo, ideal para espacios reducidos<\/li>\n<li>Gancho y lazo para mantener los cables organizados<\/li>\n<li>Garant\u00eda limitada de un a\u00f1o.<\/li>\n<\/ul>\n","protected":false},"featured_media":1320,"comment_status":"open","ping_status":"closed","template":"","meta":[],"product_brand":[],"product_cat":[49,51],"product_tag":[],"class_list":{"0":"post-1316","1":"product","2":"type-product","3":"status-publish","4":"has-post-thumbnail","6":"product_cat-accesorios-moviles","7":"product_cat-cables","9":"first","10":"instock","11":"sale","12":"taxable","13":"shipping-taxable","14":"purchasable","15":"product-type-simple"},"_links":{"self":[{"href":"https:\/\/comcellstore.com\/index.php?rest_route=\/wp\/v2\/product\/1316","targetHints":{"allow":["GET"]}}],"collection":[{"href":"https:\/\/comcellstore.com\/index.php?rest_route=\/wp\/v2\/product"}],"about":[{"href":"https:\/\/comcellstore.com\/index.php?rest_route=\/wp\/v2\/types\/product"}],"replies":[{"embeddable":true,"href":"https:\/\/comcellstore.com\/index.php?rest_route=%2Fwp%2Fv2%2Fcomments&post=1316"}],"version-history":[{"count":4,"href":"https:\/\/comcellstore.com\/index.php?rest_route=\/wp\/v2\/product\/1316\/revisions"}],"predecessor-version":[{"id":6083,"href":"https:\/\/comcellstore.com\/index.php?rest_route=\/wp\/v2\/product\/1316\/revisions\/6083"}],"wp:featuredmedia":[{"embeddable":true,"href":"https:\/\/comcellstore.com\/index.php?rest_route=\/wp\/v2\/media\/1320"}],"wp:attachment":[{"href":"https:\/\/comcellstore.com\/index.php?rest_route=%2Fwp%2Fv2%2Fmedia&parent=1316"}],"wp:term":[{"taxonomy":"product_brand","embeddable":true,"href":"https:\/\/comcellstore.com\/index.php?rest_route=%2Fwp%2Fv2%2Fproduct_brand&post=1316"},{"taxonomy":"product_cat","embeddable":true,"href":"https:\/\/comcellstore.com\/index.php?rest_route=%2Fwp%2Fv2%2Fproduct_cat&post=1316"},{"taxonomy":"product_tag","embeddable":true,"href":"https:\/\/comcellstore.com\/index.php?rest_route=%2Fwp%2Fv2%2Fproduct_tag&post=1316"}],"curies":[{"name":"wp","href":"https:\/\/api.w.org\/{rel}","templated":true}]}}