{"id":1540,"date":"2020-06-02T03:09:47","date_gmt":"2020-06-02T03:09:47","guid":{"rendered":"https:\/\/comcellstore.com\/?post_type=product&#038;p=1540"},"modified":"2025-05-27T21:02:23","modified_gmt":"2025-05-27T21:02:23","slug":"kma-850-halo","status":"publish","type":"product","link":"https:\/\/comcellstore.com\/?product=kma-850-halo","title":{"rendered":"KLIP XTREME<br>KMA-850 HALO"},"content":{"rendered":"\t\t<div data-elementor-type=\"wp-post\" data-elementor-id=\"1540\" class=\"elementor elementor-1540\" data-elementor-post-type=\"product\">\n\t\t\t\t\t\t<section class=\"elementor-section elementor-top-section elementor-element elementor-element-67616d9a elementor-section-boxed elementor-section-height-default elementor-section-height-default\" data-id=\"67616d9a\" data-element_type=\"section\" data-e-type=\"section\">\n\t\t\t\t\t\t<div class=\"elementor-container elementor-column-gap-default\">\n\t\t\t\t\t<div class=\"elementor-column elementor-col-100 elementor-top-column elementor-element elementor-element-6304a106\" data-id=\"6304a106\" data-element_type=\"column\" data-e-type=\"column\">\n\t\t\t<div class=\"elementor-widget-wrap elementor-element-populated\">\n\t\t\t\t\t\t<div class=\"elementor-element elementor-element-3227d597 elementor-widget elementor-widget-text-editor\" data-id=\"3227d597\" data-element_type=\"widget\" data-e-type=\"widget\" data-widget_type=\"text-editor.default\">\n\t\t\t\t\t\t\t\t\t<div class=\"col-lg-6\">\r\n<div><i class=\"interna_icon\"><img decoding=\"async\" class=\"\" title=\"Especificaciones t\u00e9cnicas\" src=\"https:\/\/www.klipxtreme.com\/media\/Icon-Technical-specifications-grupo.png\" alt=\"Icono-Especificaciones-t\u00e9cnicas-grupo.png\" width=\"36\" height=\"36\" \/>\u00a0<span class=\"title-specs\">Especificaciones t\u00e9cnicas<\/span><\/i><\/div>\r\n<ul>\r\n \t<li>Tipo: almohadilla de carga inal\u00e1mbrica delgada<\/li>\r\n \t<li>Tipo de cargador: carga r\u00e1pida a 10W, 7.5W y 5W<\/li>\r\n \t<li>Color: negro y plata<\/li>\r\n \t<li>Dimensiones: \u00f893x10mm<\/li>\r\n \t<li>Materiales: aluminio<\/li>\r\n \t<li>Peso: 3.6 oz<\/li>\r\n \t<li>Certificaciones: Qi<\/li>\r\n<\/ul>\r\n<\/div>\r\n<div class=\"col-lg-6\">\r\n<div><i class=\"interna_icon\"><img decoding=\"async\" class=\"\" title=\"Clasificaciones de potencia\" src=\"https:\/\/www.klipxtreme.com\/media\/Icon-Power-ratings-grupo.png\" alt=\"Icon-Power-ratings-grupo.png\" width=\"36\" height=\"36\" \/>\u00a0<span class=\"title-specs\">Clasificaciones de potencia<\/span><\/i><\/div>\r\n<ul>\r\n \t<li>Potencia m\u00e1xima de salida (PMPO): 10W, 7.5W y 5W<\/li>\r\n \t<li>Entrada de energ\u00eda: 5V, 2A \/ 9V, 1.8A<\/li>\r\n \t<li>Dispositivos compatibles: iPhone 8\/10, Samsung S8 \/ S9 y otros<\/li>\r\n \t<li>Conector de entrada: Micro USB para cargar<\/li>\r\n \t<li>Distancia de transmisi\u00f3n: &lt;8 mm<\/li>\r\n<\/ul>\r\n<\/div>\r\n<div class=\"col-lg-6\">\r\n<div><i class=\"interna_icon\"><img decoding=\"async\" class=\"\" title=\"Informaci\u00f3n Adicional\" src=\"https:\/\/www.klipxtreme.com\/media\/Icon-Additional-information-grupo.png\" alt=\"Icon-Additional-information-grupo.png\" width=\"36\" height=\"36\" \/>\u00a0<span class=\"title-specs\">Informaci\u00f3n Adicional<\/span><\/i><\/div>\r\n<ul>\r\n \t<li>Indicador de iluminaci\u00f3n: indicador de encendido LED azul \/ verde<\/li>\r\n \t<li>Longitud del cable: 5.9 pies<\/li>\r\n \t<li>Garant\u00eda: limitada por un a\u00f1o<\/li>\r\n<\/ul>\r\n* Para activar velocidades de carga r\u00e1pidas se requiere un adaptador de cargador de pared USB QC 2.0 \/ 3.0.\u00a0(No incluido).\r\n\r\n** El tiempo de carga inal\u00e1mbrica depende de la marca del tel\u00e9fono m\u00f3vil.\r\n\r\n<\/div>\t\t\t\t\t\t\t\t<\/div>\n\t\t\t\t<div class=\"elementor-element elementor-element-fbc86a7 elementor-arrows-position-inside elementor-pagination-position-outside elementor-widget elementor-widget-image-carousel\" data-id=\"fbc86a7\" data-element_type=\"widget\" data-e-type=\"widget\" data-settings=\"{&quot;slides_to_show&quot;:&quot;4&quot;,&quot;navigation&quot;:&quot;both&quot;,&quot;autoplay&quot;:&quot;yes&quot;,&quot;pause_on_hover&quot;:&quot;yes&quot;,&quot;pause_on_interaction&quot;:&quot;yes&quot;,&quot;autoplay_speed&quot;:5000,&quot;infinite&quot;:&quot;yes&quot;,&quot;speed&quot;:500}\" data-widget_type=\"image-carousel.default\">\n\t\t\t\t\t\t\t<div class=\"elementor-image-carousel-wrapper swiper\" role=\"region\" aria-roledescription=\"carousel\" aria-label=\"Carrusel de im\u00e1genes\" dir=\"ltr\">\n\t\t\t<div class=\"elementor-image-carousel swiper-wrapper\" aria-live=\"off\">\n\t\t\t\t\t\t\t\t<div class=\"swiper-slide\" role=\"group\" aria-roledescription=\"slide\" aria-label=\"1 de 10\"><figure class=\"swiper-slide-inner\"><img decoding=\"async\" class=\"swiper-slide-image\" src=\"https:\/\/comcellstore.com\/wp-content\/uploads\/2020\/06\/60507195_2445077972177955_3916593536354484224_n-300x300.png\" alt=\"60507195_2445077972177955_3916593536354484224_n\" \/><\/figure><\/div><div class=\"swiper-slide\" role=\"group\" aria-roledescription=\"slide\" aria-label=\"2 de 10\"><figure class=\"swiper-slide-inner\"><img decoding=\"async\" class=\"swiper-slide-image\" src=\"https:\/\/comcellstore.com\/wp-content\/uploads\/2020\/06\/1-1-300x300.jpg\" alt=\"1\" \/><\/figure><\/div><div class=\"swiper-slide\" role=\"group\" aria-roledescription=\"slide\" aria-label=\"3 de 10\"><figure class=\"swiper-slide-inner\"><img decoding=\"async\" class=\"swiper-slide-image\" src=\"https:\/\/comcellstore.com\/wp-content\/uploads\/2020\/06\/61381342_2459026827449736_2035690043036663808_n-300x300.png\" alt=\"61381342_2459026827449736_2035690043036663808_n\" \/><\/figure><\/div><div class=\"swiper-slide\" role=\"group\" aria-roledescription=\"slide\" aria-label=\"4 de 10\"><figure class=\"swiper-slide-inner\"><img decoding=\"async\" class=\"swiper-slide-image\" src=\"https:\/\/comcellstore.com\/wp-content\/uploads\/2020\/06\/2-1-300x300.jpg\" alt=\"2\" \/><\/figure><\/div><div class=\"swiper-slide\" role=\"group\" aria-roledescription=\"slide\" aria-label=\"5 de 10\"><figure class=\"swiper-slide-inner\"><img decoding=\"async\" class=\"swiper-slide-image\" src=\"https:\/\/comcellstore.com\/wp-content\/uploads\/2020\/06\/72321036_2719713611381055_6920681018240270336_o-300x300.jpg\" alt=\"72321036_2719713611381055_6920681018240270336_o\" \/><\/figure><\/div><div class=\"swiper-slide\" role=\"group\" aria-roledescription=\"slide\" aria-label=\"6 de 10\"><figure class=\"swiper-slide-inner\"><img decoding=\"async\" class=\"swiper-slide-image\" src=\"https:\/\/comcellstore.com\/wp-content\/uploads\/2020\/06\/3-1-300x300.jpg\" alt=\"3\" \/><\/figure><\/div><div class=\"swiper-slide\" role=\"group\" aria-roledescription=\"slide\" aria-label=\"7 de 10\"><figure class=\"swiper-slide-inner\"><img decoding=\"async\" class=\"swiper-slide-image\" src=\"https:\/\/comcellstore.com\/wp-content\/uploads\/2020\/06\/4-1-300x300.jpg\" alt=\"4\" \/><\/figure><\/div><div class=\"swiper-slide\" role=\"group\" aria-roledescription=\"slide\" aria-label=\"8 de 10\"><figure class=\"swiper-slide-inner\"><img decoding=\"async\" class=\"swiper-slide-image\" src=\"https:\/\/comcellstore.com\/wp-content\/uploads\/2020\/06\/69694997_2650095695009514_8471594988726124544_o-300x300.jpg\" alt=\"69694997_2650095695009514_8471594988726124544_o\" \/><\/figure><\/div><div class=\"swiper-slide\" role=\"group\" aria-roledescription=\"slide\" aria-label=\"9 de 10\"><figure class=\"swiper-slide-inner\"><img decoding=\"async\" class=\"swiper-slide-image\" src=\"https:\/\/comcellstore.com\/wp-content\/uploads\/2020\/06\/70503211_2677279965624420_310480870840467456_o-300x300.jpg\" alt=\"70503211_2677279965624420_310480870840467456_o\" \/><\/figure><\/div><div class=\"swiper-slide\" role=\"group\" aria-roledescription=\"slide\" aria-label=\"10 de 10\"><figure class=\"swiper-slide-inner\"><img decoding=\"async\" class=\"swiper-slide-image\" src=\"https:\/\/comcellstore.com\/wp-content\/uploads\/2020\/06\/61668163_2471056809580071_8149210865132896256_n-300x300.jpg\" alt=\"61668163_2471056809580071_8149210865132896256_n\" \/><\/figure><\/div>\t\t\t<\/div>\n\t\t\t\t\t\t\t\t\t\t\t\t<div class=\"elementor-swiper-button elementor-swiper-button-prev\" role=\"button\" tabindex=\"0\">\n\t\t\t\t\t\t<svg aria-hidden=\"true\" class=\"e-font-icon-svg e-eicon-chevron-left\" viewBox=\"0 0 1000 1000\" xmlns=\"http:\/\/www.w3.org\/2000\/svg\"><path d=\"M646 125C629 125 613 133 604 142L308 442C296 454 292 471 292 487 292 504 296 521 308 533L604 854C617 867 629 875 646 875 663 875 679 871 692 858 704 846 713 829 713 812 713 796 708 779 692 767L438 487 692 225C700 217 708 204 708 187 708 171 704 154 692 142 675 129 663 125 646 125Z\"><\/path><\/svg>\t\t\t\t\t<\/div>\n\t\t\t\t\t<div class=\"elementor-swiper-button elementor-swiper-button-next\" role=\"button\" tabindex=\"0\">\n\t\t\t\t\t\t<svg aria-hidden=\"true\" class=\"e-font-icon-svg e-eicon-chevron-right\" viewBox=\"0 0 1000 1000\" xmlns=\"http:\/\/www.w3.org\/2000\/svg\"><path d=\"M696 533C708 521 713 504 713 487 713 471 708 454 696 446L400 146C388 133 375 125 354 125 338 125 325 129 313 142 300 154 292 171 292 187 292 204 296 221 308 233L563 492 304 771C292 783 288 800 288 817 288 833 296 850 308 863 321 871 338 875 354 875 371 875 388 867 400 854L696 533Z\"><\/path><\/svg>\t\t\t\t\t<\/div>\n\t\t\t\t\n\t\t\t\t\t\t\t\t\t<div class=\"swiper-pagination\"><\/div>\n\t\t\t\t\t\t\t\t\t<\/div>\n\t\t\t\t\t\t<\/div>\n\t\t\t\t<div class=\"elementor-element elementor-element-7381dfc animated-slow elementor-invisible elementor-widget elementor-widget-image\" data-id=\"7381dfc\" data-element_type=\"widget\" data-e-type=\"widget\" data-settings=\"{&quot;_animation&quot;:&quot;fadeInUp&quot;}\" data-widget_type=\"image.default\">\n\t\t\t\t\t\t\t\t\t\t\t\t\t\t\t<img loading=\"lazy\" decoding=\"async\" width=\"2048\" height=\"1080\" src=\"https:\/\/comcellstore.com\/wp-content\/uploads\/2020\/06\/6.jpg\" class=\"attachment-2048x2048 size-2048x2048 wp-image-1552\" alt=\"\" srcset=\"https:\/\/comcellstore.com\/wp-content\/uploads\/2020\/06\/6.jpg 2048w, https:\/\/comcellstore.com\/wp-content\/uploads\/2020\/06\/6-600x316.jpg 600w, https:\/\/comcellstore.com\/wp-content\/uploads\/2020\/06\/6-300x158.jpg 300w, https:\/\/comcellstore.com\/wp-content\/uploads\/2020\/06\/6-1024x540.jpg 1024w, https:\/\/comcellstore.com\/wp-content\/uploads\/2020\/06\/6-768x405.jpg 768w, https:\/\/comcellstore.com\/wp-content\/uploads\/2020\/06\/6-1536x810.jpg 1536w\" sizes=\"(max-width: 2048px) 100vw, 2048px\" \/>\t\t\t\t\t\t\t\t\t\t\t\t\t\t\t<\/div>\n\t\t\t\t\t<\/div>\n\t\t<\/div>\n\t\t\t\t\t<\/div>\n\t\t<\/section>\n\t\t\t\t<\/div>\n\t\t","protected":false},"excerpt":{"rendered":"<div>\n<h2><span style=\"color: #33cccc;\">Elegante, confiable y conveniente con la m\u00e1xima velocidad de carga<\/span><\/h2>\n<\/div>\n<p>Cargue su dispositivo compatible con Qi m\u00e1s r\u00e1pido sin la molestia de los cables con la delgada plataforma de carga inal\u00e1mbrica\u00a0<strong>KMA-850<\/strong>\u00a0de KlipXtreme.\u00a0Este dispositivo de carga certificado Qi proporciona una carga ultrarr\u00e1pida y es perfectamente compatible con varios est\u00e1ndares de carga existentes en el mercado.\u00a0Su superficie de pl\u00e1stico brillante como espejo y su cuerpo de aluminio liviano lo hacen m\u00e1s visualmente est\u00e9tico mientras mantienen una buena disipaci\u00f3n de calor.\u00a0Disfruta de una experiencia de carga m\u00e1s segura y confiable con una conveniente base de cargador \u00fanico en casa, en la oficina o mientras viajas.<\/p>\n<ul>\n<li>Almohadilla de carga inal\u00e1mbrica delgada con tecnolog\u00eda de carga inductiva Qi<\/li>\n<li>Admite carga inal\u00e1mbrica de 10 W para Samsung S8 \/ S9 y otros dispositivos compatibles de carga r\u00e1pida, 7.5 W para iPhone X \/ 8\/8 Plus;\u00a0y carga est\u00e1ndar de 5 W para otros tel\u00e9fonos inteligentes habilitados para Qi<\/li>\n<li>La certificaci\u00f3n Qi garantiza seguridad y fiabilidad al cargar<\/li>\n<li>Elegante y elegante carcasa met\u00e1lica hecha de materiales de alta calidad.<\/li>\n<li>Dise\u00f1o ligero y compacto.<\/li>\n<li>El conveniente indicador LED de encendido muestra el estado de carga<\/li>\n<\/ul>\n","protected":false},"featured_media":1546,"comment_status":"open","ping_status":"closed","template":"","meta":[],"product_brand":[],"product_cat":[49,60],"product_tag":[],"class_list":{"0":"post-1540","1":"product","2":"type-product","3":"status-publish","4":"has-post-thumbnail","6":"product_cat-accesorios-moviles","7":"product_cat-cargadores","9":"first","10":"instock","11":"taxable","12":"shipping-taxable","13":"purchasable","14":"product-type-simple"},"_links":{"self":[{"href":"https:\/\/comcellstore.com\/index.php?rest_route=\/wp\/v2\/product\/1540","targetHints":{"allow":["GET"]}}],"collection":[{"href":"https:\/\/comcellstore.com\/index.php?rest_route=\/wp\/v2\/product"}],"about":[{"href":"https:\/\/comcellstore.com\/index.php?rest_route=\/wp\/v2\/types\/product"}],"replies":[{"embeddable":true,"href":"https:\/\/comcellstore.com\/index.php?rest_route=%2Fwp%2Fv2%2Fcomments&post=1540"}],"version-history":[{"count":4,"href":"https:\/\/comcellstore.com\/index.php?rest_route=\/wp\/v2\/product\/1540\/revisions"}],"predecessor-version":[{"id":6095,"href":"https:\/\/comcellstore.com\/index.php?rest_route=\/wp\/v2\/product\/1540\/revisions\/6095"}],"wp:featuredmedia":[{"embeddable":true,"href":"https:\/\/comcellstore.com\/index.php?rest_route=\/wp\/v2\/media\/1546"}],"wp:attachment":[{"href":"https:\/\/comcellstore.com\/index.php?rest_route=%2Fwp%2Fv2%2Fmedia&parent=1540"}],"wp:term":[{"taxonomy":"product_brand","embeddable":true,"href":"https:\/\/comcellstore.com\/index.php?rest_route=%2Fwp%2Fv2%2Fproduct_brand&post=1540"},{"taxonomy":"product_cat","embeddable":true,"href":"https:\/\/comcellstore.com\/index.php?rest_route=%2Fwp%2Fv2%2Fproduct_cat&post=1540"},{"taxonomy":"product_tag","embeddable":true,"href":"https:\/\/comcellstore.com\/index.php?rest_route=%2Fwp%2Fv2%2Fproduct_tag&post=1540"}],"curies":[{"name":"wp","href":"https:\/\/api.w.org\/{rel}","templated":true}]}}