{"id":1912,"date":"2020-06-08T00:28:16","date_gmt":"2020-06-08T00:28:16","guid":{"rendered":"https:\/\/comcellstore.com\/?post_type=product&#038;p=1912"},"modified":"2025-05-27T19:27:11","modified_gmt":"2025-05-27T19:27:11","slug":"ksh-301-auriculares-estereo-para-pc","status":"publish","type":"product","link":"https:\/\/comcellstore.com\/?product=ksh-301-auriculares-estereo-para-pc","title":{"rendered":"KLIP XTREME<br>KSH-301 Auriculares est\u00e9reo para PC"},"content":{"rendered":"\t\t<div data-elementor-type=\"product-post\" data-elementor-id=\"1912\" class=\"elementor elementor-1912\" data-elementor-post-type=\"product\">\n\t\t\t\t\t\t<section class=\"elementor-section elementor-top-section elementor-element elementor-element-6cafa105 elementor-section-boxed elementor-section-height-default elementor-section-height-default\" data-id=\"6cafa105\" data-element_type=\"section\" data-e-type=\"section\">\n\t\t\t\t\t\t<div class=\"elementor-container elementor-column-gap-default\">\n\t\t\t\t\t<div class=\"elementor-column elementor-col-100 elementor-top-column elementor-element elementor-element-51d105f5\" data-id=\"51d105f5\" data-element_type=\"column\" data-e-type=\"column\">\n\t\t\t<div class=\"elementor-widget-wrap elementor-element-populated\">\n\t\t\t\t\t\t<div class=\"elementor-element elementor-element-d7c3ec5 elementor-widget elementor-widget-text-editor\" data-id=\"d7c3ec5\" data-element_type=\"widget\" data-e-type=\"widget\" data-widget_type=\"text-editor.default\">\n\t\t\t\t\t\t\t\t\t<div class=\"col-lg-6\">\r\n<div><i class=\"interna_icon\"><img decoding=\"async\" class=\"\" title=\"Auricular\" src=\"https:\/\/www.klipxtreme.com\/media\/Icon-Headphone-grupo.png\" alt=\"Icon-Headphone-grupo.png\" width=\"36\" height=\"36\" \/>\u00a0<span class=\"title-specs\">Auricular<\/span><\/i><\/div>\r\n<ul>\r\n \t<li>Factor de forma: sobre la oreja<\/li>\r\n \t<li>Unidad de controlador: 40 mm<\/li>\r\n \t<li>Frecuencia: 20Hz ~ 20kHz<\/li>\r\n \t<li>Impedancia: 32\u00a0\u03a9<\/li>\r\n \t<li>Potencia m\u00e1xima de salida (PMPO): 100mW<\/li>\r\n \t<li>Sensibilidad: 112dB \u00b1 4dB<\/li>\r\n<\/ul>\r\n<\/div>\r\n<div class=\"col-lg-6\">\r\n<div><i class=\"interna_icon\"><img decoding=\"async\" class=\"\" title=\"Micr\u00f3fono\" src=\"https:\/\/www.klipxtreme.com\/media\/Icon-Microphone-grupo.png\" alt=\"Icon-Microphone-grupo.png\" width=\"36\" height=\"36\" \/>\u00a0<span class=\"title-specs\">Micr\u00f3fono<\/span><\/i><\/div>\r\n<ul>\r\n \t<li>Directividad: omnidireccional<\/li>\r\n \t<li>Frecuencia: 100Hz ~ 10kHz<\/li>\r\n \t<li>Factor de forma: brazo de micr\u00f3fono flexible en el auricular<\/li>\r\n \t<li>Impedancia: 2.2k\u00a0\u03a9<\/li>\r\n \t<li>Sensibilidad: -54dB \u00b1 3dB<\/li>\r\n<\/ul>\r\n<\/div>\r\n<div class=\"col-lg-6\">\r\n<div><i class=\"interna_icon\"><img decoding=\"async\" class=\"\" title=\"Conectividad\" src=\"https:\/\/www.klipxtreme.com\/media\/Icon-Connectivity-grupo.png\" alt=\"Icon-Connectivity-grupo.png\" width=\"36\" height=\"36\" \/>\u00a0<span class=\"title-specs\">Conectividad<\/span><\/i><\/div>\r\n<ul>\r\n \t<li>Tipo de conexi\u00f3n: dos enchufes separados de 3.5 mm para micr\u00f3fono y audio<\/li>\r\n<\/ul>\r\n<\/div>\r\n<div class=\"col-lg-6\">\r\n<div><i class=\"interna_icon\"><img loading=\"lazy\" decoding=\"async\" class=\"\" title=\"Informaci\u00f3n Adicional\" src=\"https:\/\/www.klipxtreme.com\/media\/Icon-Additional-information-grupo.png\" alt=\"Icon-Additional-information-grupo.png\" width=\"36\" height=\"36\" \/>\u00a0<span class=\"title-specs\">Informaci\u00f3n Adicional<\/span><\/i><\/div>\r\n<ul>\r\n \t<li>Longitud del cable: 70 \u00b1 1.9in<\/li>\r\n \t<li>Dimensiones: 6.8\u00d77.4\u00d73.5in<\/li>\r\n \t<li>Garant\u00eda: limitada por un a\u00f1o<\/li>\r\n \t<li>Peso: 6.2 oz<\/li>\r\n<\/ul>\r\n<\/div>\t\t\t\t\t\t\t\t<\/div>\n\t\t\t\t<div class=\"elementor-element elementor-element-4f6500d elementor-arrows-position-inside elementor-pagination-position-outside elementor-widget elementor-widget-image-carousel\" data-id=\"4f6500d\" data-element_type=\"widget\" data-e-type=\"widget\" data-settings=\"{&quot;slides_to_show&quot;:&quot;4&quot;,&quot;navigation&quot;:&quot;both&quot;,&quot;autoplay&quot;:&quot;yes&quot;,&quot;pause_on_hover&quot;:&quot;yes&quot;,&quot;pause_on_interaction&quot;:&quot;yes&quot;,&quot;autoplay_speed&quot;:5000,&quot;infinite&quot;:&quot;yes&quot;,&quot;speed&quot;:500}\" data-widget_type=\"image-carousel.default\">\n\t\t\t\t\t\t\t<div class=\"elementor-image-carousel-wrapper swiper\" role=\"region\" aria-roledescription=\"carousel\" aria-label=\"Carrusel de im\u00e1genes\" dir=\"ltr\">\n\t\t\t<div class=\"elementor-image-carousel swiper-wrapper\" aria-live=\"off\">\n\t\t\t\t\t\t\t\t<div class=\"swiper-slide\" role=\"group\" aria-roledescription=\"slide\" aria-label=\"1 de 4\"><figure class=\"swiper-slide-inner\"><img decoding=\"async\" class=\"swiper-slide-image\" src=\"https:\/\/comcellstore.com\/wp-content\/uploads\/2020\/06\/1-14-300x300.jpg\" alt=\"1\" \/><\/figure><\/div><div class=\"swiper-slide\" role=\"group\" aria-roledescription=\"slide\" aria-label=\"2 de 4\"><figure class=\"swiper-slide-inner\"><img decoding=\"async\" class=\"swiper-slide-image\" src=\"https:\/\/comcellstore.com\/wp-content\/uploads\/2020\/06\/3-14-300x300.jpg\" alt=\"3\" \/><\/figure><\/div><div class=\"swiper-slide\" role=\"group\" aria-roledescription=\"slide\" aria-label=\"3 de 4\"><figure class=\"swiper-slide-inner\"><img decoding=\"async\" class=\"swiper-slide-image\" src=\"https:\/\/comcellstore.com\/wp-content\/uploads\/2020\/06\/2-16-300x300.jpg\" alt=\"2\" \/><\/figure><\/div><div class=\"swiper-slide\" role=\"group\" aria-roledescription=\"slide\" aria-label=\"4 de 4\"><figure class=\"swiper-slide-inner\"><img decoding=\"async\" class=\"swiper-slide-image\" src=\"https:\/\/comcellstore.com\/wp-content\/uploads\/2020\/06\/4-14-300x300.jpg\" alt=\"4\" \/><\/figure><\/div>\t\t\t<\/div>\n\t\t\t\t\t\t\t\t\t\t\t\t<div class=\"elementor-swiper-button elementor-swiper-button-prev\" role=\"button\" tabindex=\"0\">\n\t\t\t\t\t\t<svg aria-hidden=\"true\" class=\"e-font-icon-svg e-eicon-chevron-left\" viewBox=\"0 0 1000 1000\" xmlns=\"http:\/\/www.w3.org\/2000\/svg\"><path d=\"M646 125C629 125 613 133 604 142L308 442C296 454 292 471 292 487 292 504 296 521 308 533L604 854C617 867 629 875 646 875 663 875 679 871 692 858 704 846 713 829 713 812 713 796 708 779 692 767L438 487 692 225C700 217 708 204 708 187 708 171 704 154 692 142 675 129 663 125 646 125Z\"><\/path><\/svg>\t\t\t\t\t<\/div>\n\t\t\t\t\t<div class=\"elementor-swiper-button elementor-swiper-button-next\" role=\"button\" tabindex=\"0\">\n\t\t\t\t\t\t<svg aria-hidden=\"true\" class=\"e-font-icon-svg e-eicon-chevron-right\" viewBox=\"0 0 1000 1000\" xmlns=\"http:\/\/www.w3.org\/2000\/svg\"><path d=\"M696 533C708 521 713 504 713 487 713 471 708 454 696 446L400 146C388 133 375 125 354 125 338 125 325 129 313 142 300 154 292 171 292 187 292 204 296 221 308 233L563 492 304 771C292 783 288 800 288 817 288 833 296 850 308 863 321 871 338 875 354 875 371 875 388 867 400 854L696 533Z\"><\/path><\/svg>\t\t\t\t\t<\/div>\n\t\t\t\t\n\t\t\t\t\t\t\t\t\t<div class=\"swiper-pagination\"><\/div>\n\t\t\t\t\t\t\t\t\t<\/div>\n\t\t\t\t\t\t<\/div>\n\t\t\t\t\t<\/div>\n\t\t<\/div>\n\t\t\t\t\t<\/div>\n\t\t<\/section>\n\t\t\t\t<\/div>\n\t\t","protected":false},"excerpt":{"rendered":"<div>\n<h2><span style=\"color: #33cccc;\">Auge de la tecnolog\u00eda de graves y reducci\u00f3n de ruido, entregada de forma s\u00f3lida<\/span><\/h2>\n<\/div>\n<p>Siente cada latido con comodidad con los\u00a0<strong>auriculares<\/strong>\u00a0est\u00e9reo\u00a0<strong>KSH-301 para<\/strong>\u00a0PC.\u00a0Su diadema de longitud ajustable le permite encontrar el ajuste perfecto, mientras que sus almohadillas acolchadas crean una escucha m\u00e1s c\u00f3moda durante horas y horas.\u00a0Con auriculares de 40 mm de di\u00e1metro, los auriculares ofrecen una respuesta de frecuencia amplia, una distorsi\u00f3n m\u00e1s baja y tambi\u00e9n unos graves m\u00e1s profundos que realmente puedes sentir.\u00a0Ya sea que est\u00e9 escuchando m\u00fasica o jugando un videojuego lleno de acci\u00f3n, el\u00a0<strong>KSH-301<\/strong>\u00a0ofrece una reproducci\u00f3n de audio de calidad superior y el mejor rendimiento para sus aplicaciones m\u00e1s exigentes.<\/p>\n<ul>\n<li>Dise\u00f1o para colocar sobre las orejas con coj\u00edn aislante de ruido<\/li>\n<li>Las almohadillas de cuero sint\u00e9tico brindan la m\u00e1xima comodidad<\/li>\n<li>El micr\u00f3fono con reducci\u00f3n de ruido mejora la claridad de la voz.<\/li>\n<li>Ideal para audio, videoconferencia y juegos interactivos para PC<\/li>\n<li>Brazo de micr\u00f3fono flexible<\/li>\n<li>Conveniente control de volumen en l\u00ednea<\/li>\n<\/ul>\n","protected":false},"featured_media":1917,"comment_status":"open","ping_status":"closed","template":"","meta":[],"product_brand":[],"product_cat":[56,64],"product_tag":[],"class_list":{"0":"post-1912","1":"product","2":"type-product","3":"status-publish","4":"has-post-thumbnail","6":"product_cat-auriculares-mouse-teclados","7":"product_cat-auriculares-pc","9":"first","10":"instock","11":"sale","12":"taxable","13":"shipping-taxable","14":"purchasable","15":"product-type-simple"},"_links":{"self":[{"href":"https:\/\/comcellstore.com\/index.php?rest_route=\/wp\/v2\/product\/1912","targetHints":{"allow":["GET"]}}],"collection":[{"href":"https:\/\/comcellstore.com\/index.php?rest_route=\/wp\/v2\/product"}],"about":[{"href":"https:\/\/comcellstore.com\/index.php?rest_route=\/wp\/v2\/types\/product"}],"replies":[{"embeddable":true,"href":"https:\/\/comcellstore.com\/index.php?rest_route=%2Fwp%2Fv2%2Fcomments&post=1912"}],"version-history":[{"count":4,"href":"https:\/\/comcellstore.com\/index.php?rest_route=\/wp\/v2\/product\/1912\/revisions"}],"predecessor-version":[{"id":6113,"href":"https:\/\/comcellstore.com\/index.php?rest_route=\/wp\/v2\/product\/1912\/revisions\/6113"}],"wp:featuredmedia":[{"embeddable":true,"href":"https:\/\/comcellstore.com\/index.php?rest_route=\/wp\/v2\/media\/1917"}],"wp:attachment":[{"href":"https:\/\/comcellstore.com\/index.php?rest_route=%2Fwp%2Fv2%2Fmedia&parent=1912"}],"wp:term":[{"taxonomy":"product_brand","embeddable":true,"href":"https:\/\/comcellstore.com\/index.php?rest_route=%2Fwp%2Fv2%2Fproduct_brand&post=1912"},{"taxonomy":"product_cat","embeddable":true,"href":"https:\/\/comcellstore.com\/index.php?rest_route=%2Fwp%2Fv2%2Fproduct_cat&post=1912"},{"taxonomy":"product_tag","embeddable":true,"href":"https:\/\/comcellstore.com\/index.php?rest_route=%2Fwp%2Fv2%2Fproduct_tag&post=1912"}],"curies":[{"name":"wp","href":"https:\/\/api.w.org\/{rel}","templated":true}]}}