{"id":1925,"date":"2020-06-08T00:40:01","date_gmt":"2020-06-08T00:40:01","guid":{"rendered":"https:\/\/comcellstore.com\/?post_type=product&#038;p=1925"},"modified":"2025-05-27T19:25:22","modified_gmt":"2025-05-27T19:25:22","slug":"ksh-270-auriculares-estereo","status":"publish","type":"product","link":"https:\/\/comcellstore.com\/?product=ksh-270-auriculares-estereo","title":{"rendered":"KLIP XTREME<br>KSH-270 Auriculares estereo"},"content":{"rendered":"\t\t<div data-elementor-type=\"product-post\" data-elementor-id=\"1925\" class=\"elementor elementor-1925\" data-elementor-post-type=\"product\">\n\t\t\t\t\t\t<section class=\"elementor-section elementor-top-section elementor-element elementor-element-968561c elementor-section-boxed elementor-section-height-default elementor-section-height-default\" data-id=\"968561c\" data-element_type=\"section\">\n\t\t\t\t\t\t<div class=\"elementor-container elementor-column-gap-default\">\n\t\t\t\t\t<div class=\"elementor-column elementor-col-100 elementor-top-column elementor-element elementor-element-72d03560\" data-id=\"72d03560\" data-element_type=\"column\">\n\t\t\t<div class=\"elementor-widget-wrap elementor-element-populated\">\n\t\t\t\t\t\t<div class=\"elementor-element elementor-element-65a5eb77 elementor-widget elementor-widget-text-editor\" data-id=\"65a5eb77\" data-element_type=\"widget\" data-widget_type=\"text-editor.default\">\n\t\t\t\t\t\t\t\t\t<div class=\"col-lg-6\">\r\n<div><i class=\"interna_icon\"><img decoding=\"async\" class=\"\" title=\"Auricular\" src=\"https:\/\/www.klipxtreme.com\/media\/Icon-Headphone-grupo.png\" alt=\"Icon-Headphone-grupo.png\" width=\"36\" height=\"36\" \/>\u00a0<span class=\"title-specs\">Auricular<\/span><\/i><\/div>\r\n<ul>\r\n \t<li>Unidad de controlador:\u00a0\u03c6\u00a027 mm<\/li>\r\n \t<li>Frecuencia: 20Hz-20kHz<\/li>\r\n \t<li>Impedancia: 32\u00a0\u03a9<\/li>\r\n \t<li>Potencia m\u00e1xima de salida (PMPO): 150mW<\/li>\r\n \t<li>Sensibilidad: l00dB<\/li>\r\n \t<li>De color negro<\/li>\r\n<\/ul>\r\n<\/div>\r\n<div class=\"col-lg-6\">\r\n<div><i class=\"interna_icon\"><img decoding=\"async\" class=\"\" title=\"Auricular\" src=\"https:\/\/www.klipxtreme.com\/media\/Icon-Headphone-grupo.png\" alt=\"Icon-Headphone-grupo.png\" width=\"36\" height=\"36\" \/>\u00a0<span class=\"title-specs\">Auricular<\/span><\/i><\/div>\r\n<ul>\r\n \t<li>Directividad: omnidireccional<\/li>\r\n \t<li>Frecuencia: 30Hz-16kHz<\/li>\r\n \t<li>Impedancia: 2.2k\u00a0\u03a9<\/li>\r\n \t<li>Sensibilidad: -58dB \u00b1 3dB<\/li>\r\n<\/ul>\r\n<\/div>\r\n<div class=\"col-lg-6\">\r\n<div><i class=\"interna_icon\"><img decoding=\"async\" class=\"\" title=\"General\" src=\"https:\/\/www.klipxtreme.com\/media\/Icon-General-grupo.png\" alt=\"Icon-General-grupo.png\" width=\"46\" height=\"38\" \/>\u00a0<span class=\"title-specs\">General<\/span><\/i><\/div>\r\n&nbsp;\r\n<ul>\r\n \t<li>Enchufes de tipo de conexi\u00f3n: dos enchufes de 3.5 mm<\/li>\r\n \t<li>Botones: control de volumen en l\u00ednea<\/li>\r\n \t<li>Longitud del cable: 70.9in<\/li>\r\n \t<li>Dimensiones: 5.1\u00d77.1\u00d71.6in<\/li>\r\n \t<li>Peso: 2.1 oz<\/li>\r\n \t<li>Garant\u00eda: limitada por un a\u00f1o<\/li>\r\n<\/ul>\r\n<\/div>\t\t\t\t\t\t\t\t<\/div>\n\t\t\t\t<div class=\"elementor-element elementor-element-4b292c0 elementor-arrows-position-inside elementor-pagination-position-outside elementor-widget elementor-widget-image-carousel\" data-id=\"4b292c0\" data-element_type=\"widget\" data-settings=\"{&quot;slides_to_show&quot;:&quot;4&quot;,&quot;navigation&quot;:&quot;both&quot;,&quot;autoplay&quot;:&quot;yes&quot;,&quot;pause_on_hover&quot;:&quot;yes&quot;,&quot;pause_on_interaction&quot;:&quot;yes&quot;,&quot;autoplay_speed&quot;:5000,&quot;infinite&quot;:&quot;yes&quot;,&quot;speed&quot;:500}\" data-widget_type=\"image-carousel.default\">\n\t\t\t\t\t\t\t<div class=\"elementor-image-carousel-wrapper swiper\" role=\"region\" aria-roledescription=\"carousel\" aria-label=\"Carrusel de im\u00e1genes\" dir=\"ltr\">\n\t\t\t<div class=\"elementor-image-carousel swiper-wrapper\" aria-live=\"off\">\n\t\t\t\t\t\t\t\t<div class=\"swiper-slide\" role=\"group\" aria-roledescription=\"slide\" aria-label=\"1 de 4\"><figure class=\"swiper-slide-inner\"><img decoding=\"async\" class=\"swiper-slide-image\" src=\"https:\/\/comcellstore.com\/wp-content\/uploads\/2020\/06\/1-15-300x300.jpg\" alt=\"1\" \/><\/figure><\/div><div class=\"swiper-slide\" role=\"group\" aria-roledescription=\"slide\" aria-label=\"2 de 4\"><figure class=\"swiper-slide-inner\"><img decoding=\"async\" class=\"swiper-slide-image\" src=\"https:\/\/comcellstore.com\/wp-content\/uploads\/2020\/06\/2-17-300x300.jpg\" alt=\"2\" \/><\/figure><\/div><div class=\"swiper-slide\" role=\"group\" aria-roledescription=\"slide\" aria-label=\"3 de 4\"><figure class=\"swiper-slide-inner\"><img decoding=\"async\" class=\"swiper-slide-image\" src=\"https:\/\/comcellstore.com\/wp-content\/uploads\/2020\/06\/3-15-300x300.jpg\" alt=\"3\" \/><\/figure><\/div><div class=\"swiper-slide\" role=\"group\" aria-roledescription=\"slide\" aria-label=\"4 de 4\"><figure class=\"swiper-slide-inner\"><img decoding=\"async\" class=\"swiper-slide-image\" src=\"https:\/\/comcellstore.com\/wp-content\/uploads\/2020\/06\/4-15-300x300.jpg\" alt=\"4\" \/><\/figure><\/div>\t\t\t<\/div>\n\t\t\t\t\t\t\t\t\t\t\t\t<div class=\"elementor-swiper-button elementor-swiper-button-prev\" role=\"button\" tabindex=\"0\">\n\t\t\t\t\t\t<svg aria-hidden=\"true\" class=\"e-font-icon-svg e-eicon-chevron-left\" viewBox=\"0 0 1000 1000\" xmlns=\"http:\/\/www.w3.org\/2000\/svg\"><path d=\"M646 125C629 125 613 133 604 142L308 442C296 454 292 471 292 487 292 504 296 521 308 533L604 854C617 867 629 875 646 875 663 875 679 871 692 858 704 846 713 829 713 812 713 796 708 779 692 767L438 487 692 225C700 217 708 204 708 187 708 171 704 154 692 142 675 129 663 125 646 125Z\"><\/path><\/svg>\t\t\t\t\t<\/div>\n\t\t\t\t\t<div class=\"elementor-swiper-button elementor-swiper-button-next\" role=\"button\" tabindex=\"0\">\n\t\t\t\t\t\t<svg aria-hidden=\"true\" class=\"e-font-icon-svg e-eicon-chevron-right\" viewBox=\"0 0 1000 1000\" xmlns=\"http:\/\/www.w3.org\/2000\/svg\"><path d=\"M696 533C708 521 713 504 713 487 713 471 708 454 696 446L400 146C388 133 375 125 354 125 338 125 325 129 313 142 300 154 292 171 292 187 292 204 296 221 308 233L563 492 304 771C292 783 288 800 288 817 288 833 296 850 308 863 321 871 338 875 354 875 371 875 388 867 400 854L696 533Z\"><\/path><\/svg>\t\t\t\t\t<\/div>\n\t\t\t\t\n\t\t\t\t\t\t\t\t\t<div class=\"swiper-pagination\"><\/div>\n\t\t\t\t\t\t\t\t\t<\/div>\n\t\t\t\t\t\t<\/div>\n\t\t\t\t\t<\/div>\n\t\t<\/div>\n\t\t\t\t\t<\/div>\n\t\t<\/section>\n\t\t\t\t<\/div>\n\t\t","protected":false},"excerpt":{"rendered":"<div>\n<h2><span style=\"color: #33cccc;\">M\u00e1xima claridad para sus llamadas, m\u00fasica y pel\u00edculas.<\/span><\/h2>\n<\/div>\n<p>Disfruta del ritmo de tu propia m\u00fasica con los auriculares est\u00e9reo livianos KSH-270.\u00a0Un dise\u00f1o c\u00f3modo pero ajustable proporciona un uso duradero, por lo que puede usarlo durante todo el d\u00eda sin causar molestias.\u00a0Las unidades de disco de 27 mm ofrecen una respuesta de frecuencia amplia, una distorsi\u00f3n m\u00e1s baja y tambi\u00e9n un sonido de graves m\u00e1s profundo que realmente puede sentir.\u00a0Ya sea que est\u00e9 escuchando m\u00fasica o jugando un videojuego lleno de acci\u00f3n, el\u00a0<strong>KSH-270<\/strong>\u00a0ofrece una excelente reproducci\u00f3n de audio y el mejor rendimiento para sus aplicaciones m\u00e1s exigentes.<\/p>\n<ul>\n<li>Auriculares est\u00e9reo livianos<\/li>\n<li>Pr\u00e1ctico control de volumen en l\u00ednea<\/li>\n<li>Micr\u00f3fono omnidireccional con brazo ajustable.<\/li>\n<li>Ideal para juegos interactivos de PC, chats de voz por Internet, conferencias, tel\u00e9fonos m\u00f3viles y una amplia gama de dispositivos port\u00e1tiles.<\/li>\n<li>La diadema ajustable y las almohadillas de espuma proporcionan una escucha c\u00f3moda durante horas y horas<\/li>\n<\/ul>\n","protected":false},"featured_media":1931,"comment_status":"open","ping_status":"closed","template":"","meta":[],"product_brand":[],"product_cat":[56,64],"product_tag":[],"class_list":{"0":"post-1925","1":"product","2":"type-product","3":"status-publish","4":"has-post-thumbnail","6":"product_cat-auriculares-mouse-teclados","7":"product_cat-auriculares-pc","9":"first","10":"instock","11":"sale","12":"taxable","13":"shipping-taxable","14":"purchasable","15":"product-type-simple"},"_links":{"self":[{"href":"https:\/\/comcellstore.com\/index.php?rest_route=\/wp\/v2\/product\/1925","targetHints":{"allow":["GET"]}}],"collection":[{"href":"https:\/\/comcellstore.com\/index.php?rest_route=\/wp\/v2\/product"}],"about":[{"href":"https:\/\/comcellstore.com\/index.php?rest_route=\/wp\/v2\/types\/product"}],"replies":[{"embeddable":true,"href":"https:\/\/comcellstore.com\/index.php?rest_route=%2Fwp%2Fv2%2Fcomments&post=1925"}],"version-history":[{"count":5,"href":"https:\/\/comcellstore.com\/index.php?rest_route=\/wp\/v2\/product\/1925\/revisions"}],"predecessor-version":[{"id":6114,"href":"https:\/\/comcellstore.com\/index.php?rest_route=\/wp\/v2\/product\/1925\/revisions\/6114"}],"wp:featuredmedia":[{"embeddable":true,"href":"https:\/\/comcellstore.com\/index.php?rest_route=\/wp\/v2\/media\/1931"}],"wp:attachment":[{"href":"https:\/\/comcellstore.com\/index.php?rest_route=%2Fwp%2Fv2%2Fmedia&parent=1925"}],"wp:term":[{"taxonomy":"product_brand","embeddable":true,"href":"https:\/\/comcellstore.com\/index.php?rest_route=%2Fwp%2Fv2%2Fproduct_brand&post=1925"},{"taxonomy":"product_cat","embeddable":true,"href":"https:\/\/comcellstore.com\/index.php?rest_route=%2Fwp%2Fv2%2Fproduct_cat&post=1925"},{"taxonomy":"product_tag","embeddable":true,"href":"https:\/\/comcellstore.com\/index.php?rest_route=%2Fwp%2Fv2%2Fproduct_tag&post=1925"}],"curies":[{"name":"wp","href":"https:\/\/api.w.org\/{rel}","templated":true}]}}