{"id":2518,"date":"2020-06-10T04:16:25","date_gmt":"2020-06-10T04:16:25","guid":{"rendered":"https:\/\/comcellstore.com\/?post_type=product&#038;p=2518"},"modified":"2026-02-09T12:17:01","modified_gmt":"2026-02-09T12:17:01","slug":"ae2500-linksys","status":"publish","type":"product","link":"https:\/\/comcellstore.com\/?product=ae2500-linksys","title":{"rendered":"LINKSYS<br> AE2500"},"content":{"rendered":"\t\t<div data-elementor-type=\"product-post\" data-elementor-id=\"2518\" class=\"elementor elementor-2518\" data-elementor-post-type=\"product\">\n\t\t\t\t\t\t<section class=\"elementor-section elementor-top-section elementor-element elementor-element-5b10624c elementor-section-boxed elementor-section-height-default elementor-section-height-default\" data-id=\"5b10624c\" data-element_type=\"section\" data-e-type=\"section\">\n\t\t\t\t\t\t<div class=\"elementor-container elementor-column-gap-default\">\n\t\t\t\t\t<div class=\"elementor-column elementor-col-100 elementor-top-column elementor-element elementor-element-7f9e2979\" data-id=\"7f9e2979\" data-element_type=\"column\" data-e-type=\"column\">\n\t\t\t<div class=\"elementor-widget-wrap elementor-element-populated\">\n\t\t\t\t\t\t<div class=\"elementor-element elementor-element-1f318618 elementor-widget elementor-widget-text-editor\" data-id=\"1f318618\" data-element_type=\"widget\" data-e-type=\"widget\" data-widget_type=\"text-editor.default\">\n\t\t\t\t\t\t\t\t\t<ul class=\"specs-list-model\">\r\n \t<li class=\"active\"><strong>Nombre de modelo: <\/strong>Linksys AE2500<\/li>\r\n \t<li><strong>Est\u00e1ndares de red:\u00a0<\/strong>IEEE 802.11b, IEEE 802.11a, IEEE 802.11g, IEEE 802.11n<\/li>\r\n \t<li><strong>Luces LED: <\/strong>Enlace\/Actividad<\/li>\r\n \t<li><strong>Cifrado inal\u00e1mbrico: <\/strong>WEP, WPA &amp; WPA2 Personal\/Enterprise, WPS<\/li>\r\n \t<li><strong>Temperatura de almacenamiento: <\/strong>De -20 a 70 C<\/li>\r\n \t<li><strong>Tipo de interfaz de hardware: <\/strong>USB 2.0<\/li>\r\n \t<li><strong>Tasa de enlace m\u00e1xima: <\/strong>Velocidad de hasta 300 Mbps<\/li>\r\n \t<li><strong>VELOCIDAD DE HASTA<\/strong> N300 MBPS*<\/li>\r\n \t<li>Lleve a su computadora hasta el est\u00e1ndar 802.11n con el adaptador USB de doble banda AE2500.<\/li>\r\n \t<li>DOBLE BANDA SELECCIONABLE (2,4 O 5 GHZ)<\/li>\r\n \t<li>Opera en cualquier banda para ayudar a evitar interferencias.<\/li>\r\n \t<li>SEGURIDAD INAL\u00c1MBRICA AVANZADA<\/li>\r\n \t<li>Proteja su red con el cifrado inal\u00e1mbrico WPA2.}<\/li>\r\n \t<li>INSTALACI\u00d3N F\u00c1CIL<\/li>\r\n \t<li>Incluye un asistente de configuraci\u00f3n para una instalaci\u00f3n sencilla.<\/li>\r\n<\/ul>\t\t\t\t\t\t\t\t<\/div>\n\t\t\t\t<div class=\"elementor-element elementor-element-c44240a animated-slow elementor-invisible elementor-widget elementor-widget-image\" data-id=\"c44240a\" data-element_type=\"widget\" data-e-type=\"widget\" data-settings=\"{&quot;_animation&quot;:&quot;fadeInUp&quot;}\" data-widget_type=\"image.default\">\n\t\t\t\t\t\t\t\t\t\t\t\t\t\t\t<img fetchpriority=\"high\" decoding=\"async\" width=\"1280\" height=\"720\" src=\"https:\/\/comcellstore.com\/wp-content\/uploads\/2020\/06\/b1b26d05b4930896a498df524f6770af-paquete-de-iconos-web-simplista-con-puntero-de-ubicacion.jpg\" class=\"attachment-2048x2048 size-2048x2048 wp-image-2522\" alt=\"\" srcset=\"https:\/\/comcellstore.com\/wp-content\/uploads\/2020\/06\/b1b26d05b4930896a498df524f6770af-paquete-de-iconos-web-simplista-con-puntero-de-ubicacion.jpg 1280w, https:\/\/comcellstore.com\/wp-content\/uploads\/2020\/06\/b1b26d05b4930896a498df524f6770af-paquete-de-iconos-web-simplista-con-puntero-de-ubicacion-600x338.jpg 600w, https:\/\/comcellstore.com\/wp-content\/uploads\/2020\/06\/b1b26d05b4930896a498df524f6770af-paquete-de-iconos-web-simplista-con-puntero-de-ubicacion-300x169.jpg 300w, https:\/\/comcellstore.com\/wp-content\/uploads\/2020\/06\/b1b26d05b4930896a498df524f6770af-paquete-de-iconos-web-simplista-con-puntero-de-ubicacion-1024x576.jpg 1024w, https:\/\/comcellstore.com\/wp-content\/uploads\/2020\/06\/b1b26d05b4930896a498df524f6770af-paquete-de-iconos-web-simplista-con-puntero-de-ubicacion-768x432.jpg 768w, https:\/\/comcellstore.com\/wp-content\/uploads\/2020\/06\/b1b26d05b4930896a498df524f6770af-paquete-de-iconos-web-simplista-con-puntero-de-ubicacion-1140x641.jpg 1140w, https:\/\/comcellstore.com\/wp-content\/uploads\/2020\/06\/b1b26d05b4930896a498df524f6770af-paquete-de-iconos-web-simplista-con-puntero-de-ubicacion-720x405.jpg 720w\" sizes=\"(max-width: 1280px) 100vw, 1280px\" \/>\t\t\t\t\t\t\t\t\t\t\t\t\t\t\t<\/div>\n\t\t\t\t\t<\/div>\n\t\t<\/div>\n\t\t\t\t\t<\/div>\n\t\t<\/section>\n\t\t\t\t<\/div>\n\t\t","protected":false},"excerpt":{"rendered":"<h1 class=\"product_title entry-title\"><span style=\"color: #33cccc;\">Adaptador USB Wireless-N de doble banda N600<\/span><\/h1>\n<p>A\u00f1ada capacidad para Wireless-N a computadoras laptop, de escritorio y consolas de juegos para una conexi\u00f3n de red Wi-Fi m\u00e1s confiable y poderosa. Con velocidades de hasta 300 Mbps.*<\/p>\n<ul>\n<li>Velocidad de hasta N300 Mbps*<\/li>\n<li>Doble banda seleccionable<\/li>\n<li>M\u00e1ximo alcance con una variedad completa de antenas<\/li>\n<li>Compatible con Microsoft Windows\u00ae 7, XP y Vista<\/li>\n<\/ul>\n","protected":false},"featured_media":2519,"comment_status":"open","ping_status":"closed","template":"","meta":[],"product_brand":[],"product_cat":[68,54],"product_tag":[],"class_list":{"0":"post-2518","1":"product","2":"type-product","3":"status-publish","4":"has-post-thumbnail","6":"product_cat-adaptadores","7":"product_cat-routers-switch-repetidor-universal-adaptadores","9":"first","10":"instock","11":"taxable","12":"shipping-taxable","13":"purchasable","14":"product-type-simple"},"_links":{"self":[{"href":"https:\/\/comcellstore.com\/index.php?rest_route=\/wp\/v2\/product\/2518","targetHints":{"allow":["GET"]}}],"collection":[{"href":"https:\/\/comcellstore.com\/index.php?rest_route=\/wp\/v2\/product"}],"about":[{"href":"https:\/\/comcellstore.com\/index.php?rest_route=\/wp\/v2\/types\/product"}],"replies":[{"embeddable":true,"href":"https:\/\/comcellstore.com\/index.php?rest_route=%2Fwp%2Fv2%2Fcomments&post=2518"}],"version-history":[{"count":6,"href":"https:\/\/comcellstore.com\/index.php?rest_route=\/wp\/v2\/product\/2518\/revisions"}],"predecessor-version":[{"id":6173,"href":"https:\/\/comcellstore.com\/index.php?rest_route=\/wp\/v2\/product\/2518\/revisions\/6173"}],"wp:featuredmedia":[{"embeddable":true,"href":"https:\/\/comcellstore.com\/index.php?rest_route=\/wp\/v2\/media\/2519"}],"wp:attachment":[{"href":"https:\/\/comcellstore.com\/index.php?rest_route=%2Fwp%2Fv2%2Fmedia&parent=2518"}],"wp:term":[{"taxonomy":"product_brand","embeddable":true,"href":"https:\/\/comcellstore.com\/index.php?rest_route=%2Fwp%2Fv2%2Fproduct_brand&post=2518"},{"taxonomy":"product_cat","embeddable":true,"href":"https:\/\/comcellstore.com\/index.php?rest_route=%2Fwp%2Fv2%2Fproduct_cat&post=2518"},{"taxonomy":"product_tag","embeddable":true,"href":"https:\/\/comcellstore.com\/index.php?rest_route=%2Fwp%2Fv2%2Fproduct_tag&post=2518"}],"curies":[{"name":"wp","href":"https:\/\/api.w.org\/{rel}","templated":true}]}}