{"id":2769,"date":"2020-07-06T00:31:36","date_gmt":"2020-07-06T00:31:36","guid":{"rendered":"https:\/\/comcellstore.com\/?post_type=product&#038;p=2769"},"modified":"2025-07-08T15:59:43","modified_gmt":"2025-07-08T15:59:43","slug":"xpy-h60-mb","status":"publish","type":"product","link":"https:\/\/comcellstore.com\/?product=xpy-h60-mb","title":{"rendered":"NEXXT<br>XPY H60-MB"},"content":{"rendered":"<h3><span style=\"color: #33cccc;\"><strong>C\u00e1mara 720p de Metal 6mm tipo Domo con Cable BNC y Adaptador de Corriente<\/strong><\/span><\/h3>\n<p><strong>Expanda su vis\u00f3n, proteja mejor su mundo<\/strong><\/p>\n<p>Las c\u00e1maras HD-TVI procesan una conversi\u00f3n de se\u00f1al que contribuye a expandir la distancia total de transmisi\u00f3n, disminuyen el costo inicial y reducen el espacio que se necesita para grabar la captura de videos e im\u00e1genes provenientes de la unidad. Esta nueva tecnolog\u00eda puede transmitir videos en alta definici\u00f3n por cable coaxial a una distancia de 1500 pies sin experimentar retardo ni degradar la se\u00f1al.<\/p>\n<p>Las c\u00e1maras HD-TVI procesan una conversi\u00f3n de se\u00f1al que contribuye a expandir la distancia total de transmisi\u00f3n, disminuyen el costo inicial y reducen el espacio que se necesita para grabar la captura de videos e im\u00e1genes provenientes de la unidad. Esta nueva tecnolog\u00eda puede transmitir videos en alta definici\u00f3n por cable coaxial a una distancia de 1500 pies sin experimentar retardo ni degradar la se\u00f1al.<\/p>\n<p>La c\u00e1mara tipo bullet de vigilancia XpyH60-MB con 720p de alta definici\u00f3n viene equipada con un sensor de imagen CMOS, que combina con la Reducci\u00f3n digital de ruido o DNR y sensor infrarrojo inteligente destinado a capturar im\u00e1genes detalladas y de gran colorido en alta definici\u00f3n.<\/p>\n<p>Las luces LED infrarrojas permiten el monitoreo durante la noche. Dotada de una estructura completamente de metal, esta c\u00e1mara es la soluci\u00f3n perfecta para aplicaciones de vigilancia avanzadas en instalaciones de uso profesional. Es f\u00e1cil de instalar, gracias a sus conectores de alimentaci\u00f3n y de v\u00eddeo BNC de acoplamiento r\u00e1pido.<\/p>\n","protected":false},"excerpt":{"rendered":"<div class=\"desc-right cc_cursor\">\n<ul>\n<li>Montaje a la pared en cielo raso<\/li>\n<li>Clasificaci\u00f3n IP66 para uso en exterior e interior<\/li>\n<li>Visi\u00f3n de media distancia \u00c1ngulo de visi\u00f3n de 57\u00b0<\/li>\n<li>Tecnolog\u00eda TVI Resoluci\u00f3n de 720p<\/li>\n<li>Incluye Cable BNC de alimentaci\u00f3n con adaptador de corriente<\/li>\n<\/ul>\n<\/div>\n","protected":false},"featured_media":2770,"comment_status":"open","ping_status":"closed","template":"","meta":[],"product_brand":[],"product_cat":[104,54],"product_tag":[],"class_list":{"0":"post-2769","1":"product","2":"type-product","3":"status-publish","4":"has-post-thumbnail","6":"product_cat-camaras-de-seguridad","7":"product_cat-routers-switch-repetidor-universal-adaptadores","9":"first","10":"instock","11":"sale","12":"taxable","13":"shipping-taxable","14":"purchasable","15":"product-type-simple"},"_links":{"self":[{"href":"https:\/\/comcellstore.com\/index.php?rest_route=\/wp\/v2\/product\/2769","targetHints":{"allow":["GET"]}}],"collection":[{"href":"https:\/\/comcellstore.com\/index.php?rest_route=\/wp\/v2\/product"}],"about":[{"href":"https:\/\/comcellstore.com\/index.php?rest_route=\/wp\/v2\/types\/product"}],"replies":[{"embeddable":true,"href":"https:\/\/comcellstore.com\/index.php?rest_route=%2Fwp%2Fv2%2Fcomments&post=2769"}],"version-history":[{"count":4,"href":"https:\/\/comcellstore.com\/index.php?rest_route=\/wp\/v2\/product\/2769\/revisions"}],"predecessor-version":[{"id":6160,"href":"https:\/\/comcellstore.com\/index.php?rest_route=\/wp\/v2\/product\/2769\/revisions\/6160"}],"wp:featuredmedia":[{"embeddable":true,"href":"https:\/\/comcellstore.com\/index.php?rest_route=\/wp\/v2\/media\/2770"}],"wp:attachment":[{"href":"https:\/\/comcellstore.com\/index.php?rest_route=%2Fwp%2Fv2%2Fmedia&parent=2769"}],"wp:term":[{"taxonomy":"product_brand","embeddable":true,"href":"https:\/\/comcellstore.com\/index.php?rest_route=%2Fwp%2Fv2%2Fproduct_brand&post=2769"},{"taxonomy":"product_cat","embeddable":true,"href":"https:\/\/comcellstore.com\/index.php?rest_route=%2Fwp%2Fv2%2Fproduct_cat&post=2769"},{"taxonomy":"product_tag","embeddable":true,"href":"https:\/\/comcellstore.com\/index.php?rest_route=%2Fwp%2Fv2%2Fproduct_tag&post=2769"}],"curies":[{"name":"wp","href":"https:\/\/api.w.org\/{rel}","templated":true}]}}