{"id":2772,"date":"2020-07-06T00:33:59","date_gmt":"2020-07-06T00:33:59","guid":{"rendered":"https:\/\/comcellstore.com\/?post_type=product&#038;p=2772"},"modified":"2025-01-21T15:22:42","modified_gmt":"2025-01-21T15:22:42","slug":"xpyh36-mb-720p","status":"publish","type":"product","link":"https:\/\/comcellstore.com\/?product=xpyh36-mb-720p","title":{"rendered":"NEXXT<br>Xpy H36-MB 720p"},"content":{"rendered":"<h3><span style=\"color: #33cccc;\"><strong>Expanda su vis\u00f3n, proteja mejor su mundo<\/strong><\/span><\/h3>\n<div><\/div>\n<div>XpyH36-MB C\u00e1mara 720p de Metal 3.6mm tipo Bullet con Cable BNC y Adaptador de Corriente<\/div>\n<div>\n<p>Nexxt Security presenta su nueva l\u00ednea de c\u00e1maras con Interfaz de Transferencia de Video en Alta Definici\u00f3n, una soluci\u00f3n econ\u00f3mica y efectiva para cambiar sistemas de video existentes a la \u00faltima tecnolog\u00eda HD en lugar de tener que adoptar c\u00e1maras IP. Las c\u00e1maras HD-TVI\u00a0 procesan una conversi\u00f3n de se\u00f1al que contribuye a expandir la distancia total de transmisi\u00f3n, disminuyen el costo\u00a0 inicial y reducen el espacio que se necesita para grabar la captura de videos e im\u00e1genes provenientes de la unidad. Esta nueva tecnolog\u00eda puede transmitir videos en alta definici\u00f3n por cable\u00a0 coaxial a una distancia de 1500 pies sin experimentar retardo ni degradar la se\u00f1al.<\/p>\n<\/div>\n<div>\n<p>La c\u00e1mara tipo bullet de vigilancia\u00a0 XpyH36-MB con 720p de alta definici\u00f3n viene equipada con un sensor de imagen CMOS, que combina con\u00a0 la Reducci\u00f3n digital de ruido o DNR y sensor infrarrojo inteligente destinado a capturar im\u00e1genes detalladas y de gran colorido en alta definici\u00f3n. Las luces LED infrarrojas permiten el monitoreo durante la noche. Dotada de una estructura completamente de metal, esta c\u00e1mara es la soluci\u00f3n perfecta para aplicaciones de vigilancia avanzadas en instalaciones de uso profesional. Es f\u00e1cil de instalar, gracias a sus conectores de alimentaci\u00f3n y de v\u00eddeo BNC de acoplamiento r\u00e1pido.<\/p>\n<\/div>\n","protected":false},"excerpt":{"rendered":"<ul>\n<li>Sensor de imagen CMOS progresivo<\/li>\n<li>Tecnolog\u00eda HD TVI<\/li>\n<li>Resoluci\u00f3n de 720p<\/li>\n<li>Cubierta completamente de metal para uso exterior<\/li>\n<li>DNR (Reducci\u00f3n digital de ruido)<\/li>\n<li>BLC (Compensaci\u00f3n de luz de fondo)<\/li>\n<li>Sensibilidad a la luz tenue<\/li>\n<li>Filtro infrarrojo inteligente<\/li>\n<li>Visi\u00f3n nocturna hasta 20m de distancia<\/li>\n<li>Clasificaci\u00f3n IP66 para uso en exterior<\/li>\n<li>ICR (Filtro de corte infrarrojo)<\/li>\n<li>\u00a0Modo autom\u00e1tico para el monitoreo de d\u00eda y de noche<\/li>\n<li>\u00c1ngulo de visi\u00f3n de 71\u00b0<\/li>\n<li>Para aplicaciones residenciales y comerciales<\/li>\n<li>Incluye cable BNC de alimentaci\u00f3n con adaptador de corriente<\/li>\n<li>2 a\u00f1os de garant\u00eda<\/li>\n<\/ul>\n","protected":false},"featured_media":2775,"comment_status":"open","ping_status":"closed","template":"","meta":[],"product_brand":[],"product_cat":[104,54],"product_tag":[],"class_list":{"0":"post-2772","1":"product","2":"type-product","3":"status-publish","4":"has-post-thumbnail","6":"product_cat-camaras-de-seguridad","7":"product_cat-routers-switch-repetidor-universal-adaptadores","9":"first","10":"instock","11":"sale","12":"taxable","13":"shipping-taxable","14":"purchasable","15":"product-type-simple"},"_links":{"self":[{"href":"https:\/\/comcellstore.com\/index.php?rest_route=\/wp\/v2\/product\/2772","targetHints":{"allow":["GET"]}}],"collection":[{"href":"https:\/\/comcellstore.com\/index.php?rest_route=\/wp\/v2\/product"}],"about":[{"href":"https:\/\/comcellstore.com\/index.php?rest_route=\/wp\/v2\/types\/product"}],"replies":[{"embeddable":true,"href":"https:\/\/comcellstore.com\/index.php?rest_route=%2Fwp%2Fv2%2Fcomments&post=2772"}],"version-history":[{"count":6,"href":"https:\/\/comcellstore.com\/index.php?rest_route=\/wp\/v2\/product\/2772\/revisions"}],"predecessor-version":[{"id":8155,"href":"https:\/\/comcellstore.com\/index.php?rest_route=\/wp\/v2\/product\/2772\/revisions\/8155"}],"wp:featuredmedia":[{"embeddable":true,"href":"https:\/\/comcellstore.com\/index.php?rest_route=\/wp\/v2\/media\/2775"}],"wp:attachment":[{"href":"https:\/\/comcellstore.com\/index.php?rest_route=%2Fwp%2Fv2%2Fmedia&parent=2772"}],"wp:term":[{"taxonomy":"product_brand","embeddable":true,"href":"https:\/\/comcellstore.com\/index.php?rest_route=%2Fwp%2Fv2%2Fproduct_brand&post=2772"},{"taxonomy":"product_cat","embeddable":true,"href":"https:\/\/comcellstore.com\/index.php?rest_route=%2Fwp%2Fv2%2Fproduct_cat&post=2772"},{"taxonomy":"product_tag","embeddable":true,"href":"https:\/\/comcellstore.com\/index.php?rest_route=%2Fwp%2Fv2%2Fproduct_tag&post=2772"}],"curies":[{"name":"wp","href":"https:\/\/api.w.org\/{rel}","templated":true}]}}