{"id":2787,"date":"2020-07-06T00:45:52","date_gmt":"2020-07-06T00:45:52","guid":{"rendered":"https:\/\/comcellstore.com\/?post_type=product&#038;p=2787"},"modified":"2025-07-08T16:03:51","modified_gmt":"2025-07-08T16:03:51","slug":"xpy1210","status":"publish","type":"product","link":"https:\/\/comcellstore.com\/?product=xpy1210","title":{"rendered":"NEXXT<br>Xpy1210"},"content":{"rendered":"<h3>r\u00e1pidamente desde su tel\u00e9fono inteligente o tableta<\/h3>\n<p>Nexxt Solutions presenta su nueva generaci\u00f3n de c\u00e1maras IP inal\u00e1mbricas para exteriores de alta definici\u00f3n.\u00a0Estas c\u00e1maras de un megap\u00edxel ahora pueden lograr una resoluci\u00f3n HD de 720p para una identificaci\u00f3n facial clara y una replicaci\u00f3n del color verdadero.\u00a0En combinaci\u00f3n con las capacidades inal\u00e1mbricas, estas c\u00e1maras se convierten en un activo poderoso para monitorear \u00e1reas de inter\u00e9s sin la molestia de tener que tender cables o estar conectados a la ubicaci\u00f3n de un enrutador o conmutador.\u00a0F\u00e1cil configuraci\u00f3n e instalaci\u00f3n para acceso remoto y se puede configurar r\u00e1pidamente gracias a la inclusi\u00f3n de la red P2P y una funci\u00f3n de escaneo de c\u00f3digo QR: encienda el dispositivo, tome una fotograf\u00eda del c\u00f3digo QR y deje que la aplicaci\u00f3n haga el resto.\u00a0La Xpy1210 es una c\u00e1mara IP resistente a la intemperie de metal que viene con un sensor de imagen CMOS de alta definici\u00f3n de 1\/4 de pulgada y una lente fija de 2.8 mm.\u00a0Las luces LED IR integradas permiten un monitoreo claro de la visi\u00f3n nocturna en completa oscuridad.\u00a0La grabaci\u00f3n y la reproducci\u00f3n tambi\u00e9n pueden apuntar a un servidor FTP o a una carpeta de red local.\u00a0Los conectores incorporados admiten comunicaci\u00f3n bidireccional sin interrupciones.\u00a0La aplicaci\u00f3n incluida se ejecuta en plataformas Android e iOS, que admite funciones avanzadas como detecci\u00f3n de movimiento y notificaciones por correo electr\u00f3nico.\u00a0No solo puede ver lo que est\u00e1 sucediendo en tiempo real, sino que tambi\u00e9n proporciona una sensaci\u00f3n completa de seguridad cuando est\u00e1 lejos de su hogar o negocio.<br \/>\n<img fetchpriority=\"high\" decoding=\"async\" src=\"https:\/\/comcellstore.com\/wp-content\/uploads\/2020\/07\/AILELFI4U1-Info-1.jpg\" sizes=\"(max-width: 720px) 100vw, 720px\" srcset=\"https:\/\/comcellstore.com\/wp-content\/uploads\/2020\/07\/AILELFI4U1-Info-1.jpg 720w, https:\/\/comcellstore.com\/wp-content\/uploads\/2020\/07\/AILELFI4U1-Info-1-300x173.jpg 300w, https:\/\/comcellstore.com\/wp-content\/uploads\/2020\/07\/AILELFI4U1-Info-1-600x345.jpg 600w\" alt=\"\" width=\"720\" height=\"414\" \/><\/p>\n","protected":false},"excerpt":{"rendered":"<div class=\"mainProduct__support--text content-space\">\n<h3><span style=\"color: #33cccc;\"><b>C\u00e1mara IP inal\u00e1mbrica para exteriores HD<\/b><\/span><\/h3>\n<p><strong><span style=\"color: #ff0000;\">MPN: AILELFI4U1<\/span><\/strong><\/p>\n<\/div>\n<div class=\"mainProduct__support--general\">\n<ul class=\"list-unstyled mainProduct__support--item\">\n<li class=\"mainProduct__support--list\">Descripci\u00f3n:\u00a0C\u00e1mara IP inal\u00e1mbrica fija para exteriores<\/li>\n<li class=\"mainProduct__support--list\">Resoluci\u00f3n:\u00a0720p<\/li>\n<li class=\"mainProduct__support--list\">Garant\u00eda:\u00a03 a\u00f1os<\/li>\n<\/ul>\n<\/div>\n","protected":false},"featured_media":2788,"comment_status":"open","ping_status":"closed","template":"","meta":[],"product_brand":[],"product_cat":[104,54],"product_tag":[],"class_list":{"0":"post-2787","1":"product","2":"type-product","3":"status-publish","4":"has-post-thumbnail","6":"product_cat-camaras-de-seguridad","7":"product_cat-routers-switch-repetidor-universal-adaptadores","9":"first","10":"instock","11":"sale","12":"taxable","13":"shipping-taxable","14":"purchasable","15":"product-type-simple"},"_links":{"self":[{"href":"https:\/\/comcellstore.com\/index.php?rest_route=\/wp\/v2\/product\/2787","targetHints":{"allow":["GET"]}}],"collection":[{"href":"https:\/\/comcellstore.com\/index.php?rest_route=\/wp\/v2\/product"}],"about":[{"href":"https:\/\/comcellstore.com\/index.php?rest_route=\/wp\/v2\/types\/product"}],"replies":[{"embeddable":true,"href":"https:\/\/comcellstore.com\/index.php?rest_route=%2Fwp%2Fv2%2Fcomments&post=2787"}],"version-history":[{"count":5,"href":"https:\/\/comcellstore.com\/index.php?rest_route=\/wp\/v2\/product\/2787\/revisions"}],"predecessor-version":[{"id":6180,"href":"https:\/\/comcellstore.com\/index.php?rest_route=\/wp\/v2\/product\/2787\/revisions\/6180"}],"wp:featuredmedia":[{"embeddable":true,"href":"https:\/\/comcellstore.com\/index.php?rest_route=\/wp\/v2\/media\/2788"}],"wp:attachment":[{"href":"https:\/\/comcellstore.com\/index.php?rest_route=%2Fwp%2Fv2%2Fmedia&parent=2787"}],"wp:term":[{"taxonomy":"product_brand","embeddable":true,"href":"https:\/\/comcellstore.com\/index.php?rest_route=%2Fwp%2Fv2%2Fproduct_brand&post=2787"},{"taxonomy":"product_cat","embeddable":true,"href":"https:\/\/comcellstore.com\/index.php?rest_route=%2Fwp%2Fv2%2Fproduct_cat&post=2787"},{"taxonomy":"product_tag","embeddable":true,"href":"https:\/\/comcellstore.com\/index.php?rest_route=%2Fwp%2Fv2%2Fproduct_tag&post=2787"}],"curies":[{"name":"wp","href":"https:\/\/api.w.org\/{rel}","templated":true}]}}