{"id":2805,"date":"2020-07-06T01:12:00","date_gmt":"2020-07-06T01:12:00","guid":{"rendered":"https:\/\/comcellstore.com\/?post_type=product&#038;p=2805"},"modified":"2025-07-08T16:05:35","modified_gmt":"2025-07-08T16:05:35","slug":"xpy1201","status":"publish","type":"product","link":"https:\/\/comcellstore.com\/?product=xpy1201","title":{"rendered":"NEXXT<br>Xpy1201"},"content":{"rendered":"\t\t<div data-elementor-type=\"product-post\" data-elementor-id=\"2805\" class=\"elementor elementor-2805\" data-elementor-post-type=\"product\">\n\t\t\t\t\t\t<section class=\"elementor-section elementor-top-section elementor-element elementor-element-71ce34a elementor-section-boxed elementor-section-height-default elementor-section-height-default\" data-id=\"71ce34a\" data-element_type=\"section\" data-e-type=\"section\">\n\t\t\t\t\t\t<div class=\"elementor-container elementor-column-gap-default\">\n\t\t\t\t\t<div class=\"elementor-column elementor-col-100 elementor-top-column elementor-element elementor-element-5ed368b8\" data-id=\"5ed368b8\" data-element_type=\"column\" data-e-type=\"column\">\n\t\t\t<div class=\"elementor-widget-wrap elementor-element-populated\">\n\t\t\t\t\t\t<div class=\"elementor-element elementor-element-5b7d9261 elementor-widget elementor-widget-text-editor\" data-id=\"5b7d9261\" data-element_type=\"widget\" data-e-type=\"widget\" data-widget_type=\"text-editor.default\">\n\t\t\t\t\t\t\t\t\t<div class=\"overviewSubTitle\">\r\n<h3><span style=\"color: #33cccc;\">Comience a ver videos en vivo r\u00e1pidamente<\/span><\/h3>\r\n<\/div>\r\n<div>\r\n\r\nNexxt Solutions presenta su nueva generaci\u00f3n de c\u00e1maras IP inal\u00e1mbricas de alta definici\u00f3n.\u00a0Estas c\u00e1maras de un megap\u00edxel ahora pueden lograr una resoluci\u00f3n HD de 720p para una identificaci\u00f3n facial clara y una replicaci\u00f3n del color verdadero.\u00a0En combinaci\u00f3n con las capacidades inal\u00e1mbricas, estas c\u00e1maras se convierten en un activo poderoso para monitorear \u00e1reas de inter\u00e9s sin la molestia de tener que tender cables o estar conectados a la ubicaci\u00f3n de un enrutador o conmutador.\u00a0F\u00e1cil configuraci\u00f3n e instalaci\u00f3n para acceso remoto, la c\u00e1mara se puede configurar r\u00e1pidamente gracias a la inclusi\u00f3n de la red P2P y una funci\u00f3n de escaneo de c\u00f3digo QR: encienda el dispositivo, tome una fotograf\u00eda del c\u00f3digo QR y deje que la aplicaci\u00f3n haga el resto.\u00a0El Xpy1201 viene con un sensor CMOS de 1\/4 pulgada de alta definici\u00f3n y una lente fija de 2.8 mm.\u00a0El LED IR integrado permite un monitoreo claro de la visi\u00f3n nocturna en completa oscuridad.\u00a0La grabaci\u00f3n y la reproducci\u00f3n pueden apuntar a un servidor FTP o a una carpeta de red local.\u00a0El micr\u00f3fono y el altavoz incorporados permiten una comunicaci\u00f3n bidireccional sin interrupciones.\u00a0La aplicaci\u00f3n incluida se ejecuta en plataformas Android e iOS, que admite funciones avanzadas, como detecci\u00f3n de movimiento y notificaciones por correo electr\u00f3nico.\u00a0No solo puede ver lo que sucede en tiempo real, sino que ahora puede disfrutar de una sensaci\u00f3n completa de seguridad cuando est\u00e1 lejos de su hogar o negocio.\r\n\r\n<\/div>\t\t\t\t\t\t\t\t<\/div>\n\t\t\t\t<section class=\"elementor-section elementor-inner-section elementor-element elementor-element-04d99ad animated-slow elementor-section-boxed elementor-section-height-default elementor-section-height-default elementor-invisible\" data-id=\"04d99ad\" data-element_type=\"section\" data-e-type=\"section\" data-settings=\"{&quot;animation&quot;:&quot;fadeIn&quot;}\">\n\t\t\t\t\t\t<div class=\"elementor-container elementor-column-gap-default\">\n\t\t\t\t\t<div class=\"elementor-column elementor-col-50 elementor-inner-column elementor-element elementor-element-c241ff0\" data-id=\"c241ff0\" data-element_type=\"column\" data-e-type=\"column\">\n\t\t\t<div class=\"elementor-widget-wrap elementor-element-populated\">\n\t\t\t\t\t\t<div class=\"elementor-element elementor-element-1348c7c elementor-widget elementor-widget-image\" data-id=\"1348c7c\" data-element_type=\"widget\" data-e-type=\"widget\" data-widget_type=\"image.default\">\n\t\t\t\t\t\t\t\t\t\t\t\t\t\t\t<img fetchpriority=\"high\" decoding=\"async\" width=\"720\" height=\"414\" src=\"https:\/\/comcellstore.com\/wp-content\/uploads\/2020\/07\/AILELFI4U2-Info-3.jpg\" class=\"attachment-large size-large wp-image-2808\" alt=\"\" srcset=\"https:\/\/comcellstore.com\/wp-content\/uploads\/2020\/07\/AILELFI4U2-Info-3.jpg 720w, https:\/\/comcellstore.com\/wp-content\/uploads\/2020\/07\/AILELFI4U2-Info-3-600x345.jpg 600w, https:\/\/comcellstore.com\/wp-content\/uploads\/2020\/07\/AILELFI4U2-Info-3-300x173.jpg 300w\" sizes=\"(max-width: 720px) 100vw, 720px\" \/>\t\t\t\t\t\t\t\t\t\t\t\t\t\t\t<\/div>\n\t\t\t\t\t<\/div>\n\t\t<\/div>\n\t\t\t\t<div class=\"elementor-column elementor-col-50 elementor-inner-column elementor-element elementor-element-35e797e\" data-id=\"35e797e\" data-element_type=\"column\" data-e-type=\"column\">\n\t\t\t<div class=\"elementor-widget-wrap elementor-element-populated\">\n\t\t\t\t\t\t<div class=\"elementor-element elementor-element-16b8691 elementor-widget elementor-widget-image\" data-id=\"16b8691\" data-element_type=\"widget\" data-e-type=\"widget\" data-widget_type=\"image.default\">\n\t\t\t\t\t\t\t\t\t\t\t\t\t\t\t<img decoding=\"async\" width=\"720\" height=\"414\" src=\"https:\/\/comcellstore.com\/wp-content\/uploads\/2020\/07\/AILELFI4U2-Info-1.jpg\" class=\"attachment-large size-large wp-image-2807\" alt=\"\" srcset=\"https:\/\/comcellstore.com\/wp-content\/uploads\/2020\/07\/AILELFI4U2-Info-1.jpg 720w, https:\/\/comcellstore.com\/wp-content\/uploads\/2020\/07\/AILELFI4U2-Info-1-600x345.jpg 600w, https:\/\/comcellstore.com\/wp-content\/uploads\/2020\/07\/AILELFI4U2-Info-1-300x173.jpg 300w\" sizes=\"(max-width: 720px) 100vw, 720px\" \/>\t\t\t\t\t\t\t\t\t\t\t\t\t\t\t<\/div>\n\t\t\t\t\t<\/div>\n\t\t<\/div>\n\t\t\t\t\t<\/div>\n\t\t<\/section>\n\t\t\t\t\t<\/div>\n\t\t<\/div>\n\t\t\t\t\t<\/div>\n\t\t<\/section>\n\t\t\t\t<\/div>\n\t\t","protected":false},"excerpt":{"rendered":"<div class=\"mainProduct__support--text content-space\">\n<h2><span style=\"color: #33cccc;\"><b>C\u00e1mara IP inal\u00e1mbrica fija<\/b><\/span><\/h2>\n<p><strong><span style=\"color: #ff0000;\">MPN: AILELFI4U2<\/span><\/strong><\/p>\n<\/div>\n<div class=\"mainProduct__support--general\">\n<ul class=\"list-unstyled mainProduct__support--item\">\n<li class=\"mainProduct__support--list\">Descripci\u00f3n:\u00a0c\u00e1mara IP inal\u00e1mbrica fija<\/li>\n<li class=\"mainProduct__support--list\">Resoluci\u00f3n:\u00a0720p<\/li>\n<li class=\"mainProduct__support--list\">Color:\u00a0negro<\/li>\n<li class=\"mainProduct__support--list\">Visi\u00f3n nocturna:\u00a0s\u00ed<\/li>\n<li class=\"mainProduct__support--list\">Garant\u00eda:\u00a03 a\u00f1os<\/li>\n<\/ul>\n<\/div>\n","protected":false},"featured_media":2806,"comment_status":"closed","ping_status":"closed","template":"","meta":[],"product_brand":[],"product_cat":[104,54],"product_tag":[],"class_list":{"0":"post-2805","1":"product","2":"type-product","3":"status-publish","4":"has-post-thumbnail","6":"product_cat-camaras-de-seguridad","7":"product_cat-routers-switch-repetidor-universal-adaptadores","9":"first","10":"instock","11":"sale","12":"taxable","13":"shipping-taxable","14":"purchasable","15":"product-type-simple"},"_links":{"self":[{"href":"https:\/\/comcellstore.com\/index.php?rest_route=\/wp\/v2\/product\/2805","targetHints":{"allow":["GET"]}}],"collection":[{"href":"https:\/\/comcellstore.com\/index.php?rest_route=\/wp\/v2\/product"}],"about":[{"href":"https:\/\/comcellstore.com\/index.php?rest_route=\/wp\/v2\/types\/product"}],"replies":[{"embeddable":true,"href":"https:\/\/comcellstore.com\/index.php?rest_route=%2Fwp%2Fv2%2Fcomments&post=2805"}],"version-history":[{"count":5,"href":"https:\/\/comcellstore.com\/index.php?rest_route=\/wp\/v2\/product\/2805\/revisions"}],"predecessor-version":[{"id":7465,"href":"https:\/\/comcellstore.com\/index.php?rest_route=\/wp\/v2\/product\/2805\/revisions\/7465"}],"wp:featuredmedia":[{"embeddable":true,"href":"https:\/\/comcellstore.com\/index.php?rest_route=\/wp\/v2\/media\/2806"}],"wp:attachment":[{"href":"https:\/\/comcellstore.com\/index.php?rest_route=%2Fwp%2Fv2%2Fmedia&parent=2805"}],"wp:term":[{"taxonomy":"product_brand","embeddable":true,"href":"https:\/\/comcellstore.com\/index.php?rest_route=%2Fwp%2Fv2%2Fproduct_brand&post=2805"},{"taxonomy":"product_cat","embeddable":true,"href":"https:\/\/comcellstore.com\/index.php?rest_route=%2Fwp%2Fv2%2Fproduct_cat&post=2805"},{"taxonomy":"product_tag","embeddable":true,"href":"https:\/\/comcellstore.com\/index.php?rest_route=%2Fwp%2Fv2%2Fproduct_tag&post=2805"}],"curies":[{"name":"wp","href":"https:\/\/api.w.org\/{rel}","templated":true}]}}