{"id":2831,"date":"2020-07-06T02:15:47","date_gmt":"2020-07-06T02:15:47","guid":{"rendered":"https:\/\/comcellstore.com\/?post_type=product&#038;p=2831"},"modified":"2025-05-27T21:38:57","modified_gmt":"2025-05-27T21:38:57","slug":"sistema-velop-wi-fi-linksys-ac2200-paquete-de-1","status":"publish","type":"product","link":"https:\/\/comcellstore.com\/?product=sistema-velop-wi-fi-linksys-ac2200-paquete-de-1","title":{"rendered":"LINKSYS<br>Sistema Velop Wi-Fi (AC2200, paquete de 1)"},"content":{"rendered":"\t\t<div data-elementor-type=\"product-post\" data-elementor-id=\"2831\" class=\"elementor elementor-2831\" data-elementor-post-type=\"product\">\n\t\t\t\t\t\t<section class=\"elementor-section elementor-top-section elementor-element elementor-element-56efc3e2 elementor-section-boxed elementor-section-height-default elementor-section-height-default\" data-id=\"56efc3e2\" data-element_type=\"section\" data-e-type=\"section\">\n\t\t\t\t\t\t<div class=\"elementor-container elementor-column-gap-default\">\n\t\t\t\t\t<div class=\"elementor-column elementor-col-100 elementor-top-column elementor-element elementor-element-34f6fccd\" data-id=\"34f6fccd\" data-element_type=\"column\" data-e-type=\"column\">\n\t\t\t<div class=\"elementor-widget-wrap elementor-element-populated\">\n\t\t\t\t\t\t<div class=\"elementor-element elementor-element-224161ca elementor-widget elementor-widget-text-editor\" data-id=\"224161ca\" data-element_type=\"widget\" data-e-type=\"widget\" data-widget_type=\"text-editor.default\">\n\t\t\t\t\t\t\t\t\t<h3><span style=\"color: #33cccc;\">PERSONALICE Y MANEJE EL WI-FI DE SU CASA EN CUALQUIER MOMENTO Y EN CUALQUIER LUGAR<\/span><\/h3>\r\nCon la aplicaci\u00f3n de Linksys, podr\u00e1 monitorear y manejar de cerca su Wi-Fi de manera remota desde su smartphone o tablet.\r\n<ul>\r\n \t<li><b>Controles parentales:<\/b>\u00a0garantice una experiencia segura de Internet para sus hijos, incluso cuando se encuentra fuera de casa. Reduzca las distracciones en l\u00ednea durante la tarea, los momentos en familia o la hora de comer. Limite el acceso a contenido inapropiado o que genere distracciones, controle el uso y bloquee el acceso a Internet de dispositivos espec\u00edficos.<\/li>\r\n \t<li><b>Acceso de invitados:<\/b>\u00a0genere una red Wi-Fi separada y protegida con contrase\u00f1a para hasta 50 invitados y comparta la contrase\u00f1a de manera simple mediante mensaje de texto.<\/li>\r\n \t<li><b>Asignaci\u00f3n de prioridad a dispositivos:<\/b>\u00a0establezca prioridad a los dispositivos que necesitan mayor velocidad.<\/li>\r\n \t<li><b>Correci\u00f3n autom\u00e1tica<\/b>: seleccione autom\u00e1ticamente el mejor canal para su dispositivo y elimine la congesti\u00f3n con solo presionar un bot\u00f3n.<\/li>\r\n \t<li><b>Prueba de velocidad:<\/b>\u00a0pruebe y monitoree con facilidad la velocidad de conexi\u00f3n a Internet para asegurarse de obtener plena velocidad de su proveedor.<\/li>\r\n<\/ul>\t\t\t\t\t\t\t\t<\/div>\n\t\t\t\t<div class=\"elementor-element elementor-element-edc45d1 animated-slow elementor-invisible elementor-widget elementor-widget-image\" data-id=\"edc45d1\" data-element_type=\"widget\" data-e-type=\"widget\" data-settings=\"{&quot;_animation&quot;:&quot;fadeIn&quot;}\" data-widget_type=\"image.default\">\n\t\t\t\t\t\t\t\t\t\t\t\t\t\t\t<img fetchpriority=\"high\" decoding=\"async\" width=\"750\" height=\"302\" src=\"https:\/\/comcellstore.com\/wp-content\/uploads\/2020\/07\/fh-1024x413.jpg\" class=\"attachment-large size-large wp-image-2836\" alt=\"\" srcset=\"https:\/\/comcellstore.com\/wp-content\/uploads\/2020\/07\/fh-1024x413.jpg 1024w, https:\/\/comcellstore.com\/wp-content\/uploads\/2020\/07\/fh-600x242.jpg 600w, https:\/\/comcellstore.com\/wp-content\/uploads\/2020\/07\/fh-300x121.jpg 300w, https:\/\/comcellstore.com\/wp-content\/uploads\/2020\/07\/fh-768x309.jpg 768w, https:\/\/comcellstore.com\/wp-content\/uploads\/2020\/07\/fh-1536x619.jpg 1536w, https:\/\/comcellstore.com\/wp-content\/uploads\/2020\/07\/fh.jpg 1899w\" sizes=\"(max-width: 750px) 100vw, 750px\" \/>\t\t\t\t\t\t\t\t\t\t\t\t\t\t\t<\/div>\n\t\t\t\t\t<\/div>\n\t\t<\/div>\n\t\t\t\t\t<\/div>\n\t\t<\/section>\n\t\t\t\t<\/div>\n\t\t","protected":false},"excerpt":{"rendered":"<h5 class=\"product_title entry-title\"><span style=\"color: #33cccc;\">Sistema Velop Wi-Fi Intelligent Mesh tribanda de Linksys (AC2200, paquete de 1)<\/span><\/h5>\n<div class=\"woocommerce-product-details__short-description\">\n<p>Soluci\u00f3n Wifii de mallas de tres Bandas para velocidad excepcional, Nuestro Velop ofrece tecnolog\u00eda de tres bandas din\u00e1micas que supera a la competencia al proporcionar mayor velocidad mediante la combinaci\u00f3n de las tres radios Wi-Fi, cada una sintonizada para \u00f3ptimo equilibrio de carga de Wi-Fi y garantizar rendimiento Wi-Fi pico en toda la casa. Ya sea que transmita contenidos 4K, juegos o conversaciones de video, Velop ofrece Wi-Fi excepcionalmente r\u00e1pido para garantizar un rendimiento \u00f3ptimo incluso cuando hay varios dispositivos Wi-Fi conectados.<\/p>\n<p>La malla Wi-Fi de tres bandas ofrece 100% Wi-Fi en toda su casa*. Wi-Fi que le libera.<\/p>\n<ul>\n<li>Cobertura de hasta 145 metros cuadrados**<\/li>\n<li>Soporte t\u00e9cnico y garant\u00eda limitada de 3 a\u00f1os<sup>\u2020<\/sup><\/li>\n<li>Configure, monitoree y controle el Wi-Fi de su casa con la aplicaci\u00f3n de Linksys<\/li>\n<li>Dise\u00f1o elegante<\/li>\n<\/ul>\n<\/div>\n","protected":false},"featured_media":2832,"comment_status":"open","ping_status":"closed","template":"","meta":[],"product_brand":[129],"product_cat":[54,72],"product_tag":[],"class_list":{"0":"post-2831","1":"product","2":"type-product","3":"status-publish","4":"has-post-thumbnail","6":"product_brand-linksys","7":"product_cat-routers-switch-repetidor-universal-adaptadores","8":"product_cat-mesh","10":"first","11":"instock","12":"taxable","13":"shipping-taxable","14":"purchasable","15":"product-type-simple"},"_links":{"self":[{"href":"https:\/\/comcellstore.com\/index.php?rest_route=\/wp\/v2\/product\/2831","targetHints":{"allow":["GET"]}}],"collection":[{"href":"https:\/\/comcellstore.com\/index.php?rest_route=\/wp\/v2\/product"}],"about":[{"href":"https:\/\/comcellstore.com\/index.php?rest_route=\/wp\/v2\/types\/product"}],"replies":[{"embeddable":true,"href":"https:\/\/comcellstore.com\/index.php?rest_route=%2Fwp%2Fv2%2Fcomments&post=2831"}],"version-history":[{"count":5,"href":"https:\/\/comcellstore.com\/index.php?rest_route=\/wp\/v2\/product\/2831\/revisions"}],"predecessor-version":[{"id":10064,"href":"https:\/\/comcellstore.com\/index.php?rest_route=\/wp\/v2\/product\/2831\/revisions\/10064"}],"wp:featuredmedia":[{"embeddable":true,"href":"https:\/\/comcellstore.com\/index.php?rest_route=\/wp\/v2\/media\/2832"}],"wp:attachment":[{"href":"https:\/\/comcellstore.com\/index.php?rest_route=%2Fwp%2Fv2%2Fmedia&parent=2831"}],"wp:term":[{"taxonomy":"product_brand","embeddable":true,"href":"https:\/\/comcellstore.com\/index.php?rest_route=%2Fwp%2Fv2%2Fproduct_brand&post=2831"},{"taxonomy":"product_cat","embeddable":true,"href":"https:\/\/comcellstore.com\/index.php?rest_route=%2Fwp%2Fv2%2Fproduct_cat&post=2831"},{"taxonomy":"product_tag","embeddable":true,"href":"https:\/\/comcellstore.com\/index.php?rest_route=%2Fwp%2Fv2%2Fproduct_tag&post=2831"}],"curies":[{"name":"wp","href":"https:\/\/api.w.org\/{rel}","templated":true}]}}