{"id":3245,"date":"2020-07-13T02:09:59","date_gmt":"2020-07-13T02:09:59","guid":{"rendered":"https:\/\/comcellstore.com\/?post_type=product&#038;p=3245"},"modified":"2025-02-26T20:24:43","modified_gmt":"2025-02-26T20:24:43","slug":"a-18","status":"publish","type":"product","link":"https:\/\/comcellstore.com\/?product=a-18","title":{"rendered":"Repetidor Universal<br> A18"},"content":{"rendered":"\t\t<div data-elementor-type=\"product-post\" data-elementor-id=\"3245\" class=\"elementor elementor-3245\" data-elementor-post-type=\"product\">\n\t\t\t\t\t\t<section class=\"elementor-section elementor-top-section elementor-element elementor-element-1bc41731 elementor-section-boxed elementor-section-height-default elementor-section-height-default\" data-id=\"1bc41731\" data-element_type=\"section\" data-e-type=\"section\">\n\t\t\t\t\t\t<div class=\"elementor-container elementor-column-gap-default\">\n\t\t\t\t\t<div class=\"elementor-column elementor-col-100 elementor-top-column elementor-element elementor-element-7c882395\" data-id=\"7c882395\" data-element_type=\"column\" data-e-type=\"column\">\n\t\t\t<div class=\"elementor-widget-wrap elementor-element-populated\">\n\t\t\t\t\t\t<div class=\"elementor-element elementor-element-7311286 animated-slow elementor-invisible elementor-widget elementor-widget-image\" data-id=\"7311286\" data-element_type=\"widget\" data-e-type=\"widget\" data-settings=\"{&quot;_animation&quot;:&quot;fadeInDown&quot;}\" data-widget_type=\"image.default\">\n\t\t\t\t\t\t\t\t\t\t\t\t\t\t\t<img fetchpriority=\"high\" decoding=\"async\" width=\"750\" height=\"359\" src=\"https:\/\/comcellstore.com\/wp-content\/uploads\/2020\/07\/a18-c-1024x490.jpg\" class=\"attachment-large size-large wp-image-3257\" alt=\"\" srcset=\"https:\/\/comcellstore.com\/wp-content\/uploads\/2020\/07\/a18-c-1024x490.jpg 1024w, https:\/\/comcellstore.com\/wp-content\/uploads\/2020\/07\/a18-c-600x287.jpg 600w, https:\/\/comcellstore.com\/wp-content\/uploads\/2020\/07\/a18-c-300x143.jpg 300w, https:\/\/comcellstore.com\/wp-content\/uploads\/2020\/07\/a18-c-768x367.jpg 768w, https:\/\/comcellstore.com\/wp-content\/uploads\/2020\/07\/a18-c-1536x734.jpg 1536w, https:\/\/comcellstore.com\/wp-content\/uploads\/2020\/07\/a18-c.jpg 1920w\" sizes=\"(max-width: 750px) 100vw, 750px\" \/>\t\t\t\t\t\t\t\t\t\t\t\t\t\t\t<\/div>\n\t\t\t\t<div class=\"elementor-element elementor-element-1bb84f16 elementor-widget elementor-widget-text-editor\" data-id=\"1bb84f16\" data-element_type=\"widget\" data-e-type=\"widget\" data-widget_type=\"text-editor.default\">\n\t\t\t\t\t\t\t\t\t<ul>\n \t<li>Puertos1 * 10\/100 Mbps RJ45<\/li>\n \t<li>BotonesReset, WPS<\/li>\n \t<li>LED1 * LED de se\u00f1al<\/li>\n \t<li>1 * LED WPS<\/li>\n \t<li>1 * LED de Encendido \/ Apagado<\/li>\n \t<li>Fuente de alimentaci\u00f3n9V 0.8A, incorporada<\/li>\n \t<li>Dimensiones 80mm * 58mm * 48mm<\/li>\n \t<li>Est\u00e1ndar y protocoloIEEE 802.11a, IEEE 802.11n e IEEE 802.11ac wave2 en 5 GHz<\/li>\n \t<li>IEEE 802.11b, IEEE 802.11gy IEEE 802.11n en 2.4 GHz<\/li>\n \t<li>Velocidad 802.11b: 11 Mbps<\/li>\n \t<li>Banda de frecuencia11n: 2.412-2.484 GHz<\/li>\n \t<li>11ac: 5.15-5.25 GHz<\/li>\n \t<li>Potencia de transmisi\u00f3n 2.4 GHz: 16dBm<\/li>\n \t<li>5 GHz: 12dBm<\/li>\n \t<li>RSSI2.4 GHz<\/li>\n \t<li>2 Antenas * Antenas Fijas Externas Doble Banda de 2dBi omni-direccionales<\/li>\n \t<li>Canales11n: 20\/40 MHz por defecto<\/li>\n \t<li>11ac: 80MHz por defecto<\/li>\n \t<li>Modo de funcionamiento Modo Repetidor<\/li>\n \t<li>Modo AP<\/li>\n \t<li>Seguridad inal\u00e1mbrica Modo de encriptaci\u00f3n por defecto: Mezcla WPA-PSK \/ WPA2-PSK<\/li>\n \t<li>Algoritmo WPA: TKIP<\/li>\n<\/ul>\t\t\t\t\t\t\t\t<\/div>\n\t\t\t\t<div class=\"elementor-element elementor-element-047780a animated-slow elementor-invisible elementor-widget elementor-widget-image\" data-id=\"047780a\" data-element_type=\"widget\" data-e-type=\"widget\" data-settings=\"{&quot;_animation&quot;:&quot;fadeInUp&quot;}\" data-widget_type=\"image.default\">\n\t\t\t\t\t\t\t\t\t\t\t\t\t\t\t<img decoding=\"async\" width=\"750\" height=\"359\" src=\"https:\/\/comcellstore.com\/wp-content\/uploads\/2020\/07\/A18-1024x490.jpg\" class=\"attachment-large size-large wp-image-3258\" alt=\"\" srcset=\"https:\/\/comcellstore.com\/wp-content\/uploads\/2020\/07\/A18-1024x490.jpg 1024w, https:\/\/comcellstore.com\/wp-content\/uploads\/2020\/07\/A18-600x287.jpg 600w, https:\/\/comcellstore.com\/wp-content\/uploads\/2020\/07\/A18-300x143.jpg 300w, https:\/\/comcellstore.com\/wp-content\/uploads\/2020\/07\/A18-768x367.jpg 768w, https:\/\/comcellstore.com\/wp-content\/uploads\/2020\/07\/A18-1536x734.jpg 1536w, https:\/\/comcellstore.com\/wp-content\/uploads\/2020\/07\/A18.jpg 1920w\" sizes=\"(max-width: 750px) 100vw, 750px\" \/>\t\t\t\t\t\t\t\t\t\t\t\t\t\t\t<\/div>\n\t\t\t\t\t<\/div>\n\t\t<\/div>\n\t\t\t\t\t<\/div>\n\t\t<\/section>\n\t\t\t\t<\/div>\n\t\t","protected":false},"excerpt":{"rendered":"<h3><span style=\"color: #33cccc;\">A18 \/ Extensor \/ Aumenta el WiFi en todo tu hogar AC1200<\/span><\/h3>\n<div class=\"prointro\">El A18 es un repetidor WiFi de doble banda AC1200 recomendado para casas de dos pisos, villas y casas de varias habitaciones con un \u00e1rea de m\u00e1s de 120 metros cuadrados. Entrega una velocidad de datos de hasta 300Mbps en la banda 11n y de hasta 867Mbps en la banda 11ac. Cuenta con dos antenas omnidireccionales externas, El A18 proporciona mayor cobertura WiFi, velocidad de datos extremadamente r\u00e1pida, aplicaciones satisfactorias como la reproducci\u00f3n de videos 1080P HD, juegos en l\u00ednea multijugador masivo y descargas de alta velocidad. Con el Asistente de Configuraci\u00f3n, puedes configurar el repetidor en tres pasos muy sencillos. El A18 tambi\u00e9n funciona mejor con el router WiFi de otras marcas disponible en el mercado. Para la cobertura Wi-Fi en tu hogar, el repetidor inal\u00e1mbrico WiFi Doble Banda A18 es tu mejor opci\u00f3n.<\/div>\n","protected":false},"featured_media":3253,"comment_status":"open","ping_status":"closed","template":"","meta":[],"product_brand":[123],"product_cat":[54,74],"product_tag":[],"class_list":{"0":"post-3245","1":"product","2":"type-product","3":"status-publish","4":"has-post-thumbnail","6":"product_brand-tenda","7":"product_cat-routers-switch-repetidor-universal-adaptadores","8":"product_cat-routers","10":"first","11":"outofstock","12":"taxable","13":"shipping-taxable","14":"purchasable","15":"product-type-simple"},"_links":{"self":[{"href":"https:\/\/comcellstore.com\/index.php?rest_route=\/wp\/v2\/product\/3245","targetHints":{"allow":["GET"]}}],"collection":[{"href":"https:\/\/comcellstore.com\/index.php?rest_route=\/wp\/v2\/product"}],"about":[{"href":"https:\/\/comcellstore.com\/index.php?rest_route=\/wp\/v2\/types\/product"}],"replies":[{"embeddable":true,"href":"https:\/\/comcellstore.com\/index.php?rest_route=%2Fwp%2Fv2%2Fcomments&post=3245"}],"version-history":[{"count":7,"href":"https:\/\/comcellstore.com\/index.php?rest_route=\/wp\/v2\/product\/3245\/revisions"}],"predecessor-version":[{"id":9936,"href":"https:\/\/comcellstore.com\/index.php?rest_route=\/wp\/v2\/product\/3245\/revisions\/9936"}],"wp:featuredmedia":[{"embeddable":true,"href":"https:\/\/comcellstore.com\/index.php?rest_route=\/wp\/v2\/media\/3253"}],"wp:attachment":[{"href":"https:\/\/comcellstore.com\/index.php?rest_route=%2Fwp%2Fv2%2Fmedia&parent=3245"}],"wp:term":[{"taxonomy":"product_brand","embeddable":true,"href":"https:\/\/comcellstore.com\/index.php?rest_route=%2Fwp%2Fv2%2Fproduct_brand&post=3245"},{"taxonomy":"product_cat","embeddable":true,"href":"https:\/\/comcellstore.com\/index.php?rest_route=%2Fwp%2Fv2%2Fproduct_cat&post=3245"},{"taxonomy":"product_tag","embeddable":true,"href":"https:\/\/comcellstore.com\/index.php?rest_route=%2Fwp%2Fv2%2Fproduct_tag&post=3245"}],"curies":[{"name":"wp","href":"https:\/\/api.w.org\/{rel}","templated":true}]}}