{"id":3626,"date":"2020-07-13T23:40:33","date_gmt":"2020-07-13T23:40:33","guid":{"rendered":"https:\/\/comcellstore.com\/?post_type=product&#038;p=3626"},"modified":"2025-07-08T15:27:07","modified_gmt":"2025-07-08T15:27:07","slug":"xtech-xth-541","status":"publish","type":"product","link":"https:\/\/comcellstore.com\/?product=xtech-xth-541","title":{"rendered":"XTECH<br> XTH-541 Ixi\u00f3n"},"content":{"rendered":"\t\t<div data-elementor-type=\"product-post\" data-elementor-id=\"3626\" class=\"elementor elementor-3626\" data-elementor-post-type=\"product\">\n\t\t\t\t\t\t<section class=\"elementor-section elementor-top-section elementor-element elementor-element-753994c2 elementor-section-boxed elementor-section-height-default elementor-section-height-default\" data-id=\"753994c2\" data-element_type=\"section\">\n\t\t\t\t\t\t<div class=\"elementor-container elementor-column-gap-default\">\n\t\t\t\t\t<div class=\"elementor-column elementor-col-100 elementor-top-column elementor-element elementor-element-706ba92f\" data-id=\"706ba92f\" data-element_type=\"column\">\n\t\t\t<div class=\"elementor-widget-wrap elementor-element-populated\">\n\t\t\t\t\t\t<div class=\"elementor-element elementor-element-1cf9687 animated-slow elementor-invisible elementor-widget elementor-widget-image\" data-id=\"1cf9687\" data-element_type=\"widget\" data-settings=\"{&quot;_animation&quot;:&quot;bounceInDown&quot;}\" data-widget_type=\"image.default\">\n\t\t\t\t\t\t\t\t\t\t\t\t\t\t\t<img fetchpriority=\"high\" decoding=\"async\" width=\"1440\" height=\"500\" src=\"https:\/\/comcellstore.com\/wp-content\/uploads\/2020\/07\/Banner_Producto_XTH-540.jpg\" class=\"attachment-2048x2048 size-2048x2048 wp-image-3627\" alt=\"\" srcset=\"https:\/\/comcellstore.com\/wp-content\/uploads\/2020\/07\/Banner_Producto_XTH-540.jpg 1440w, https:\/\/comcellstore.com\/wp-content\/uploads\/2020\/07\/Banner_Producto_XTH-540-600x208.jpg 600w, https:\/\/comcellstore.com\/wp-content\/uploads\/2020\/07\/Banner_Producto_XTH-540-300x104.jpg 300w, https:\/\/comcellstore.com\/wp-content\/uploads\/2020\/07\/Banner_Producto_XTH-540-1024x356.jpg 1024w, https:\/\/comcellstore.com\/wp-content\/uploads\/2020\/07\/Banner_Producto_XTH-540-768x267.jpg 768w\" sizes=\"(max-width: 1440px) 100vw, 1440px\" \/>\t\t\t\t\t\t\t\t\t\t\t\t\t\t\t<\/div>\n\t\t\t\t<div class=\"elementor-element elementor-element-656ade7f elementor-widget elementor-widget-text-editor\" data-id=\"656ade7f\" data-element_type=\"widget\" data-widget_type=\"text-editor.default\">\n\t\t\t\t\t\t\t\t\t<div>\r\n<ul>\r\n \t<li>Aud\u00edfonos est\u00e9reo para videojuegos interactivos en tu PC<\/li>\r\n \t<li>Almohadillas acolchadas en cuerina ofrecen gran comodidad<\/li>\r\n \t<li>Diadema acolchada ajustable<\/li>\r\n \t<li>Micr\u00f3fono giratorio omnidireccional<\/li>\r\n \t<li>Pr\u00e1ctica c\u00e1psula de mando en l\u00ednea con perilla de volumen y bot\u00f3n encendido\/apagado (on\/off)<\/li>\r\n \t<li>Compatible con m\u00faltiples plataformas<\/li>\r\n<\/ul>\r\n<\/div>\r\n<div>\r\n\r\n<strong>Auricular<\/strong>\r\n<ul>\r\n \t<li><strong>Factor de forma:\u00a0<\/strong>Supraaural<\/li>\r\n \t<li><strong>Unidad del parlante:<\/strong>\u00a040mm<\/li>\r\n \t<li><strong>M\u00e1xima potencia de salida:<\/strong>\u00a050mW total<\/li>\r\n \t<li><strong>Frecuencia:<\/strong>\u00a020Hz~20kHz<\/li>\r\n \t<li><strong>Impedancia:<\/strong>\u00a032\u03a9\u00b115%<\/li>\r\n \t<li><strong>Sensibilidad:\u00a0<\/strong>110\u00b13dB<\/li>\r\n<\/ul>\r\n<strong>Micr\u00f3fono<\/strong>\r\n<ul>\r\n \t<li><strong>Factor de forma:<\/strong>\u00a0En el aud\u00edfono<\/li>\r\n \t<li><strong>Directividad:<\/strong>\u00a0Omnidireccional<\/li>\r\n \t<li><strong>Frecuencia:\u00a0<\/strong>20Hz~20kHz<\/li>\r\n \t<li><strong>Impedancia:\u00a0<\/strong>\u22642.2k\u03a9<\/li>\r\n \t<li><strong>Sensibilidad:\u00a0<\/strong>-43 dB<\/li>\r\n \t<li><strong>Control del volumen:<\/strong>\u00a0S\u00ed<\/li>\r\n<\/ul>\r\n<strong>Informaci\u00f3n adicional\u00a0<\/strong>\r\n<ul>\r\n \t<li><strong>Tipo de conexi\u00f3n:<\/strong>\u00a03,5mm (TRRS) y USB para alimentaci\u00f3n<\/li>\r\n \t<li><strong>Plataformas compatibles:<\/strong>\u00a0Multiplataforma<\/li>\r\n \t<li><strong>Botones:<\/strong>\u00a0Control de volumen, micr\u00f3fono (encendido\/apagado) en la c\u00e1psula de control<\/li>\r\n \t<li><strong>Longitud del cable:<\/strong>\u00a02m<\/li>\r\n \t<li><strong>Dimensiones:\u00a0<\/strong>19,5\u00d720,5\u00d79,5mm<\/li>\r\n \t<li><strong>Peso:<\/strong>\u00a0289g<\/li>\r\n \t<li><strong>Garant\u00eda:<\/strong>\u00a0Un a\u00f1o<\/li>\r\n<\/ul>\r\n<\/div>\t\t\t\t\t\t\t\t<\/div>\n\t\t\t\t<div class=\"elementor-element elementor-element-1ad57a9 animated-slow elementor-arrows-position-inside elementor-pagination-position-outside elementor-invisible elementor-widget elementor-widget-image-carousel\" data-id=\"1ad57a9\" data-element_type=\"widget\" data-settings=\"{&quot;_animation&quot;:&quot;rotateInDownRight&quot;,&quot;navigation&quot;:&quot;both&quot;,&quot;autoplay&quot;:&quot;yes&quot;,&quot;pause_on_hover&quot;:&quot;yes&quot;,&quot;pause_on_interaction&quot;:&quot;yes&quot;,&quot;autoplay_speed&quot;:5000,&quot;infinite&quot;:&quot;yes&quot;,&quot;speed&quot;:500}\" data-widget_type=\"image-carousel.default\">\n\t\t\t\t\t\t\t<div class=\"elementor-image-carousel-wrapper swiper\" role=\"region\" aria-roledescription=\"carousel\" aria-label=\"Carrusel de im\u00e1genes\" dir=\"ltr\">\n\t\t\t<div class=\"elementor-image-carousel swiper-wrapper\" aria-live=\"off\">\n\t\t\t\t\t\t\t\t<div class=\"swiper-slide\" role=\"group\" aria-roledescription=\"slide\" aria-label=\"1 de 4\"><figure class=\"swiper-slide-inner\"><img decoding=\"async\" class=\"swiper-slide-image\" src=\"https:\/\/comcellstore.com\/wp-content\/uploads\/2020\/07\/XTH-540-00101-300x300.jpg\" alt=\"XTH-540-00101\" \/><\/figure><\/div><div class=\"swiper-slide\" role=\"group\" aria-roledescription=\"slide\" aria-label=\"2 de 4\"><figure class=\"swiper-slide-inner\"><img decoding=\"async\" class=\"swiper-slide-image\" src=\"https:\/\/comcellstore.com\/wp-content\/uploads\/2020\/07\/XTH-540-00103-300x300.jpg\" alt=\"XTH-540-00103\" \/><\/figure><\/div><div class=\"swiper-slide\" role=\"group\" aria-roledescription=\"slide\" aria-label=\"3 de 4\"><figure class=\"swiper-slide-inner\"><img decoding=\"async\" class=\"swiper-slide-image\" src=\"https:\/\/comcellstore.com\/wp-content\/uploads\/2020\/07\/XTH-540-00102-300x300.jpg\" alt=\"XTH-540-00102\" \/><\/figure><\/div><div class=\"swiper-slide\" role=\"group\" aria-roledescription=\"slide\" aria-label=\"4 de 4\"><figure class=\"swiper-slide-inner\"><img decoding=\"async\" class=\"swiper-slide-image\" src=\"https:\/\/comcellstore.com\/wp-content\/uploads\/2020\/07\/XTH-540-00104-300x300.jpg\" alt=\"XTH-540-00104\" \/><\/figure><\/div>\t\t\t<\/div>\n\t\t\t\t\t\t\t\t\t\t\t\t<div class=\"elementor-swiper-button elementor-swiper-button-prev\" role=\"button\" tabindex=\"0\">\n\t\t\t\t\t\t<svg aria-hidden=\"true\" class=\"e-font-icon-svg e-eicon-chevron-left\" viewBox=\"0 0 1000 1000\" xmlns=\"http:\/\/www.w3.org\/2000\/svg\"><path d=\"M646 125C629 125 613 133 604 142L308 442C296 454 292 471 292 487 292 504 296 521 308 533L604 854C617 867 629 875 646 875 663 875 679 871 692 858 704 846 713 829 713 812 713 796 708 779 692 767L438 487 692 225C700 217 708 204 708 187 708 171 704 154 692 142 675 129 663 125 646 125Z\"><\/path><\/svg>\t\t\t\t\t<\/div>\n\t\t\t\t\t<div class=\"elementor-swiper-button elementor-swiper-button-next\" role=\"button\" tabindex=\"0\">\n\t\t\t\t\t\t<svg aria-hidden=\"true\" class=\"e-font-icon-svg e-eicon-chevron-right\" viewBox=\"0 0 1000 1000\" xmlns=\"http:\/\/www.w3.org\/2000\/svg\"><path d=\"M696 533C708 521 713 504 713 487 713 471 708 454 696 446L400 146C388 133 375 125 354 125 338 125 325 129 313 142 300 154 292 171 292 187 292 204 296 221 308 233L563 492 304 771C292 783 288 800 288 817 288 833 296 850 308 863 321 871 338 875 354 875 371 875 388 867 400 854L696 533Z\"><\/path><\/svg>\t\t\t\t\t<\/div>\n\t\t\t\t\n\t\t\t\t\t\t\t\t\t<div class=\"swiper-pagination\"><\/div>\n\t\t\t\t\t\t\t\t\t<\/div>\n\t\t\t\t\t\t<\/div>\n\t\t\t\t\t<\/div>\n\t\t<\/div>\n\t\t\t\t\t<\/div>\n\t\t<\/section>\n\t\t\t\t<\/div>\n\t\t","protected":false},"excerpt":{"rendered":"<div class=\"prod-col-box d-none d-lg-block\">\n<h3 class=\"subtitle prod-title\"><span style=\"color: #33cccc;\">Ixion | Aud\u00edfonos est\u00e9reo iluminados para videojuegos<\/span><\/h3>\n<\/div>\n<div class=\"prod-col-box\">\n<ul class=\"prod-info-list ulReset\">\n<li class=\"prod-info-item\"><b class=\"prod-info-label\">Factor de forma :<\/b>\u00a0<span class=\"prod-info-stat\">Supraaural<\/span><\/li>\n<li class=\"prod-info-item\"><b class=\"prod-info-label\">Micr\u00f3fono:<\/b>\u00a0<span class=\"prod-info-stat\">En el aud\u00edfono<\/span><\/li>\n<li class=\"prod-info-item\"><b class=\"prod-info-label\">Tipo de conexi\u00f3n:<\/b>\u00a0<span class=\"prod-info-stat\">3,5mm (TRRS) y USB para alimentaci\u00f3n<\/span><\/li>\n<\/ul>\n<\/div>\n","protected":false},"featured_media":3628,"comment_status":"open","ping_status":"closed","template":"","meta":[],"product_brand":[],"product_cat":[56,77,57],"product_tag":[],"class_list":{"0":"post-3626","1":"product","2":"type-product","3":"status-publish","4":"has-post-thumbnail","6":"product_cat-auriculares-mouse-teclados","7":"product_cat-auriculares-gaming","8":"product_cat-auricularesteclados-mecanicos-ratones","10":"first","11":"instock","12":"sale","13":"taxable","14":"shipping-taxable","15":"purchasable","16":"product-type-simple"},"_links":{"self":[{"href":"https:\/\/comcellstore.com\/index.php?rest_route=\/wp\/v2\/product\/3626","targetHints":{"allow":["GET"]}}],"collection":[{"href":"https:\/\/comcellstore.com\/index.php?rest_route=\/wp\/v2\/product"}],"about":[{"href":"https:\/\/comcellstore.com\/index.php?rest_route=\/wp\/v2\/types\/product"}],"replies":[{"embeddable":true,"href":"https:\/\/comcellstore.com\/index.php?rest_route=%2Fwp%2Fv2%2Fcomments&post=3626"}],"version-history":[{"count":5,"href":"https:\/\/comcellstore.com\/index.php?rest_route=\/wp\/v2\/product\/3626\/revisions"}],"predecessor-version":[{"id":9252,"href":"https:\/\/comcellstore.com\/index.php?rest_route=\/wp\/v2\/product\/3626\/revisions\/9252"}],"wp:featuredmedia":[{"embeddable":true,"href":"https:\/\/comcellstore.com\/index.php?rest_route=\/wp\/v2\/media\/3628"}],"wp:attachment":[{"href":"https:\/\/comcellstore.com\/index.php?rest_route=%2Fwp%2Fv2%2Fmedia&parent=3626"}],"wp:term":[{"taxonomy":"product_brand","embeddable":true,"href":"https:\/\/comcellstore.com\/index.php?rest_route=%2Fwp%2Fv2%2Fproduct_brand&post=3626"},{"taxonomy":"product_cat","embeddable":true,"href":"https:\/\/comcellstore.com\/index.php?rest_route=%2Fwp%2Fv2%2Fproduct_cat&post=3626"},{"taxonomy":"product_tag","embeddable":true,"href":"https:\/\/comcellstore.com\/index.php?rest_route=%2Fwp%2Fv2%2Fproduct_tag&post=3626"}],"curies":[{"name":"wp","href":"https:\/\/api.w.org\/{rel}","templated":true}]}}