{"id":3834,"date":"2020-07-14T02:33:52","date_gmt":"2020-07-14T02:33:52","guid":{"rendered":"https:\/\/comcellstore.com\/?post_type=product&#038;p=3834"},"modified":"2025-05-27T21:35:02","modified_gmt":"2025-05-27T21:35:02","slug":"volt-ab-ps220v6","status":"publish","type":"product","link":"https:\/\/comcellstore.com\/?product=volt-ab-ps220v6","title":{"rendered":"VOLT <br> AB-PS220V6-L30"},"content":{"rendered":"<p><strong>Interruptor de reposici\u00f3n autom\u00e1tico<\/strong><br \/>\nEvita autom\u00e1ticamente el flujo de corriente en un circuito el\u00e9ctrico como medida de seguridad al detectar niveles de alta tensi\u00f3n inapropiados. Se puede volver a configurar para reanudar el funcionamiento.<br \/>\n<strong>Material retardador de llama<\/strong><br \/>\nTodos nuestros sistemas UPS est\u00e1n elaborados con material ABS retardador de llama, lo cual garantiza que de presentarse alguna falla, el equipo no es susceptible de prender fuego.<br \/>\n<strong>Tomacorrientes universales NEMA<\/strong><br \/>\nEl dise\u00f1o \u00fanico de los recept\u00e1culos universales NEMA resulta ideal en regiones donde se utilizan diversos enchufes.<br \/>\n<strong>Montaje en la pared<\/strong><br \/>\nLas ranuras de montaje en el panel posterior de la carcasa permiten fijar f\u00e1cilmente la regleta a la pared en posici\u00f3n vertical.<br \/>\n<strong>M\u00faltiples recept\u00e1culos con conexi\u00f3n a tierra<\/strong><br \/>\nConvierte en forma segura un tomacorriente de pared individual en tres recept\u00e1culos con conexi\u00f3n a tierra.<br \/>\n<strong>Garant\u00eda de por vida<\/strong><\/p>\n","protected":false},"excerpt":{"rendered":"<div class=\"page-title-wrapper product cc_cursor\">\n<h3 class=\"page-title page-title-original\"><span class=\"base cc_cursor\" style=\"color: #33cccc;\">Regletas y Tomacorrientes<\/span><\/h3>\n<\/div>\n<div class=\"product attribute overview cc_cursor\">\n<div class=\"value\">\n<ul class=\"product-detail-ul\">\n<li style=\"text-align: left;\"><strong>Capacidad:<\/strong> 2200W<\/li>\n<li style=\"text-align: left;\"><strong>Voltaje:\u00a0<\/strong>110V\/220V<\/li>\n<li><strong>Cable tama\u00f1o:<\/strong> 3 Metros<\/li>\n<li style=\"text-align: left;\"><strong>Tipo de entrada:\u00a0<\/strong>NEMA 5-15P<\/li>\n<li style=\"text-align: left;\"><strong>Tipo de salida:\u00a0<\/strong>6 x NEMA Universal 5-15R<\/li>\n<li style=\"text-align: left;\"><strong>Indicador visual:\u00a0<\/strong>Interruptor de conexi\u00f3n con luz<\/li>\n<li style=\"text-align: left;\"><strong>Garantia:\u00a0<\/strong>De por vida \/ Vitalicia<\/li>\n<\/ul>\n<\/div>\n<\/div>\n","protected":false},"featured_media":8215,"comment_status":"open","ping_status":"closed","template":"","meta":[],"product_brand":[125],"product_cat":[53,80],"product_tag":[],"class_list":{"0":"post-3834","1":"product","2":"type-product","3":"status-publish","4":"has-post-thumbnail","6":"product_brand-volt","7":"product_cat-estabilizadoressupresoresregletasups","8":"product_cat-regleta","10":"first","11":"instock","12":"taxable","13":"shipping-taxable","14":"purchasable","15":"product-type-simple"},"_links":{"self":[{"href":"https:\/\/comcellstore.com\/index.php?rest_route=\/wp\/v2\/product\/3834","targetHints":{"allow":["GET"]}}],"collection":[{"href":"https:\/\/comcellstore.com\/index.php?rest_route=\/wp\/v2\/product"}],"about":[{"href":"https:\/\/comcellstore.com\/index.php?rest_route=\/wp\/v2\/types\/product"}],"replies":[{"embeddable":true,"href":"https:\/\/comcellstore.com\/index.php?rest_route=%2Fwp%2Fv2%2Fcomments&post=3834"}],"version-history":[{"count":7,"href":"https:\/\/comcellstore.com\/index.php?rest_route=\/wp\/v2\/product\/3834\/revisions"}],"predecessor-version":[{"id":8216,"href":"https:\/\/comcellstore.com\/index.php?rest_route=\/wp\/v2\/product\/3834\/revisions\/8216"}],"wp:featuredmedia":[{"embeddable":true,"href":"https:\/\/comcellstore.com\/index.php?rest_route=\/wp\/v2\/media\/8215"}],"wp:attachment":[{"href":"https:\/\/comcellstore.com\/index.php?rest_route=%2Fwp%2Fv2%2Fmedia&parent=3834"}],"wp:term":[{"taxonomy":"product_brand","embeddable":true,"href":"https:\/\/comcellstore.com\/index.php?rest_route=%2Fwp%2Fv2%2Fproduct_brand&post=3834"},{"taxonomy":"product_cat","embeddable":true,"href":"https:\/\/comcellstore.com\/index.php?rest_route=%2Fwp%2Fv2%2Fproduct_cat&post=3834"},{"taxonomy":"product_tag","embeddable":true,"href":"https:\/\/comcellstore.com\/index.php?rest_route=%2Fwp%2Fv2%2Fproduct_tag&post=3834"}],"curies":[{"name":"wp","href":"https:\/\/api.w.org\/{rel}","templated":true}]}}