{"id":4515,"date":"2020-08-01T01:09:19","date_gmt":"2020-08-01T01:09:19","guid":{"rendered":"https:\/\/comcellstore.com\/?post_type=product&#038;p=4515"},"modified":"2025-05-27T21:06:23","modified_gmt":"2025-05-27T21:06:23","slug":"xtech-xtb-095","status":"publish","type":"product","link":"https:\/\/comcellstore.com\/?product=xtech-xtb-095","title":{"rendered":"XTECH<br>XTB-095"},"content":{"rendered":"\t\t<div data-elementor-type=\"product-post\" data-elementor-id=\"4515\" class=\"elementor elementor-4515\" data-elementor-post-type=\"product\">\n\t\t\t\t\t\t<section class=\"elementor-section elementor-top-section elementor-element elementor-element-4d9d1e45 elementor-section-boxed elementor-section-height-default elementor-section-height-default\" data-id=\"4d9d1e45\" data-element_type=\"section\">\n\t\t\t\t\t\t<div class=\"elementor-container elementor-column-gap-default\">\n\t\t\t\t\t<div class=\"elementor-column elementor-col-100 elementor-top-column elementor-element elementor-element-f07546a\" data-id=\"f07546a\" data-element_type=\"column\">\n\t\t\t<div class=\"elementor-widget-wrap elementor-element-populated\">\n\t\t\t\t\t\t<div class=\"elementor-element elementor-element-150f0b44 elementor-widget elementor-widget-text-editor\" data-id=\"150f0b44\" data-element_type=\"widget\" data-widget_type=\"text-editor.default\">\n\t\t\t\t\t\t\t\t\t<ul>\r\n \t<li>F\u00e1cil de doblar, transportar y empacar \u2013 se pliega dentro de su propio bolsillo interior con doble cierre de cremallera<\/li>\r\n \t<li>Amplio compartimiento principal, bolsillo frontal con cierre para accesorios, m\u00e1s un bolsillo lateral para el f\u00e1cil acceso a art\u00edculos de uso frecuente<\/li>\r\n \t<li>Hecho para durar \u2013 fabricado con tela de nylon resistente y repelente al agua<\/li>\r\n \t<li>Asas integradas en la parte superior, m\u00e1s un tirante ajustable y desmontable para el hombro<\/li>\r\n<\/ul>\r\n<h3>Especificaciones<\/h3>\r\n<ul>\r\n \t<li><b>Tipo:<\/b>\u00a0Bolso plegable<\/li>\r\n \t<li><b>Dimensiones:<\/b>\u00a0Desplegado: 56x29x25,5cm Plegado: 24\u00d719,5x3c<\/li>\r\n \t<li><b>Material:<\/b>\u00a0Nylon repelente al agua<\/li>\r\n \t<li><b>Compartimiento principal:<\/b>\u00a0Dos<\/li>\r\n \t<li><b>Bolsillo para accesorios:<\/b>\u00a0Uno<\/li>\r\n \t<li><b>Color:<\/b>\u00a0Azul, Negro, Gris<\/li>\r\n \t<li><b>Peso:<\/b>\u00a0380g<\/li>\r\n \t<li><b>Garant\u00eda:<\/b>\u00a0Un a\u00f1o<\/li>\r\n<\/ul>\t\t\t\t\t\t\t\t<\/div>\n\t\t\t\t<div class=\"elementor-element elementor-element-c3171e1 animated-slow elementor-invisible elementor-widget elementor-widget-image\" data-id=\"c3171e1\" data-element_type=\"widget\" data-settings=\"{&quot;_animation&quot;:&quot;zoomInDown&quot;}\" data-widget_type=\"image.default\">\n\t\t\t\t\t\t\t\t\t\t\t\t\t\t\t<img fetchpriority=\"high\" decoding=\"async\" width=\"1024\" height=\"356\" src=\"https:\/\/comcellstore.com\/wp-content\/uploads\/2020\/08\/XTB-095_DK_Banner-1024x356.jpg\" class=\"attachment-large size-large wp-image-4516\" alt=\"\" srcset=\"https:\/\/comcellstore.com\/wp-content\/uploads\/2020\/08\/XTB-095_DK_Banner-1024x356.jpg 1024w, https:\/\/comcellstore.com\/wp-content\/uploads\/2020\/08\/XTB-095_DK_Banner-600x208.jpg 600w, https:\/\/comcellstore.com\/wp-content\/uploads\/2020\/08\/XTB-095_DK_Banner-300x104.jpg 300w, https:\/\/comcellstore.com\/wp-content\/uploads\/2020\/08\/XTB-095_DK_Banner-768x267.jpg 768w, https:\/\/comcellstore.com\/wp-content\/uploads\/2020\/08\/XTB-095_DK_Banner.jpg 1440w\" sizes=\"(max-width: 1024px) 100vw, 1024px\" \/>\t\t\t\t\t\t\t\t\t\t\t\t\t\t\t<\/div>\n\t\t\t\t\t<\/div>\n\t\t<\/div>\n\t\t\t\t\t<\/div>\n\t\t<\/section>\n\t\t\t\t<\/div>\n\t\t","protected":false},"excerpt":{"rendered":"<div class=\"prod-col-box d-none d-lg-block\">\n<h3 class=\"subtitle prod-title\"><span style=\"color: #33cccc;\">Bolso plegable<\/span><\/h3>\n<\/div>\n<div class=\"prod-col-box\">\n<ul class=\"prod-info-list ulReset\">\n<li class=\"prod-info-item\"><b class=\"prod-info-label\">Color:<\/b>\u00a0<span class=\"prod-info-stat\">Disponible en: Negro, Azul, Gris<\/span><\/li>\n<li class=\"prod-info-item\"><b class=\"prod-info-label\">Capacidad de carga m\u00e1xima:<\/b>\u00a0<span class=\"prod-info-stat\">22lb<\/span><\/li>\n<li class=\"prod-info-item\"><b class=\"prod-info-label\">Material:<\/b>\u00a0<span class=\"prod-info-stat\">Nylon<\/span><\/li>\n<\/ul>\n<\/div>\n","protected":false},"featured_media":4518,"comment_status":"open","ping_status":"closed","template":"","meta":[],"product_brand":[124],"product_cat":[88,58],"product_tag":[],"class_list":{"0":"post-4515","1":"product","2":"type-product","3":"status-publish","4":"has-post-thumbnail","6":"product_brand-xtech","7":"product_cat-bolsos-deportivos","8":"product_cat-mochilasbolsos-de-dama-estuches","10":"first","11":"instock","12":"taxable","13":"shipping-taxable","14":"purchasable","15":"product-type-simple"},"_links":{"self":[{"href":"https:\/\/comcellstore.com\/index.php?rest_route=\/wp\/v2\/product\/4515","targetHints":{"allow":["GET"]}}],"collection":[{"href":"https:\/\/comcellstore.com\/index.php?rest_route=\/wp\/v2\/product"}],"about":[{"href":"https:\/\/comcellstore.com\/index.php?rest_route=\/wp\/v2\/types\/product"}],"replies":[{"embeddable":true,"href":"https:\/\/comcellstore.com\/index.php?rest_route=%2Fwp%2Fv2%2Fcomments&post=4515"}],"version-history":[{"count":3,"href":"https:\/\/comcellstore.com\/index.php?rest_route=\/wp\/v2\/product\/4515\/revisions"}],"predecessor-version":[{"id":6319,"href":"https:\/\/comcellstore.com\/index.php?rest_route=\/wp\/v2\/product\/4515\/revisions\/6319"}],"wp:featuredmedia":[{"embeddable":true,"href":"https:\/\/comcellstore.com\/index.php?rest_route=\/wp\/v2\/media\/4518"}],"wp:attachment":[{"href":"https:\/\/comcellstore.com\/index.php?rest_route=%2Fwp%2Fv2%2Fmedia&parent=4515"}],"wp:term":[{"taxonomy":"product_brand","embeddable":true,"href":"https:\/\/comcellstore.com\/index.php?rest_route=%2Fwp%2Fv2%2Fproduct_brand&post=4515"},{"taxonomy":"product_cat","embeddable":true,"href":"https:\/\/comcellstore.com\/index.php?rest_route=%2Fwp%2Fv2%2Fproduct_cat&post=4515"},{"taxonomy":"product_tag","embeddable":true,"href":"https:\/\/comcellstore.com\/index.php?rest_route=%2Fwp%2Fv2%2Fproduct_tag&post=4515"}],"curies":[{"name":"wp","href":"https:\/\/api.w.org\/{rel}","templated":true}]}}