{"id":5546,"date":"2020-09-15T22:12:13","date_gmt":"2020-09-15T22:12:13","guid":{"rendered":"https:\/\/comcellstore.com\/?post_type=product&#038;p=5546"},"modified":"2025-05-27T20:21:18","modified_gmt":"2025-05-27T20:21:18","slug":"xtech-xtc-560","status":"publish","type":"product","link":"https:\/\/comcellstore.com\/?product=xtech-xtc-560","title":{"rendered":"XTECH <BR>XTC-560"},"content":{"rendered":"\t\t<div data-elementor-type=\"product-post\" data-elementor-id=\"5546\" class=\"elementor elementor-5546\" data-elementor-post-type=\"product\">\n\t\t\t\t\t\t<section class=\"elementor-section elementor-top-section elementor-element elementor-element-7a8e2b1b elementor-section-boxed elementor-section-height-default elementor-section-height-default\" data-id=\"7a8e2b1b\" data-element_type=\"section\">\n\t\t\t\t\t\t<div class=\"elementor-container elementor-column-gap-default\">\n\t\t\t\t\t<div class=\"elementor-column elementor-col-100 elementor-top-column elementor-element elementor-element-2c35e71a\" data-id=\"2c35e71a\" data-element_type=\"column\">\n\t\t\t<div class=\"elementor-widget-wrap elementor-element-populated\">\n\t\t\t\t\t\t<div class=\"elementor-element elementor-element-230799b elementor-widget elementor-widget-text-editor\" data-id=\"230799b\" data-element_type=\"widget\" data-widget_type=\"text-editor.default\">\n\t\t\t\t\t\t\t\t\t<ul>\r\n \t<li>Pr\u00e1ctico y vers\u00e1til cable 5 en 1 para carga de m\u00faltiples dispositivos<\/li>\r\n \t<li>Elaborado con aluminio y dise\u00f1o de nylon trenzado, para mayor flexibilidad y durabilidad<\/li>\r\n \t<li>F\u00e1cil de usar en el hogar, la oficina o mientras te trasladas<\/li>\r\n \t<li>Entrada: USB Tipo A o C<\/li>\r\n \t<li>Salida: Micro USB, Lightning\u00ae (no reversible) o Tipo C<\/li>\r\n<\/ul>\r\n&nbsp;\r\n<h2>Especificaciones<\/h2>\r\n<ul>\r\n \t<li>Tipo: Cable trenzado para carga 5 en 1<\/li>\r\n \t<li>Tipo de conector: Entrada: USB Tipo A o C, Salida: 2 en 1 (Micro USB + Lightning\u00ae) \/ USB Tipo C<\/li>\r\n \t<li>Calibre del cable: 32 AWG<\/li>\r\n \t<li>Aplicaciones: Carga solamente<\/li>\r\n \t<li>Di\u00e1metro exterior: 3mm<\/li>\r\n \t<li>Material del conductor: Cobre<\/li>\r\n \t<li>Material del contacto: Cubierta niquelada con contactos de cobre, enchapados en oro<\/li>\r\n \t<li>Revestimiento: PVC<\/li>\r\n \t<li>Cubierta: Trenzada<\/li>\r\n \t<li>Entrada\/salida m\u00e1x: 5VCC, 2,1A<\/li>\r\n \t<li>Longitud del cable: 1,2m<\/li>\r\n \t<li>Peso: 31,1g<\/li>\r\n<\/ul>\t\t\t\t\t\t\t\t<\/div>\n\t\t\t\t<div class=\"elementor-element elementor-element-584074f animated-slow elementor-invisible elementor-widget elementor-widget-image\" data-id=\"584074f\" data-element_type=\"widget\" data-settings=\"{&quot;_animation&quot;:&quot;slideInUp&quot;}\" data-widget_type=\"image.default\">\n\t\t\t\t\t\t\t\t\t\t\t\t\t\t\t<img fetchpriority=\"high\" decoding=\"async\" width=\"1440\" height=\"500\" src=\"https:\/\/comcellstore.com\/wp-content\/uploads\/2020\/09\/XTC-560_DK_Banner_v2.jpg\" class=\"attachment-2048x2048 size-2048x2048 wp-image-5551\" alt=\"\" srcset=\"https:\/\/comcellstore.com\/wp-content\/uploads\/2020\/09\/XTC-560_DK_Banner_v2.jpg 1440w, https:\/\/comcellstore.com\/wp-content\/uploads\/2020\/09\/XTC-560_DK_Banner_v2-600x208.jpg 600w, https:\/\/comcellstore.com\/wp-content\/uploads\/2020\/09\/XTC-560_DK_Banner_v2-300x104.jpg 300w, https:\/\/comcellstore.com\/wp-content\/uploads\/2020\/09\/XTC-560_DK_Banner_v2-1024x356.jpg 1024w, https:\/\/comcellstore.com\/wp-content\/uploads\/2020\/09\/XTC-560_DK_Banner_v2-768x267.jpg 768w\" sizes=\"(max-width: 1440px) 100vw, 1440px\" \/>\t\t\t\t\t\t\t\t\t\t\t\t\t\t\t<\/div>\n\t\t\t\t\t<\/div>\n\t\t<\/div>\n\t\t\t\t\t<\/div>\n\t\t<\/section>\n\t\t\t\t<\/div>\n\t\t","protected":false},"excerpt":{"rendered":"<div class=\"prod-col-box d-none d-lg-block\">\n<h3 class=\"subtitle prod-title\"><span style=\"color: #33cccc;\">Cable multifuncional para carga 5 en 1<\/span><\/h3>\n<p class=\"prod-reference active toggle-oncolor\" data-variant=\"1446\">\n<\/div>\n<div class=\"prod-col-box\">\n<ul class=\"prod-info-list ulReset\">\n<li class=\"prod-info-item\"><b class=\"prod-info-label\">Calibre del cable:<\/b>\u00a0<span class=\"prod-info-stat\">32 AWG<\/span><\/li>\n<li class=\"prod-info-item\"><b class=\"prod-info-label\">Tipo de conector:<\/b>\u00a0<span class=\"prod-info-stat\">Entrada: USB Tipo A o C, Salida: 2 en 1 (Micro USB + Lightning\u00ae) \/ USB Tipo C<\/span><\/li>\n<li class=\"prod-info-item\"><b class=\"prod-info-label\">Longitud :<\/b>\u00a0<span class=\"prod-info-stat\">1,2m<\/span><\/li>\n<\/ul>\n<\/div>\n","protected":false},"featured_media":5547,"comment_status":"open","ping_status":"closed","template":"","meta":[],"product_brand":[124],"product_cat":[49,51],"product_tag":[],"class_list":{"0":"post-5546","1":"product","2":"type-product","3":"status-publish","4":"has-post-thumbnail","6":"product_brand-xtech","7":"product_cat-accesorios-moviles","8":"product_cat-cables","10":"first","11":"instock","12":"taxable","13":"shipping-taxable","14":"purchasable","15":"product-type-simple"},"_links":{"self":[{"href":"https:\/\/comcellstore.com\/index.php?rest_route=\/wp\/v2\/product\/5546","targetHints":{"allow":["GET"]}}],"collection":[{"href":"https:\/\/comcellstore.com\/index.php?rest_route=\/wp\/v2\/product"}],"about":[{"href":"https:\/\/comcellstore.com\/index.php?rest_route=\/wp\/v2\/types\/product"}],"replies":[{"embeddable":true,"href":"https:\/\/comcellstore.com\/index.php?rest_route=%2Fwp%2Fv2%2Fcomments&post=5546"}],"version-history":[{"count":2,"href":"https:\/\/comcellstore.com\/index.php?rest_route=\/wp\/v2\/product\/5546\/revisions"}],"predecessor-version":[{"id":5553,"href":"https:\/\/comcellstore.com\/index.php?rest_route=\/wp\/v2\/product\/5546\/revisions\/5553"}],"wp:featuredmedia":[{"embeddable":true,"href":"https:\/\/comcellstore.com\/index.php?rest_route=\/wp\/v2\/media\/5547"}],"wp:attachment":[{"href":"https:\/\/comcellstore.com\/index.php?rest_route=%2Fwp%2Fv2%2Fmedia&parent=5546"}],"wp:term":[{"taxonomy":"product_brand","embeddable":true,"href":"https:\/\/comcellstore.com\/index.php?rest_route=%2Fwp%2Fv2%2Fproduct_brand&post=5546"},{"taxonomy":"product_cat","embeddable":true,"href":"https:\/\/comcellstore.com\/index.php?rest_route=%2Fwp%2Fv2%2Fproduct_cat&post=5546"},{"taxonomy":"product_tag","embeddable":true,"href":"https:\/\/comcellstore.com\/index.php?rest_route=%2Fwp%2Fv2%2Fproduct_tag&post=5546"}],"curies":[{"name":"wp","href":"https:\/\/api.w.org\/{rel}","templated":true}]}}