{"id":5955,"date":"2020-12-21T23:24:38","date_gmt":"2020-12-21T23:24:38","guid":{"rendered":"https:\/\/comcellstore.com\/?post_type=product&#038;p=5955"},"modified":"2025-09-01T08:51:50","modified_gmt":"2025-09-01T08:51:50","slug":"xtechxth-650-hera","status":"publish","type":"product","link":"https:\/\/comcellstore.com\/?product=xtechxth-650-hera","title":{"rendered":"XTECH<BR>XTH-650  | Hera"},"content":{"rendered":"\t\t<div data-elementor-type=\"product-post\" data-elementor-id=\"5955\" class=\"elementor elementor-5955\" data-elementor-post-type=\"product\">\n\t\t\t\t\t\t<section class=\"elementor-section elementor-top-section elementor-element elementor-element-3cb45661 elementor-section-boxed elementor-section-height-default elementor-section-height-default\" data-id=\"3cb45661\" data-element_type=\"section\">\n\t\t\t\t\t\t<div class=\"elementor-container elementor-column-gap-default\">\n\t\t\t\t\t<div class=\"elementor-column elementor-col-100 elementor-top-column elementor-element elementor-element-27b05feb\" data-id=\"27b05feb\" data-element_type=\"column\">\n\t\t\t<div class=\"elementor-widget-wrap elementor-element-populated\">\n\t\t\t\t\t\t<div class=\"elementor-element elementor-element-32fdcf7 elementor-widget elementor-widget-image\" data-id=\"32fdcf7\" data-element_type=\"widget\" data-widget_type=\"image.default\">\n\t\t\t\t\t\t\t\t\t\t\t\t\t\t\t<img fetchpriority=\"high\" decoding=\"async\" width=\"923\" height=\"501\" src=\"https:\/\/comcellstore.com\/wp-content\/uploads\/2020\/12\/Banner-Lifestyle-XTH-650.jpg\" class=\"attachment-large size-large wp-image-5956\" alt=\"\" srcset=\"https:\/\/comcellstore.com\/wp-content\/uploads\/2020\/12\/Banner-Lifestyle-XTH-650.jpg 923w, https:\/\/comcellstore.com\/wp-content\/uploads\/2020\/12\/Banner-Lifestyle-XTH-650-600x326.jpg 600w, https:\/\/comcellstore.com\/wp-content\/uploads\/2020\/12\/Banner-Lifestyle-XTH-650-300x163.jpg 300w, https:\/\/comcellstore.com\/wp-content\/uploads\/2020\/12\/Banner-Lifestyle-XTH-650-768x417.jpg 768w\" sizes=\"(max-width: 923px) 100vw, 923px\" \/>\t\t\t\t\t\t\t\t\t\t\t\t\t\t\t<\/div>\n\t\t\t\t<div class=\"elementor-element elementor-element-1e70f401 elementor-widget elementor-widget-text-editor\" data-id=\"1e70f401\" data-element_type=\"widget\" data-widget_type=\"text-editor.default\">\n\t\t\t\t\t\t\t\t\t<ul>\r\n \t<li>Aud\u00edfonos est\u00e9reo de dise\u00f1o liviano con micr\u00f3fono y tecnolog\u00eda inal\u00e1mbrica<\/li>\r\n \t<li>Suave diadema acolchada ajustable que calza c\u00f3modamente sobre los o\u00eddos<\/li>\r\n \t<li>Microparlantes de 40mm imparten un sonido natural y muy n\u00edtido desde distintas fuentes de audio<\/li>\r\n \t<li>Dise\u00f1o plegable para f\u00e1cil transporte<\/li>\r\n \t<li>Controles de conexi\u00f3n, y para gesti\u00f3n de m\u00fasica o llamadas integrados en la unidad<\/li>\r\n \t<li>Presenta una ranura para tarjeta de memoria Micro SDTM, y un puerto de entrada auxiliar de 3,5mm para reproducir audio desde dispositivos que no disponen de la tecnolog\u00eda Bluetooth\u00ae<\/li>\r\n \t<li>Luces LED multicolores con efecto continuado<\/li>\r\n \t<li>Admite archivos con formato MP3 y WAV para reproducci\u00f3n de audio<\/li>\r\n \t<li>Indicador del estado de la bater\u00eda en dispositivos con iOS<\/li>\r\n<\/ul>\r\n<h3>Especificaciones<\/h3>\r\n<strong>Aud\u00edfono<\/strong>\r\n<ul>\r\n \t<li><strong>Tipo:\u00a0<\/strong>Supraaural<\/li>\r\n \t<li><strong>Unidad del parlante:\u00a0<\/strong>\u042440mm<\/li>\r\n \t<li><strong>M\u00e1xima potencia de salida (R.M.S.):\u00a0<\/strong>30mW<\/li>\r\n \t<li><strong>Respuesta de frecuencia:\u00a0<\/strong>20Hz-20kHz<\/li>\r\n \t<li><strong>Relaci\u00f3n de se\u00f1al a ruido:\u00a0<\/strong>85dB<\/li>\r\n \t<li><strong>Impedancia:\u00a0<\/strong>32\u03a9\u00b115%<\/li>\r\n \t<li><strong>Sensibilidad:\u00a0<\/strong>107\u00b13dB\/mW (S.P.L. a 1kHz)<\/li>\r\n \t<li><strong>Botones:\u00a0<\/strong>Encendido\/Apagado\/ Reproducci\u00f3n-Pausa\/Contestar o rechazar llamadas, Volumen+\/Pr\u00f3xima pista, Volumen-\/Pista anterior, Modo<\/li>\r\n<\/ul>\r\n<strong>Micr\u00f3fono<\/strong>\r\n<ul>\r\n \t<li><strong>Tipo:\u00a0<\/strong>Integrado<\/li>\r\n \t<li><strong>Directividad:\u00a0<\/strong>Omnidireccional<\/li>\r\n \t<li><strong>Frecuencia:\u00a0<\/strong>\u00a050Hz-16kHz<\/li>\r\n \t<li><strong>Impedancia:\u00a0<\/strong>2,2k\u03a9<\/li>\r\n \t<li><strong>Sensibilidad:\u00a0<\/strong>-42dB \u00b13dB<\/li>\r\n \t<li><strong>Control de volumen:\u00a0<\/strong>S\u00ed<\/li>\r\n<\/ul>\r\n<strong>Bater\u00eda<\/strong>\r\n<ul>\r\n \t<li><strong>Tipo:\u00a0<\/strong>Bater\u00eda recargable de litio de 3,7V, de 500mAh<\/li>\r\n \t<li><strong>Tiempo de carga:\u00a0<\/strong>3 horas<\/li>\r\n \t<li><strong>Tiempo de funcionamiento:\u00a0<\/strong>Hasta 5 horas*<\/li>\r\n \t<li><strong>Tiempo en modo de pausa:\u00a0<\/strong>Hasta 100 horas<\/li>\r\n \t<li><strong>M\u00e9todo de carga:\u00a0<\/strong>Micro USB<\/li>\r\n<\/ul>\r\n<strong>Informaci\u00f3n adicional<\/strong>\r\n<ul>\r\n \t<li><strong>Tipo de conexi\u00f3n:\u00a0<\/strong>Compatible con Bluetooth\u00ae V.5.0, 3,5mm y ranura para tarjeta Micro SDTM (TF)<\/li>\r\n \t<li><strong>Frecuencia de RF inal\u00e1mbrica:\u00a0<\/strong>2.402GHz-2.480GHz<\/li>\r\n \t<li><strong>Alcance inal\u00e1mbrico:\u00a0<\/strong>10m**<\/li>\r\n \t<li><strong>Longitud del cable:\u00a0<\/strong>Cable de audio y de carga: 1,2m<\/li>\r\n \t<li><strong>Dimensiones:\u00a0<\/strong>16x8x20cm<\/li>\r\n \t<li><strong>Peso:\u00a0<\/strong>183g<\/li>\r\n \t<li><strong>Garant\u00eda:\u00a0<\/strong>Un a\u00f1o<\/li>\r\n<\/ul>\t\t\t\t\t\t\t\t<\/div>\n\t\t\t\t<div class=\"elementor-element elementor-element-bd80e92 animated-slow elementor-arrows-position-inside elementor-pagination-position-outside elementor-invisible elementor-widget elementor-widget-image-carousel\" data-id=\"bd80e92\" data-element_type=\"widget\" data-settings=\"{&quot;_animation&quot;:&quot;slideInDown&quot;,&quot;navigation&quot;:&quot;both&quot;,&quot;autoplay&quot;:&quot;yes&quot;,&quot;pause_on_hover&quot;:&quot;yes&quot;,&quot;pause_on_interaction&quot;:&quot;yes&quot;,&quot;autoplay_speed&quot;:5000,&quot;infinite&quot;:&quot;yes&quot;,&quot;speed&quot;:500}\" data-widget_type=\"image-carousel.default\">\n\t\t\t\t\t\t\t<div class=\"elementor-image-carousel-wrapper swiper\" role=\"region\" aria-roledescription=\"carousel\" aria-label=\"Carrusel de im\u00e1genes\" dir=\"ltr\">\n\t\t\t<div class=\"elementor-image-carousel swiper-wrapper\" aria-live=\"off\">\n\t\t\t\t\t\t\t\t<div class=\"swiper-slide\" role=\"group\" aria-roledescription=\"slide\" aria-label=\"1 de 3\"><figure class=\"swiper-slide-inner\"><img decoding=\"async\" class=\"swiper-slide-image\" src=\"https:\/\/comcellstore.com\/wp-content\/uploads\/2020\/12\/Fotos-Detalle-XTH-650-3-300x187.jpg\" alt=\"Fotos-Detalle-XTH-650-3\" \/><\/figure><\/div><div class=\"swiper-slide\" role=\"group\" aria-roledescription=\"slide\" aria-label=\"2 de 3\"><figure class=\"swiper-slide-inner\"><img decoding=\"async\" class=\"swiper-slide-image\" src=\"https:\/\/comcellstore.com\/wp-content\/uploads\/2020\/12\/Fotos-Detalle-XTH-650-1-300x187.jpg\" alt=\"Fotos-Detalle-XTH-650-1\" \/><\/figure><\/div><div class=\"swiper-slide\" role=\"group\" aria-roledescription=\"slide\" aria-label=\"3 de 3\"><figure class=\"swiper-slide-inner\"><img decoding=\"async\" class=\"swiper-slide-image\" src=\"https:\/\/comcellstore.com\/wp-content\/uploads\/2020\/12\/Fotos-Detalle-XTH-650-2-300x187.jpg\" alt=\"Fotos-Detalle-XTH-650-2\" \/><\/figure><\/div>\t\t\t<\/div>\n\t\t\t\t\t\t\t\t\t\t\t\t<div class=\"elementor-swiper-button elementor-swiper-button-prev\" role=\"button\" tabindex=\"0\">\n\t\t\t\t\t\t<svg aria-hidden=\"true\" class=\"e-font-icon-svg e-eicon-chevron-left\" viewBox=\"0 0 1000 1000\" xmlns=\"http:\/\/www.w3.org\/2000\/svg\"><path d=\"M646 125C629 125 613 133 604 142L308 442C296 454 292 471 292 487 292 504 296 521 308 533L604 854C617 867 629 875 646 875 663 875 679 871 692 858 704 846 713 829 713 812 713 796 708 779 692 767L438 487 692 225C700 217 708 204 708 187 708 171 704 154 692 142 675 129 663 125 646 125Z\"><\/path><\/svg>\t\t\t\t\t<\/div>\n\t\t\t\t\t<div class=\"elementor-swiper-button elementor-swiper-button-next\" role=\"button\" tabindex=\"0\">\n\t\t\t\t\t\t<svg aria-hidden=\"true\" class=\"e-font-icon-svg e-eicon-chevron-right\" viewBox=\"0 0 1000 1000\" xmlns=\"http:\/\/www.w3.org\/2000\/svg\"><path d=\"M696 533C708 521 713 504 713 487 713 471 708 454 696 446L400 146C388 133 375 125 354 125 338 125 325 129 313 142 300 154 292 171 292 187 292 204 296 221 308 233L563 492 304 771C292 783 288 800 288 817 288 833 296 850 308 863 321 871 338 875 354 875 371 875 388 867 400 854L696 533Z\"><\/path><\/svg>\t\t\t\t\t<\/div>\n\t\t\t\t\n\t\t\t\t\t\t\t\t\t<div class=\"swiper-pagination\"><\/div>\n\t\t\t\t\t\t\t\t\t<\/div>\n\t\t\t\t\t\t<\/div>\n\t\t\t\t\t<\/div>\n\t\t<\/div>\n\t\t\t\t\t<\/div>\n\t\t<\/section>\n\t\t\t\t<\/div>\n\t\t","protected":false},"excerpt":{"rendered":"<h3 class=\"rtitle d-none d-md-block\"><span style=\"color: #33cccc;\">Aud\u00edfonos est\u00e9reo con micr\u00f3fono y tecnolog\u00eda inal\u00e1mbrica<\/span><\/h3>\n<p class=\"prod-reference active toggle-oncolor rcode mobileNone\" data-variant=\"1498\">Aud\u00edfonos est\u00e9reo de dise\u00f1o liviano con micr\u00f3fono y tecnolog\u00eda inal\u00e1mbrica para disfrutar videos, juegos y m\u00fasica, La suave diadema acolchada calza c\u00f3modamente sobre los o\u00eddos, Su dise\u00f1o plegable es ideal para un f\u00e1cil transporte.<\/p>\n<ul class=\"ulReset d-md-flex align-items-center mainList__title\">\n<li>Conectividad:\u00a0Compatible con Bluetooth\u00ae V.5.0, 3,5mm y ranura para tarjeta Micro SDTM (TF)<\/li>\n<li>Factor de forma:\u00a0Supraaural<\/li>\n<li>Color:\u00a0Morado y rosado<\/li>\n<\/ul>\n","protected":false},"featured_media":5960,"comment_status":"open","ping_status":"closed","template":"","meta":[],"product_brand":[],"product_cat":[30,32],"product_tag":[],"class_list":{"0":"post-5955","1":"product","2":"type-product","3":"status-publish","4":"has-post-thumbnail","6":"product_cat-audifonos","7":"product_cat-audifonos-inalambricos","9":"first","10":"instock","11":"sale","12":"taxable","13":"shipping-taxable","14":"purchasable","15":"product-type-simple"},"_links":{"self":[{"href":"https:\/\/comcellstore.com\/index.php?rest_route=\/wp\/v2\/product\/5955","targetHints":{"allow":["GET"]}}],"collection":[{"href":"https:\/\/comcellstore.com\/index.php?rest_route=\/wp\/v2\/product"}],"about":[{"href":"https:\/\/comcellstore.com\/index.php?rest_route=\/wp\/v2\/types\/product"}],"replies":[{"embeddable":true,"href":"https:\/\/comcellstore.com\/index.php?rest_route=%2Fwp%2Fv2%2Fcomments&post=5955"}],"version-history":[{"count":7,"href":"https:\/\/comcellstore.com\/index.php?rest_route=\/wp\/v2\/product\/5955\/revisions"}],"predecessor-version":[{"id":5970,"href":"https:\/\/comcellstore.com\/index.php?rest_route=\/wp\/v2\/product\/5955\/revisions\/5970"}],"wp:featuredmedia":[{"embeddable":true,"href":"https:\/\/comcellstore.com\/index.php?rest_route=\/wp\/v2\/media\/5960"}],"wp:attachment":[{"href":"https:\/\/comcellstore.com\/index.php?rest_route=%2Fwp%2Fv2%2Fmedia&parent=5955"}],"wp:term":[{"taxonomy":"product_brand","embeddable":true,"href":"https:\/\/comcellstore.com\/index.php?rest_route=%2Fwp%2Fv2%2Fproduct_brand&post=5955"},{"taxonomy":"product_cat","embeddable":true,"href":"https:\/\/comcellstore.com\/index.php?rest_route=%2Fwp%2Fv2%2Fproduct_cat&post=5955"},{"taxonomy":"product_tag","embeddable":true,"href":"https:\/\/comcellstore.com\/index.php?rest_route=%2Fwp%2Fv2%2Fproduct_tag&post=5955"}],"curies":[{"name":"wp","href":"https:\/\/api.w.org\/{rel}","templated":true}]}}