{"id":6610,"date":"2021-02-09T20:48:32","date_gmt":"2021-02-09T20:48:32","guid":{"rendered":"https:\/\/comcellstore.com\/?post_type=product&#038;p=6610"},"modified":"2025-09-01T08:51:34","modified_gmt":"2025-09-01T08:51:34","slug":"klip-xtremekma-210","status":"publish","type":"product","link":"https:\/\/comcellstore.com\/?product=klip-xtremekma-210","title":{"rendered":"KLIP XTREME<BR>KMA-210"},"content":{"rendered":"<p>Adaptador de corriente<\/p>\n<ul>\n<li>Tipo : 3-en-1: Adaptador de CA, cargador<br \/>\npara autom\u00f3vil y bater\u00eda port\u00e1til<br \/>\nEntrada: CA 100-240V 50\/60HZ<\/li>\n<li>Tensi\u00f3n de alimentaci\u00f3n : CC 12-24V<\/li>\n<li>Amperaje total :\u00a0Cargador de autom\u00f3vil y bater\u00eda port\u00e1til:<br \/>\n5V\/2,1A Tomacorriente de pared: 5V\/1,5A<\/li>\n<li>Potencia total : 7,5W<\/li>\n<li>Tipo de enchufe : Puntas estilo americano y europeo<\/li>\n<\/ul>\n<p>Bater\u00eda port\u00e1til :<\/p>\n<ul>\n<li>Tensi\u00f3n de entrada : CA 100-240V y CC 12-14V<\/li>\n<li>Tensi\u00f3n de salida : 5V<\/li>\n<li>Indicadores LED :\u00a0 4 niveles al 25%, 50%, 75%, 100%<\/li>\n<\/ul>\n<p>Bater\u00eda integrada<\/p>\n<ul>\n<li>Tipo\/capacidad : C\u00e9lula de iones de litio de 2500mAh<br \/>\nTiempo en modo de pausa : M\u00e1s del 60% de carga tras 30 d\u00edas de almacenamiento<\/li>\n<\/ul>\n<p>Informaci\u00f3n adicional :<\/p>\n<ul>\n<li>Garant\u00eda : Un a\u00f1o<\/li>\n<\/ul>\n","protected":false},"excerpt":{"rendered":"<h3><span style=\"color: #33cccc;\">Energ\u00eda port\u00e1til para potenciar tu estilo de vida<\/span><\/h3>\n<p>Este pr\u00e1ctico cargador port\u00e1til USB doble para CA\/autom\u00f3vil est\u00e1<br \/>\ndise\u00f1ado para alimentar dos dispositivos electr\u00f3nicos al mismo<br \/>\ntiempo, a trav\u00e9s de un enchufe de pared est\u00e1ndar o el tomacorriente<br \/>\nde tu veh\u00edculo. Esta vers\u00e1til fuente de energ\u00eda, al combinar tres<br \/>\nfunciones distintas en un solo accesorio, garantiza m\u00e1xima productividad a toda hora, ya sea en casa, la oficina o adonde quiera que vayas.<br \/>\nCargador port\u00e1til para viajes 3-en-1<br \/>\nCaracter\u00edsticas:<br \/>\n\u2022 3 funciones en un accesorio: Adaptador de CA, cargador para autom\u00f3vil y fuente de energ\u00eda (2500mAh)<br \/>\n\u2022 4 luces LED indican el nivel de carga y el estado de la bater\u00eda<br \/>\n\u2022 Dos puertos USB, para recargar dos dispositivos m\u00f3viles simult\u00e1neamente<\/p>\n<p>&nbsp;<\/p>\n","protected":false},"featured_media":6611,"comment_status":"open","ping_status":"closed","template":"","meta":[],"product_brand":[],"product_cat":[49,60],"product_tag":[],"class_list":{"0":"post-6610","1":"product","2":"type-product","3":"status-publish","4":"has-post-thumbnail","6":"product_cat-accesorios-moviles","7":"product_cat-cargadores","9":"first","10":"instock","11":"taxable","12":"shipping-taxable","13":"purchasable","14":"product-type-simple"},"_links":{"self":[{"href":"https:\/\/comcellstore.com\/index.php?rest_route=\/wp\/v2\/product\/6610","targetHints":{"allow":["GET"]}}],"collection":[{"href":"https:\/\/comcellstore.com\/index.php?rest_route=\/wp\/v2\/product"}],"about":[{"href":"https:\/\/comcellstore.com\/index.php?rest_route=\/wp\/v2\/types\/product"}],"replies":[{"embeddable":true,"href":"https:\/\/comcellstore.com\/index.php?rest_route=%2Fwp%2Fv2%2Fcomments&post=6610"}],"version-history":[{"count":2,"href":"https:\/\/comcellstore.com\/index.php?rest_route=\/wp\/v2\/product\/6610\/revisions"}],"predecessor-version":[{"id":9721,"href":"https:\/\/comcellstore.com\/index.php?rest_route=\/wp\/v2\/product\/6610\/revisions\/9721"}],"wp:featuredmedia":[{"embeddable":true,"href":"https:\/\/comcellstore.com\/index.php?rest_route=\/wp\/v2\/media\/6611"}],"wp:attachment":[{"href":"https:\/\/comcellstore.com\/index.php?rest_route=%2Fwp%2Fv2%2Fmedia&parent=6610"}],"wp:term":[{"taxonomy":"product_brand","embeddable":true,"href":"https:\/\/comcellstore.com\/index.php?rest_route=%2Fwp%2Fv2%2Fproduct_brand&post=6610"},{"taxonomy":"product_cat","embeddable":true,"href":"https:\/\/comcellstore.com\/index.php?rest_route=%2Fwp%2Fv2%2Fproduct_cat&post=6610"},{"taxonomy":"product_tag","embeddable":true,"href":"https:\/\/comcellstore.com\/index.php?rest_route=%2Fwp%2Fv2%2Fproduct_tag&post=6610"}],"curies":[{"name":"wp","href":"https:\/\/api.w.org\/{rel}","templated":true}]}}