{"id":6646,"date":"2021-02-09T22:41:24","date_gmt":"2021-02-09T22:41:24","guid":{"rendered":"https:\/\/comcellstore.com\/?post_type=product&#038;p=6646"},"modified":"2025-01-21T15:19:55","modified_gmt":"2025-01-21T15:19:55","slug":"klip-xtremeknc-035","status":"publish","type":"product","link":"https:\/\/comcellstore.com\/?product=klip-xtremeknc-035","title":{"rendered":"KLIP XTREME<BR>KNC-035"},"content":{"rendered":"<ul>\n<li>Compatibilidad con port\u00e1til y tableta: 7 pulgada \/ (sistema m\u00e9trico)17.8 cm<\/li>\n<li>Color: Negro<\/li>\n<li>Tapa protectora<\/li>\n<\/ul>\n","protected":false},"excerpt":{"rendered":"<h3><span style=\"color: #33cccc;\">Tapa protectora para tableta \/ lector de eBook \u2013 cuero sint\u00e9tico<\/span><\/h3>\n<div><\/div>\n<div>\n<div>El innovador Estuche Portafolio KNC-035 de Klip Xtreme te permite visualizar tu tableta desde una perspectiva completamente distinta. Este vers\u00e1til estuche se convierte f\u00e1cilmente de libro electr\u00f3nico a una base de visualizaci\u00f3n de varias posiciones. Fabricado con fino cuero de imitaci\u00f3n, este elegante accesorio se ajusta perfectamente a la tableta. Ideal para ejecutar varias tareas simult\u00e1neamente, el estuche te permite colocar la tableta en el mejor \u00e1ngulo posible, ya sea para escribir, socializar en l\u00ednea, leer o participar en teleconferencias \u2026\u00a1en el lugar que quieras y cuando quieras!<\/div>\n<\/div>\n<div>\n<p>&nbsp;<\/p>\n<\/div>\n","protected":false},"featured_media":6650,"comment_status":"open","ping_status":"closed","template":"","meta":[],"product_brand":[],"product_cat":[99,58],"product_tag":[],"class_list":{"0":"post-6646","1":"product","2":"type-product","3":"status-publish","4":"has-post-thumbnail","6":"product_cat-estuches","7":"product_cat-mochilasbolsos-de-dama-estuches","9":"first","10":"instock","11":"sale","12":"taxable","13":"shipping-taxable","14":"purchasable","15":"product-type-simple"},"_links":{"self":[{"href":"https:\/\/comcellstore.com\/index.php?rest_route=\/wp\/v2\/product\/6646","targetHints":{"allow":["GET"]}}],"collection":[{"href":"https:\/\/comcellstore.com\/index.php?rest_route=\/wp\/v2\/product"}],"about":[{"href":"https:\/\/comcellstore.com\/index.php?rest_route=\/wp\/v2\/types\/product"}],"replies":[{"embeddable":true,"href":"https:\/\/comcellstore.com\/index.php?rest_route=%2Fwp%2Fv2%2Fcomments&post=6646"}],"version-history":[{"count":2,"href":"https:\/\/comcellstore.com\/index.php?rest_route=\/wp\/v2\/product\/6646\/revisions"}],"predecessor-version":[{"id":6651,"href":"https:\/\/comcellstore.com\/index.php?rest_route=\/wp\/v2\/product\/6646\/revisions\/6651"}],"wp:featuredmedia":[{"embeddable":true,"href":"https:\/\/comcellstore.com\/index.php?rest_route=\/wp\/v2\/media\/6650"}],"wp:attachment":[{"href":"https:\/\/comcellstore.com\/index.php?rest_route=%2Fwp%2Fv2%2Fmedia&parent=6646"}],"wp:term":[{"taxonomy":"product_brand","embeddable":true,"href":"https:\/\/comcellstore.com\/index.php?rest_route=%2Fwp%2Fv2%2Fproduct_brand&post=6646"},{"taxonomy":"product_cat","embeddable":true,"href":"https:\/\/comcellstore.com\/index.php?rest_route=%2Fwp%2Fv2%2Fproduct_cat&post=6646"},{"taxonomy":"product_tag","embeddable":true,"href":"https:\/\/comcellstore.com\/index.php?rest_route=%2Fwp%2Fv2%2Fproduct_tag&post=6646"}],"curies":[{"name":"wp","href":"https:\/\/api.w.org\/{rel}","templated":true}]}}