{"id":7252,"date":"2021-06-21T22:59:24","date_gmt":"2021-06-21T22:59:24","guid":{"rendered":"https:\/\/comcellstore.com\/?post_type=product&#038;p=7252"},"modified":"2025-05-27T21:11:32","modified_gmt":"2025-05-27T21:11:32","slug":"klip-xtremekmw-375-lightflex","status":"publish","type":"product","link":"https:\/\/comcellstore.com\/?product=klip-xtremekmw-375-lightflex","title":{"rendered":"KLIP XTREME<BR>KMW-375 Lightflex"},"content":{"rendered":"<div class=\"col-lg-6\">\n<div><i class=\"interna_icon\"><img decoding=\"async\" class=\"\" title=\"Especificaciones \" src=\"https:\/\/www.klipxtreme.com\/media\/Icon-Specifications-grupo.png\" alt=\"Icon-Specifications-grupo.png\" width=\"39\" height=\"39\" \/>\u00a0<span class=\"title-specs\">Especificaciones<\/span><\/i><\/div>\n<ul>\n<li><strong>Tipo:\u00a0<\/strong>Mouse inal\u00e1mbrico plegable de tres botones<\/li>\n<li><strong>Tecnolog\u00eda:\u00a0<\/strong>Sensor \u00f3ptico<\/li>\n<li><strong>Resoluci\u00f3n\u00a0<\/strong><strong>DPI:\u00a0<\/strong>1000<\/li>\n<li><strong>Interfaz:\u00a0<\/strong>Receptor USB<\/li>\n<\/ul>\n<\/div>\n<div class=\"col-lg-6\">\n<div><i class=\"interna_icon\"><img decoding=\"async\" class=\"\" title=\"Conectividad\" src=\"https:\/\/www.klipxtreme.com\/media\/Icon-Connectivity-grupo.png\" alt=\"Icon-Connectivity-grupo.png\" width=\"41\" height=\"41\" \/>\u00a0<span class=\"title-specs\">Conectividad<\/span><\/i><\/div>\n<ul>\n<li><strong>Voltaje de funcionamiento:\u00a0<\/strong>3V\/10mA<\/li>\n<li><strong>Modo de ahorro de energ\u00eda:\u00a0<\/strong>S\u00ed<\/li>\n<li><strong>Requisitos del sistema:\u00a0<\/strong>Todas las versiones de Windows hasta Win10, Linux y MacOs<\/li>\n<li><strong>Tipo:\u00a0<\/strong>2 bater\u00edas tama\u00f1o AAA (incluidas)<\/li>\n<li><strong>Dimensiones (LaxPrxAl):\u00a0<\/strong>11,2&#215;5,8&#215;3,3cm<\/li>\n<li><strong>Peso:\u00a0<\/strong>52g<\/li>\n<li><strong>Rueda de desplazamiento iluminada:<\/strong><\/li>\n<li><strong>Garant\u00eda:\u00a0<\/strong>Un a\u00f1o<\/li>\n<\/ul>\n<\/div>\n","protected":false},"excerpt":{"rendered":"<h3><span style=\"color: #33cccc;\">Movimiento preciso con\u00a0portabilidad compacta<\/span><\/h3>\n<p>Reduce el peso y el volumen de tu carga y disfruta de las ventajas que te ofrece el mouse inal\u00e1mbrico KMW-375. Presenta un dise\u00f1o moderno y estilizado, y se pliega convenientemente para que puedas guardarlo en un bolsillo sin ni siquiera notar que est\u00e1 all\u00ed. Al adoptar la \u00faltima tecnolog\u00eda inal\u00e1mbrica RF de 2.4GHz, podr\u00e1s disfrutar de una conectividad segura, pr\u00e1cticamente sin ning\u00fan tipo de demoras ni interferencia. Este mouse elegantemente dise\u00f1ado te ofrece un receptor USB que se puede guardar de manera segura en su parte inferior o dejarlo conectado en tu computador port\u00e1til cuando viajas. Ofrece un deslizamiento r\u00e1pido y preciso de modo que se ajustar\u00e1 perfectamente a tu mano y a tu estilo de vida activo.<\/p>\n<h3><span style=\"color: #33cccc;\">Caracter\u00edsticas<\/span><\/h3>\n<ul>\n<li>Mouse inal\u00e1mbrico de tres botones con dise\u00f1o curvado ultra ergon\u00f3mico, que se pliega convenientemente para f\u00e1cil almacenamiento y portabilidad<\/li>\n<li>Ofrece un acabado suave para un agarre superior y un ajuste m\u00e1s conveniente<\/li>\n<li>Configuraci\u00f3n autom\u00e1tica plug and play a trav\u00e9s de una conexi\u00f3n USB<\/li>\n<li>Resoluci\u00f3n de 1000 DPI<\/li>\n<li>Compatible con los sistemas operativos Windows, Linux y MacOs<\/li>\n<\/ul>\n","protected":false},"featured_media":7257,"comment_status":"open","ping_status":"closed","template":"","meta":[],"product_brand":[],"product_cat":[56,65],"product_tag":[],"class_list":{"0":"post-7252","1":"product","2":"type-product","3":"status-publish","4":"has-post-thumbnail","6":"product_cat-auriculares-mouse-teclados","7":"product_cat-ratones-pc","9":"first","10":"instock","11":"taxable","12":"shipping-taxable","13":"purchasable","14":"product-type-simple"},"_links":{"self":[{"href":"https:\/\/comcellstore.com\/index.php?rest_route=\/wp\/v2\/product\/7252","targetHints":{"allow":["GET"]}}],"collection":[{"href":"https:\/\/comcellstore.com\/index.php?rest_route=\/wp\/v2\/product"}],"about":[{"href":"https:\/\/comcellstore.com\/index.php?rest_route=\/wp\/v2\/types\/product"}],"replies":[{"embeddable":true,"href":"https:\/\/comcellstore.com\/index.php?rest_route=%2Fwp%2Fv2%2Fcomments&post=7252"}],"version-history":[{"count":1,"href":"https:\/\/comcellstore.com\/index.php?rest_route=\/wp\/v2\/product\/7252\/revisions"}],"predecessor-version":[{"id":7259,"href":"https:\/\/comcellstore.com\/index.php?rest_route=\/wp\/v2\/product\/7252\/revisions\/7259"}],"wp:featuredmedia":[{"embeddable":true,"href":"https:\/\/comcellstore.com\/index.php?rest_route=\/wp\/v2\/media\/7257"}],"wp:attachment":[{"href":"https:\/\/comcellstore.com\/index.php?rest_route=%2Fwp%2Fv2%2Fmedia&parent=7252"}],"wp:term":[{"taxonomy":"product_brand","embeddable":true,"href":"https:\/\/comcellstore.com\/index.php?rest_route=%2Fwp%2Fv2%2Fproduct_brand&post=7252"},{"taxonomy":"product_cat","embeddable":true,"href":"https:\/\/comcellstore.com\/index.php?rest_route=%2Fwp%2Fv2%2Fproduct_cat&post=7252"},{"taxonomy":"product_tag","embeddable":true,"href":"https:\/\/comcellstore.com\/index.php?rest_route=%2Fwp%2Fv2%2Fproduct_tag&post=7252"}],"curies":[{"name":"wp","href":"https:\/\/api.w.org\/{rel}","templated":true}]}}