{"id":7549,"date":"2021-11-09T15:45:55","date_gmt":"2021-11-09T15:45:55","guid":{"rendered":"https:\/\/comcellstore.com\/?post_type=product&#038;p=7549"},"modified":"2025-05-27T19:54:42","modified_gmt":"2025-05-27T19:54:42","slug":"xtechxth-630-palladium","status":"publish","type":"product","link":"https:\/\/comcellstore.com\/?product=xtechxth-630-palladium","title":{"rendered":"XTECH<BR>XTH-630 | Palladium"},"content":{"rendered":"\t\t<div data-elementor-type=\"product-post\" data-elementor-id=\"7549\" class=\"elementor elementor-7549\" data-elementor-post-type=\"product\">\n\t\t\t\t\t\t<section class=\"elementor-section elementor-top-section elementor-element elementor-element-56d6bae9 elementor-section-boxed elementor-section-height-default elementor-section-height-default\" data-id=\"56d6bae9\" data-element_type=\"section\">\n\t\t\t\t\t\t<div class=\"elementor-container elementor-column-gap-default\">\n\t\t\t\t\t<div class=\"elementor-column elementor-col-100 elementor-top-column elementor-element elementor-element-1508e575\" data-id=\"1508e575\" data-element_type=\"column\">\n\t\t\t<div class=\"elementor-widget-wrap elementor-element-populated\">\n\t\t\t\t\t\t<div class=\"elementor-element elementor-element-08c33e2 elementor-invisible elementor-widget elementor-widget-image\" data-id=\"08c33e2\" data-element_type=\"widget\" data-settings=\"{&quot;_animation&quot;:&quot;rollIn&quot;}\" data-widget_type=\"image.default\">\n\t\t\t\t\t\t\t\t\t\t\t\t\t\t\t<img fetchpriority=\"high\" decoding=\"async\" width=\"750\" height=\"261\" src=\"https:\/\/comcellstore.com\/wp-content\/uploads\/2021\/11\/XTH-630-magene-pagina-web-banner-interno-1024x356.jpg\" class=\"attachment-large size-large wp-image-7558\" alt=\"\" srcset=\"https:\/\/comcellstore.com\/wp-content\/uploads\/2021\/11\/XTH-630-magene-pagina-web-banner-interno-1024x356.jpg 1024w, https:\/\/comcellstore.com\/wp-content\/uploads\/2021\/11\/XTH-630-magene-pagina-web-banner-interno-300x104.jpg 300w, https:\/\/comcellstore.com\/wp-content\/uploads\/2021\/11\/XTH-630-magene-pagina-web-banner-interno-768x267.jpg 768w, https:\/\/comcellstore.com\/wp-content\/uploads\/2021\/11\/XTH-630-magene-pagina-web-banner-interno-600x208.jpg 600w, https:\/\/comcellstore.com\/wp-content\/uploads\/2021\/11\/XTH-630-magene-pagina-web-banner-interno.jpg 1440w\" sizes=\"(max-width: 750px) 100vw, 750px\" \/>\t\t\t\t\t\t\t\t\t\t\t\t\t\t\t<\/div>\n\t\t\t\t<div class=\"elementor-element elementor-element-52a58cad elementor-widget elementor-widget-text-editor\" data-id=\"52a58cad\" data-element_type=\"widget\" data-widget_type=\"text-editor.default\">\n\t\t\t\t\t\t\t\t\t<div class=\"prod-tabs mainSpecs\">\r\n<div class=\"container\">\r\n<div class=\"tab-js prod-tabs-hold\">\r\n<div id=\"tab1\" class=\"tab-cont\">\r\n<div class=\"prod-tab-cont\">\r\n<div class=\"prod-specs\">\r\n<div>\r\n<ul>\r\n \t<li>Aud\u00edfonos est\u00e9reo con micr\u00f3fono y tecnolog\u00eda inal\u00e1mbrica<\/li>\r\n \t<li>Dise\u00f1o liviano que calza c\u00f3modamente sobre los o\u00eddos<\/li>\r\n \t<li>Microparlantes de 40mm imparten un sonido natural y muy n\u00edtido desde distintas fuentes de audio<\/li>\r\n \t<li>Dise\u00f1o plegable para f\u00e1cil transporte<\/li>\r\n \t<li>Controles de conexi\u00f3n, y para gesti\u00f3n de m\u00fasica o llamadas integrados en la unidad<\/li>\r\n<\/ul>\r\n<h3>Especificaciones<\/h3>\r\n<ul>\r\n \t<li><strong>Aud\u00edfono<\/strong><\/li>\r\n \t<li>Tipo: Supraaural<\/li>\r\n \t<li>Unidad del parlante: \u03a640mm<\/li>\r\n \t<li>M\u00e1xima potencia de salida (R.M.S.): 20mW<\/li>\r\n \t<li>Respuesta de frecuencia: 20Hz-20KHz<\/li>\r\n \t<li>Relaci\u00f3n de se\u00f1al a ruido: 80dB<\/li>\r\n \t<li>Impedancia: 32\u03a9\u00b115%<\/li>\r\n \t<li>Sensibilidad: 105\u00b13dB\/mW (S.P.L a 1KHz)<\/li>\r\n \t<li>Color: Negro y dorado \/ Negro y plateado<\/li>\r\n \t<li><strong>Micr\u00f3fono<\/strong><\/li>\r\n \t<li>Tipo: Integrado<\/li>\r\n \t<li>Directividad: Omnidireccional<\/li>\r\n \t<li>Frecuencia: 100Hz-18KHz<\/li>\r\n \t<li>Impedancia: 32\u03a6<\/li>\r\n \t<li>Sensibilidad: 105dB a 1KHz<\/li>\r\n \t<li>Control de volumen: S\u00ed<\/li>\r\n \t<li><strong>Bater\u00eda<\/strong><\/li>\r\n \t<li>Tipo: Bater\u00eda recargable de litio\u00a0de 3,7V, de 300mAh<\/li>\r\n \t<li>Tiempo de carga: 2 horas<\/li>\r\n \t<li>Tiempo de funcionamiento: 8 horas*<\/li>\r\n \t<li>Tiempo en modo de pausa: 25 horas<\/li>\r\n \t<li>M\u00e9todo de carga: Micro-USB (5V)<\/li>\r\n \t<li><strong>Caracter\u00edsticas adicionales<\/strong><\/li>\r\n \t<li>Tipo de conexi\u00f3n: Bluetooth\u00ae V5.0, y 3,5mm<\/li>\r\n \t<li>Frecuencia de RF inal\u00e1mbrica: 2.402GHz\/-2.480GHz<\/li>\r\n \t<li>Botones:<\/li>\r\n \t<li>Encendido\/Apagado<\/li>\r\n \t<li>Volumen +\/Pr\u00f3xima pista<\/li>\r\n \t<li>Volumen &#8211; \/Pista anterior<\/li>\r\n \t<li>Rep.\/Pausa\/Atender llamada<\/li>\r\n \t<li>Alcance inal\u00e1mbrico: 10m<\/li>\r\n \t<li>Longitud del cable: 1,2m<\/li>\r\n \t<li>Dimensiones: 19x8x18,5cm<\/li>\r\n \t<li>Peso: 210g<\/li>\r\n \t<li>Garant\u00eda: Un a\u00f1o<\/li>\r\n \t<li>* Duraci\u00f3n estimada de la bater\u00eda dependiendo de los h\u00e1bitos de uso y de la regulaci\u00f3n del volumen<\/li>\r\n<\/ul>\r\n<\/div>\r\n<\/div>\r\n<\/div>\r\n<\/div>\r\n<\/div>\r\n<\/div>\r\n<\/div>\r\n<div class=\"prod-related\">\r\n<div class=\"container\">\r\n<div class=\"title-line-hold prod-related-title row gutter0 align-items-center\">\r\n<div class=\"col-auto\">\r\n<h2 class=\"title title-triangle\">LA GENTE TAMBI\u00c9N BUSCA<\/h2>\r\n<\/div>\r\n<\/div>\r\n<\/div>\r\n<\/div>\t\t\t\t\t\t\t\t<\/div>\n\t\t\t\t<div class=\"elementor-element elementor-element-9d4ebd5 elementor-arrows-position-inside elementor-pagination-position-outside elementor-widget elementor-widget-image-carousel\" data-id=\"9d4ebd5\" data-element_type=\"widget\" data-settings=\"{&quot;navigation&quot;:&quot;both&quot;,&quot;autoplay&quot;:&quot;yes&quot;,&quot;pause_on_hover&quot;:&quot;yes&quot;,&quot;pause_on_interaction&quot;:&quot;yes&quot;,&quot;autoplay_speed&quot;:5000,&quot;infinite&quot;:&quot;yes&quot;,&quot;speed&quot;:500}\" data-widget_type=\"image-carousel.default\">\n\t\t\t\t\t\t\t<div class=\"elementor-image-carousel-wrapper swiper\" role=\"region\" aria-roledescription=\"carousel\" aria-label=\"Carrusel de im\u00e1genes\" dir=\"ltr\">\n\t\t\t<div class=\"elementor-image-carousel swiper-wrapper\" aria-live=\"off\">\n\t\t\t\t\t\t\t\t<div class=\"swiper-slide\" role=\"group\" aria-roledescription=\"slide\" aria-label=\"1 de 3\"><figure class=\"swiper-slide-inner\"><img decoding=\"async\" class=\"swiper-slide-image\" src=\"https:\/\/comcellstore.com\/wp-content\/uploads\/2021\/11\/Fotos-Detalle-XTH-630-1-300x187.jpg\" alt=\"Fotos-Detalle-XTH-630-1\" \/><\/figure><\/div><div class=\"swiper-slide\" role=\"group\" aria-roledescription=\"slide\" aria-label=\"2 de 3\"><figure class=\"swiper-slide-inner\"><img decoding=\"async\" class=\"swiper-slide-image\" src=\"https:\/\/comcellstore.com\/wp-content\/uploads\/2021\/11\/Fotos-Detalle-XTH-630-2-300x187.jpg\" alt=\"Fotos-Detalle-XTH-630-2\" \/><\/figure><\/div><div class=\"swiper-slide\" role=\"group\" aria-roledescription=\"slide\" aria-label=\"3 de 3\"><figure class=\"swiper-slide-inner\"><img decoding=\"async\" class=\"swiper-slide-image\" src=\"https:\/\/comcellstore.com\/wp-content\/uploads\/2021\/11\/Fotos-Detalle-XTH-630-3-300x187.jpg\" alt=\"Fotos-Detalle-XTH-630-3\" \/><\/figure><\/div>\t\t\t<\/div>\n\t\t\t\t\t\t\t\t\t\t\t\t<div class=\"elementor-swiper-button elementor-swiper-button-prev\" role=\"button\" tabindex=\"0\">\n\t\t\t\t\t\t<svg aria-hidden=\"true\" class=\"e-font-icon-svg e-eicon-chevron-left\" viewBox=\"0 0 1000 1000\" xmlns=\"http:\/\/www.w3.org\/2000\/svg\"><path d=\"M646 125C629 125 613 133 604 142L308 442C296 454 292 471 292 487 292 504 296 521 308 533L604 854C617 867 629 875 646 875 663 875 679 871 692 858 704 846 713 829 713 812 713 796 708 779 692 767L438 487 692 225C700 217 708 204 708 187 708 171 704 154 692 142 675 129 663 125 646 125Z\"><\/path><\/svg>\t\t\t\t\t<\/div>\n\t\t\t\t\t<div class=\"elementor-swiper-button elementor-swiper-button-next\" role=\"button\" tabindex=\"0\">\n\t\t\t\t\t\t<svg aria-hidden=\"true\" class=\"e-font-icon-svg e-eicon-chevron-right\" viewBox=\"0 0 1000 1000\" xmlns=\"http:\/\/www.w3.org\/2000\/svg\"><path d=\"M696 533C708 521 713 504 713 487 713 471 708 454 696 446L400 146C388 133 375 125 354 125 338 125 325 129 313 142 300 154 292 171 292 187 292 204 296 221 308 233L563 492 304 771C292 783 288 800 288 817 288 833 296 850 308 863 321 871 338 875 354 875 371 875 388 867 400 854L696 533Z\"><\/path><\/svg>\t\t\t\t\t<\/div>\n\t\t\t\t\n\t\t\t\t\t\t\t\t\t<div class=\"swiper-pagination\"><\/div>\n\t\t\t\t\t\t\t\t\t<\/div>\n\t\t\t\t\t\t<\/div>\n\t\t\t\t<div class=\"elementor-element elementor-element-32033bd elementor-invisible elementor-widget elementor-widget-image\" data-id=\"32033bd\" data-element_type=\"widget\" data-settings=\"{&quot;_animation&quot;:&quot;slideInDown&quot;}\" data-widget_type=\"image.default\">\n\t\t\t\t\t\t\t\t\t\t\t\t\t\t\t<img decoding=\"async\" width=\"750\" height=\"407\" src=\"https:\/\/comcellstore.com\/wp-content\/uploads\/2021\/11\/Banner-Lifestyle-XTH-630.jpg\" class=\"attachment-large size-large wp-image-7551\" alt=\"\" srcset=\"https:\/\/comcellstore.com\/wp-content\/uploads\/2021\/11\/Banner-Lifestyle-XTH-630.jpg 923w, https:\/\/comcellstore.com\/wp-content\/uploads\/2021\/11\/Banner-Lifestyle-XTH-630-300x163.jpg 300w, https:\/\/comcellstore.com\/wp-content\/uploads\/2021\/11\/Banner-Lifestyle-XTH-630-768x417.jpg 768w, https:\/\/comcellstore.com\/wp-content\/uploads\/2021\/11\/Banner-Lifestyle-XTH-630-600x326.jpg 600w\" sizes=\"(max-width: 750px) 100vw, 750px\" \/>\t\t\t\t\t\t\t\t\t\t\t\t\t\t\t<\/div>\n\t\t\t\t\t<\/div>\n\t\t<\/div>\n\t\t\t\t\t<\/div>\n\t\t<\/section>\n\t\t\t\t<\/div>\n\t\t","protected":false},"excerpt":{"rendered":"<h2 class=\"rtitle d-none d-md-block\">Aud\u00edfonos inal\u00e1mbricos con micr\u00f3fono<\/h2>\n<ul>\n<li class=\"prod-reference active toggle-oncolor rcode mobileNone\" data-variant=\"1612\"><strong class=\"azul\">Color:\u00a0<\/strong>Negro y dorado<\/li>\n<li class=\"prod-reference active toggle-oncolor rcode mobileNone\" data-variant=\"1612\"><strong class=\"azul\">Conectividad: <\/strong>Inal\u00e1mbrica<\/li>\n<li class=\"prod-reference active toggle-oncolor rcode mobileNone\" data-variant=\"1612\"><strong class=\"azul\">Factor de forma:\u00a0<\/strong>Supraaural<\/li>\n<\/ul>\n","protected":false},"featured_media":7550,"comment_status":"closed","ping_status":"closed","template":"","meta":[],"product_brand":[124],"product_cat":[30,32],"product_tag":[],"class_list":{"0":"post-7549","1":"product","2":"type-product","3":"status-publish","4":"has-post-thumbnail","6":"product_brand-xtech","7":"product_cat-audifonos","8":"product_cat-audifonos-inalambricos","10":"first","11":"instock","12":"taxable","13":"shipping-taxable","14":"purchasable","15":"product-type-simple"},"_links":{"self":[{"href":"https:\/\/comcellstore.com\/index.php?rest_route=\/wp\/v2\/product\/7549","targetHints":{"allow":["GET"]}}],"collection":[{"href":"https:\/\/comcellstore.com\/index.php?rest_route=\/wp\/v2\/product"}],"about":[{"href":"https:\/\/comcellstore.com\/index.php?rest_route=\/wp\/v2\/types\/product"}],"replies":[{"embeddable":true,"href":"https:\/\/comcellstore.com\/index.php?rest_route=%2Fwp%2Fv2%2Fcomments&post=7549"}],"version-history":[{"count":9,"href":"https:\/\/comcellstore.com\/index.php?rest_route=\/wp\/v2\/product\/7549\/revisions"}],"predecessor-version":[{"id":7571,"href":"https:\/\/comcellstore.com\/index.php?rest_route=\/wp\/v2\/product\/7549\/revisions\/7571"}],"wp:featuredmedia":[{"embeddable":true,"href":"https:\/\/comcellstore.com\/index.php?rest_route=\/wp\/v2\/media\/7550"}],"wp:attachment":[{"href":"https:\/\/comcellstore.com\/index.php?rest_route=%2Fwp%2Fv2%2Fmedia&parent=7549"}],"wp:term":[{"taxonomy":"product_brand","embeddable":true,"href":"https:\/\/comcellstore.com\/index.php?rest_route=%2Fwp%2Fv2%2Fproduct_brand&post=7549"},{"taxonomy":"product_cat","embeddable":true,"href":"https:\/\/comcellstore.com\/index.php?rest_route=%2Fwp%2Fv2%2Fproduct_cat&post=7549"},{"taxonomy":"product_tag","embeddable":true,"href":"https:\/\/comcellstore.com\/index.php?rest_route=%2Fwp%2Fv2%2Fproduct_tag&post=7549"}],"curies":[{"name":"wp","href":"https:\/\/api.w.org\/{rel}","templated":true}]}}