{"id":8248,"date":"2022-12-09T16:18:42","date_gmt":"2022-12-09T16:18:42","guid":{"rendered":"https:\/\/comcellstore.com\/?post_type=product&#038;p=8248"},"modified":"2025-02-26T20:11:24","modified_gmt":"2025-02-26T20:11:24","slug":"klip-xtremekwh-251-imperious","status":"publish","type":"product","link":"https:\/\/comcellstore.com\/?product=klip-xtremekwh-251-imperious","title":{"rendered":"KLIP XTREME<br>KWH-251 Imperious"},"content":{"rendered":"<div class=\"col-12 col-sm-6 pb-2 mb-2\">\n<h6 class=\"font-weight-bolder d-inline-block pl-2\">Auricular<\/h6>\n<hr \/>\n<div>\n<ul>\n<li><strong>Tipo:\u00a0<\/strong>Supraaural<\/li>\n<li><strong>Unidad del parlante:\u00a0<\/strong>\u042440mm<\/li>\n<li><strong>M\u00e1xima potencia de salida:\u00a0<\/strong>30mW<\/li>\n<li><strong>Frecuencia:\u00a0<\/strong>20Hz ~ -20KHz<\/li>\n<li><strong>Impedancia:\u00a0<\/strong>32\u03a9\u00b115% (S.P.L at 1KHz)<\/li>\n<li><strong>Sensibilidad:\u00a0<\/strong>96dB\u00b13dB<\/li>\n<li><strong>Botones:\u00a0<\/strong>Encendido\/Apagado-Multifunci\u00f3n, Volumen +\/Pr\u00f3xima pista, Volumen -\/Pista anterior, Encendido\/Apagado de las luces<\/li>\n<\/ul>\n<\/div>\n<\/div>\n<div class=\"col-12 col-sm-6 pb-2 mb-2\">\n<h6 class=\"font-weight-bolder d-inline-block pl-2\">Micr\u00f3fono<\/h6>\n<hr \/>\n<div>\n<ul>\n<li><strong>Tipo:\u00a0<\/strong>Integrado<\/li>\n<li><strong>Directividad:\u00a0<\/strong>Omnidireccional<\/li>\n<li><strong>Frecuencia:\u00a0<\/strong>50-16KHZ<\/li>\n<li><strong>Impedancia:\u00a0<\/strong>2.2k\u03a9<\/li>\n<li><strong>Sensibilidad:\u00a0<\/strong>-42dB \u00b13dB<\/li>\n<li><strong>Voltaje de entrada:\u00a0<\/strong>5VCC\/500mA<\/li>\n<li><strong>Control de volumen:\u00a0<\/strong>S\u00ed, en la almohadilla derecha<\/li>\n<\/ul>\n<\/div>\n<\/div>\n<div class=\"col-12 col-sm-6 pb-2 mb-2\">\n<h6 class=\"font-weight-bolder d-inline-block pl-2\">Conectividad<\/h6>\n<hr \/>\n<div>\n<ul>\n<li><strong>Tipo de conexi\u00f3n:\u00a0<\/strong>Bluetooth\u00ae V5.0, entrada auxiliar de 3,5mm<\/li>\n<li><strong>Frecuencia de RF inal\u00e1mbrica:\u00a0<\/strong>2.402-2.480GHz<\/li>\n<li><strong>Alcance inal\u00e1mbrico:\u00a0<\/strong>Hasta 24,3m**<\/li>\n<\/ul>\n<p>**El c\u00e1lculo de la distancia se basa en un \u00e1rea libre de obst\u00e1culos e inferencias, y en l\u00ednea recta entre ambos dispositivos Bluetooth\u00ae V5.0.<\/p>\n<\/div>\n<\/div>\n<div class=\"col-12 col-sm-6 pb-2 mb-2\">\n<h6 class=\"font-weight-bolder d-inline-block pl-2\">Bater\u00eda<\/h6>\n<hr \/>\n<div>\n<ul>\n<li><strong>Tipo:\u00a0<\/strong>3.7VCC a 800mAh<\/li>\n<li><strong>Tiempo de carga:\u00a0<\/strong>Hasta 2,5 horas<\/li>\n<li><strong>Tiempo de funcionamiento:\u00a0<\/strong>Hasta 22 horas*<\/li>\n<li><strong>Tiempo en modo de pausa:\u00a0<\/strong>100 horas aprox.<\/li>\n<\/ul>\n<p>*El tiempo de reproducci\u00f3n puede variar dependiendo de los archivos de m\u00fasica, h\u00e1bitos de uso y preferencias del volumen de cada usuario.<\/p>\n<p>&nbsp;<\/p>\n<\/div>\n<\/div>\n<div class=\"col-12 col-sm-6 pb-2 mb-2\">\n<h6 class=\"font-weight-bolder d-inline-block pl-2\">Caracter\u00edsticas adicionales<\/h6>\n<hr \/>\n<div>\n<ul>\n<li><strong>Luces LED:\u00a0<\/strong>Luces LED multicolores, con funci\u00f3n de encendido y apagado y efectos de iluminaci\u00f3n continuados<\/li>\n<\/ul>\n<\/div>\n<\/div>\n<div class=\"col-12 col-sm-6 pb-2 mb-2\">\n<h6 class=\"font-weight-bolder d-inline-block pl-2\">Informaci\u00f3n adicional<\/h6>\n<hr \/>\n<div>\n<ul>\n<li><strong>Material:\u00a0<\/strong>ABS<\/li>\n<li><strong>Dimensiones:\u00a0<\/strong>16,2&#215;8,5x20cm<\/li>\n<li><strong>Peso:\u00a0<\/strong>200g<\/li>\n<li><strong>Tipo y longitud del cable:\u00a0<\/strong>USB-C: 78,7cm Cable de 3,5mm: 1,2m<\/li>\n<li><strong>Garant\u00eda:\u00a0<\/strong>Un a\u00f1o<\/li>\n<\/ul>\n<\/div>\n<\/div>\n","protected":false},"excerpt":{"rendered":"<p>Los aud\u00edfonos inal\u00e1mbricos Imperious ofrecen calidad de audio superior y comodidad. Est\u00e1n dise\u00f1ados con materiales de alta calidad para una gran duraci\u00f3n<\/p>\n<ul>\n<li class=\"product-banner-title\">SONIDO POTENTE La tecnolog\u00eda Xtra bass brinda graves profundos y sonido poderoso<\/li>\n<li>\n<p class=\"product-banner-title\">M\u00daSICA PARA LARGAS JORNADAS Las 22 horas de reproducci\u00f3n te permiten disfrutar tu m\u00fasica durante largas jornadas de trabajo o largos viajes<\/p>\n<\/li>\n<li>\n<p class=\"product-banner-title\">LIVIANOS Y C\u00d3MODOS La resistente diadema acolchada y las almohadillas hacen estos aud\u00edfonos perfectos para usarlos por per\u00edodos de tiempo prolongados<\/p>\n<\/li>\n<\/ul>\n","protected":false},"featured_media":8253,"comment_status":"closed","ping_status":"closed","template":"","meta":[],"product_brand":[],"product_cat":[30,32],"product_tag":[115],"class_list":{"0":"post-8248","1":"product","2":"type-product","3":"status-publish","4":"has-post-thumbnail","6":"product_cat-audifonos","7":"product_cat-audifonos-inalambricos","8":"product_tag-solo-queda-color-blanco","10":"first","11":"outofstock","12":"sale","13":"taxable","14":"shipping-taxable","15":"purchasable","16":"product-type-simple"},"_links":{"self":[{"href":"https:\/\/comcellstore.com\/index.php?rest_route=\/wp\/v2\/product\/8248","targetHints":{"allow":["GET"]}}],"collection":[{"href":"https:\/\/comcellstore.com\/index.php?rest_route=\/wp\/v2\/product"}],"about":[{"href":"https:\/\/comcellstore.com\/index.php?rest_route=\/wp\/v2\/types\/product"}],"replies":[{"embeddable":true,"href":"https:\/\/comcellstore.com\/index.php?rest_route=%2Fwp%2Fv2%2Fcomments&post=8248"}],"version-history":[{"count":1,"href":"https:\/\/comcellstore.com\/index.php?rest_route=\/wp\/v2\/product\/8248\/revisions"}],"predecessor-version":[{"id":8252,"href":"https:\/\/comcellstore.com\/index.php?rest_route=\/wp\/v2\/product\/8248\/revisions\/8252"}],"wp:featuredmedia":[{"embeddable":true,"href":"https:\/\/comcellstore.com\/index.php?rest_route=\/wp\/v2\/media\/8253"}],"wp:attachment":[{"href":"https:\/\/comcellstore.com\/index.php?rest_route=%2Fwp%2Fv2%2Fmedia&parent=8248"}],"wp:term":[{"taxonomy":"product_brand","embeddable":true,"href":"https:\/\/comcellstore.com\/index.php?rest_route=%2Fwp%2Fv2%2Fproduct_brand&post=8248"},{"taxonomy":"product_cat","embeddable":true,"href":"https:\/\/comcellstore.com\/index.php?rest_route=%2Fwp%2Fv2%2Fproduct_cat&post=8248"},{"taxonomy":"product_tag","embeddable":true,"href":"https:\/\/comcellstore.com\/index.php?rest_route=%2Fwp%2Fv2%2Fproduct_tag&post=8248"}],"curies":[{"name":"wp","href":"https:\/\/api.w.org\/{rel}","templated":true}]}}