{"id":8292,"date":"2023-02-22T23:53:50","date_gmt":"2023-02-22T23:53:50","guid":{"rendered":"https:\/\/comcellstore.com\/?post_type=product&#038;p=8292"},"modified":"2025-01-21T20:22:44","modified_gmt":"2025-01-21T20:22:44","slug":"enersafe-esol-t-e-1kva","status":"publish","type":"product","link":"https:\/\/comcellstore.com\/?product=enersafe-esol-t-e-1kva","title":{"rendered":"ENERSAFE <BR> UPS ESOL T-E 1KVA"},"content":{"rendered":"<table class=\"table\">\n<tbody>\n<tr>\n<td scope=\"row\">Topolog\u00eda<\/td>\n<td>On Line<\/td>\n<\/tr>\n<tr>\n<td scope=\"row\">Potencia VA\/Watts<\/td>\n<td>1000VA \/ 900W<\/td>\n<\/tr>\n<tr>\n<td scope=\"row\">C\u00f3digo Producto<\/td>\n<td>UPSEOLTE1KVA<\/td>\n<\/tr>\n<tr>\n<td scope=\"row\">ID Convenio Marco<\/td>\n<td><\/td>\n<\/tr>\n<tr>\n<td scope=\"row\">Factor Potencia<\/td>\n<td>0,9<\/td>\n<\/tr>\n<tr>\n<td scope=\"row\">Formato<\/td>\n<td>Torre<\/td>\n<\/tr>\n<tr>\n<td scope=\"row\">Panel<\/td>\n<td>LCD<\/td>\n<\/tr>\n<\/tbody>\n<\/table>\n<div class=\"subtitulo\">\n<h6>Entrada<\/h6>\n<\/div>\n<table class=\"table\">\n<tbody>\n<tr>\n<td scope=\"row\">Voltaje nominal<\/td>\n<td>200\/208\/220\/230\/240 VAC<\/td>\n<\/tr>\n<tr>\n<td scope=\"row\">Rango Voltaje<\/td>\n<td>55~150Vac o 110 ~300Vac @ 60%carga, 80 ~145Vac o 160 ~300Vac @ 100%carga<\/td>\n<\/tr>\n<tr>\n<td scope=\"row\">Rango Frecuencia<\/td>\n<td>40~70Hz<\/td>\n<\/tr>\n<tr>\n<td scope=\"row\">Factor de Potencia<\/td>\n<td>0,99<\/td>\n<\/tr>\n<\/tbody>\n<\/table>\n<div class=\"subtitulo\">\n<h6>Salida<\/h6>\n<\/div>\n<table class=\"table\">\n<tbody>\n<tr>\n<td scope=\"row\">Voltaje<\/td>\n<td>200\/208\/220\/230\/240 Vac<\/td>\n<\/tr>\n<tr>\n<td scope=\"row\">Regulacion de Voltaje<\/td>\n<td>\u00b1 1%<\/td>\n<\/tr>\n<tr>\n<td scope=\"row\">Rango Frecuencia (Modo en Linea)<\/td>\n<td>47Hz\/53Hz or 57Hz\/63Hz<\/td>\n<\/tr>\n<tr>\n<td scope=\"row\">Rango Frecuencia (Modo Bat)<\/td>\n<td>(50Hz\/60Hz) \u00b10,1Hz<\/td>\n<\/tr>\n<tr>\n<td scope=\"row\">Factor de Cresta<\/td>\n<td>3:1<\/td>\n<\/tr>\n<tr>\n<td scope=\"row\">Forma de Onda<\/td>\n<td>Sinusoidal pura<\/td>\n<\/tr>\n<tr>\n<td scope=\"row\">Distorsi\u00f3n Arm\u00f3nica (THDv)<\/td>\n<td>\u2264 2% (carga linear) \u22644% (carga no lineal)<\/td>\n<\/tr>\n<tr>\n<td scope=\"row\">Tiempo de Transferercia<\/td>\n<td>Modo operaci\u00f3n a bater\u00edas : 0ms<\/td>\n<\/tr>\n<tr>\n<td scope=\"row\">Tiempo de Transferercia<\/td>\n<td>Inversor a Bypass: 4ms<\/td>\n<\/tr>\n<\/tbody>\n<\/table>\n<div class=\"subtitulo\">\n<h6>Eficiencia<\/h6>\n<\/div>\n<table class=\"table\">\n<tbody>\n<tr>\n<td scope=\"row\">Modo Linea<\/td>\n<td>88%<\/td>\n<\/tr>\n<tr>\n<td scope=\"row\">Modo Bater\u00eda<\/td>\n<td>86%<\/td>\n<\/tr>\n<\/tbody>\n<\/table>\n<div class=\"subtitulo\">\n<h6>Bater\u00edas Internas<\/h6>\n<\/div>\n<table class=\"table\">\n<tbody>\n<tr>\n<td scope=\"row\">Configuraci\u00f3n<\/td>\n<td>3 x 12V-9AH<\/td>\n<\/tr>\n<tr>\n<td scope=\"row\">Tipo<\/td>\n<td>Plomo \u00c1cido selladas (libre Mantenimiento)<\/td>\n<\/tr>\n<tr>\n<td scope=\"row\">Tiempo de recarga<\/td>\n<td>4 horas (para 90% de plena capacidad)<\/td>\n<\/tr>\n<tr>\n<td scope=\"row\">Voltaje carga<\/td>\n<td>41,1VDC \u00b1 1<\/td>\n<\/tr>\n<tr>\n<td scope=\"row\">Cargador<\/td>\n<td>1A o 2 A seleccionable en panel<\/td>\n<\/tr>\n<\/tbody>\n<\/table>\n<div class=\"subtitulo\">\n<h6>Banco Bater\u00edas Adicional<\/h6>\n<\/div>\n<table class=\"table\">\n<tbody>\n<tr>\n<td scope=\"row\">C\u00f3digo<\/td>\n<td>BPESOLTE-3KVACB<\/td>\n<\/tr>\n<tr>\n<td scope=\"row\">Configuraci\u00f3n<\/td>\n<td>12 baterias 12V-9AH<\/td>\n<\/tr>\n<tr>\n<td scope=\"row\">Voltaje carga<\/td>\n<td>72Vdc<\/td>\n<\/tr>\n<\/tbody>\n<\/table>\n<div class=\"subtitulo\">\n<h6>Conexi\u00f3n y Administraci\u00f3n<\/h6>\n<\/div>\n<table class=\"table\">\n<tbody>\n<tr>\n<td scope=\"row\">Puerto Comunicaci\u00f3n<\/td>\n<td>USB, RS232. Trajeta SNMP-ESOL-KVA y tarjeta de Rele son opcionalales<\/td>\n<\/tr>\n<\/tbody>\n<\/table>\n<div class=\"subtitulo\">\n<h6>Condiciones Ambientales<\/h6>\n<\/div>\n<table class=\"table\">\n<tbody>\n<tr>\n<td scope=\"row\">Humedad de Operaci\u00f3n<\/td>\n<td>20-90% RH @ 0-40\u00b0C (sin condenzaci\u00f3n)<\/td>\n<\/tr>\n<tr>\n<td scope=\"row\">Temperatura Almacenamiento<\/td>\n<td>&#8211; 25\u00b0C ~55\u00b0C<\/td>\n<\/tr>\n<tr>\n<td scope=\"row\">Temperatura Operaci\u00f3n<\/td>\n<td>&#8211; 0\u00b0C ~ 40\u00b0C<\/td>\n<\/tr>\n<tr>\n<td scope=\"row\">Altitud de Funcionamiento<\/td>\n<td>&lt;1500m<\/td>\n<\/tr>\n<tr>\n<td scope=\"row\">Nivel del Ruido<\/td>\n<td>&lt;50dB (a 1 metro)<\/td>\n<\/tr>\n<\/tbody>\n<\/table>\n<div class=\"subtitulo\">\n<h6>Caracter\u00edsticas F\u00edsicas<\/h6>\n<\/div>\n<table class=\"table\">\n<tbody>\n<tr>\n<td scope=\"row\">Peso neto kg<\/td>\n<td>14,4<\/td>\n<\/tr>\n<tr>\n<td scope=\"row\">Tama\u00f1o Neto mm<\/td>\n<td>144x209x399<\/td>\n<\/tr>\n<\/tbody>\n<\/table>\n<div class=\"subtitulo\">\n<h6>Seguridad<\/h6>\n<\/div>\n<table class=\"table\">\n<tbody>\n<tr>\n<td scope=\"row\">Seguridad<\/td>\n<td>IEC\/EN62040-1,IEC\/EN60950-1<\/td>\n<\/tr>\n<\/tbody>\n<\/table>\n<div class=\"subtitulo\">\n<h6>EMC<\/h6>\n<\/div>\n<table class=\"table\">\n<tbody>\n<tr>\n<td scope=\"row\">EMC<\/td>\n<td>IEC\/EN62040-2,IEC61000-4-2,IEC61000-4-3,IEC61000-4-4,IEC61000-4-5,IEC610004-6.IEC61000-4-8<\/td>\n<\/tr>\n<\/tbody>\n<\/table>\n<div class=\"subtitulo\">\n<h6>Soporte<\/h6>\n<\/div>\n<table class=\"table\">\n<tbody>\n<tr>\n<td scope=\"row\">Garant\u00eda<\/td>\n<td>3 a\u00f1os UPS, 2 a\u00f1os las bater\u00edas<\/td>\n<\/tr>\n<\/tbody>\n<\/table>\n","protected":false},"excerpt":{"rendered":"<p class=\"py-4 mb-0\">Compacta y con autonom\u00eda extensible Plug&amp;Play<\/p>\n<ul class=\"list-unstyled mb-5\">\n<li>Monof\u00e1sica (1:1)<\/li>\n<li>Potencia 1000VA \/ 900W.<\/li>\n<li>Factor de Potencia: 0,9<\/li>\n<li>Tipo: Torre<\/li>\n<li>Permite seleccionar corriente de carga desde el panel panel LCD, entre 1A o 2A.<\/li>\n<li>Permite conectar Plug&amp;Play hasta 3 bancos de bater\u00edas.<\/li>\n<li>Puerto USB y RS232. Tarjeta SNMP para monitoreo remoto v\u00eda web y de rel\u00e9 son opcionales.<\/li>\n<\/ul>\n","protected":false},"featured_media":8296,"comment_status":"closed","ping_status":"closed","template":"","meta":[],"product_brand":[],"product_cat":[53,84],"product_tag":[],"class_list":{"0":"post-8292","1":"product","2":"type-product","3":"status-publish","4":"has-post-thumbnail","6":"product_cat-estabilizadoressupresoresregletasups","7":"product_cat-ups","9":"first","10":"outofstock","11":"taxable","12":"shipping-taxable","13":"purchasable","14":"product-type-simple"},"_links":{"self":[{"href":"https:\/\/comcellstore.com\/index.php?rest_route=\/wp\/v2\/product\/8292","targetHints":{"allow":["GET"]}}],"collection":[{"href":"https:\/\/comcellstore.com\/index.php?rest_route=\/wp\/v2\/product"}],"about":[{"href":"https:\/\/comcellstore.com\/index.php?rest_route=\/wp\/v2\/types\/product"}],"replies":[{"embeddable":true,"href":"https:\/\/comcellstore.com\/index.php?rest_route=%2Fwp%2Fv2%2Fcomments&post=8292"}],"version-history":[{"count":2,"href":"https:\/\/comcellstore.com\/index.php?rest_route=\/wp\/v2\/product\/8292\/revisions"}],"predecessor-version":[{"id":8302,"href":"https:\/\/comcellstore.com\/index.php?rest_route=\/wp\/v2\/product\/8292\/revisions\/8302"}],"wp:featuredmedia":[{"embeddable":true,"href":"https:\/\/comcellstore.com\/index.php?rest_route=\/wp\/v2\/media\/8296"}],"wp:attachment":[{"href":"https:\/\/comcellstore.com\/index.php?rest_route=%2Fwp%2Fv2%2Fmedia&parent=8292"}],"wp:term":[{"taxonomy":"product_brand","embeddable":true,"href":"https:\/\/comcellstore.com\/index.php?rest_route=%2Fwp%2Fv2%2Fproduct_brand&post=8292"},{"taxonomy":"product_cat","embeddable":true,"href":"https:\/\/comcellstore.com\/index.php?rest_route=%2Fwp%2Fv2%2Fproduct_cat&post=8292"},{"taxonomy":"product_tag","embeddable":true,"href":"https:\/\/comcellstore.com\/index.php?rest_route=%2Fwp%2Fv2%2Fproduct_tag&post=8292"}],"curies":[{"name":"wp","href":"https:\/\/api.w.org\/{rel}","templated":true}]}}