{"id":8306,"date":"2023-02-23T00:08:01","date_gmt":"2023-02-23T00:08:01","guid":{"rendered":"https:\/\/comcellstore.com\/?post_type=product&#038;p=8306"},"modified":"2025-05-27T22:13:25","modified_gmt":"2025-05-27T22:13:25","slug":"enersafeesol-rth-c-2kva","status":"publish","type":"product","link":"https:\/\/comcellstore.com\/?product=enersafeesol-rth-c-2kva","title":{"rendered":"ENERSAFE<BR>UPS ESOL RTH-C 2KVA"},"content":{"rendered":"<table class=\"table\">\n<tbody>\n<tr>\n<td scope=\"row\">Topologia<\/td>\n<td>On Line<\/td>\n<\/tr>\n<tr>\n<td scope=\"row\">Potencia VA\/Watts<\/td>\n<td>2000\/1800<\/td>\n<\/tr>\n<tr>\n<td scope=\"row\">C\u00f3digo Producto<\/td>\n<td>UPSESESOLRTHC2KVA<\/td>\n<\/tr>\n<tr>\n<td scope=\"row\">ID Convenio Marco<\/td>\n<td><\/td>\n<\/tr>\n<tr>\n<td scope=\"row\">Factor Potencia<\/td>\n<td>0,9<\/td>\n<\/tr>\n<tr>\n<td scope=\"row\">Formato<\/td>\n<td>Rack y Torre<\/td>\n<\/tr>\n<tr>\n<td scope=\"row\">Espacio en Rack<\/td>\n<td>2U<\/td>\n<\/tr>\n<tr>\n<td scope=\"row\">Panel<\/td>\n<td>LCD<\/td>\n<\/tr>\n<\/tbody>\n<\/table>\n<div class=\"subtitulo\">\n<h6>Entrada<\/h6>\n<\/div>\n<table class=\"table\">\n<tbody>\n<tr>\n<td scope=\"row\">Voltaje nominal<\/td>\n<td>200\/208\/220\/230\/240 Vac<\/td>\n<\/tr>\n<tr>\n<td scope=\"row\">Rango Voltaje<\/td>\n<td>55 ~150Vac o 110~300Vac @60%carga; 80 ~1450Vac o 160 ~300Vac @ 100% carga<\/td>\n<\/tr>\n<tr>\n<td scope=\"row\">Rango Frecuencia<\/td>\n<td>40~70Hz (Auto detector)<\/td>\n<\/tr>\n<tr>\n<td scope=\"row\">Factor de Potencia<\/td>\n<td>\u22640,99 @ voltaje nominal (100% carga)<\/td>\n<\/tr>\n<\/tbody>\n<\/table>\n<div class=\"subtitulo\">\n<h6>Salida<\/h6>\n<\/div>\n<table class=\"table\">\n<tbody>\n<tr>\n<td scope=\"row\">Voltaje<\/td>\n<td>200\/208\/220\/230\/240 Vac<\/td>\n<\/tr>\n<tr>\n<td scope=\"row\">Regulaci\u00f3n de Voltaje<\/td>\n<td>\u00b1 1%<\/td>\n<\/tr>\n<tr>\n<td scope=\"row\">Rango Frecuencia (Sincroniz)<\/td>\n<td>47~53Hz \/ 57~63Hz<\/td>\n<\/tr>\n<tr>\n<td scope=\"row\">Rango Frecuencia (Modo Bat)<\/td>\n<td>50Hz\/60Hz \u00b10,1Hz<\/td>\n<\/tr>\n<tr>\n<td scope=\"row\">Factor de Cresta<\/td>\n<td>3:1<\/td>\n<\/tr>\n<tr>\n<td scope=\"row\">Forma de Onda<\/td>\n<td>Sinusoidal pura<\/td>\n<\/tr>\n<tr>\n<td scope=\"row\">Distorsi\u00f3n Arm\u00f3nica<\/td>\n<td>\u22642% THD (carga linear) \u22644% THD (carga no lineal)<\/td>\n<\/tr>\n<tr>\n<td scope=\"row\">Eficiencia modo AC (operaci\u00f3n)<\/td>\n<td>92%<\/td>\n<\/tr>\n<tr>\n<td scope=\"row\">Tiempo de Transferencia<\/td>\n<td>Modo operaci\u00f3n a Baterias: 0ms<\/td>\n<\/tr>\n<tr>\n<td scope=\"row\">Tiempo de Transferencia<\/td>\n<td>Inversor a Bypass: 4ms<\/td>\n<\/tr>\n<\/tbody>\n<\/table>\n<div class=\"subtitulo\">\n<h6>Bater\u00edas<\/h6>\n<\/div>\n<table class=\"table\">\n<tbody>\n<tr>\n<td scope=\"row\">Configuraci\u00f3n<\/td>\n<td>6 x 12V-9AH<\/td>\n<\/tr>\n<tr>\n<td scope=\"row\">Tipo<\/td>\n<td>Plomo \u00c1cido selladas (libre Mantenimiento)<\/td>\n<\/tr>\n<tr>\n<td scope=\"row\">Tiempo de recarga<\/td>\n<td>4 horas (para 90% de plena capacidad)<\/td>\n<\/tr>\n<tr>\n<td scope=\"row\">Cargador<\/td>\n<td>1A<\/td>\n<\/tr>\n<tr>\n<td scope=\"row\">Voltaje de carga<\/td>\n<td>82,1Vdc \u00b11%<\/td>\n<\/tr>\n<\/tbody>\n<\/table>\n<div class=\"subtitulo\">\n<h6>Banco Bater\u00edas Adicional<\/h6>\n<\/div>\n<table class=\"table\">\n<tbody>\n<tr>\n<td scope=\"row\">C\u00f3digo<\/td>\n<td>BPESOLRTHC-3KVACB<\/td>\n<\/tr>\n<tr>\n<td scope=\"row\">Configuraci\u00f3n<\/td>\n<td>12 baterias 12V-9AH<\/td>\n<\/tr>\n<tr>\n<td scope=\"row\">Voltaje carga<\/td>\n<td>72Vdc<\/td>\n<\/tr>\n<\/tbody>\n<\/table>\n<div class=\"subtitulo\">\n<h6>Conexi\u00f3n y Administraci\u00f3n<\/h6>\n<\/div>\n<table class=\"table\">\n<tbody>\n<tr>\n<td scope=\"row\">Puertos Comunicaci\u00f3n<\/td>\n<td>USB, RS232. Tarjeta SNMP-ESOL-KVA y tarjeta de Rel\u00e9 son opcionales.<\/td>\n<\/tr>\n<tr>\n<td scope=\"row\">Interfaces de comunicaci\u00f3n<\/td>\n<td>software monitoreo y Shutdown.<\/td>\n<\/tr>\n<\/tbody>\n<\/table>\n<div class=\"subtitulo\">\n<h6>Condiciones Ambientales<\/h6>\n<\/div>\n<table class=\"table\">\n<tbody>\n<tr>\n<td scope=\"row\">Rango de Humedad<\/td>\n<td>20-90% RH @ 0-40\u00b0C (sin condenzaci\u00f3n)<\/td>\n<\/tr>\n<tr>\n<td scope=\"row\">Temperatura Almacenamiento<\/td>\n<td>&#8211; 25\u00b0C ~55\u00b0C<\/td>\n<\/tr>\n<tr>\n<td scope=\"row\">Temperatura Operaci\u00f3n<\/td>\n<td>&#8211; 0\u00b0C ~ 40\u00b0C<\/td>\n<\/tr>\n<tr>\n<td scope=\"row\">Altitud de Funcionamiento<\/td>\n<td>&lt;1500m<\/td>\n<\/tr>\n<tr>\n<td scope=\"row\">Nivel del Ruido<\/td>\n<td>&lt;50dB (a 1 metro)<\/td>\n<\/tr>\n<\/tbody>\n<\/table>\n<div class=\"subtitulo\">\n<h6>Caracter\u00edsticas F\u00edsicas<\/h6>\n<\/div>\n<table class=\"table\">\n<tbody>\n<tr>\n<td scope=\"row\">Peso neto kg<\/td>\n<td>26,2<\/td>\n<\/tr>\n<tr>\n<td scope=\"row\">Tama\u00f1o Neto mm<\/td>\n<td>440x600x86,5<\/td>\n<\/tr>\n<\/tbody>\n<\/table>\n<div class=\"subtitulo\">\n<h6>Seguridad<\/h6>\n<\/div>\n<table class=\"table\">\n<tbody>\n<tr>\n<td scope=\"row\">Seguridad<\/td>\n<td>IEC\/EN62040-1,IEC\/EN60950-1<\/td>\n<\/tr>\n<\/tbody>\n<\/table>\n<div class=\"subtitulo\">\n<h6>EMC<\/h6>\n<\/div>\n<table class=\"table\">\n<tbody>\n<tr>\n<td scope=\"row\">EMC<\/td>\n<td>IEC\/EN62040-2,IEC61000-4-2,IEC61000-4-3,IEC61000-4-4,IEC61000-4-5,IEC610004-6.IEC61000-4-8<\/td>\n<\/tr>\n<\/tbody>\n<\/table>\n<div class=\"subtitulo\">\n<h6>Soporte<\/h6>\n<\/div>\n<table class=\"table\">\n<tbody>\n<tr>\n<td scope=\"row\">Garant\u00eda<\/td>\n<td>3 a\u00f1os UPS, 2 a\u00f1os bater\u00edas<\/td>\n<\/tr>\n<\/tbody>\n<\/table>\n","protected":false},"excerpt":{"rendered":"<div>\n<ul class=\"list-unstyled mb-5\">\n<li>Monof\u00e1sica (1:1)<\/li>\n<li>Potencia 2000VA \/ 1800W.<\/li>\n<li>Factor de Potencia: 0,9<\/li>\n<li>Tipo: Rack \/ Torre, 2 U de espacio en Rack.<\/li>\n<li>Permite conectar Plug&amp;Play hasta 4 bancos de bater\u00edas.<\/li>\n<li>Pantalla LCD de 2 posiciones permite instalar la UPS en formato torre o en rack.<\/li>\n<\/ul>\n<\/div>\n<div class=\"d-flex especificaciones flex-wrap mt-3\"><\/div>\n","protected":false},"featured_media":8304,"comment_status":"closed","ping_status":"closed","template":"","meta":[],"product_brand":[],"product_cat":[53,84],"product_tag":[],"class_list":{"0":"post-8306","1":"product","2":"type-product","3":"status-publish","4":"has-post-thumbnail","6":"product_cat-estabilizadoressupresoresregletasups","7":"product_cat-ups","9":"first","10":"instock","11":"taxable","12":"shipping-taxable","13":"purchasable","14":"product-type-simple"},"_links":{"self":[{"href":"https:\/\/comcellstore.com\/index.php?rest_route=\/wp\/v2\/product\/8306","targetHints":{"allow":["GET"]}}],"collection":[{"href":"https:\/\/comcellstore.com\/index.php?rest_route=\/wp\/v2\/product"}],"about":[{"href":"https:\/\/comcellstore.com\/index.php?rest_route=\/wp\/v2\/types\/product"}],"replies":[{"embeddable":true,"href":"https:\/\/comcellstore.com\/index.php?rest_route=%2Fwp%2Fv2%2Fcomments&post=8306"}],"version-history":[{"count":2,"href":"https:\/\/comcellstore.com\/index.php?rest_route=\/wp\/v2\/product\/8306\/revisions"}],"predecessor-version":[{"id":8308,"href":"https:\/\/comcellstore.com\/index.php?rest_route=\/wp\/v2\/product\/8306\/revisions\/8308"}],"wp:featuredmedia":[{"embeddable":true,"href":"https:\/\/comcellstore.com\/index.php?rest_route=\/wp\/v2\/media\/8304"}],"wp:attachment":[{"href":"https:\/\/comcellstore.com\/index.php?rest_route=%2Fwp%2Fv2%2Fmedia&parent=8306"}],"wp:term":[{"taxonomy":"product_brand","embeddable":true,"href":"https:\/\/comcellstore.com\/index.php?rest_route=%2Fwp%2Fv2%2Fproduct_brand&post=8306"},{"taxonomy":"product_cat","embeddable":true,"href":"https:\/\/comcellstore.com\/index.php?rest_route=%2Fwp%2Fv2%2Fproduct_cat&post=8306"},{"taxonomy":"product_tag","embeddable":true,"href":"https:\/\/comcellstore.com\/index.php?rest_route=%2Fwp%2Fv2%2Fproduct_tag&post=8306"}],"curies":[{"name":"wp","href":"https:\/\/api.w.org\/{rel}","templated":true}]}}