{"id":8521,"date":"2023-04-12T15:09:22","date_gmt":"2023-04-12T15:09:22","guid":{"rendered":"https:\/\/comcellstore.com\/?post_type=product&#038;p=8521"},"modified":"2025-08-14T16:16:27","modified_gmt":"2025-08-14T16:16:27","slug":"voltvlt-a019","status":"publish","type":"product","link":"https:\/\/comcellstore.com\/?product=voltvlt-a019","title":{"rendered":"VOLT<BR>VLT-A019"},"content":{"rendered":"<ul>\n<li>Est\u00e1ndares: IEEE 802.1 1b\/g\/n<\/li>\n<li>Interfaz: USB 2.0<\/li>\n<li>Antena: Fija de 2dBi* 1 (PCB interna) Frecuencia: 2,4 GHz<\/li>\n<li>Velocidad inal\u00e1mbrica: Hasta 150 Mbps sobre 11nG<\/li>\n<li>Frecuencia: 2.400~2.4835GHz<\/li>\n<li>Potencia de transmisi\u00f3n: 18 dBm (m\u00e1x.)<\/li>\n<li>Canal: 13<\/li>\n<li>Sistema operativo compatible: Windows s 2000, Windows 2003, Windows XP de 32\/64 bits, Windows 7 de 32\/64 bits, Linux 2.2X\/2.4X\/2.6X, MAC<\/li>\n<\/ul>\n","protected":false},"excerpt":{"rendered":"<h2>Adaptador Wifi USB 2.0 para PC 300N<\/h2>\n<p>El mini adaptador USB inal\u00e1mbrico N a 300 Mbps nuestro adaptador de Volt est\u00e1 dise\u00f1ado para conectar su computadora port\u00e1til o escritorio una red inal\u00e1mbrica y disfrute de un rendimiento inal\u00e1mbrico de alta velocidad. La yema del dedo admite el modo AP suave. En este modo, funciona como un AP para convertir la red cableada en uno inal\u00e1mbrico, AP para convertir la red cableada en uno inal\u00e1mbrico, lo que hace que la red de LAN inal\u00e1mbrica sea r\u00e1pida y f\u00e1cil. Es compatible con muchos sistemas operativos, lo que permite la conexi\u00f3n de computadoras, port\u00e1tiles y otros dispositivos inal\u00e1mbricos.<\/p>\n","protected":false},"featured_media":8522,"comment_status":"closed","ping_status":"closed","template":"","meta":[],"product_brand":[],"product_cat":[56,68,54,74],"product_tag":[],"class_list":{"0":"post-8521","1":"product","2":"type-product","3":"status-publish","4":"has-post-thumbnail","6":"product_cat-auriculares-mouse-teclados","7":"product_cat-adaptadores","8":"product_cat-routers-switch-repetidor-universal-adaptadores","9":"product_cat-routers","11":"first","12":"outofstock","13":"taxable","14":"shipping-taxable","15":"purchasable","16":"product-type-simple"},"_links":{"self":[{"href":"https:\/\/comcellstore.com\/index.php?rest_route=\/wp\/v2\/product\/8521","targetHints":{"allow":["GET"]}}],"collection":[{"href":"https:\/\/comcellstore.com\/index.php?rest_route=\/wp\/v2\/product"}],"about":[{"href":"https:\/\/comcellstore.com\/index.php?rest_route=\/wp\/v2\/types\/product"}],"replies":[{"embeddable":true,"href":"https:\/\/comcellstore.com\/index.php?rest_route=%2Fwp%2Fv2%2Fcomments&post=8521"}],"version-history":[{"count":1,"href":"https:\/\/comcellstore.com\/index.php?rest_route=\/wp\/v2\/product\/8521\/revisions"}],"predecessor-version":[{"id":8523,"href":"https:\/\/comcellstore.com\/index.php?rest_route=\/wp\/v2\/product\/8521\/revisions\/8523"}],"wp:featuredmedia":[{"embeddable":true,"href":"https:\/\/comcellstore.com\/index.php?rest_route=\/wp\/v2\/media\/8522"}],"wp:attachment":[{"href":"https:\/\/comcellstore.com\/index.php?rest_route=%2Fwp%2Fv2%2Fmedia&parent=8521"}],"wp:term":[{"taxonomy":"product_brand","embeddable":true,"href":"https:\/\/comcellstore.com\/index.php?rest_route=%2Fwp%2Fv2%2Fproduct_brand&post=8521"},{"taxonomy":"product_cat","embeddable":true,"href":"https:\/\/comcellstore.com\/index.php?rest_route=%2Fwp%2Fv2%2Fproduct_cat&post=8521"},{"taxonomy":"product_tag","embeddable":true,"href":"https:\/\/comcellstore.com\/index.php?rest_route=%2Fwp%2Fv2%2Fproduct_tag&post=8521"}],"curies":[{"name":"wp","href":"https:\/\/api.w.org\/{rel}","templated":true}]}}