{"id":8545,"date":"2023-04-12T15:24:50","date_gmt":"2023-04-12T15:24:50","guid":{"rendered":"https:\/\/comcellstore.com\/?post_type=product&#038;p=8545"},"modified":"2025-05-27T19:13:01","modified_gmt":"2025-05-27T19:13:01","slug":"voltvlt-a022","status":"publish","type":"product","link":"https:\/\/comcellstore.com\/?product=voltvlt-a022","title":{"rendered":"VOLT<BR>VLT-A022"},"content":{"rendered":"\t\t<div data-elementor-type=\"product-post\" data-elementor-id=\"8545\" class=\"elementor elementor-8545\" data-elementor-post-type=\"product\">\n\t\t\t\t\t\t<section class=\"elementor-section elementor-top-section elementor-element elementor-element-1817c1e6 elementor-section-boxed elementor-section-height-default elementor-section-height-default\" data-id=\"1817c1e6\" data-element_type=\"section\" data-e-type=\"section\">\n\t\t\t\t\t\t<div class=\"elementor-container elementor-column-gap-default\">\n\t\t\t\t\t<div class=\"elementor-column elementor-col-100 elementor-top-column elementor-element elementor-element-3186d1e0\" data-id=\"3186d1e0\" data-element_type=\"column\" data-e-type=\"column\">\n\t\t\t<div class=\"elementor-widget-wrap elementor-element-populated\">\n\t\t\t\t\t\t<div class=\"elementor-element elementor-element-641b4d8f elementor-widget elementor-widget-text-editor\" data-id=\"641b4d8f\" data-element_type=\"widget\" data-e-type=\"widget\" data-widget_type=\"text-editor.default\">\n\t\t\t\t\t\t\t\t\t<ul>\r\n \t<li>Tipo: Adaptador Tipo C<\/li>\r\n \t<li>Tipo de conector: 1* HDMI \/ 2 *USB 3.0 \/ 1*USB tipo C (datos)\/Ranura SD y Micro<\/li>\r\n \t<li>Resoluci\u00f3n: 4k*2k (3840*2160) 30hz y 4k*2k (3840*2160) 60hz<\/li>\r\n \t<li>Aplicaciones: Macbook, Laptop, celulares, tabletas, PC<\/li>\r\n \t<li>Distancia: hasta 10m<\/li>\r\n \t<li>Largo del cable: 50 cm<\/li>\r\n \t<li>Dimensiones: 180mm.<\/li>\r\n<\/ul>\t\t\t\t\t\t\t\t<\/div>\n\t\t\t\t<div class=\"elementor-element elementor-element-8404672 elementor-arrows-position-inside elementor-pagination-position-outside elementor-widget elementor-widget-image-carousel\" data-id=\"8404672\" data-element_type=\"widget\" data-e-type=\"widget\" data-settings=\"{&quot;navigation&quot;:&quot;both&quot;,&quot;autoplay&quot;:&quot;yes&quot;,&quot;pause_on_hover&quot;:&quot;yes&quot;,&quot;pause_on_interaction&quot;:&quot;yes&quot;,&quot;autoplay_speed&quot;:5000,&quot;infinite&quot;:&quot;yes&quot;,&quot;speed&quot;:500}\" data-widget_type=\"image-carousel.default\">\n\t\t\t\t\t\t\t<div class=\"elementor-image-carousel-wrapper swiper\" role=\"region\" aria-roledescription=\"carousel\" aria-label=\"Carrusel de im\u00e1genes\" dir=\"ltr\">\n\t\t\t<div class=\"elementor-image-carousel swiper-wrapper\" aria-live=\"off\">\n\t\t\t\t\t\t\t\t<div class=\"swiper-slide\" role=\"group\" aria-roledescription=\"slide\" aria-label=\"1 de 6\"><figure class=\"swiper-slide-inner\"><img decoding=\"async\" class=\"swiper-slide-image\" src=\"https:\/\/comcellstore.com\/wp-content\/uploads\/2023\/04\/413UXv3YLxL._SL500_-300x300.jpg\" alt=\"413UXv3YLxL._SL500_\" \/><\/figure><\/div><div class=\"swiper-slide\" role=\"group\" aria-roledescription=\"slide\" aria-label=\"2 de 6\"><figure class=\"swiper-slide-inner\"><img decoding=\"async\" class=\"swiper-slide-image\" src=\"https:\/\/comcellstore.com\/wp-content\/uploads\/2023\/04\/61IQdaFBqFS._AC_SL1000_-300x300.jpg\" alt=\"61IQdaFBqFS._AC_SL1000_\" \/><\/figure><\/div><div class=\"swiper-slide\" role=\"group\" aria-roledescription=\"slide\" aria-label=\"3 de 6\"><figure class=\"swiper-slide-inner\"><img decoding=\"async\" class=\"swiper-slide-image\" src=\"https:\/\/comcellstore.com\/wp-content\/uploads\/2023\/04\/51wLhkwJpNL._SL500_-300x300.jpg\" alt=\"51wLhkwJpNL._SL500_\" \/><\/figure><\/div><div class=\"swiper-slide\" role=\"group\" aria-roledescription=\"slide\" aria-label=\"4 de 6\"><figure class=\"swiper-slide-inner\"><img decoding=\"async\" class=\"swiper-slide-image\" src=\"https:\/\/comcellstore.com\/wp-content\/uploads\/2023\/04\/41T8wPi8TQL._SL500_-300x300.jpg\" alt=\"41T8wPi8TQL._SL500_\" \/><\/figure><\/div><div class=\"swiper-slide\" role=\"group\" aria-roledescription=\"slide\" aria-label=\"5 de 6\"><figure class=\"swiper-slide-inner\"><img decoding=\"async\" class=\"swiper-slide-image\" src=\"https:\/\/comcellstore.com\/wp-content\/uploads\/2023\/04\/3-300x300.png\" alt=\"3\" \/><\/figure><\/div><div class=\"swiper-slide\" role=\"group\" aria-roledescription=\"slide\" aria-label=\"6 de 6\"><figure class=\"swiper-slide-inner\"><img decoding=\"async\" class=\"swiper-slide-image\" src=\"https:\/\/comcellstore.com\/wp-content\/uploads\/2023\/04\/2-300x300.png\" alt=\"2\" \/><\/figure><\/div>\t\t\t<\/div>\n\t\t\t\t\t\t\t\t\t\t\t\t<div class=\"elementor-swiper-button elementor-swiper-button-prev\" role=\"button\" tabindex=\"0\">\n\t\t\t\t\t\t<svg aria-hidden=\"true\" class=\"e-font-icon-svg e-eicon-chevron-left\" viewBox=\"0 0 1000 1000\" xmlns=\"http:\/\/www.w3.org\/2000\/svg\"><path d=\"M646 125C629 125 613 133 604 142L308 442C296 454 292 471 292 487 292 504 296 521 308 533L604 854C617 867 629 875 646 875 663 875 679 871 692 858 704 846 713 829 713 812 713 796 708 779 692 767L438 487 692 225C700 217 708 204 708 187 708 171 704 154 692 142 675 129 663 125 646 125Z\"><\/path><\/svg>\t\t\t\t\t<\/div>\n\t\t\t\t\t<div class=\"elementor-swiper-button elementor-swiper-button-next\" role=\"button\" tabindex=\"0\">\n\t\t\t\t\t\t<svg aria-hidden=\"true\" class=\"e-font-icon-svg e-eicon-chevron-right\" viewBox=\"0 0 1000 1000\" xmlns=\"http:\/\/www.w3.org\/2000\/svg\"><path d=\"M696 533C708 521 713 504 713 487 713 471 708 454 696 446L400 146C388 133 375 125 354 125 338 125 325 129 313 142 300 154 292 171 292 187 292 204 296 221 308 233L563 492 304 771C292 783 288 800 288 817 288 833 296 850 308 863 321 871 338 875 354 875 371 875 388 867 400 854L696 533Z\"><\/path><\/svg>\t\t\t\t\t<\/div>\n\t\t\t\t\n\t\t\t\t\t\t\t\t\t<div class=\"swiper-pagination\"><\/div>\n\t\t\t\t\t\t\t\t\t<\/div>\n\t\t\t\t\t\t<\/div>\n\t\t\t\t\t<\/div>\n\t\t<\/div>\n\t\t\t\t\t<\/div>\n\t\t<\/section>\n\t\t\t\t<\/div>\n\t\t","protected":false},"excerpt":{"rendered":"<h2>Estaci\u00f3n de acoplamiento USB tipo C para computadora port\u00e1til 6 en 1 (HDMI DisplayPort, Ethernet, Puertos SD\/TF, USB C\/A)<\/h2>\n<p>&nbsp;<\/p>\n<p>Especialmente dise\u00f1ado para MacBook y otros dispositivos habilitados est\u00e1ndar tipo C (completamente funcionales), expande 1 puerto USB C a m\u00faltiples puertos. Satisface todas tus necesidades con un hub.Plug and play para ampliar tus capacidades de MacBook, conveniente para llevarlo contigo en movimiento.<\/p>\n<p>[HDMI 4K de alta resoluci\u00f3n] el adaptador HDMI USB C le permite reproducir o ampliar la pantalla de su MacBook\/otro dispositivo tipo c a la TV, monitor o proyector con resoluci\u00f3n de hasta 4K UHD (3840\u00d72160 @ 30Hz) .<\/p>\n<p>Cuenta con 2 entradas USB 3.0 puertos de transferencia de datos a la velocidad de hasta 5Gbps y permiten para conectar tres perif\u00e9ricos simult\u00e1neamente incluyendo teclados ratones disco duro Compatible con USB 2.0, as\u00ed mismo dispositivos con ranuras SD y TF, se accede f\u00e1cilmente a leer tarjetas de memoria Micro SD de tel\u00e9fonos m\u00f3viles y tarjetas TF de c\u00e1maras al mismo tiempo. Admite tarjetas de memoria SD y tarjetas de memoria TF de hasta 512G. Herramienta Ideal para fot\u00f3grafos o dise\u00f1adores<\/p>\n","protected":false},"featured_media":8546,"comment_status":"closed","ping_status":"closed","template":"","meta":[],"product_brand":[],"product_cat":[49,56,68,102],"product_tag":[],"class_list":{"0":"post-8545","1":"product","2":"type-product","3":"status-publish","4":"has-post-thumbnail","6":"product_cat-accesorios-moviles","7":"product_cat-auriculares-mouse-teclados","8":"product_cat-adaptadores","9":"product_cat-cable-hdmi","11":"first","12":"instock","13":"taxable","14":"shipping-taxable","15":"purchasable","16":"product-type-simple"},"_links":{"self":[{"href":"https:\/\/comcellstore.com\/index.php?rest_route=\/wp\/v2\/product\/8545","targetHints":{"allow":["GET"]}}],"collection":[{"href":"https:\/\/comcellstore.com\/index.php?rest_route=\/wp\/v2\/product"}],"about":[{"href":"https:\/\/comcellstore.com\/index.php?rest_route=\/wp\/v2\/types\/product"}],"replies":[{"embeddable":true,"href":"https:\/\/comcellstore.com\/index.php?rest_route=%2Fwp%2Fv2%2Fcomments&post=8545"}],"version-history":[{"count":4,"href":"https:\/\/comcellstore.com\/index.php?rest_route=\/wp\/v2\/product\/8545\/revisions"}],"predecessor-version":[{"id":8559,"href":"https:\/\/comcellstore.com\/index.php?rest_route=\/wp\/v2\/product\/8545\/revisions\/8559"}],"wp:featuredmedia":[{"embeddable":true,"href":"https:\/\/comcellstore.com\/index.php?rest_route=\/wp\/v2\/media\/8546"}],"wp:attachment":[{"href":"https:\/\/comcellstore.com\/index.php?rest_route=%2Fwp%2Fv2%2Fmedia&parent=8545"}],"wp:term":[{"taxonomy":"product_brand","embeddable":true,"href":"https:\/\/comcellstore.com\/index.php?rest_route=%2Fwp%2Fv2%2Fproduct_brand&post=8545"},{"taxonomy":"product_cat","embeddable":true,"href":"https:\/\/comcellstore.com\/index.php?rest_route=%2Fwp%2Fv2%2Fproduct_cat&post=8545"},{"taxonomy":"product_tag","embeddable":true,"href":"https:\/\/comcellstore.com\/index.php?rest_route=%2Fwp%2Fv2%2Fproduct_tag&post=8545"}],"curies":[{"name":"wp","href":"https:\/\/api.w.org\/{rel}","templated":true}]}}