{"id":8572,"date":"2023-04-12T15:36:12","date_gmt":"2023-04-12T15:36:12","guid":{"rendered":"https:\/\/comcellstore.com\/?post_type=product&#038;p=8572"},"modified":"2025-05-27T19:07:33","modified_gmt":"2025-05-27T19:07:33","slug":"voltvlt-a016","status":"publish","type":"product","link":"https:\/\/comcellstore.com\/?product=voltvlt-a016","title":{"rendered":"VOLT<BR>VLT-A016"},"content":{"rendered":"\t\t<div data-elementor-type=\"product-post\" data-elementor-id=\"8572\" class=\"elementor elementor-8572\" data-elementor-post-type=\"product\">\n\t\t\t\t\t\t<section class=\"elementor-section elementor-top-section elementor-element elementor-element-b9596e elementor-section-boxed elementor-section-height-default elementor-section-height-default\" data-id=\"b9596e\" data-element_type=\"section\" data-e-type=\"section\">\n\t\t\t\t\t\t<div class=\"elementor-container elementor-column-gap-default\">\n\t\t\t\t\t<div class=\"elementor-column elementor-col-100 elementor-top-column elementor-element elementor-element-383049e6\" data-id=\"383049e6\" data-element_type=\"column\" data-e-type=\"column\">\n\t\t\t<div class=\"elementor-widget-wrap elementor-element-populated\">\n\t\t\t\t\t\t<div class=\"elementor-element elementor-element-7c753879 elementor-widget elementor-widget-text-editor\" data-id=\"7c753879\" data-element_type=\"widget\" data-e-type=\"widget\" data-widget_type=\"text-editor.default\">\n\t\t\t\t\t\t\t\t\t<ul>\r\n \t<li>Tipo: Adaptador multi puerto USB Tipo C 3-en-1<\/li>\r\n \t<li>Tipo de conector Puerto de entrada y salida USB 3.1 Tipo C macho, puerto de entrada y salida USB 3.1 Tipo C hembra para carga. Potencia de entrada y salida: 5VCC\/1A, puerto de salida HDMI hembra, puerto de entrada y salida USB 3.0 hembra<\/li>\r\n \t<li>Resoluci\u00f3n: 4K (3840 x 2160p)<\/li>\r\n \t<li>Velocidad de transferencia: 5Gbps<\/li>\r\n \t<li>Material de contacto: Enchapado en oro<\/li>\r\n \t<li>Material del conductor: Cobre<\/li>\r\n \t<li>Longitud: 15cm<\/li>\r\n<\/ul>\t\t\t\t\t\t\t\t<\/div>\n\t\t\t\t<div class=\"elementor-element elementor-element-4ba0eec elementor-arrows-position-inside elementor-pagination-position-outside elementor-widget elementor-widget-image-carousel\" data-id=\"4ba0eec\" data-element_type=\"widget\" data-e-type=\"widget\" data-settings=\"{&quot;navigation&quot;:&quot;both&quot;,&quot;autoplay&quot;:&quot;yes&quot;,&quot;pause_on_hover&quot;:&quot;yes&quot;,&quot;pause_on_interaction&quot;:&quot;yes&quot;,&quot;autoplay_speed&quot;:5000,&quot;infinite&quot;:&quot;yes&quot;,&quot;speed&quot;:500}\" data-widget_type=\"image-carousel.default\">\n\t\t\t\t\t\t\t<div class=\"elementor-image-carousel-wrapper swiper\" role=\"region\" aria-roledescription=\"carousel\" aria-label=\"Carrusel de im\u00e1genes\" dir=\"ltr\">\n\t\t\t<div class=\"elementor-image-carousel swiper-wrapper\" aria-live=\"off\">\n\t\t\t\t\t\t\t\t<div class=\"swiper-slide\" role=\"group\" aria-roledescription=\"slide\" aria-label=\"1 de 7\"><figure class=\"swiper-slide-inner\"><img decoding=\"async\" class=\"swiper-slide-image\" src=\"https:\/\/comcellstore.com\/wp-content\/uploads\/2023\/04\/81fjQkaHL._AC_SL1500_-300x300.jpg\" alt=\"81fjQkaH++L._AC_SL1500_\" \/><\/figure><\/div><div class=\"swiper-slide\" role=\"group\" aria-roledescription=\"slide\" aria-label=\"2 de 7\"><figure class=\"swiper-slide-inner\"><img decoding=\"async\" class=\"swiper-slide-image\" src=\"https:\/\/comcellstore.com\/wp-content\/uploads\/2023\/04\/71xiYYiOVLL._AC_SL1500_-300x300.jpg\" alt=\"71xiYYiOVLL._AC_SL1500_\" \/><\/figure><\/div><div class=\"swiper-slide\" role=\"group\" aria-roledescription=\"slide\" aria-label=\"3 de 7\"><figure class=\"swiper-slide-inner\"><img decoding=\"async\" class=\"swiper-slide-image\" src=\"https:\/\/comcellstore.com\/wp-content\/uploads\/2023\/04\/71sJbBlGRkL._AC_SL1500_-300x300.jpg\" alt=\"71sJbBlGRkL._AC_SL1500_\" \/><\/figure><\/div><div class=\"swiper-slide\" role=\"group\" aria-roledescription=\"slide\" aria-label=\"4 de 7\"><figure class=\"swiper-slide-inner\"><img decoding=\"async\" class=\"swiper-slide-image\" src=\"https:\/\/comcellstore.com\/wp-content\/uploads\/2023\/04\/71ixgiSFH4L._AC_SL1500_-300x300.jpg\" alt=\"71ixgiSFH4L._AC_SL1500_\" \/><\/figure><\/div><div class=\"swiper-slide\" role=\"group\" aria-roledescription=\"slide\" aria-label=\"5 de 7\"><figure class=\"swiper-slide-inner\"><img decoding=\"async\" class=\"swiper-slide-image\" src=\"https:\/\/comcellstore.com\/wp-content\/uploads\/2023\/04\/61YusAnfoKL._AC_SL1500_-298x300.jpg\" alt=\"61YusAnfoKL._AC_SL1500_\" \/><\/figure><\/div><div class=\"swiper-slide\" role=\"group\" aria-roledescription=\"slide\" aria-label=\"6 de 7\"><figure class=\"swiper-slide-inner\"><img decoding=\"async\" class=\"swiper-slide-image\" src=\"https:\/\/comcellstore.com\/wp-content\/uploads\/2023\/04\/61Tv8NVqi2L._AC_SL1500_-300x287.jpg\" alt=\"61Tv8NVqi2L._AC_SL1500_\" \/><\/figure><\/div><div class=\"swiper-slide\" role=\"group\" aria-roledescription=\"slide\" aria-label=\"7 de 7\"><figure class=\"swiper-slide-inner\"><img decoding=\"async\" class=\"swiper-slide-image\" src=\"https:\/\/comcellstore.com\/wp-content\/uploads\/2023\/04\/61f2kGZV-kL._AC_SL1500_-300x300.jpg\" alt=\"61f2kGZV-kL._AC_SL1500_\" \/><\/figure><\/div>\t\t\t<\/div>\n\t\t\t\t\t\t\t\t\t\t\t\t<div class=\"elementor-swiper-button elementor-swiper-button-prev\" role=\"button\" tabindex=\"0\">\n\t\t\t\t\t\t<svg aria-hidden=\"true\" class=\"e-font-icon-svg e-eicon-chevron-left\" viewBox=\"0 0 1000 1000\" xmlns=\"http:\/\/www.w3.org\/2000\/svg\"><path d=\"M646 125C629 125 613 133 604 142L308 442C296 454 292 471 292 487 292 504 296 521 308 533L604 854C617 867 629 875 646 875 663 875 679 871 692 858 704 846 713 829 713 812 713 796 708 779 692 767L438 487 692 225C700 217 708 204 708 187 708 171 704 154 692 142 675 129 663 125 646 125Z\"><\/path><\/svg>\t\t\t\t\t<\/div>\n\t\t\t\t\t<div class=\"elementor-swiper-button elementor-swiper-button-next\" role=\"button\" tabindex=\"0\">\n\t\t\t\t\t\t<svg aria-hidden=\"true\" class=\"e-font-icon-svg e-eicon-chevron-right\" viewBox=\"0 0 1000 1000\" xmlns=\"http:\/\/www.w3.org\/2000\/svg\"><path d=\"M696 533C708 521 713 504 713 487 713 471 708 454 696 446L400 146C388 133 375 125 354 125 338 125 325 129 313 142 300 154 292 171 292 187 292 204 296 221 308 233L563 492 304 771C292 783 288 800 288 817 288 833 296 850 308 863 321 871 338 875 354 875 371 875 388 867 400 854L696 533Z\"><\/path><\/svg>\t\t\t\t\t<\/div>\n\t\t\t\t\n\t\t\t\t\t\t\t\t\t<div class=\"swiper-pagination\"><\/div>\n\t\t\t\t\t\t\t\t\t<\/div>\n\t\t\t\t\t\t<\/div>\n\t\t\t\t\t<\/div>\n\t\t<\/div>\n\t\t\t\t\t<\/div>\n\t\t<\/section>\n\t\t\t\t<\/div>\n\t\t","protected":false},"excerpt":{"rendered":"<h2>Tipo-C Multipuerto 3 en 1 (HDMI, TIPO C, USB)<\/h2>\n<p>El adaptador multipuerto USB tipo C 3 en 1 te ofrece una c\u00f3moda transmisi\u00f3n de datos y carga a trav\u00e9s del puerto macho USB 3.1 tipo C, que incluye un puerto USB 3.1 hembra para cargar tus dispositivos y tenerlos siempre listos para usar, conecta tu laptop o computadora para mostrar su pantalla a tu televisor habilitado para HDMI a trav\u00e9s del puerto HDMI hembra, con resoluciones de hasta 4K (3840 x 2160p)<\/p>\n","protected":false},"featured_media":8573,"comment_status":"closed","ping_status":"closed","template":"","meta":[],"product_brand":[],"product_cat":[49,56,68,102,51,97],"product_tag":[],"class_list":{"0":"post-8572","1":"product","2":"type-product","3":"status-publish","4":"has-post-thumbnail","6":"product_cat-accesorios-moviles","7":"product_cat-auriculares-mouse-teclados","8":"product_cat-adaptadores","9":"product_cat-cable-hdmi","10":"product_cat-cables","11":"product_cat-cables-y-adaptadores-pc","13":"first","14":"instock","15":"taxable","16":"shipping-taxable","17":"purchasable","18":"product-type-simple"},"_links":{"self":[{"href":"https:\/\/comcellstore.com\/index.php?rest_route=\/wp\/v2\/product\/8572","targetHints":{"allow":["GET"]}}],"collection":[{"href":"https:\/\/comcellstore.com\/index.php?rest_route=\/wp\/v2\/product"}],"about":[{"href":"https:\/\/comcellstore.com\/index.php?rest_route=\/wp\/v2\/types\/product"}],"replies":[{"embeddable":true,"href":"https:\/\/comcellstore.com\/index.php?rest_route=%2Fwp%2Fv2%2Fcomments&post=8572"}],"version-history":[{"count":4,"href":"https:\/\/comcellstore.com\/index.php?rest_route=\/wp\/v2\/product\/8572\/revisions"}],"predecessor-version":[{"id":8585,"href":"https:\/\/comcellstore.com\/index.php?rest_route=\/wp\/v2\/product\/8572\/revisions\/8585"}],"wp:featuredmedia":[{"embeddable":true,"href":"https:\/\/comcellstore.com\/index.php?rest_route=\/wp\/v2\/media\/8573"}],"wp:attachment":[{"href":"https:\/\/comcellstore.com\/index.php?rest_route=%2Fwp%2Fv2%2Fmedia&parent=8572"}],"wp:term":[{"taxonomy":"product_brand","embeddable":true,"href":"https:\/\/comcellstore.com\/index.php?rest_route=%2Fwp%2Fv2%2Fproduct_brand&post=8572"},{"taxonomy":"product_cat","embeddable":true,"href":"https:\/\/comcellstore.com\/index.php?rest_route=%2Fwp%2Fv2%2Fproduct_cat&post=8572"},{"taxonomy":"product_tag","embeddable":true,"href":"https:\/\/comcellstore.com\/index.php?rest_route=%2Fwp%2Fv2%2Fproduct_tag&post=8572"}],"curies":[{"name":"wp","href":"https:\/\/api.w.org\/{rel}","templated":true}]}}