{"id":8611,"date":"2023-04-12T16:00:13","date_gmt":"2023-04-12T16:00:13","guid":{"rendered":"https:\/\/comcellstore.com\/?post_type=product&#038;p=8611"},"modified":"2024-06-26T19:15:59","modified_gmt":"2024-06-26T19:15:59","slug":"voltvlt-c024","status":"publish","type":"product","link":"https:\/\/comcellstore.com\/?product=voltvlt-c024","title":{"rendered":"VOLT<BR>VLT-C024"},"content":{"rendered":"\t\t<div data-elementor-type=\"product-post\" data-elementor-id=\"8611\" class=\"elementor elementor-8611\" data-elementor-post-type=\"product\">\n\t\t\t\t\t\t<section class=\"elementor-section elementor-top-section elementor-element elementor-element-5754d2f7 elementor-section-boxed elementor-section-height-default elementor-section-height-default\" data-id=\"5754d2f7\" data-element_type=\"section\" data-e-type=\"section\">\n\t\t\t\t\t\t<div class=\"elementor-container elementor-column-gap-default\">\n\t\t\t\t\t<div class=\"elementor-column elementor-col-100 elementor-top-column elementor-element elementor-element-796d87f4\" data-id=\"796d87f4\" data-element_type=\"column\" data-e-type=\"column\">\n\t\t\t<div class=\"elementor-widget-wrap elementor-element-populated\">\n\t\t\t\t\t\t<div class=\"elementor-element elementor-element-76a3fe1d elementor-widget elementor-widget-text-editor\" data-id=\"76a3fe1d\" data-element_type=\"widget\" data-e-type=\"widget\" data-widget_type=\"text-editor.default\">\n\t\t\t\t\t\t\t\t\t<p class=\"mb-2 ff-jura\" data-v-2ad5fcf0=\"\"><b data-v-2ad5fcf0=\"\">Pares:<\/b>\u00a04P<\/p>\r\n<p class=\"mb-2 ff-jura\" data-v-2ad5fcf0=\"\"><b data-v-2ad5fcf0=\"\">Calibre:<\/b>\u00a023AWG<\/p>\r\n<p class=\"mb-2 ff-jura\" data-v-2ad5fcf0=\"\"><b data-v-2ad5fcf0=\"\">Blindaje:<\/b>\u00a0U\/UTP<\/p>\r\n<p class=\"mb-2 ff-jura\" data-v-2ad5fcf0=\"\"><b data-v-2ad5fcf0=\"\">Resistencia al fuego:<\/b>\u00a0CM<\/p>\r\n<p class=\"mb-2 ff-jura\" data-v-2ad5fcf0=\"\"><b data-v-2ad5fcf0=\"\">Longitud:\u00a0<\/b><span data-v-2ad5fcf0=\"\">305 m\/1000 pies,\u00a0<\/span><span data-v-2ad5fcf0=\"\">328 pies\/100 m<\/span><\/p>\t\t\t\t\t\t\t\t<\/div>\n\t\t\t\t<div class=\"elementor-element elementor-element-e369e51 elementor-arrows-position-inside elementor-pagination-position-outside elementor-widget elementor-widget-image-carousel\" data-id=\"e369e51\" data-element_type=\"widget\" data-e-type=\"widget\" data-settings=\"{&quot;slides_to_show&quot;:&quot;1&quot;,&quot;navigation&quot;:&quot;both&quot;,&quot;autoplay&quot;:&quot;yes&quot;,&quot;pause_on_hover&quot;:&quot;yes&quot;,&quot;pause_on_interaction&quot;:&quot;yes&quot;,&quot;autoplay_speed&quot;:5000,&quot;infinite&quot;:&quot;yes&quot;,&quot;effect&quot;:&quot;slide&quot;,&quot;speed&quot;:500}\" data-widget_type=\"image-carousel.default\">\n\t\t\t\t\t\t\t<div class=\"elementor-image-carousel-wrapper swiper\" role=\"region\" aria-roledescription=\"carousel\" aria-label=\"Carrusel de im\u00e1genes\" dir=\"ltr\">\n\t\t\t<div class=\"elementor-image-carousel swiper-wrapper\" aria-live=\"off\">\n\t\t\t\t\t\t\t\t<div class=\"swiper-slide\" role=\"group\" aria-roledescription=\"slide\" aria-label=\"1 de 1\"><figure class=\"swiper-slide-inner\"><img decoding=\"async\" class=\"swiper-slide-image\" src=\"https:\/\/comcellstore.com\/wp-content\/uploads\/2023\/04\/travel_social_media_banner_21-768x768.jpg\" alt=\"travel_social_media_banner_21\" \/><\/figure><\/div>\t\t\t<\/div>\n\t\t\t\t\t<\/div>\n\t\t\t\t\t\t<\/div>\n\t\t\t\t\t<\/div>\n\t\t<\/div>\n\t\t\t\t\t<\/div>\n\t\t<\/section>\n\t\t\t\t<\/div>\n\t\t","protected":false},"excerpt":{"rendered":"<h2>Cable UTP Cat6<\/h2>\n<p>&nbsp;<\/p>\n<p>Nuestro cable UTP de categor\u00eda 6 est\u00e1 dise\u00f1ado para la transmisi\u00f3n de datos a la m\u00e1xima velocidad y consta de 4 pares de cables de cobre de 23 AWG.\u00a0Fabricado de acuerdo con los m\u00e1s altos est\u00e1ndares de transmisi\u00f3n de datos para redes LAN, la configuraci\u00f3n de par trenzado Cat.6 garantiza un rendimiento superior y cumple con todos los est\u00e1ndares el\u00e9ctricos y de telecomunicaciones internacionales, incluidos ANSI\/TIA\/EIA-568 C.2 e ISO\/IEC 11801. Es perfecto para instalaciones de cable estructurado de todo tipo.\u00a0Viene en cajas con 2 presentaciones: carretes de 1000 y 328 pies (100 y 300 metros)<\/p>\n<p>\u00b7 Dise\u00f1ado para la transm isi\u00f3n de datos a alta velocidad<br \/>\n\u00b7 Cum ple con todas las norm as internacionales el\u00e9ctricas y de<br \/>\ntelecom unicaciones<br \/>\n\u00b7 Ideal para todo tipo de instalaci\u00f3n de cableado estructurado<\/p>\n","protected":false},"featured_media":8612,"comment_status":"closed","ping_status":"closed","template":"","meta":[],"product_brand":[],"product_cat":[70],"product_tag":[],"class_list":{"0":"post-8611","1":"product","2":"type-product","3":"status-publish","4":"has-post-thumbnail","6":"product_cat-cable-utp","8":"first","9":"outofstock","10":"taxable","11":"shipping-taxable","12":"purchasable","13":"product-type-simple"},"_links":{"self":[{"href":"https:\/\/comcellstore.com\/index.php?rest_route=\/wp\/v2\/product\/8611","targetHints":{"allow":["GET"]}}],"collection":[{"href":"https:\/\/comcellstore.com\/index.php?rest_route=\/wp\/v2\/product"}],"about":[{"href":"https:\/\/comcellstore.com\/index.php?rest_route=\/wp\/v2\/types\/product"}],"replies":[{"embeddable":true,"href":"https:\/\/comcellstore.com\/index.php?rest_route=%2Fwp%2Fv2%2Fcomments&post=8611"}],"version-history":[{"count":4,"href":"https:\/\/comcellstore.com\/index.php?rest_route=\/wp\/v2\/product\/8611\/revisions"}],"predecessor-version":[{"id":8618,"href":"https:\/\/comcellstore.com\/index.php?rest_route=\/wp\/v2\/product\/8611\/revisions\/8618"}],"wp:featuredmedia":[{"embeddable":true,"href":"https:\/\/comcellstore.com\/index.php?rest_route=\/wp\/v2\/media\/8612"}],"wp:attachment":[{"href":"https:\/\/comcellstore.com\/index.php?rest_route=%2Fwp%2Fv2%2Fmedia&parent=8611"}],"wp:term":[{"taxonomy":"product_brand","embeddable":true,"href":"https:\/\/comcellstore.com\/index.php?rest_route=%2Fwp%2Fv2%2Fproduct_brand&post=8611"},{"taxonomy":"product_cat","embeddable":true,"href":"https:\/\/comcellstore.com\/index.php?rest_route=%2Fwp%2Fv2%2Fproduct_cat&post=8611"},{"taxonomy":"product_tag","embeddable":true,"href":"https:\/\/comcellstore.com\/index.php?rest_route=%2Fwp%2Fv2%2Fproduct_tag&post=8611"}],"curies":[{"name":"wp","href":"https:\/\/api.w.org\/{rel}","templated":true}]}}