{"id":8621,"date":"2023-04-12T16:05:29","date_gmt":"2023-04-12T16:05:29","guid":{"rendered":"https:\/\/comcellstore.com\/?post_type=product&#038;p=8621"},"modified":"2024-06-26T19:16:07","modified_gmt":"2024-06-26T19:16:07","slug":"voltvlt-c024-2","status":"publish","type":"product","link":"https:\/\/comcellstore.com\/?product=voltvlt-c024-2","title":{"rendered":"VOLT<BR>VLT-C024"},"content":{"rendered":"\t\t<div data-elementor-type=\"product-post\" data-elementor-id=\"8621\" class=\"elementor elementor-8621\" data-elementor-post-type=\"product\">\n\t\t\t\t<div class=\"elementor-element elementor-element-a182e48 e-flex e-con-boxed e-con e-parent\" data-id=\"a182e48\" data-element_type=\"container\" data-e-type=\"container\">\n\t\t\t\t\t<div class=\"e-con-inner\">\n\t\t\t\t<div class=\"elementor-element elementor-element-ed7f18e elementor-arrows-position-inside elementor-pagination-position-outside elementor-widget elementor-widget-image-carousel\" data-id=\"ed7f18e\" data-element_type=\"widget\" data-e-type=\"widget\" data-settings=\"{&quot;slides_to_show&quot;:&quot;1&quot;,&quot;navigation&quot;:&quot;both&quot;,&quot;autoplay&quot;:&quot;yes&quot;,&quot;pause_on_hover&quot;:&quot;yes&quot;,&quot;pause_on_interaction&quot;:&quot;yes&quot;,&quot;autoplay_speed&quot;:5000,&quot;infinite&quot;:&quot;yes&quot;,&quot;effect&quot;:&quot;slide&quot;,&quot;speed&quot;:500}\" data-widget_type=\"image-carousel.default\">\n\t\t\t\t\t\t\t<div class=\"elementor-image-carousel-wrapper swiper\" role=\"region\" aria-roledescription=\"carousel\" aria-label=\"Carrusel de im\u00e1genes\" dir=\"ltr\">\n\t\t\t<div class=\"elementor-image-carousel swiper-wrapper\" aria-live=\"off\">\n\t\t\t\t\t\t\t\t<div class=\"swiper-slide\" role=\"group\" aria-roledescription=\"slide\" aria-label=\"1 de 1\"><figure class=\"swiper-slide-inner\"><img decoding=\"async\" class=\"swiper-slide-image\" src=\"https:\/\/comcellstore.com\/wp-content\/uploads\/2023\/04\/Sin-titulo-1-1024x1024.jpg\" alt=\"Sin t\u00edtulo-1\" \/><\/figure><\/div>\t\t\t<\/div>\n\t\t\t\t\t<\/div>\n\t\t\t\t\t\t<\/div>\n\t\t\t\t\t<\/div>\n\t\t\t\t<\/div>\n\t\t\t\t<\/div>\n\t\t","protected":false},"excerpt":{"rendered":"<h2>Cable F\/UTP para exteriores Cat6<\/h2>\n<p>Nuestro cable F\/UTP de categor\u00eda 6 para exteriores consta de cuatro pares trenzados laminados\/sin blindaje de hilos de cobre de 23 AWG.\u00a0Fabricado de acuerdo con los m\u00e1s altos est\u00e1ndares de transmisi\u00f3n de datos para redes LAN, la configuraci\u00f3n de par trenzado Cat 6 garantiza un rendimiento superior;\u00a0es perfecto para cualquier instalaci\u00f3n que requiera cable de exterior de alta resistencia.\u00a0Protegido de cualquier clima u otros factores externos con una cubierta de polietileno de alta densidad (HDPE), tipo CMX, 23AWG x 4P ANSI\/TIA-568-C.2, ISO\/IEC 11801 Cable horizontal (conductor s\u00f3lido).\u00a0Disponible en un carrete de madera con 1000 pies (305 m) de cable.<\/p>\n<p>INTRODUCCI\u00d3N<br \/>\nLos cables s\u00f3lidos son los m ejores cables de par trenzado del m ercado para transmitir datos a trav\u00e9s de redes de \u00e1rea local.<br \/>\n(LAN). Estos cables superan los requisitos de rendimiento especi\ufb01cados por TIA\/EIA-568C.2 e IEC<br \/>\n60603-7-4 norm as.<br \/>\nA medida que la transmisi\u00f3n de video y multimedia a trav\u00e9s de LAN est\u00e1 ganando popularidad, los usuarios exigen una transmisi\u00f3n<br \/>\nde datos m\u00e1s r\u00e1pida y tiempo de espera reducido. Los cables son ideales para un rendimiento de transmisi\u00f3n simple, rentable y de alta velocidad.<br \/>\nAdmiten una mayor relaci\u00f3n se\u00f1al-ruido, lo que proporciona una mejor con\ufb01abilidad para las aplicaciones actuales y datos m\u00e1s altos.<br \/>\ntasas para futuras aplicaciones.<\/p>\n","protected":false},"featured_media":8625,"comment_status":"closed","ping_status":"closed","template":"","meta":[],"product_brand":[],"product_cat":[70],"product_tag":[],"class_list":{"0":"post-8621","1":"product","2":"type-product","3":"status-publish","4":"has-post-thumbnail","6":"product_cat-cable-utp","8":"first","9":"outofstock","10":"taxable","11":"shipping-taxable","12":"purchasable","13":"product-type-simple"},"_links":{"self":[{"href":"https:\/\/comcellstore.com\/index.php?rest_route=\/wp\/v2\/product\/8621","targetHints":{"allow":["GET"]}}],"collection":[{"href":"https:\/\/comcellstore.com\/index.php?rest_route=\/wp\/v2\/product"}],"about":[{"href":"https:\/\/comcellstore.com\/index.php?rest_route=\/wp\/v2\/types\/product"}],"replies":[{"embeddable":true,"href":"https:\/\/comcellstore.com\/index.php?rest_route=%2Fwp%2Fv2%2Fcomments&post=8621"}],"version-history":[{"count":4,"href":"https:\/\/comcellstore.com\/index.php?rest_route=\/wp\/v2\/product\/8621\/revisions"}],"predecessor-version":[{"id":8629,"href":"https:\/\/comcellstore.com\/index.php?rest_route=\/wp\/v2\/product\/8621\/revisions\/8629"}],"wp:featuredmedia":[{"embeddable":true,"href":"https:\/\/comcellstore.com\/index.php?rest_route=\/wp\/v2\/media\/8625"}],"wp:attachment":[{"href":"https:\/\/comcellstore.com\/index.php?rest_route=%2Fwp%2Fv2%2Fmedia&parent=8621"}],"wp:term":[{"taxonomy":"product_brand","embeddable":true,"href":"https:\/\/comcellstore.com\/index.php?rest_route=%2Fwp%2Fv2%2Fproduct_brand&post=8621"},{"taxonomy":"product_cat","embeddable":true,"href":"https:\/\/comcellstore.com\/index.php?rest_route=%2Fwp%2Fv2%2Fproduct_cat&post=8621"},{"taxonomy":"product_tag","embeddable":true,"href":"https:\/\/comcellstore.com\/index.php?rest_route=%2Fwp%2Fv2%2Fproduct_tag&post=8621"}],"curies":[{"name":"wp","href":"https:\/\/api.w.org\/{rel}","templated":true}]}}