{"id":8634,"date":"2023-04-12T16:19:52","date_gmt":"2023-04-12T16:19:52","guid":{"rendered":"https:\/\/comcellstore.com\/?post_type=product&#038;p=8634"},"modified":"2024-06-26T19:16:36","modified_gmt":"2024-06-26T19:16:36","slug":"voltvlt-c013","status":"publish","type":"product","link":"https:\/\/comcellstore.com\/?product=voltvlt-c013","title":{"rendered":"VOLT<BR>VLT-C013"},"content":{"rendered":"<ul>\n<li>Tipo: Cable para audio y video digital<\/li>\n<li>Tipo de conector: HDMI m acho a HDMI m acho<\/li>\n<li>Resoluci\u00f3n: Admite hasta 3840x2160p*<\/li>\n<li>Calibre del cable: 30 AWG<\/li>\n<li>Di\u00e1metro exterior: 6mm<\/li>\n<li>Material del contacto: Contactos enchapados en oro<\/li>\n<li>Material del conductor: Acero recubierto de cobre<\/li>\n<li>Revestimiento: PVC<\/li>\n<li>Longitud: 4.5 m<\/li>\n<\/ul>\n","protected":false},"excerpt":{"rendered":"<h2>Cable con conector HDMImacho a HDMI macho<\/h2>\n<p>Volt te trae este cable perfecto tanto para video de alta definici\u00f3n como para formatos de video est\u00e1ndar, permite tanto para video de alta definici\u00f3n como para formatos de video est\u00e1ndar, est\u00e1 dise\u00f1ado para la m\u00e1s alta tasa de transferencia de se\u00f1al y resistencia a la corrosi\u00f3n.<\/p>\n","protected":false},"featured_media":8631,"comment_status":"closed","ping_status":"closed","template":"","meta":[],"product_brand":[],"product_cat":[102,51],"product_tag":[],"class_list":{"0":"post-8634","1":"product","2":"type-product","3":"status-publish","4":"has-post-thumbnail","6":"product_cat-cable-hdmi","7":"product_cat-cables","9":"first","10":"outofstock","11":"taxable","12":"shipping-taxable","13":"purchasable","14":"product-type-simple"},"_links":{"self":[{"href":"https:\/\/comcellstore.com\/index.php?rest_route=\/wp\/v2\/product\/8634","targetHints":{"allow":["GET"]}}],"collection":[{"href":"https:\/\/comcellstore.com\/index.php?rest_route=\/wp\/v2\/product"}],"about":[{"href":"https:\/\/comcellstore.com\/index.php?rest_route=\/wp\/v2\/types\/product"}],"replies":[{"embeddable":true,"href":"https:\/\/comcellstore.com\/index.php?rest_route=%2Fwp%2Fv2%2Fcomments&post=8634"}],"version-history":[{"count":1,"href":"https:\/\/comcellstore.com\/index.php?rest_route=\/wp\/v2\/product\/8634\/revisions"}],"predecessor-version":[{"id":8635,"href":"https:\/\/comcellstore.com\/index.php?rest_route=\/wp\/v2\/product\/8634\/revisions\/8635"}],"wp:featuredmedia":[{"embeddable":true,"href":"https:\/\/comcellstore.com\/index.php?rest_route=\/wp\/v2\/media\/8631"}],"wp:attachment":[{"href":"https:\/\/comcellstore.com\/index.php?rest_route=%2Fwp%2Fv2%2Fmedia&parent=8634"}],"wp:term":[{"taxonomy":"product_brand","embeddable":true,"href":"https:\/\/comcellstore.com\/index.php?rest_route=%2Fwp%2Fv2%2Fproduct_brand&post=8634"},{"taxonomy":"product_cat","embeddable":true,"href":"https:\/\/comcellstore.com\/index.php?rest_route=%2Fwp%2Fv2%2Fproduct_cat&post=8634"},{"taxonomy":"product_tag","embeddable":true,"href":"https:\/\/comcellstore.com\/index.php?rest_route=%2Fwp%2Fv2%2Fproduct_tag&post=8634"}],"curies":[{"name":"wp","href":"https:\/\/api.w.org\/{rel}","templated":true}]}}