{"id":8645,"date":"2023-04-12T16:28:40","date_gmt":"2023-04-12T16:28:40","guid":{"rendered":"https:\/\/comcellstore.com\/?post_type=product&#038;p=8645"},"modified":"2025-01-31T20:47:48","modified_gmt":"2025-01-31T20:47:48","slug":"voltvlt-c019","status":"publish","type":"product","link":"https:\/\/comcellstore.com\/?product=voltvlt-c019","title":{"rendered":"VOLT<BR>VLT-C019"},"content":{"rendered":"<ul>\n<li>Tipo: Cable para audio y video digital<\/li>\n<li>Tipo de conector: HDMI m acho a HDMI m acho<\/li>\n<li>Resoluci\u00f3n: Admite hasta 3840x2160p*<\/li>\n<li>Calibre del cable: 30 AWG<\/li>\n<li>Di\u00e1metro exterior: 6mm<\/li>\n<li>Material del contacto: Contactos enchapados en oro<\/li>\n<li>Material del conductor: Acero recubierto de cobre<\/li>\n<li>Revestimiento: PVC<\/li>\n<li>Longitud: 7.6\u00a0 m<\/li>\n<\/ul>\n","protected":false},"excerpt":{"rendered":"<h2>Cable HDMI plano con conector macho a macho<\/h2>\n<p>Volt te trae este cable perfecto para formatos de v\u00eddeo de \u00faltima generaci\u00f3n y compatible con versiones anteriores de v\u00eddeo est\u00e1ndar, con un cable de calidad premium dise\u00f1ado para velocidades de transferencia \u00f3ptima y resistente a la corrosi\u00f3n, un pr\u00e1ctico dise\u00f1o plano es ideal para instalaciones en espacios reducidos.<\/p>\n","protected":false},"featured_media":8639,"comment_status":"closed","ping_status":"closed","template":"","meta":[],"product_brand":[],"product_cat":[102,51],"product_tag":[],"class_list":{"0":"post-8645","1":"product","2":"type-product","3":"status-publish","4":"has-post-thumbnail","6":"product_cat-cable-hdmi","7":"product_cat-cables","9":"first","10":"outofstock","11":"taxable","12":"shipping-taxable","13":"purchasable","14":"product-type-simple"},"_links":{"self":[{"href":"https:\/\/comcellstore.com\/index.php?rest_route=\/wp\/v2\/product\/8645","targetHints":{"allow":["GET"]}}],"collection":[{"href":"https:\/\/comcellstore.com\/index.php?rest_route=\/wp\/v2\/product"}],"about":[{"href":"https:\/\/comcellstore.com\/index.php?rest_route=\/wp\/v2\/types\/product"}],"replies":[{"embeddable":true,"href":"https:\/\/comcellstore.com\/index.php?rest_route=%2Fwp%2Fv2%2Fcomments&post=8645"}],"version-history":[{"count":1,"href":"https:\/\/comcellstore.com\/index.php?rest_route=\/wp\/v2\/product\/8645\/revisions"}],"predecessor-version":[{"id":8646,"href":"https:\/\/comcellstore.com\/index.php?rest_route=\/wp\/v2\/product\/8645\/revisions\/8646"}],"wp:featuredmedia":[{"embeddable":true,"href":"https:\/\/comcellstore.com\/index.php?rest_route=\/wp\/v2\/media\/8639"}],"wp:attachment":[{"href":"https:\/\/comcellstore.com\/index.php?rest_route=%2Fwp%2Fv2%2Fmedia&parent=8645"}],"wp:term":[{"taxonomy":"product_brand","embeddable":true,"href":"https:\/\/comcellstore.com\/index.php?rest_route=%2Fwp%2Fv2%2Fproduct_brand&post=8645"},{"taxonomy":"product_cat","embeddable":true,"href":"https:\/\/comcellstore.com\/index.php?rest_route=%2Fwp%2Fv2%2Fproduct_cat&post=8645"},{"taxonomy":"product_tag","embeddable":true,"href":"https:\/\/comcellstore.com\/index.php?rest_route=%2Fwp%2Fv2%2Fproduct_tag&post=8645"}],"curies":[{"name":"wp","href":"https:\/\/api.w.org\/{rel}","templated":true}]}}