{"id":8666,"date":"2023-04-12T19:11:36","date_gmt":"2023-04-12T19:11:36","guid":{"rendered":"https:\/\/comcellstore.com\/?post_type=product&#038;p=8666"},"modified":"2024-06-26T19:14:49","modified_gmt":"2024-06-26T19:14:49","slug":"voltvlt-br021","status":"publish","type":"product","link":"https:\/\/comcellstore.com\/?product=voltvlt-br021","title":{"rendered":"VOLT<BR>VLT-BR021"},"content":{"rendered":"<ul>\n<li>Tama\u00f1o: 32\u201d a 55\u201d<\/li>\n<li>Capacidad de Carga: 45 Kg.<\/li>\n<li>Compatible Vesa: Hasta 400 x 400 mm<\/li>\n<li>Angulo de inclinaci\u00f3n: 10\u00aa \u2013 12\u00aa<\/li>\n<li>Angulo de giro: 90\u00aa<\/li>\n<li>Dimensiones: 55.2\u00d740.8\u00d723.9<\/li>\n<li>Material: Acero<\/li>\n<li>Peso: 5 Kg.<\/li>\n<li>Color: Negro<\/li>\n<\/ul>\n","protected":false},"excerpt":{"rendered":"<h2>Soporte con inclinaci\u00f3n y giro 32\u201d a 55\u201d<\/h2>\n<p>Volt te proporciona este soporte articulado con doble brazo, con inclinaci\u00f3n y giro dise\u00f1ado para montar pantallas de plasma, LED y LCD de hasta 55 pulgadas de forma segura, compatible con VESA, puedes usarlo con televisores convencionales y con paneles curvos de \u00faltima generaci\u00f3n, Los dos brazos garantizan la instalaci\u00f3n r\u00e1pida y segura de la pantalla.<\/p>\n","protected":false},"featured_media":8667,"comment_status":"closed","ping_status":"closed","template":"","meta":[],"product_brand":[],"product_cat":[100,55,93],"product_tag":[],"class_list":{"0":"post-8666","1":"product","2":"type-product","3":"status-publish","4":"has-post-thumbnail","6":"product_cat-soporte-monitores","7":"product_cat-soportes","8":"product_cat-tv","10":"first","11":"outofstock","12":"taxable","13":"shipping-taxable","14":"purchasable","15":"product-type-simple"},"_links":{"self":[{"href":"https:\/\/comcellstore.com\/index.php?rest_route=\/wp\/v2\/product\/8666","targetHints":{"allow":["GET"]}}],"collection":[{"href":"https:\/\/comcellstore.com\/index.php?rest_route=\/wp\/v2\/product"}],"about":[{"href":"https:\/\/comcellstore.com\/index.php?rest_route=\/wp\/v2\/types\/product"}],"replies":[{"embeddable":true,"href":"https:\/\/comcellstore.com\/index.php?rest_route=%2Fwp%2Fv2%2Fcomments&post=8666"}],"version-history":[{"count":1,"href":"https:\/\/comcellstore.com\/index.php?rest_route=\/wp\/v2\/product\/8666\/revisions"}],"predecessor-version":[{"id":8670,"href":"https:\/\/comcellstore.com\/index.php?rest_route=\/wp\/v2\/product\/8666\/revisions\/8670"}],"wp:featuredmedia":[{"embeddable":true,"href":"https:\/\/comcellstore.com\/index.php?rest_route=\/wp\/v2\/media\/8667"}],"wp:attachment":[{"href":"https:\/\/comcellstore.com\/index.php?rest_route=%2Fwp%2Fv2%2Fmedia&parent=8666"}],"wp:term":[{"taxonomy":"product_brand","embeddable":true,"href":"https:\/\/comcellstore.com\/index.php?rest_route=%2Fwp%2Fv2%2Fproduct_brand&post=8666"},{"taxonomy":"product_cat","embeddable":true,"href":"https:\/\/comcellstore.com\/index.php?rest_route=%2Fwp%2Fv2%2Fproduct_cat&post=8666"},{"taxonomy":"product_tag","embeddable":true,"href":"https:\/\/comcellstore.com\/index.php?rest_route=%2Fwp%2Fv2%2Fproduct_tag&post=8666"}],"curies":[{"name":"wp","href":"https:\/\/api.w.org\/{rel}","templated":true}]}}