{"id":8671,"date":"2023-04-12T19:14:19","date_gmt":"2023-04-12T19:14:19","guid":{"rendered":"https:\/\/comcellstore.com\/?post_type=product&#038;p=8671"},"modified":"2024-06-26T19:14:05","modified_gmt":"2024-06-26T19:14:05","slug":"voltvlt-br020","status":"publish","type":"product","link":"https:\/\/comcellstore.com\/?product=voltvlt-br020","title":{"rendered":"VOLT<BR>VLT-BR020"},"content":{"rendered":"<ul>\n<li>Tama\u00f1o: 26\u201d a 52\u201d<\/li>\n<li>Capacidad de Carga: 50 Kg.<\/li>\n<li>Compatible Vesa: Hasta 400 x 400 mm<\/li>\n<li>Angulo de inclinaci\u00f3n: 15\u00aa<\/li>\n<li>Dimensiones: 66.5x30x24<\/li>\n<li>Material: Acero<\/li>\n<li>Peso: 2 Kg.<\/li>\n<li>Color: Negro<\/li>\n<\/ul>\n","protected":false},"excerpt":{"rendered":"<h2>Soporte con inclinaci\u00f3n y giro 26\u201d a 52\u201d<\/h2>\n<p>Volt te proporciona este soporte con brazo inclinable dise\u00f1ado para colocar tu pantalla de plasma, LED y LCD de hasta 52 pulgadas de forma segura, con una estructura s\u00f3lida fabricada con acero de grueso calibre, ofrece inclinaci\u00f3n de 20 grados para el \u00e1ngulo de visi\u00f3n perfecto.<\/p>\n","protected":false},"featured_media":8672,"comment_status":"closed","ping_status":"closed","template":"","meta":[],"product_brand":[],"product_cat":[100,55,93],"product_tag":[],"class_list":{"0":"post-8671","1":"product","2":"type-product","3":"status-publish","4":"has-post-thumbnail","6":"product_cat-soporte-monitores","7":"product_cat-soportes","8":"product_cat-tv","10":"first","11":"outofstock","12":"taxable","13":"shipping-taxable","14":"purchasable","15":"product-type-simple"},"_links":{"self":[{"href":"https:\/\/comcellstore.com\/index.php?rest_route=\/wp\/v2\/product\/8671","targetHints":{"allow":["GET"]}}],"collection":[{"href":"https:\/\/comcellstore.com\/index.php?rest_route=\/wp\/v2\/product"}],"about":[{"href":"https:\/\/comcellstore.com\/index.php?rest_route=\/wp\/v2\/types\/product"}],"replies":[{"embeddable":true,"href":"https:\/\/comcellstore.com\/index.php?rest_route=%2Fwp%2Fv2%2Fcomments&post=8671"}],"version-history":[{"count":1,"href":"https:\/\/comcellstore.com\/index.php?rest_route=\/wp\/v2\/product\/8671\/revisions"}],"predecessor-version":[{"id":8675,"href":"https:\/\/comcellstore.com\/index.php?rest_route=\/wp\/v2\/product\/8671\/revisions\/8675"}],"wp:featuredmedia":[{"embeddable":true,"href":"https:\/\/comcellstore.com\/index.php?rest_route=\/wp\/v2\/media\/8672"}],"wp:attachment":[{"href":"https:\/\/comcellstore.com\/index.php?rest_route=%2Fwp%2Fv2%2Fmedia&parent=8671"}],"wp:term":[{"taxonomy":"product_brand","embeddable":true,"href":"https:\/\/comcellstore.com\/index.php?rest_route=%2Fwp%2Fv2%2Fproduct_brand&post=8671"},{"taxonomy":"product_cat","embeddable":true,"href":"https:\/\/comcellstore.com\/index.php?rest_route=%2Fwp%2Fv2%2Fproduct_cat&post=8671"},{"taxonomy":"product_tag","embeddable":true,"href":"https:\/\/comcellstore.com\/index.php?rest_route=%2Fwp%2Fv2%2Fproduct_tag&post=8671"}],"curies":[{"name":"wp","href":"https:\/\/api.w.org\/{rel}","templated":true}]}}