{"id":8676,"date":"2023-04-12T19:16:26","date_gmt":"2023-04-12T19:16:26","guid":{"rendered":"https:\/\/comcellstore.com\/?post_type=product&#038;p=8676"},"modified":"2024-06-26T19:13:51","modified_gmt":"2024-06-26T19:13:51","slug":"voltvlt-br018","status":"publish","type":"product","link":"https:\/\/comcellstore.com\/?product=voltvlt-br018","title":{"rendered":"VOLT<BR>VLT-BR018"},"content":{"rendered":"<ul>\n<li>Tama\u00f1o: 32\u201d a 70\u201d<\/li>\n<li>Capacidad de Carga: 50 Kg.<\/li>\n<li>Compatible Vesa: Hasta 600 x 400 mm<\/li>\n<li>Angulo de inclinaci\u00f3n: 12\u00aa<\/li>\n<li>Dimensiones: 66.5\u00d732.5\u00d724<\/li>\n<li>Material: Acero<\/li>\n<li>Peso: 2 Kg.<\/li>\n<li>Color: Negro<\/li>\n<\/ul>\n","protected":false},"excerpt":{"rendered":"<h2>Articulado con inclinaci\u00f3n de 32\u201d a 70\u201d<\/h2>\n<p>Volt te proporciona este soporte de inclinaci\u00f3n dise\u00f1ado para montar firmemente pantallas LED\/LCD y de plasma de hasta 70 pulgadas, S\u00f3lida estructura de acero de gran espesor, Puede inclinarse 12 grados para obtener el \u00e1ngulo de visi\u00f3n perfecto.<\/p>\n","protected":false},"featured_media":8677,"comment_status":"closed","ping_status":"closed","template":"","meta":[],"product_brand":[],"product_cat":[100,55,93],"product_tag":[],"class_list":{"0":"post-8676","1":"product","2":"type-product","3":"status-publish","4":"has-post-thumbnail","6":"product_cat-soporte-monitores","7":"product_cat-soportes","8":"product_cat-tv","10":"first","11":"outofstock","12":"taxable","13":"shipping-taxable","14":"purchasable","15":"product-type-simple"},"_links":{"self":[{"href":"https:\/\/comcellstore.com\/index.php?rest_route=\/wp\/v2\/product\/8676","targetHints":{"allow":["GET"]}}],"collection":[{"href":"https:\/\/comcellstore.com\/index.php?rest_route=\/wp\/v2\/product"}],"about":[{"href":"https:\/\/comcellstore.com\/index.php?rest_route=\/wp\/v2\/types\/product"}],"replies":[{"embeddable":true,"href":"https:\/\/comcellstore.com\/index.php?rest_route=%2Fwp%2Fv2%2Fcomments&post=8676"}],"version-history":[{"count":2,"href":"https:\/\/comcellstore.com\/index.php?rest_route=\/wp\/v2\/product\/8676\/revisions"}],"predecessor-version":[{"id":8680,"href":"https:\/\/comcellstore.com\/index.php?rest_route=\/wp\/v2\/product\/8676\/revisions\/8680"}],"wp:featuredmedia":[{"embeddable":true,"href":"https:\/\/comcellstore.com\/index.php?rest_route=\/wp\/v2\/media\/8677"}],"wp:attachment":[{"href":"https:\/\/comcellstore.com\/index.php?rest_route=%2Fwp%2Fv2%2Fmedia&parent=8676"}],"wp:term":[{"taxonomy":"product_brand","embeddable":true,"href":"https:\/\/comcellstore.com\/index.php?rest_route=%2Fwp%2Fv2%2Fproduct_brand&post=8676"},{"taxonomy":"product_cat","embeddable":true,"href":"https:\/\/comcellstore.com\/index.php?rest_route=%2Fwp%2Fv2%2Fproduct_cat&post=8676"},{"taxonomy":"product_tag","embeddable":true,"href":"https:\/\/comcellstore.com\/index.php?rest_route=%2Fwp%2Fv2%2Fproduct_tag&post=8676"}],"curies":[{"name":"wp","href":"https:\/\/api.w.org\/{rel}","templated":true}]}}