{"id":8691,"date":"2023-04-12T19:23:50","date_gmt":"2023-04-12T19:23:50","guid":{"rendered":"https:\/\/comcellstore.com\/?post_type=product&#038;p=8691"},"modified":"2024-06-26T19:13:28","modified_gmt":"2024-06-26T19:13:28","slug":"voltvlt-br011","status":"publish","type":"product","link":"https:\/\/comcellstore.com\/?product=voltvlt-br011","title":{"rendered":"VOLT<BR>VLT-BR011"},"content":{"rendered":"<ul>\n<li>Tama\u00f1o: 17\u201d a 52\u201d<\/li>\n<li>Capacidad de Carga: 30 Kg.<\/li>\n<li>Compatible Vesa: Hasta 400 x 400<\/li>\n<li>Angulo de inclinaci\u00f3n: 3\u00aa \u2013 10\u00aa<\/li>\n<li>Angulo de Giro: 90\u00aa<\/li>\n<li>Dimensiones: 43.5\u00d731.5\u00d724.3<\/li>\n<li>Material: Acero y pl\u00e1stico<\/li>\n<li>Peso: 3 Kg.<\/li>\n<li>Color: Negro<\/li>\n<\/ul>\n","protected":false},"excerpt":{"rendered":"<h2>Soporte con inclinaci\u00f3n y giro 17\u201d a 52\u201d<\/h2>\n<p>Volt trae un soporte giratorio e inclinable articulado dise\u00f1ado para montar firmemente pantallas LED\/LCD y de plasma de 17 hasta 52 pulgadas Compatible con VESA compatible con televisores curvos est\u00e1ndar y de \u00faltima generaci\u00f3n Se inclina hasta 10 grados para obtener el \u00e1ngulo de visi\u00f3n perfecto.<\/p>\n","protected":false},"featured_media":8693,"comment_status":"closed","ping_status":"closed","template":"","meta":[],"product_brand":[],"product_cat":[100,55,93],"product_tag":[],"class_list":{"0":"post-8691","1":"product","2":"type-product","3":"status-publish","4":"has-post-thumbnail","6":"product_cat-soporte-monitores","7":"product_cat-soportes","8":"product_cat-tv","10":"first","11":"outofstock","12":"taxable","13":"shipping-taxable","14":"purchasable","15":"product-type-simple"},"_links":{"self":[{"href":"https:\/\/comcellstore.com\/index.php?rest_route=\/wp\/v2\/product\/8691","targetHints":{"allow":["GET"]}}],"collection":[{"href":"https:\/\/comcellstore.com\/index.php?rest_route=\/wp\/v2\/product"}],"about":[{"href":"https:\/\/comcellstore.com\/index.php?rest_route=\/wp\/v2\/types\/product"}],"replies":[{"embeddable":true,"href":"https:\/\/comcellstore.com\/index.php?rest_route=%2Fwp%2Fv2%2Fcomments&post=8691"}],"version-history":[{"count":1,"href":"https:\/\/comcellstore.com\/index.php?rest_route=\/wp\/v2\/product\/8691\/revisions"}],"predecessor-version":[{"id":8695,"href":"https:\/\/comcellstore.com\/index.php?rest_route=\/wp\/v2\/product\/8691\/revisions\/8695"}],"wp:featuredmedia":[{"embeddable":true,"href":"https:\/\/comcellstore.com\/index.php?rest_route=\/wp\/v2\/media\/8693"}],"wp:attachment":[{"href":"https:\/\/comcellstore.com\/index.php?rest_route=%2Fwp%2Fv2%2Fmedia&parent=8691"}],"wp:term":[{"taxonomy":"product_brand","embeddable":true,"href":"https:\/\/comcellstore.com\/index.php?rest_route=%2Fwp%2Fv2%2Fproduct_brand&post=8691"},{"taxonomy":"product_cat","embeddable":true,"href":"https:\/\/comcellstore.com\/index.php?rest_route=%2Fwp%2Fv2%2Fproduct_cat&post=8691"},{"taxonomy":"product_tag","embeddable":true,"href":"https:\/\/comcellstore.com\/index.php?rest_route=%2Fwp%2Fv2%2Fproduct_tag&post=8691"}],"curies":[{"name":"wp","href":"https:\/\/api.w.org\/{rel}","templated":true}]}}