{"id":8696,"date":"2023-04-12T19:25:39","date_gmt":"2023-04-12T19:25:39","guid":{"rendered":"https:\/\/comcellstore.com\/?post_type=product&#038;p=8696"},"modified":"2024-06-27T20:04:28","modified_gmt":"2024-06-27T20:04:28","slug":"voltvlt-br007","status":"publish","type":"product","link":"https:\/\/comcellstore.com\/?product=voltvlt-br007","title":{"rendered":"VOLT<BR>VLT-BR007"},"content":{"rendered":"<ul>\n<li>Tama\u00f1o: 32\u201d a 55\u201d<\/li>\n<li>Capacidad de Carga: 50 Kg.<\/li>\n<li>Compatible Vesa: Hasta 400 x 400 mm<\/li>\n<li>Angulo de inclinaci\u00f3n: 15\u00aa<\/li>\n<li>Dimensiones: 8x26x25<\/li>\n<li>Material: Acero<\/li>\n<li>Peso: 2 Kg.<\/li>\n<li>Color: Negro<\/li>\n<\/ul>\n","protected":false},"excerpt":{"rendered":"<h2>Soporte fijo reclinable de 32\u201d a 55\u201d<\/h2>\n<p>Volt trae este soporte con inclinaci\u00f3n dise\u00f1ado para montar firmemente pantallas LED\/LCD y de plasma de hasta 55 pulgadas, con una estructura s\u00f3lida fabricada con acero de grueso calibre, el cual te \u00a0ofrece una \u00a0inclinaci\u00f3n de hasta 15 grados para el \u00e1ngulo de visi\u00f3n perfecto.<\/p>\n","protected":false},"featured_media":8697,"comment_status":"closed","ping_status":"closed","template":"","meta":[],"product_brand":[],"product_cat":[100,55,93],"product_tag":[],"class_list":{"0":"post-8696","1":"product","2":"type-product","3":"status-publish","4":"has-post-thumbnail","6":"product_cat-soporte-monitores","7":"product_cat-soportes","8":"product_cat-tv","10":"first","11":"outofstock","12":"taxable","13":"shipping-taxable","14":"purchasable","15":"product-type-simple"},"_links":{"self":[{"href":"https:\/\/comcellstore.com\/index.php?rest_route=\/wp\/v2\/product\/8696","targetHints":{"allow":["GET"]}}],"collection":[{"href":"https:\/\/comcellstore.com\/index.php?rest_route=\/wp\/v2\/product"}],"about":[{"href":"https:\/\/comcellstore.com\/index.php?rest_route=\/wp\/v2\/types\/product"}],"replies":[{"embeddable":true,"href":"https:\/\/comcellstore.com\/index.php?rest_route=%2Fwp%2Fv2%2Fcomments&post=8696"}],"version-history":[{"count":1,"href":"https:\/\/comcellstore.com\/index.php?rest_route=\/wp\/v2\/product\/8696\/revisions"}],"predecessor-version":[{"id":8698,"href":"https:\/\/comcellstore.com\/index.php?rest_route=\/wp\/v2\/product\/8696\/revisions\/8698"}],"wp:featuredmedia":[{"embeddable":true,"href":"https:\/\/comcellstore.com\/index.php?rest_route=\/wp\/v2\/media\/8697"}],"wp:attachment":[{"href":"https:\/\/comcellstore.com\/index.php?rest_route=%2Fwp%2Fv2%2Fmedia&parent=8696"}],"wp:term":[{"taxonomy":"product_brand","embeddable":true,"href":"https:\/\/comcellstore.com\/index.php?rest_route=%2Fwp%2Fv2%2Fproduct_brand&post=8696"},{"taxonomy":"product_cat","embeddable":true,"href":"https:\/\/comcellstore.com\/index.php?rest_route=%2Fwp%2Fv2%2Fproduct_cat&post=8696"},{"taxonomy":"product_tag","embeddable":true,"href":"https:\/\/comcellstore.com\/index.php?rest_route=%2Fwp%2Fv2%2Fproduct_tag&post=8696"}],"curies":[{"name":"wp","href":"https:\/\/api.w.org\/{rel}","templated":true}]}}