{"id":8699,"date":"2023-04-12T19:31:08","date_gmt":"2023-04-12T19:31:08","guid":{"rendered":"https:\/\/comcellstore.com\/?post_type=product&#038;p=8699"},"modified":"2025-05-27T21:56:54","modified_gmt":"2025-05-27T21:56:54","slug":"voltvlt-b010","status":"publish","type":"product","link":"https:\/\/comcellstore.com\/?product=voltvlt-b010","title":{"rendered":"VOLT<BR>VLT-B014"},"content":{"rendered":"<ul>\n<li>Tipo de operaci\u00f3n: Control remoto (motorizada)<\/li>\n<li>Tipo de base: Pared y cielo raso<\/li>\n<li>Material de la pantalla: Capas exteriores de PVC, capa interior de tela<\/li>\n<li>Dimensiones: 1830x2440x0,45m m<\/li>\n<li>Tama\u00f1o m\u00e1ximo de la pantalla (diagonal): 305cm<\/li>\n<li>Relaci\u00f3n de aspecto: 16:9\/4:3<\/li>\n<li>Accesorios incluidos: Interruptor para pared y control remoto<\/li>\n<\/ul>\n","protected":false},"excerpt":{"rendered":"<h2>Pantalla de proyecci\u00f3n electr\u00f3nica de pared de 120\u2033<\/h2>\n<p>Volt trae esta pantalla muy f\u00e1cil de usar.\u00a0Se jala para desplegar y se vuelve a enrollar al final de la presentaci\u00f3n, \u00a1la cual se asegura autom\u00e1ticamente con un pr\u00e1ctico control remoto y un mecanismo de cierre!\u00a0Su acabado mate elimina el resplandor y el reflejo.\u00a0Esta pantalla duradera se puede instalar en la pared o en el cielo raso, Esta pantalla el\u00e9ctrica de proyecci\u00f3n VOLT facilita su uso con su despliegue a control remoto, puede ser adaptado en paredes o en techo de manera f\u00e1cil.<\/p>\n<ul>\n<li>Superficie de color blanco mate<\/li>\n<li>Tela retardadora de llama y completamente lisa<\/li>\n<li>Dise\u00f1ado para instalaci\u00f3n en la pared o cielo raso<\/li>\n<li>Sistema de fijaci\u00f3n autom\u00e1tica permite raso desplegar la pantalla a la altura deseada<\/li>\n<li>La pantalla ancha garantiza mayor visibilidad e im\u00e1genes m\u00e1s n\u00edtidas desde cualquier \u00e1ngulo<\/li>\n<li>Perfecta para aplicaciones de cine en casa y presentaciones corporativas<\/li>\n<\/ul>\n","protected":false},"featured_media":9850,"comment_status":"closed","ping_status":"closed","template":"","meta":[],"product_brand":[],"product_cat":[59,89],"product_tag":[],"class_list":{"0":"post-8699","1":"product","2":"type-product","3":"status-publish","4":"has-post-thumbnail","6":"product_cat-entretenimiento","7":"product_cat-telones","9":"first","10":"outofstock","11":"taxable","12":"shipping-taxable","13":"purchasable","14":"product-type-simple"},"_links":{"self":[{"href":"https:\/\/comcellstore.com\/index.php?rest_route=\/wp\/v2\/product\/8699","targetHints":{"allow":["GET"]}}],"collection":[{"href":"https:\/\/comcellstore.com\/index.php?rest_route=\/wp\/v2\/product"}],"about":[{"href":"https:\/\/comcellstore.com\/index.php?rest_route=\/wp\/v2\/types\/product"}],"replies":[{"embeddable":true,"href":"https:\/\/comcellstore.com\/index.php?rest_route=%2Fwp%2Fv2%2Fcomments&post=8699"}],"version-history":[{"count":3,"href":"https:\/\/comcellstore.com\/index.php?rest_route=\/wp\/v2\/product\/8699\/revisions"}],"predecessor-version":[{"id":9851,"href":"https:\/\/comcellstore.com\/index.php?rest_route=\/wp\/v2\/product\/8699\/revisions\/9851"}],"wp:featuredmedia":[{"embeddable":true,"href":"https:\/\/comcellstore.com\/index.php?rest_route=\/wp\/v2\/media\/9850"}],"wp:attachment":[{"href":"https:\/\/comcellstore.com\/index.php?rest_route=%2Fwp%2Fv2%2Fmedia&parent=8699"}],"wp:term":[{"taxonomy":"product_brand","embeddable":true,"href":"https:\/\/comcellstore.com\/index.php?rest_route=%2Fwp%2Fv2%2Fproduct_brand&post=8699"},{"taxonomy":"product_cat","embeddable":true,"href":"https:\/\/comcellstore.com\/index.php?rest_route=%2Fwp%2Fv2%2Fproduct_cat&post=8699"},{"taxonomy":"product_tag","embeddable":true,"href":"https:\/\/comcellstore.com\/index.php?rest_route=%2Fwp%2Fv2%2Fproduct_tag&post=8699"}],"curies":[{"name":"wp","href":"https:\/\/api.w.org\/{rel}","templated":true}]}}