{"id":8702,"date":"2023-04-12T19:33:37","date_gmt":"2023-04-12T19:33:37","guid":{"rendered":"https:\/\/comcellstore.com\/?post_type=product&#038;p=8702"},"modified":"2025-05-27T21:56:31","modified_gmt":"2025-05-27T21:56:31","slug":"voltvlt-b011","status":"publish","type":"product","link":"https:\/\/comcellstore.com\/?product=voltvlt-b011","title":{"rendered":"VOLT<BR>VLT-B011"},"content":{"rendered":"<ul>\n<li>Tipo de operaci\u00f3n: Operaci\u00f3n manual<\/li>\n<li>Tipo de base: Pared y cielo raso<\/li>\n<li>Material de la pantalla: Capas exteriores de PVC, capa interior de tela<\/li>\n<li>Dimensiones: 78,7inx59,1in\/2,00\u00d71,50m<\/li>\n<li>Tama\u00f1o m\u00e1ximo de la pantalla (diagonal): 100in\/2,54m<\/li>\n<li>Relaci\u00f3n de aspecto: 4:3<\/li>\n<\/ul>\n","protected":false},"excerpt":{"rendered":"<h2>Pantalla de proyecci\u00f3n manual de pared de 100\u2033<\/h2>\n<p>VOLT te tare esta pantalla de proyecci\u00f3n, es muy f\u00e1cil de usar, Simplemente despli\u00e9gala y vu\u00e9lvela a plegar cuando no la utilices, la misma queda trabada de forma autom\u00e1tica, donde su acabado mate evita que el brillo y el reflejo dificulten su pel\u00edcula o su proyecci\u00f3n, posee sistema de montaje dual para instalar en la pared o el cielo raso.<\/p>\n<ul>\n<li>Pantalla para proyecci\u00f3n, operaci\u00f3n manual y seguro autom\u00e1tico<\/li>\n<li>Para instalar en la pared o en el cielo raso<\/li>\n<li>Disponible con la cubierta en color Negro<\/li>\n<li>Pantalla de color blanco mate<\/li>\n<li>F\u00e1cil de instalar<\/li>\n<\/ul>\n","protected":false},"featured_media":8705,"comment_status":"closed","ping_status":"closed","template":"","meta":[],"product_brand":[125],"product_cat":[59,89],"product_tag":[],"class_list":{"0":"post-8702","1":"product","2":"type-product","3":"status-publish","4":"has-post-thumbnail","6":"product_brand-volt","7":"product_cat-entretenimiento","8":"product_cat-telones","10":"first","11":"instock","12":"taxable","13":"shipping-taxable","14":"purchasable","15":"product-type-simple"},"_links":{"self":[{"href":"https:\/\/comcellstore.com\/index.php?rest_route=\/wp\/v2\/product\/8702","targetHints":{"allow":["GET"]}}],"collection":[{"href":"https:\/\/comcellstore.com\/index.php?rest_route=\/wp\/v2\/product"}],"about":[{"href":"https:\/\/comcellstore.com\/index.php?rest_route=\/wp\/v2\/types\/product"}],"replies":[{"embeddable":true,"href":"https:\/\/comcellstore.com\/index.php?rest_route=%2Fwp%2Fv2%2Fcomments&post=8702"}],"version-history":[{"count":1,"href":"https:\/\/comcellstore.com\/index.php?rest_route=\/wp\/v2\/product\/8702\/revisions"}],"predecessor-version":[{"id":8707,"href":"https:\/\/comcellstore.com\/index.php?rest_route=\/wp\/v2\/product\/8702\/revisions\/8707"}],"wp:featuredmedia":[{"embeddable":true,"href":"https:\/\/comcellstore.com\/index.php?rest_route=\/wp\/v2\/media\/8705"}],"wp:attachment":[{"href":"https:\/\/comcellstore.com\/index.php?rest_route=%2Fwp%2Fv2%2Fmedia&parent=8702"}],"wp:term":[{"taxonomy":"product_brand","embeddable":true,"href":"https:\/\/comcellstore.com\/index.php?rest_route=%2Fwp%2Fv2%2Fproduct_brand&post=8702"},{"taxonomy":"product_cat","embeddable":true,"href":"https:\/\/comcellstore.com\/index.php?rest_route=%2Fwp%2Fv2%2Fproduct_cat&post=8702"},{"taxonomy":"product_tag","embeddable":true,"href":"https:\/\/comcellstore.com\/index.php?rest_route=%2Fwp%2Fv2%2Fproduct_tag&post=8702"}],"curies":[{"name":"wp","href":"https:\/\/api.w.org\/{rel}","templated":true}]}}