{"id":8711,"date":"2023-04-12T19:38:18","date_gmt":"2023-04-12T19:38:18","guid":{"rendered":"https:\/\/comcellstore.com\/?post_type=product&#038;p=8711"},"modified":"2025-02-26T20:04:47","modified_gmt":"2025-02-26T20:04:47","slug":"voltvlt-b013","status":"publish","type":"product","link":"https:\/\/comcellstore.com\/?product=voltvlt-b013","title":{"rendered":"VOLT<BR>VLT-B017"},"content":{"rendered":"<ul>\n<li>Tipo de operaci\u00f3n: Operaci\u00f3n con tr\u00edpode<\/li>\n<li>Tipo de base: Pared y cielo raso<\/li>\n<li>Material de la pantalla: Capas exteriores de PVC, capa interior de tela<\/li>\n<li>Dimensiones: 94,4inx70,9in\/2,40\u00d71,80m<\/li>\n<li>Tama\u00f1o m\u00e1ximo de la pantalla (diagonal): 100in\/2,54m \/ 120in\/3,0<\/li>\n<li>Relaci\u00f3n de aspecto: 4:3<\/li>\n<\/ul>\n","protected":false},"excerpt":{"rendered":"<h2>Pantalla de proyecci\u00f3n de 120\u2033 con tr\u00edpode<\/h2>\n<p>VOLT trae esta pantalla de proyecci\u00f3n es ideal para usar en aulas, auditorios o salas de conferencia, o tu sala de cine en tu hogar, su resistente plataforma estilo tr\u00edpode hace extremadamente portable, ya que puede armarse en solo minuto y se pliega f\u00e1cilmente cuando no lo estas utilizando, un acabado mate evita que el brillo y el reflejo dificulten la visi\u00f3n.\u00a0Disponible con la cubierta en color blanco<\/p>\n<ul>\n<li>Disponible con la cubierta en color blanco<\/li>\n<li>Pantalla de color blanco mate<\/li>\n<li>Grosor de la pantalla: 0,42mm +\/-0,03in<\/li>\n<li>Grosor de la pantalla: 0,42mm +\/-0,03in<\/li>\n<\/ul>\n","protected":false},"featured_media":9858,"comment_status":"closed","ping_status":"closed","template":"","meta":[],"product_brand":[],"product_cat":[59,109,89],"product_tag":[],"class_list":{"0":"post-8711","1":"product","2":"type-product","3":"status-publish","4":"has-post-thumbnail","6":"product_cat-entretenimiento","7":"product_cat-proyectores","8":"product_cat-telones","10":"first","11":"outofstock","12":"taxable","13":"shipping-taxable","14":"purchasable","15":"product-type-simple"},"_links":{"self":[{"href":"https:\/\/comcellstore.com\/index.php?rest_route=\/wp\/v2\/product\/8711","targetHints":{"allow":["GET"]}}],"collection":[{"href":"https:\/\/comcellstore.com\/index.php?rest_route=\/wp\/v2\/product"}],"about":[{"href":"https:\/\/comcellstore.com\/index.php?rest_route=\/wp\/v2\/types\/product"}],"replies":[{"embeddable":true,"href":"https:\/\/comcellstore.com\/index.php?rest_route=%2Fwp%2Fv2%2Fcomments&post=8711"}],"version-history":[{"count":2,"href":"https:\/\/comcellstore.com\/index.php?rest_route=\/wp\/v2\/product\/8711\/revisions"}],"predecessor-version":[{"id":9859,"href":"https:\/\/comcellstore.com\/index.php?rest_route=\/wp\/v2\/product\/8711\/revisions\/9859"}],"wp:featuredmedia":[{"embeddable":true,"href":"https:\/\/comcellstore.com\/index.php?rest_route=\/wp\/v2\/media\/9858"}],"wp:attachment":[{"href":"https:\/\/comcellstore.com\/index.php?rest_route=%2Fwp%2Fv2%2Fmedia&parent=8711"}],"wp:term":[{"taxonomy":"product_brand","embeddable":true,"href":"https:\/\/comcellstore.com\/index.php?rest_route=%2Fwp%2Fv2%2Fproduct_brand&post=8711"},{"taxonomy":"product_cat","embeddable":true,"href":"https:\/\/comcellstore.com\/index.php?rest_route=%2Fwp%2Fv2%2Fproduct_cat&post=8711"},{"taxonomy":"product_tag","embeddable":true,"href":"https:\/\/comcellstore.com\/index.php?rest_route=%2Fwp%2Fv2%2Fproduct_tag&post=8711"}],"curies":[{"name":"wp","href":"https:\/\/api.w.org\/{rel}","templated":true}]}}