{"id":8934,"date":"2023-09-29T22:20:04","date_gmt":"2023-09-29T22:20:04","guid":{"rendered":"https:\/\/comcellstore.com\/?post_type=product&#038;p=8934"},"modified":"2025-01-21T16:12:51","modified_gmt":"2025-01-21T16:12:51","slug":"proeyctor-powerlite-e20","status":"publish","type":"product","link":"https:\/\/comcellstore.com\/?product=proeyctor-powerlite-e20","title":{"rendered":"PowerLite E20"},"content":{"rendered":"<div class=\"text-row\" data-classificationid=\"Specifications PDF Link\">\n<h4><strong>Especificaciones:<\/strong><\/h4>\n<hr \/>\n<p><strong>PDF de especificaciones del producto:<\/strong><a href=\"https:\/\/mediaserver.goepson.com\/ImConvServlet\/imconv\/2ad5ec165fad21315e82c537457088d04cc669fe\/original?assetDescr=Especificaciones-PowerLite-E20.pdf\" target=\"_blank\" rel=\"noopener\"><b>DESCARGAR AHORA \u25ba<\/b><\/a><\/p>\n<\/div>\n<div class=\"text-row\" data-classificationid=\"Specifications Projector\"><strong>Sistema de Proyecci\u00f3n:<\/strong>Tecnolog\u00eda Epson 3LCD de 3 chips<strong>M\u00e9todo de Proyecci\u00f3n:<\/strong>Frontal \/ Posterior \/ Techo<\/p>\n<p><strong>M\u00e9todo de visualizaci\u00f3n:<\/strong>Matriz activa de polisilicio TFT<\/p>\n<p><strong>N\u00famero de Pixeles:<\/strong>786,432 dots (1024 x 768) x 3<\/p>\n<p><strong>Luminosidad en Color:<\/strong>3.400 L\u00famenes<\/p>\n<p><strong>Luminosidad en Blanco:<\/strong>3.400 L\u00famenes<\/p>\n<p><strong>Relaci\u00f3n de Aspecto:<\/strong>4:3<\/p>\n<p><strong>Resoluci\u00f3n Nativa:<\/strong>1024 x 768 (XGA)<\/p>\n<p><strong>Re escalamiento:<\/strong>1280 x 800 (WXGA), 1280 x 960 (SXGA2), 1280 x 1024 (SXGA3) 1366 x 768 (WXGA60-3), 1400 x 1050 (SXGA+), 1440 x 900 (WXGA+)<\/p>\n<p><strong>Tipo de L\u00e1mpara:<\/strong>210W UHE<\/p>\n<p><strong>Vida \u00datil de la L\u00e1mpara:<\/strong><\/p>\n<ul>\n<li>Modo ECO: hasta 12.000 horas<sup>3<\/sup><\/li>\n<li>Modo Normal: hasta 6.000 horas<sup>3<\/sup><\/li>\n<\/ul>\n<p><strong>Relaci\u00f3n de Proyecci\u00f3n:<\/strong>1.44 (Zoom: Wide), 1.95 (Zoom: Tele)<\/p>\n<p><strong>Tama\u00f1o &#8211; distancia projectada:<\/strong>30&#8243; to 350&#8243; (0.76 to 10.34 m)<\/p>\n<p><strong>Correcci\u00f3n de Trapecio:<\/strong><\/p>\n<ul>\n<li>Automatic: Vertical: \u00b130 degrees<\/li>\n<li>Slider: Horizontal: \u00b130 degrees<\/li>\n<\/ul>\n<p><strong>USB Plug &#8216;n Play:<\/strong>El proyector es compatible con computadoras PC y Mac<\/p>\n<p><strong>Relaci\u00f3n de Contraste:<\/strong>Hasta 15.000:1<\/p>\n<p><strong>Reproducci\u00f3n del Color:<\/strong>Hasta 1 bill\u00f3n de colores<\/p>\n<\/div>\n","protected":false},"excerpt":{"rendered":"<h3><span style=\"color: #0000ff;\">Proyector para Salas de Clases PowerLite E20<\/span><\/h3>\n<p data-cnet-ccs-icb-annotation=\"true\">Crea entornos de aprendizaje atractivos con el proyector 3LCD ultrabrillante<\/p>\n<p>Obt\u00e9n una sorprendente proyecci\u00f3n en la sala de clases a un precio accesible con el proyector PowerLite E20. Con la avanzada tecnolog\u00eda 3LCD, este proyector ultrabrillante de 3.400-l\u00famenes<sup data-cnet-ccs-icb-annotation=\"true\">1<\/sup>\u00a0ofrece im\u00e1genes vibrantes y muy reales con el mejor Brillo de Color<sup data-cnet-ccs-icb-annotation=\"true\">2<\/sup>\u00a0y una resoluci\u00f3n nativa XGA. Dise\u00f1ado espec\u00edficamente para ambientes de salas de clases, el PowerLite E20 aumenta la participaci\u00f3n y enriquece las lecciones con conectividad HDMI<sup data-cnet-ccs-icb-annotation=\"true\">\u00ae<\/sup>\u00a0y un altavoz incorporado de 5 W. Construido para durar, este proyector proporciona una larga vida \u00fatil de la l\u00e1mpara de 12.000 horas en Modo ECO<sup data-cnet-ccs-icb-annotation=\"true\">3<\/sup>, adem\u00e1s de una f\u00e1cil instalaci\u00f3n y flexibilidad de posicionamiento para una f\u00e1cil proyecci\u00f3n desde cualquier lugar de la sala de clases.<\/p>\n<ul data-cnet-ccs-icb-annotation=\"true\">\n<li data-cnet-ccs-icb-annotation=\"true\">Tecnolog\u00eda 3LCD para obtener el mejor Brillo de cClor de su clase<sup data-cnet-ccs-icb-annotation=\"true\">2<\/sup><\/li>\n<li data-cnet-ccs-icb-annotation=\"true\">Resoluci\u00f3n XGA Nativa y rendimieno de 4:3<\/li>\n<li data-cnet-ccs-icb-annotation=\"true\">Larga vida \u00fatil de la l\u00e1mpara de hasta12.000 horas en Modo ECO<sup data-cnet-ccs-icb-annotation=\"true\">3<\/sup><\/li>\n<li data-cnet-ccs-icb-annotation=\"true\">F\u00e1cil configuraci\u00f3n y flexibilidad de posicionamiento<\/li>\n<li data-cnet-ccs-icb-annotation=\"true\">Conectividad HDMI<\/li>\n<\/ul>\n","protected":false},"featured_media":8938,"comment_status":"closed","ping_status":"closed","template":"","meta":[],"product_brand":[],"product_cat":[110,109],"product_tag":[],"class_list":{"0":"post-8934","1":"product","2":"type-product","3":"status-publish","4":"has-post-thumbnail","6":"product_cat-epson","7":"product_cat-proyectores","9":"first","10":"outofstock","11":"taxable","12":"shipping-taxable","13":"purchasable","14":"product-type-simple"},"_links":{"self":[{"href":"https:\/\/comcellstore.com\/index.php?rest_route=\/wp\/v2\/product\/8934","targetHints":{"allow":["GET"]}}],"collection":[{"href":"https:\/\/comcellstore.com\/index.php?rest_route=\/wp\/v2\/product"}],"about":[{"href":"https:\/\/comcellstore.com\/index.php?rest_route=\/wp\/v2\/types\/product"}],"replies":[{"embeddable":true,"href":"https:\/\/comcellstore.com\/index.php?rest_route=%2Fwp%2Fv2%2Fcomments&post=8934"}],"version-history":[{"count":4,"href":"https:\/\/comcellstore.com\/index.php?rest_route=\/wp\/v2\/product\/8934\/revisions"}],"predecessor-version":[{"id":8942,"href":"https:\/\/comcellstore.com\/index.php?rest_route=\/wp\/v2\/product\/8934\/revisions\/8942"}],"wp:featuredmedia":[{"embeddable":true,"href":"https:\/\/comcellstore.com\/index.php?rest_route=\/wp\/v2\/media\/8938"}],"wp:attachment":[{"href":"https:\/\/comcellstore.com\/index.php?rest_route=%2Fwp%2Fv2%2Fmedia&parent=8934"}],"wp:term":[{"taxonomy":"product_brand","embeddable":true,"href":"https:\/\/comcellstore.com\/index.php?rest_route=%2Fwp%2Fv2%2Fproduct_brand&post=8934"},{"taxonomy":"product_cat","embeddable":true,"href":"https:\/\/comcellstore.com\/index.php?rest_route=%2Fwp%2Fv2%2Fproduct_cat&post=8934"},{"taxonomy":"product_tag","embeddable":true,"href":"https:\/\/comcellstore.com\/index.php?rest_route=%2Fwp%2Fv2%2Fproduct_tag&post=8934"}],"curies":[{"name":"wp","href":"https:\/\/api.w.org\/{rel}","templated":true}]}}