{"id":9145,"date":"2024-03-14T16:25:22","date_gmt":"2024-03-14T16:25:22","guid":{"rendered":"https:\/\/comcellstore.com\/?post_type=product&#038;p=9145"},"modified":"2025-05-27T19:29:27","modified_gmt":"2025-05-27T19:29:27","slug":"klip-xtremekwh-150-funk","status":"publish","type":"product","link":"https:\/\/comcellstore.com\/?product=klip-xtremekwh-150-funk","title":{"rendered":"KLIP XTREME<br>Kwh-150 Funk"},"content":{"rendered":"<div class=\"col-12 col-sm-6 pb-2 mb-2\">\n<h2 class=\"font-weight-bolder d-inline-block pl-2\">Auricular<\/h2>\n<hr \/>\n<div>\n<ul>\n<li><strong>Factor de forma:\u00a0<\/strong>Supraaural<\/li>\n<li><strong>Unidad del parlante:\u00a0<\/strong>\u03a640mm<\/li>\n<li><strong>M\u00e1xima potencia de salida:\u00a0<\/strong>20mW<\/li>\n<li><strong>Frecuencia:\u00a0<\/strong>20Hz-20kHz<\/li>\n<li><strong>Impedancia:\u00a0<\/strong>32\u03a9\u00b115%<\/li>\n<li><strong>Sensibilidad:\u00a0<\/strong>105\u00b13dB\/mW (S.P.L. a 1kHz)<\/li>\n<\/ul>\n<\/div>\n<\/div>\n<div class=\"col-12 col-sm-6 pb-2 mb-2\">\n<h2 class=\"font-weight-bolder d-inline-block pl-2\">Micr\u00f3fono<\/h2>\n<hr \/>\n<div>\n<ul>\n<li><strong>Factor de forma:\u00a0<\/strong>Integrado<\/li>\n<li><strong>Directividad:\u00a0<\/strong>Omnidireccional<\/li>\n<li><strong>Frecuencia:\u00a0<\/strong>100Hz-18kHz<\/li>\n<li><strong>Impedancia:\u00a0<\/strong>32\u03a9<\/li>\n<li><strong>Sensibilidad:\u00a0<\/strong>105dB a 1kHz<\/li>\n<li><strong>Control del volumen:\u00a0<\/strong>S\u00ed<\/li>\n<\/ul>\n<\/div>\n<\/div>\n<div class=\"col-12 col-sm-6 pb-2 mb-2\">\n<h2 class=\"font-weight-bolder d-inline-block pl-2\">Conectividad<\/h2>\n<hr \/>\n<div>\n<ul>\n<li><strong>Tipo de conexi\u00f3n:\u00a0<\/strong>Compatible con Bluetooth<sup>\u00ae<\/sup>\u00a0V5.0, entrada auxiliar de 3,5mm<\/li>\n<li><strong>Radiofrecuencia inal\u00e1mbrica:\u00a0<\/strong>2,402\u20142,480GHz<\/li>\n<li><strong>Alcance inal\u00e1mbrico:\u00a0<\/strong>Hasta 10m*<\/li>\n<li><strong>Botones:\u00a0<\/strong>Volumen+\/pr\u00f3xima pista. Reproducir\/pausa\/contestar-colgar la llamada\/marcar nuevamente\/rechazar la llamada. Volumen-\/pista anterior, e interruptor de encendido\/apagado<\/li>\n<li><strong>Conexi\u00f3n al\u00e1mbrica:\u00a0<\/strong>AUX 3,5mm<\/li>\n<\/ul>\n<\/div>\n<\/div>\n<div class=\"col-12 col-sm-6 pb-2 mb-2\">\n<h2 class=\"font-weight-bolder d-inline-block pl-2\">Bater\u00eda<\/h2>\n<hr \/>\n<div>\n<ul>\n<li><strong>Tipo de bater\u00eda:\u00a0<\/strong>Bater\u00eda de litio recargable incorporada 3,7VDC, 500mAh<\/li>\n<li><strong>Tiempo de carga:\u00a0<\/strong>Hasta 3,5 horas<\/li>\n<li><strong>Tiempo de funcionamiento:\u00a0<\/strong>Hasta 18 horas a 50% y hasta 13 horas a 100% de volumen**<\/li>\n<li><strong>Tiempo en modo de pausa:\u00a0<\/strong>30 horas<\/li>\n<\/ul>\n<\/div>\n<\/div>\n<div class=\"col-12 col-sm-6 pb-2 mb-2\">\n<h2 class=\"font-weight-bolder d-inline-block pl-2\">Otras caracter\u00edsticas<\/h2>\n<hr \/>\n<div>\n<ul>\n<li><strong>Tipo de notificaciones:\u00a0<\/strong>Tonos<\/li>\n<li><strong>Plegable:\u00a0<\/strong>S\u00ed<\/li>\n<\/ul>\n<\/div>\n<\/div>\n<div class=\"col-12 col-sm-6 pb-2 mb-2\">\n<h2 class=\"font-weight-bolder d-inline-block pl-2\">Informaci\u00f3n adicional<\/h2>\n<hr \/>\n<div>\n<ul>\n<li><strong>Longitud del cable:\u00a0<\/strong>Alrededor de 1,18m<\/li>\n<li><strong>Material:\u00a0<\/strong>ABS<\/li>\n<li><strong>Dimensiones (LaxAnxAl):\u00a0<\/strong>17,27&#215;7,36&#215;18,28cm<\/li>\n<li><strong>Peso:\u00a0<\/strong>357g<\/li>\n<li><strong>Garant\u00eda:\u00a0<\/strong>Un a\u00f1o<\/li>\n<\/ul>\n<p>*El c\u00e1lculo de alcance se basa en un \u00e1rea libre de obst\u00e1culos e interferencias y dentro de la l\u00ednea de visi\u00f3n entre los dispositivos Bluetooth<sup>\u00ae<\/sup>\u00a0V5.0.<br \/>\n**Depende del nivel de volumen y del tipo de m\u00fasica que se reproduce.<\/p>\n<\/div>\n<\/div>\n","protected":false},"excerpt":{"rendered":"<h2><span style=\"color: #00ccff;\">Comodidad inal\u00e1mbrica con un dise\u00f1o refinado<\/span><\/h2>\n<p>Estos aud\u00edfonos inal\u00e1mbricos son perfectos para una experiencia de audio excepcional en la casa, la oficina o en cualquier lugar. Ofrecen el mejor equilibrio entre comodidad y desempe\u00f1o con almohadillas en cuerina y calidad de audio superior. Presentan un dise\u00f1o plegable y una bater\u00eda con autonom\u00eda de hasta 18 horas. Compatible con Bluetooth<sup>\u00ae<\/sup>\u00a0V5.0, estos aud\u00edfonos brindan una conexi\u00f3n confiable y estable para transmitir m\u00fasica inal\u00e1mbricamente desde cualquier aparato compatible en un radio de 10 metros de la fuente de audio. Disfruta la excelente calidad durante las llamadas telef\u00f3nicas con captaci\u00f3n de voz precisa. Disponibles en tres colores que complementan tu personalidad.<\/p>\n","protected":false},"featured_media":9148,"comment_status":"closed","ping_status":"closed","template":"","meta":[],"product_brand":[],"product_cat":[30,32],"product_tag":[],"class_list":{"0":"post-9145","1":"product","2":"type-product","3":"status-publish","4":"has-post-thumbnail","6":"product_cat-audifonos","7":"product_cat-audifonos-inalambricos","9":"first","10":"instock","11":"sale","12":"taxable","13":"shipping-taxable","14":"purchasable","15":"product-type-simple"},"_links":{"self":[{"href":"https:\/\/comcellstore.com\/index.php?rest_route=\/wp\/v2\/product\/9145","targetHints":{"allow":["GET"]}}],"collection":[{"href":"https:\/\/comcellstore.com\/index.php?rest_route=\/wp\/v2\/product"}],"about":[{"href":"https:\/\/comcellstore.com\/index.php?rest_route=\/wp\/v2\/types\/product"}],"replies":[{"embeddable":true,"href":"https:\/\/comcellstore.com\/index.php?rest_route=%2Fwp%2Fv2%2Fcomments&post=9145"}],"version-history":[{"count":1,"href":"https:\/\/comcellstore.com\/index.php?rest_route=\/wp\/v2\/product\/9145\/revisions"}],"predecessor-version":[{"id":9150,"href":"https:\/\/comcellstore.com\/index.php?rest_route=\/wp\/v2\/product\/9145\/revisions\/9150"}],"wp:featuredmedia":[{"embeddable":true,"href":"https:\/\/comcellstore.com\/index.php?rest_route=\/wp\/v2\/media\/9148"}],"wp:attachment":[{"href":"https:\/\/comcellstore.com\/index.php?rest_route=%2Fwp%2Fv2%2Fmedia&parent=9145"}],"wp:term":[{"taxonomy":"product_brand","embeddable":true,"href":"https:\/\/comcellstore.com\/index.php?rest_route=%2Fwp%2Fv2%2Fproduct_brand&post=9145"},{"taxonomy":"product_cat","embeddable":true,"href":"https:\/\/comcellstore.com\/index.php?rest_route=%2Fwp%2Fv2%2Fproduct_cat&post=9145"},{"taxonomy":"product_tag","embeddable":true,"href":"https:\/\/comcellstore.com\/index.php?rest_route=%2Fwp%2Fv2%2Fproduct_tag&post=9145"}],"curies":[{"name":"wp","href":"https:\/\/api.w.org\/{rel}","templated":true}]}}