{"id":9218,"date":"2024-03-19T16:16:14","date_gmt":"2024-03-19T16:16:14","guid":{"rendered":"https:\/\/comcellstore.com\/?post_type=product&#038;p=9218"},"modified":"2025-05-27T19:22:49","modified_gmt":"2025-05-27T19:22:49","slug":"klip-xtreme-knh-050-oasis","status":"publish","type":"product","link":"https:\/\/comcellstore.com\/?product=klip-xtreme-knh-050-oasis","title":{"rendered":"KLIP XTREME <br>KNH-050 Oasis"},"content":{"rendered":"<div id=\"specsTab\" class=\"tab-pane col-12 m-auto specs active\" role=\"tabpanel\" aria-hidden=\"false\" aria-labelledby=\"specsTab___BV_tab_button__\">\n<div id=\"specsContainer\" class=\"d-flex flex-wrap col-12 p-0\">\n<div class=\"col-12 col-sm-6 pb-2 mb-2\">\n<h3 class=\"font-weight-bolder d-inline-block pl-2\">Aud\u00edfonos<\/h3>\n<hr \/>\n<div>\n<ul>\n<li><strong>Factor de forma:\u00a0<\/strong>Supraaural<\/li>\n<li><strong>Unidad del parlante:\u00a0<\/strong>\u03a640mm\u00a0tipo din\u00e1mico<\/li>\n<li><strong>M\u00e1xima potencia de salida:\u00a0<\/strong>24mW (12mWx2)<\/li>\n<li><strong>Frecuencia:\u00a0<\/strong>2402-2480MHz<\/li>\n<li><strong>Impedancia: <\/strong>32\u03a9<\/li>\n<li><strong>Sensibilidad:\u00a0<\/strong>110\u00b13dB S.P.L a 1kHz<\/li>\n<li><strong>Distorsi\u00f3n Arm\u00f3nica Total (THD):\u00a0<\/strong>\u22640.1%<\/li>\n<li><strong>Nivel de cancelaci\u00f3n de ruido:\u00a0<\/strong>Hasta 20dB<\/li>\n<\/ul>\n<\/div>\n<\/div>\n<div class=\"col-12 col-sm-6 pb-2 mb-2\">\n<h3 class=\"font-weight-bolder d-inline-block pl-2\">Micr\u00f3fono<\/h3>\n<hr \/>\n<div>\n<ul>\n<li><strong>Factor de forma:\u00a0<\/strong>Integrado \u2013 micr\u00f3fono de condensador electret<\/li>\n<li><strong>Directividad:\u00a0<\/strong>Omnidireccional<\/li>\n<li><strong>Frecuencia:\u00a0<\/strong>20Hz-20kHz<\/li>\n<li><strong>Impedancia:\u00a0<\/strong>2.2\u03a9<\/li>\n<li><strong>Sensibilidad:\u00a0<\/strong>-42dB\u00b13dB<\/li>\n<li><strong>Control del volumen:\u00a0<\/strong>S\u00ed<\/li>\n<\/ul>\n<\/div>\n<\/div>\n<div class=\"col-12 col-sm-6 pb-2 mb-2\">\n<h3 class=\"font-weight-bolder d-inline-block pl-2\">Conectividad<\/h3>\n<hr \/>\n<div>\n<ul>\n<li><strong>Tipo de conexi\u00f3n: <\/strong>Bluetooth<sup>\u00ae<\/sup> V5.0 y entrada auxiliar de 3,5mm<\/li>\n<li><strong>Radiofrecuencia inal\u00e1mbrica: <\/strong>2,402\u20142,480GHz<\/li>\n<li><strong>Alcance inal\u00e1mbrico: <\/strong>14,9m*<\/li>\n<li><strong>Botones: <\/strong>: Volumen+\/siguiente pista, Encender\/apagar\/reproducci\u00f3n\/pausa\/contestar-colgar una llamada\/marcar de nuevo\/rechazar una llamada, Volumen-\/pista anterior, Encender\/apagar ANC<\/li>\n<\/ul>\n<\/div>\n<\/div>\n<div class=\"col-12 col-sm-6 pb-2 mb-2\">\n<h3 class=\"font-weight-bolder d-inline-block pl-2\">Bater\u00eda<\/h3>\n<hr \/>\n<div>\n<ul>\n<li><strong>Tipo:\u00a0<\/strong>Bater\u00eda de litio recargable integrada 3,7VDC, 400mAh<\/li>\n<li><strong>Tiempo de carga:\u00a0<\/strong>2 a 3 horas<\/li>\n<li><strong>Tiempo de funcionamiento:\u00a0<\/strong>BT encendido, ANC apagado &#8211; 50%: 9~10 horas**BT encendido, ANC apagado &#8211; 100%: 7~8 horas**BT encendido, ANC encendido &#8211; 50%: aproximadamente 7\u00a0horas**BT encendido, ANC encendido &#8211; 100%: aproximadamente 5 horas**<\/li>\n<li><strong>Tiempo en modo de pausa:\u00a0<\/strong>24 horas<\/li>\n<\/ul>\n<\/div>\n<\/div>\n<div class=\"col-12 col-sm-6 pb-2 mb-2\">\n<h3 class=\"font-weight-bolder d-inline-block pl-2\">Caracter\u00edsticas especiales<\/h3>\n<hr \/>\n<div>\n<ul>\n<li><strong>Tipo de notificaciones:\u00a0<\/strong>Tonos<\/li>\n<li><strong>Plegable:\u00a0<\/strong>S\u00ed<\/li>\n<li><strong>C\u00e1psulas giratorias:\u00a0<\/strong>S\u00ed<\/li>\n<\/ul>\n<\/div>\n<\/div>\n<div class=\"col-12 col-sm-6 pb-2 mb-2\">\n<h3 class=\"font-weight-bolder d-inline-block pl-2\">Informaci\u00f3n adicional<\/h3>\n<hr \/>\n<div>\n<ul>\n<li><strong>Longitud del cable:\u00a0<\/strong>1,50m<\/li>\n<li><strong>Dimensiones (LaxAnxAl):\u00a0<\/strong>15,7&#215;7,1&#215;18,2cm<\/li>\n<li><strong>Peso:\u00a0<\/strong>172,9g<\/li>\n<li><strong>Garant\u00eda:\u00a0<\/strong>Un a\u00f1o<\/li>\n<\/ul>\n<p>*El c\u00e1lculo de alcance se basa en un \u00e1rea libre de obst\u00e1culos e interferencias y dentro de la l\u00ednea de visi\u00f3n entre los dispositivos.<\/p>\n<p>**Depende del nivel de volumen y del tipo de archivo de m\u00fasica que se reproduce.<\/p>\n<\/div>\n<\/div>\n<\/div>\n<\/div>\n","protected":false},"excerpt":{"rendered":"<div id=\"__BVID__337\" class=\"tab-pane col-12 col-xl-10 m-auto overview active\" role=\"tabpanel\" aria-hidden=\"false\" aria-labelledby=\"__BVID__337___BV_tab_button__\">\n<div class=\"overview-description\">\n<h2><span style=\"color: #33cccc;\">Solo escucha tu m\u00fasica<\/span><\/h2>\n<p>Estos aud\u00edfonos con cancelaci\u00f3n de ruido activa (ANC) te ayudan a concentrarte en lo que deseas escuchar reduciendo los ruidos del ambiente como el ruido del motor del avi\u00f3n, el tr\u00e1fico de la ciudad, el viento o una oficina llena con personas que hablan al fondo. Oye todos los detalles de tus canciones favoritas. Los Oasis tienen un micr\u00f3fono incorporado de alta calidad y botones de control para hacer llamadas en modo de manos libres. Disfruta 7 horas de reproducci\u00f3n por carga. Estos aud\u00edfonos ofrecen m\u00e1xima comodidad con almohadillas giratorias que se ajustan a tu cabeza.<\/p>\n<ul>\n<li>La tecnolog\u00eda de cancelaci\u00f3n de ruido activa (ANC) reduce los ruidos ambientales para que puedas concentrarte en lo que deseas escuchar<\/li>\n<li>La bater\u00eda de litio recargable ofrece 7 horas de reproducci\u00f3n con ANC y tecnolog\u00eda Bluetooth<sup>\u00ae<\/sup> activados**<\/li>\n<li>Tecnolog\u00eda compatible con Bluetooth<sup>\u00ae<\/sup> v5.0 brinda sonido de calidad y conexi\u00f3n inal\u00e1mbrica de hasta 12 metros*<\/li>\n<li>Dise\u00f1o liviano con materiales durables<\/li>\n<li>Diadema plegable y almohadillas giratorias para un f\u00e1cil transporte y flexibilidad cuando quieras escuchar lo que pasa a tu alrededor<\/li>\n<li>Modo de manos libres para recibir o hacer llamadas mientras est\u00e1s en movimiento<\/li>\n<li>La diadema y las almohadillas reducen la presi\u00f3n para m\u00e1xima comodidad<\/li>\n<\/ul>\n<p>*El c\u00e1lculo de alcance se basa en un \u00e1rea libre de obst\u00e1culos e interferencias y dentro de la l\u00ednea de visi\u00f3n entre los dispositivos.<br \/>\n**Depende del nivel de volumen y del tipo de archivo de m\u00fasica que se reproduce.<\/p>\n<\/div>\n<\/div>\n","protected":false},"featured_media":9221,"comment_status":"closed","ping_status":"closed","template":"","meta":[],"product_brand":[],"product_cat":[30,32],"product_tag":[],"class_list":{"0":"post-9218","1":"product","2":"type-product","3":"status-publish","4":"has-post-thumbnail","6":"product_cat-audifonos","7":"product_cat-audifonos-inalambricos","9":"first","10":"instock","11":"sale","12":"taxable","13":"shipping-taxable","14":"purchasable","15":"product-type-simple"},"_links":{"self":[{"href":"https:\/\/comcellstore.com\/index.php?rest_route=\/wp\/v2\/product\/9218","targetHints":{"allow":["GET"]}}],"collection":[{"href":"https:\/\/comcellstore.com\/index.php?rest_route=\/wp\/v2\/product"}],"about":[{"href":"https:\/\/comcellstore.com\/index.php?rest_route=\/wp\/v2\/types\/product"}],"replies":[{"embeddable":true,"href":"https:\/\/comcellstore.com\/index.php?rest_route=%2Fwp%2Fv2%2Fcomments&post=9218"}],"version-history":[{"count":4,"href":"https:\/\/comcellstore.com\/index.php?rest_route=\/wp\/v2\/product\/9218\/revisions"}],"predecessor-version":[{"id":9941,"href":"https:\/\/comcellstore.com\/index.php?rest_route=\/wp\/v2\/product\/9218\/revisions\/9941"}],"wp:featuredmedia":[{"embeddable":true,"href":"https:\/\/comcellstore.com\/index.php?rest_route=\/wp\/v2\/media\/9221"}],"wp:attachment":[{"href":"https:\/\/comcellstore.com\/index.php?rest_route=%2Fwp%2Fv2%2Fmedia&parent=9218"}],"wp:term":[{"taxonomy":"product_brand","embeddable":true,"href":"https:\/\/comcellstore.com\/index.php?rest_route=%2Fwp%2Fv2%2Fproduct_brand&post=9218"},{"taxonomy":"product_cat","embeddable":true,"href":"https:\/\/comcellstore.com\/index.php?rest_route=%2Fwp%2Fv2%2Fproduct_cat&post=9218"},{"taxonomy":"product_tag","embeddable":true,"href":"https:\/\/comcellstore.com\/index.php?rest_route=%2Fwp%2Fv2%2Fproduct_tag&post=9218"}],"curies":[{"name":"wp","href":"https:\/\/api.w.org\/{rel}","templated":true}]}}