{"id":9223,"date":"2024-03-19T19:34:22","date_gmt":"2024-03-19T19:34:22","guid":{"rendered":"https:\/\/comcellstore.com\/?post_type=product&#038;p=9223"},"modified":"2025-05-27T19:28:16","modified_gmt":"2025-05-27T19:28:16","slug":"klip-xtreme-kwh-050-melodik","status":"publish","type":"product","link":"https:\/\/comcellstore.com\/?product=klip-xtreme-kwh-050-melodik","title":{"rendered":"KLIP XTREME<br> KWH-050 Melodik"},"content":{"rendered":"<div id=\"specsTab\" class=\"tab-pane col-12 m-auto specs active\" role=\"tabpanel\" aria-hidden=\"false\" aria-labelledby=\"specsTab___BV_tab_button__\">\n<div id=\"specsContainer\" class=\"d-flex flex-wrap col-12 p-0\">\n<div class=\"col-12 col-sm-6 pb-2 mb-2\">\n<h3 class=\"font-weight-bolder d-inline-block pl-2\">Aud\u00edfono<\/h3>\n<hr \/>\n<div>\n<ul>\n<li><strong>Factor de forma:<\/strong> Supraaural<\/li>\n<li><strong>Unidad del parlante:<\/strong> \u03a640mm<\/li>\n<li><strong>Entrada DC:<\/strong> 5V<\/li>\n<li><strong>M\u00e1xima potencia de salida:<\/strong> 24mW (12mWx2)<\/li>\n<li><strong>Frecuencia:<\/strong> 2.402 \u2013 2.480GHz<\/li>\n<li><strong>Impedancia:<\/strong> 32\u03a9<\/li>\n<li><strong>Sensibilidad: <\/strong>110\u00b13dB S.P.L a 1 kHz<\/li>\n<\/ul>\n<\/div>\n<\/div>\n<div class=\"col-12 col-sm-6 pb-2 mb-2\">\n<h3 class=\"font-weight-bolder d-inline-block pl-2\">Micr\u00f3fono<\/h3>\n<hr \/>\n<div>\n<ul>\n<li><strong>Factor de forma: <\/strong>Integrado<\/li>\n<li><strong>Directividad:<\/strong> Omnidireccional<\/li>\n<li><strong>Frecuencia:<\/strong>\u00a020Hz-20kHz<\/li>\n<li><strong>Impedancia:<\/strong> 2,2K\u03a9<\/li>\n<li><strong>Sensibilidad: <\/strong>-42dB\u00b13dB<\/li>\n<li><strong>Control del volumen:<\/strong>\u00a0S\u00ed<\/li>\n<\/ul>\n<\/div>\n<\/div>\n<div class=\"col-12 col-sm-6 pb-2 mb-2\">\n<h3 class=\"font-weight-bolder d-inline-block pl-2\">Conectividad<\/h3>\n<hr \/>\n<div>\n<ul>\n<li><strong>Tipo de conexi\u00f3n:<\/strong> Compatible con Bluetooth<sup>\u00ae<\/sup> V5.0, entrada auxiliar para 3,5mm, microSD\u2122<\/li>\n<li><strong>Radiofrecuencia inal\u00e1mbrica:<\/strong> 2,402\u20142,480GHz<\/li>\n<li><strong>Alcance inal\u00e1mbrico:<\/strong> Hasta 14,9m*<\/li>\n<li><strong>Botones: <\/strong>Volumen+\/pr\u00f3xima pista, Reproducci\u00f3n\/pausa\/modo, Volumen-\/pista anterior; Bot\u00f3n de alimentaci\u00f3n: Encender\/apagar\/contestar\/colgar\/ rediscar\/rechazar una llamada<\/li>\n<li><strong>Ranura para tarjeta de memoria: <\/strong>S\u00ed<\/li>\n<\/ul>\n<\/div>\n<\/div>\n<div class=\"col-12 col-sm-6 pb-2 mb-2\">\n<h3 class=\"font-weight-bolder d-inline-block pl-2\">Bater\u00eda<\/h3>\n<hr \/>\n<div>\n<ul>\n<li><strong>Tipo de bater\u00eda:<\/strong> Bater\u00eda de litio recargable integrada 3,7VDC, 400mAh<\/li>\n<li><strong>Tiempo de carga:<\/strong> 2 a 3 horas<\/li>\n<li><strong>Tiempo de funcionamiento:<\/strong> Bluetooth<sup>\u00ae<\/sup> encendido &#8211; 50%: Hasta 10 horas**, Bluetooth<sup>\u00ae<\/sup> encendido &#8211; 100%: Hasta 8 horas**<\/li>\n<li><strong>Tiempo en modo de pausa:<\/strong> 24 horas<\/li>\n<\/ul>\n<\/div>\n<\/div>\n<div class=\"col-12 col-sm-6 pb-2 mb-2\">\n<h3 class=\"font-weight-bolder d-inline-block pl-2\">Caracter\u00edsticas especiales<\/h3>\n<hr \/>\n<div>\n<ul>\n<li><strong>Tipo de notificaciones:\u00a0<\/strong>Tonos<\/li>\n<li><strong>Plegable:\u00a0<\/strong>S\u00ed<\/li>\n<li><strong>C\u00e1psulas giratorias:\u00a0<\/strong>S\u00ed<strong>\u00a0<\/strong><\/li>\n<\/ul>\n<\/div>\n<\/div>\n<div class=\"col-12 col-sm-6 pb-2 mb-2\">\n<h3 class=\"font-weight-bolder d-inline-block pl-2\">Informaci\u00f3n adicional<\/h3>\n<hr \/>\n<div>\n<ul>\n<li><strong>Longitud del cable:<\/strong> 1,4m<\/li>\n<li><strong>Dimensiones (LaxAnxAl):<\/strong> 15,7&#215;7,1&#215;18,2cm<\/li>\n<li><strong>Peso:<\/strong>\u00a0172g<\/li>\n<li><strong>Garant\u00eda:<\/strong> Un a\u00f1o<\/li>\n<\/ul>\n<p>*El c\u00e1lculo de alcance se basa en un \u00e1rea libre de obst\u00e1culos e interferencias y dentro de la l\u00ednea de visi\u00f3n entre los dispositivos.<br \/>\n**Depende del nivel de volumen y del tipo de archivo de m\u00fasica que se reproduce.<\/p>\n<\/div>\n<\/div>\n<\/div>\n<\/div>\n","protected":false},"excerpt":{"rendered":"<div id=\"__BVID__447\" class=\"tab-pane col-12 col-xl-10 m-auto overview active\" role=\"tabpanel\" aria-hidden=\"false\" aria-labelledby=\"__BVID__447___BV_tab_button__\">\n<div class=\"overview-description\">\n<h2><span style=\"color: #33cccc;\">Sonido encantador en un dise\u00f1o liviano<\/span><\/h2>\n<p>Estos aud\u00edfonos inal\u00e1mbricos proporcionan calidad de sonido excepcional y claridad, no importa el g\u00e9nero de m\u00fasica, escuchar\u00e1s cada nota claramente. Plegables y livianos, est\u00e1n dise\u00f1ados para ajustarse perfectamente. Son compatibles con dispositivos Bluetooth<sup>\u00ae<\/sup> para brindar una conexi\u00f3n inal\u00e1mbrica estable e incluyen un cable auxiliar de 3,5mm que permite usarlos con aparatos que no utilizan Bluetooth<sup>\u00ae<\/sup>. Los controles integrados facilitan ajustar la m\u00fasica y contestar llamadas. Su dise\u00f1o es pr\u00e1ctico con almohadillas plegables. Escucha sonidos potentes durante 10 horas de pura satisfacci\u00f3n. Disfruta m\u00e1xima comodidad con su diadema expandible.<\/p>\n<ul>\n<li>Disfruta hasta 10 horas de m\u00fasica<\/li>\n<li>Compatible con Bluetooth<sup>\u00ae<\/sup> v5.0 que ofrece una conexi\u00f3n inal\u00e1mbrica estable y de mayor alcance<\/li>\n<li>Dise\u00f1o liviano que se encaja perfectamente<\/li>\n<li>Las almohadillas giratorias brindan flexibilidad<\/li>\n<li>Modo de manos libres para estilos de vida activos<\/li>\n<li>Ranura para tarjetas microSD\u2122 proporciona flexibilidad para escuchar tu m\u00fasica almacenada en diferentes formatos<\/li>\n<li>Almohadillas acolchadas para comodidad todo el d\u00eda<\/li>\n<\/ul>\n<p>*El c\u00e1lculo de alcance se basa en un \u00e1rea libre de obst\u00e1culos e interferencias y dentro de la l\u00ednea de visi\u00f3n entre los dispositivos.<br \/>\n**Depende del nivel de volumen y del tipo de archivo de m\u00fasica que se reproduce.<\/p>\n<\/div>\n<\/div>\n","protected":false},"featured_media":9221,"comment_status":"closed","ping_status":"closed","template":"","meta":[],"product_brand":[],"product_cat":[30,32],"product_tag":[],"class_list":{"0":"post-9223","1":"product","2":"type-product","3":"status-publish","4":"has-post-thumbnail","6":"product_cat-audifonos","7":"product_cat-audifonos-inalambricos","9":"first","10":"instock","11":"sale","12":"taxable","13":"shipping-taxable","14":"purchasable","15":"product-type-simple"},"_links":{"self":[{"href":"https:\/\/comcellstore.com\/index.php?rest_route=\/wp\/v2\/product\/9223","targetHints":{"allow":["GET"]}}],"collection":[{"href":"https:\/\/comcellstore.com\/index.php?rest_route=\/wp\/v2\/product"}],"about":[{"href":"https:\/\/comcellstore.com\/index.php?rest_route=\/wp\/v2\/types\/product"}],"replies":[{"embeddable":true,"href":"https:\/\/comcellstore.com\/index.php?rest_route=%2Fwp%2Fv2%2Fcomments&post=9223"}],"version-history":[{"count":3,"href":"https:\/\/comcellstore.com\/index.php?rest_route=\/wp\/v2\/product\/9223\/revisions"}],"predecessor-version":[{"id":9940,"href":"https:\/\/comcellstore.com\/index.php?rest_route=\/wp\/v2\/product\/9223\/revisions\/9940"}],"wp:featuredmedia":[{"embeddable":true,"href":"https:\/\/comcellstore.com\/index.php?rest_route=\/wp\/v2\/media\/9221"}],"wp:attachment":[{"href":"https:\/\/comcellstore.com\/index.php?rest_route=%2Fwp%2Fv2%2Fmedia&parent=9223"}],"wp:term":[{"taxonomy":"product_brand","embeddable":true,"href":"https:\/\/comcellstore.com\/index.php?rest_route=%2Fwp%2Fv2%2Fproduct_brand&post=9223"},{"taxonomy":"product_cat","embeddable":true,"href":"https:\/\/comcellstore.com\/index.php?rest_route=%2Fwp%2Fv2%2Fproduct_cat&post=9223"},{"taxonomy":"product_tag","embeddable":true,"href":"https:\/\/comcellstore.com\/index.php?rest_route=%2Fwp%2Fv2%2Fproduct_tag&post=9223"}],"curies":[{"name":"wp","href":"https:\/\/api.w.org\/{rel}","templated":true}]}}