{"id":9238,"date":"2024-03-21T13:25:36","date_gmt":"2024-03-21T13:25:36","guid":{"rendered":"https:\/\/comcellstore.com\/?post_type=product&#038;p=9238"},"modified":"2025-05-27T19:30:41","modified_gmt":"2025-05-27T19:30:41","slug":"xtech-xth-230auricular-35mm","status":"publish","type":"product","link":"https:\/\/comcellstore.com\/?product=xtech-xth-230auricular-35mm","title":{"rendered":"XTECH XTH-230<br>Auricular 3,5mm"},"content":{"rendered":"<ul>\n<li>Auriculares est\u00e9reo con un solo enchufe TRRS para la conexi\u00f3n a cualquier dispositivo compatible con 3,5mm<\/li>\n<li>Micr\u00f3fono flexible y omnidireccional con brazo ajustable<\/li>\n<li>Diadema ajustable y almohadillas con espuma que ostentan un dise\u00f1o liviano<\/li>\n<li>Apropiado para videoconferencias, llamadas y chats de voz<\/li>\n<\/ul>\n<p><b>Auricular<\/b><\/p>\n<ul>\n<li><strong>Factor de forma:\u00a0<\/strong>Supraaurales<\/li>\n<li><b>Unidad del parlante:<\/b>\u00a027mm<\/li>\n<li><b>M\u00e1xima potencia de salida:<\/b>\u00a0100mW<\/li>\n<li><b>Respuesta de Frecuencia:<\/b>\u00a050Hz~20000Hz<\/li>\n<li><b>Impedancia:<\/b>\u00a032\u03a9\u00b115%<\/li>\n<li><b>Sensibilidad:<\/b>\u00a096dB\u00b13dB<\/li>\n<li><b>Color:<\/b>\u00a0Negro<\/li>\n<\/ul>\n<p><b>Micr\u00f3fono<\/b><\/p>\n<ul>\n<li><strong>Factor de forma:\u00a0<\/strong>Ajustable<\/li>\n<li><b>Directividad:<\/b>\u00a0Omnidireccional<\/li>\n<li><b>Frecuencia:<\/b>\u00a0100Hz~8000Hz<\/li>\n<li><b>Impedancia:<\/b>\u00a02.2K\u03a9<\/li>\n<li><b>Sensibilidad:<\/b>\u00a0-40dB\u00b13dB (a 1kHz)<\/li>\n<li><strong>Control del volumen:<\/strong>\u00a0S\u00ed<\/li>\n<\/ul>\n<p><strong>Conectividad<\/strong><\/p>\n<ul>\n<li><b>Tipo de conexi\u00f3n:<\/b>\u00a01 enchufe TRRS de 3,5mm<\/li>\n<\/ul>\n<p><b>Informaci\u00f3n adicional<\/b><\/p>\n<ul>\n<li><strong>Dimensiones\u00a0(AlxLaxAn)\u200b:<\/strong>\u00a016x14x4,8cm<\/li>\n<li><strong>Peso:<\/strong>\u00a068,8g<\/li>\n<li><b>Longitud del cable:<\/b>\u00a01,5m<\/li>\n<li><strong>Garant\u00eda:<\/strong>\u00a0Un\u00a0a\u00f1o<\/li>\n<\/ul>\n","protected":false},"excerpt":{"rendered":"<h2 class=\"font-weight-bold d-none d-md-block text-grey pl-3\" data-v-65763108=\"\"><span style=\"color: #000080;\">Auricular 3,5mm TRRS para videoconferencias<\/span><\/h2>\n<p>Auriculares est\u00e9reo con control de volumen en l\u00ednea y con un solo enchufe TRRS para la conexi\u00f3n a cualquier dispositivo compatible con 3,5mm, Micr\u00f3fono flexible y omnidireccional con brazo ajustable, Apropiado para videoconferencias, llamadas y chats de voz<\/p>\n","protected":false},"featured_media":9239,"comment_status":"closed","ping_status":"closed","template":"","meta":[],"product_brand":[],"product_cat":[56,64,50],"product_tag":[],"class_list":{"0":"post-9238","1":"product","2":"type-product","3":"status-publish","4":"has-post-thumbnail","6":"product_cat-auriculares-mouse-teclados","7":"product_cat-auriculares-pc","8":"product_cat-auriculares-con-microfono","10":"first","11":"instock","12":"sale","13":"taxable","14":"shipping-taxable","15":"purchasable","16":"product-type-simple"},"_links":{"self":[{"href":"https:\/\/comcellstore.com\/index.php?rest_route=\/wp\/v2\/product\/9238","targetHints":{"allow":["GET"]}}],"collection":[{"href":"https:\/\/comcellstore.com\/index.php?rest_route=\/wp\/v2\/product"}],"about":[{"href":"https:\/\/comcellstore.com\/index.php?rest_route=\/wp\/v2\/types\/product"}],"replies":[{"embeddable":true,"href":"https:\/\/comcellstore.com\/index.php?rest_route=%2Fwp%2Fv2%2Fcomments&post=9238"}],"version-history":[{"count":1,"href":"https:\/\/comcellstore.com\/index.php?rest_route=\/wp\/v2\/product\/9238\/revisions"}],"predecessor-version":[{"id":9243,"href":"https:\/\/comcellstore.com\/index.php?rest_route=\/wp\/v2\/product\/9238\/revisions\/9243"}],"wp:featuredmedia":[{"embeddable":true,"href":"https:\/\/comcellstore.com\/index.php?rest_route=\/wp\/v2\/media\/9239"}],"wp:attachment":[{"href":"https:\/\/comcellstore.com\/index.php?rest_route=%2Fwp%2Fv2%2Fmedia&parent=9238"}],"wp:term":[{"taxonomy":"product_brand","embeddable":true,"href":"https:\/\/comcellstore.com\/index.php?rest_route=%2Fwp%2Fv2%2Fproduct_brand&post=9238"},{"taxonomy":"product_cat","embeddable":true,"href":"https:\/\/comcellstore.com\/index.php?rest_route=%2Fwp%2Fv2%2Fproduct_cat&post=9238"},{"taxonomy":"product_tag","embeddable":true,"href":"https:\/\/comcellstore.com\/index.php?rest_route=%2Fwp%2Fv2%2Fproduct_tag&post=9238"}],"curies":[{"name":"wp","href":"https:\/\/api.w.org\/{rel}","templated":true}]}}