{"id":9253,"date":"2024-03-21T14:00:20","date_gmt":"2024-03-21T14:00:20","guid":{"rendered":"https:\/\/comcellstore.com\/?post_type=product&#038;p=9253"},"modified":"2025-05-27T19:37:51","modified_gmt":"2025-05-27T19:37:51","slug":"xtech-xth-531-kalamos","status":"publish","type":"product","link":"https:\/\/comcellstore.com\/?product=xtech-xth-531-kalamos","title":{"rendered":"XTECH <BR>XTH-531 Kalamos"},"content":{"rendered":"<ul>\n<li>Aud\u00edfonos est\u00e9reo para videojuego interactivo en tu PC<\/li>\n<li>Almohadillas acolchadas en cuerina ofrecen gran comodidad<\/li>\n<li>Diadema acolchada ajustable<\/li>\n<li>Micr\u00f3fono giratorio omnidireccional<\/li>\n<li>Pr\u00e1ctica c\u00e1psula de mando en l\u00ednea para control de volumen y silenciamiento<\/li>\n<\/ul>\n<p><strong>Aud\u00edfono<\/strong><\/p>\n<ul>\n<li><strong>Factor de forma:<\/strong>\u00a0Supraaural<\/li>\n<li><strong>Unidad del parlante:<\/strong> \u03c640mm<\/li>\n<li><strong>M\u00e1x. potencia de salida:<\/strong> 100mW total<\/li>\n<li><strong>Frecuencia:<\/strong> 20Hz-20kHz<\/li>\n<li><strong>Impedancia:<\/strong> 32\u03a9\u00b115%<\/li>\n<li><strong>Sensibilidad:<\/strong> 105\u00b13dB<\/li>\n<\/ul>\n<p><strong>Micr\u00f3fono<\/strong><\/p>\n<ul>\n<li><strong>Factor de forma:<\/strong> En el aud\u00edfono<\/li>\n<li><strong>Directividad:<\/strong> Omnidireccional<\/li>\n<li><strong>Frecuencia:<\/strong> 20Hz-20kHz<\/li>\n<li><strong>Impedancia:<\/strong> 2,2k\u03a9<\/li>\n<li><strong>Sensibilidad:<\/strong> -43dB<\/li>\n<li><strong>Control del volumen:<\/strong> S\u00ed<\/li>\n<\/ul>\n<p><strong>Informaci\u00f3n adicional <\/strong><\/p>\n<ul>\n<li><strong>Tipo de conexi\u00f3n:<\/strong> Enchufe USB<\/li>\n<li><strong>Plataformas compatibles:<\/strong>\u00a0PC<\/li>\n<li><strong>Botones:<\/strong> C\u00e1psula de mando (con botones para subir\/bajar volumen, enmudecer\/desenmudecer el micr\u00f3fono)<\/li>\n<li><strong>Longitud del cable:<\/strong> 1,80m<\/li>\n<li><strong>Dimensiones:<\/strong> 18&#215;7,3&#215;18,5cm<\/li>\n<li><strong>Peso:<\/strong> 185g<\/li>\n<li><strong>Garant\u00eda:<\/strong> Un a\u00f1o<\/li>\n<\/ul>\n","protected":false},"excerpt":{"rendered":"<h3><span style=\"color: #000080;\"><strong>Auriculares est\u00e9reo para juegos<\/strong><\/span><\/h3>\n<ul>\n<li>Factor de forma: Supraaural<\/li>\n<li>Micr\u00f3fono: En el aud\u00edfono<\/li>\n<li>Tipo de conexi\u00f3n: Enchufe USB<\/li>\n<\/ul>\n<p>Aud\u00edfonos est\u00e9reo para videojuegos interactivos en tu PC, Incorpora almohadillas acolchadas de cuerina que ofrecen gran comodidad, Incluye diadema acolchada ajustable<\/p>\n","protected":false},"featured_media":9254,"comment_status":"closed","ping_status":"closed","template":"","meta":[],"product_brand":[],"product_cat":[50,77,57],"product_tag":[],"class_list":{"0":"post-9253","1":"product","2":"type-product","3":"status-publish","4":"has-post-thumbnail","6":"product_cat-auriculares-con-microfono","7":"product_cat-auriculares-gaming","8":"product_cat-auricularesteclados-mecanicos-ratones","10":"first","11":"instock","12":"sale","13":"taxable","14":"shipping-taxable","15":"purchasable","16":"product-type-simple"},"_links":{"self":[{"href":"https:\/\/comcellstore.com\/index.php?rest_route=\/wp\/v2\/product\/9253","targetHints":{"allow":["GET"]}}],"collection":[{"href":"https:\/\/comcellstore.com\/index.php?rest_route=\/wp\/v2\/product"}],"about":[{"href":"https:\/\/comcellstore.com\/index.php?rest_route=\/wp\/v2\/types\/product"}],"replies":[{"embeddable":true,"href":"https:\/\/comcellstore.com\/index.php?rest_route=%2Fwp%2Fv2%2Fcomments&post=9253"}],"version-history":[{"count":1,"href":"https:\/\/comcellstore.com\/index.php?rest_route=\/wp\/v2\/product\/9253\/revisions"}],"predecessor-version":[{"id":9256,"href":"https:\/\/comcellstore.com\/index.php?rest_route=\/wp\/v2\/product\/9253\/revisions\/9256"}],"wp:featuredmedia":[{"embeddable":true,"href":"https:\/\/comcellstore.com\/index.php?rest_route=\/wp\/v2\/media\/9254"}],"wp:attachment":[{"href":"https:\/\/comcellstore.com\/index.php?rest_route=%2Fwp%2Fv2%2Fmedia&parent=9253"}],"wp:term":[{"taxonomy":"product_brand","embeddable":true,"href":"https:\/\/comcellstore.com\/index.php?rest_route=%2Fwp%2Fv2%2Fproduct_brand&post=9253"},{"taxonomy":"product_cat","embeddable":true,"href":"https:\/\/comcellstore.com\/index.php?rest_route=%2Fwp%2Fv2%2Fproduct_cat&post=9253"},{"taxonomy":"product_tag","embeddable":true,"href":"https:\/\/comcellstore.com\/index.php?rest_route=%2Fwp%2Fv2%2Fproduct_tag&post=9253"}],"curies":[{"name":"wp","href":"https:\/\/api.w.org\/{rel}","templated":true}]}}