{"id":9257,"date":"2024-03-21T14:11:07","date_gmt":"2024-03-21T14:11:07","guid":{"rendered":"https:\/\/comcellstore.com\/?post_type=product&#038;p=9257"},"modified":"2025-05-27T19:31:39","modified_gmt":"2025-05-27T19:31:39","slug":"xtechxth-520-molten","status":"publish","type":"product","link":"https:\/\/comcellstore.com\/?product=xtechxth-520-molten","title":{"rendered":"XTECH<BR>XTH-520 Molten"},"content":{"rendered":"<ul>\n<li>Monoauricular est\u00e9reo para videojuegos de PC interactivos y de consola<\/li>\n<li>Almohadillas acolchadas en cuerina ofrecen gran comodidad<\/li>\n<li>Diadema acolchada ajustable<\/li>\n<li>Micr\u00f3fono omnidireccional flexible<\/li>\n<li>Pr\u00e1ctica c\u00e1psula en l\u00ednea para el control de encendido\/apagado y de volumen<\/li>\n<\/ul>\n<p><strong>Auricular<\/strong><\/p>\n<ul>\n<li><strong>Tipo:\u00a0<\/strong>Auricular para videojuegos<\/li>\n<li><strong>Factor de forma:<\/strong>\u00a0Supraaural<\/li>\n<li><strong>Unidad del parlante<\/strong>:\u00a040mm<\/li>\n<li><strong>M\u00e1xima potencia de salida<\/strong>:\u00a0100mW<\/li>\n<li><strong>Frecuencia:<\/strong>\u00a020Hz &#8211; 20kHz<\/li>\n<li><strong>Impedancia:<\/strong>\u00a032\u03a9\u00b115%<\/li>\n<li><strong>Sensibilidad<\/strong>:\u00a0100dB\u00b13dB S.P.L @ 1kHz<\/li>\n<li><strong>Color:<\/strong>\u00a0Negro\/Negro con detalles en rojo<\/li>\n<\/ul>\n<p><strong>Micr\u00f3fono<\/strong><\/p>\n<ul>\n<li><strong>Factor de forma<\/strong>:\u00a0En el auricular<\/li>\n<li><strong>Directividad<\/strong>:\u00a0Omnidireccional<\/li>\n<li><strong>Frecuencia<\/strong>:\u00a0100Hz~10kHz<\/li>\n<li><strong>Impedancia<\/strong>:\u00a02.2k\u03a9<\/li>\n<li><strong>Sensibilidad<\/strong>:\u00a0-38\u00b13dB (a 1kHz)<\/li>\n<li><strong>Control de volumen<\/strong>:\u00a0S\u00ed (En la c\u00e1psula de control)<\/li>\n<\/ul>\n<p><strong>Informaci\u00f3n adicional<\/strong><\/p>\n<ul>\n<li><strong>Tipo de conexi\u00f3n<\/strong>:\u00a03.5mm TRRS para alimentaci\u00f3n<\/li>\n<li><strong>Plataformas soportadas<\/strong>:\u00a0PCs\/laptops con conexi\u00f3n 3.5mm TRRS y consolas (PS3, PS4 Pro, Xbox One, XBOX 360)<\/li>\n<li><strong>Botones<\/strong>:\u00a0De silenciamiento y volumen en la c\u00e1psula de control<\/li>\n<li><strong>Material<\/strong>:\u00a0Acero y pl\u00e1stico ABS<\/li>\n<li><strong>Tipo de cable<\/strong>:\u00a0PVC<\/li>\n<li><strong>Longitud del cable:<\/strong>\u00a01,49m<\/li>\n<li><strong>Dimensiones (AlxAnxPr)<\/strong>:\u00a017,7&#215;20,8&#215;7,8cm<\/li>\n<li><strong>Peso<\/strong>:\u00a0176g<\/li>\n<li><strong>Garant\u00ed<\/strong>a:\u00a0Un a\u00f1o<\/li>\n<\/ul>\n","protected":false},"excerpt":{"rendered":"<h3><span style=\"color: #000080;\"><strong>Mono auricular para videojuegos<\/strong><\/span><\/h3>\n<ul>\n<li>Factor de forma : Supraaural<\/li>\n<li>Micr\u00f3fono: En el aud\u00edfono<\/li>\n<li>Tipo de conexi\u00f3n: Enchufe 3.5mm TRRS<\/li>\n<\/ul>\n<p>Almohadillas acolchadas en cuerina ofrecen gran comodidad, Micr\u00f3fono omnidireccional flexible, Pr\u00e1ctica c\u00e1psula en l\u00ednea para el control de encendido\/apagado y de volumen<\/p>\n","protected":false},"featured_media":9258,"comment_status":"closed","ping_status":"closed","template":"","meta":[],"product_brand":[],"product_cat":[77,57,15],"product_tag":[],"class_list":{"0":"post-9257","1":"product","2":"type-product","3":"status-publish","4":"has-post-thumbnail","6":"product_cat-auriculares-gaming","7":"product_cat-auricularesteclados-mecanicos-ratones","8":"product_cat-sin-categorizar","10":"first","11":"instock","12":"sale","13":"taxable","14":"shipping-taxable","15":"purchasable","16":"product-type-simple"},"_links":{"self":[{"href":"https:\/\/comcellstore.com\/index.php?rest_route=\/wp\/v2\/product\/9257","targetHints":{"allow":["GET"]}}],"collection":[{"href":"https:\/\/comcellstore.com\/index.php?rest_route=\/wp\/v2\/product"}],"about":[{"href":"https:\/\/comcellstore.com\/index.php?rest_route=\/wp\/v2\/types\/product"}],"replies":[{"embeddable":true,"href":"https:\/\/comcellstore.com\/index.php?rest_route=%2Fwp%2Fv2%2Fcomments&post=9257"}],"version-history":[{"count":1,"href":"https:\/\/comcellstore.com\/index.php?rest_route=\/wp\/v2\/product\/9257\/revisions"}],"predecessor-version":[{"id":9261,"href":"https:\/\/comcellstore.com\/index.php?rest_route=\/wp\/v2\/product\/9257\/revisions\/9261"}],"wp:featuredmedia":[{"embeddable":true,"href":"https:\/\/comcellstore.com\/index.php?rest_route=\/wp\/v2\/media\/9258"}],"wp:attachment":[{"href":"https:\/\/comcellstore.com\/index.php?rest_route=%2Fwp%2Fv2%2Fmedia&parent=9257"}],"wp:term":[{"taxonomy":"product_brand","embeddable":true,"href":"https:\/\/comcellstore.com\/index.php?rest_route=%2Fwp%2Fv2%2Fproduct_brand&post=9257"},{"taxonomy":"product_cat","embeddable":true,"href":"https:\/\/comcellstore.com\/index.php?rest_route=%2Fwp%2Fv2%2Fproduct_cat&post=9257"},{"taxonomy":"product_tag","embeddable":true,"href":"https:\/\/comcellstore.com\/index.php?rest_route=%2Fwp%2Fv2%2Fproduct_tag&post=9257"}],"curies":[{"name":"wp","href":"https:\/\/api.w.org\/{rel}","templated":true}]}}