{"id":9262,"date":"2024-03-21T19:57:58","date_gmt":"2024-03-21T19:57:58","guid":{"rendered":"https:\/\/comcellstore.com\/?post_type=product&#038;p=9262"},"modified":"2025-07-08T15:52:22","modified_gmt":"2025-07-08T15:52:22","slug":"xtech-xha-410-multiplicador-hdmi","status":"publish","type":"product","link":"https:\/\/comcellstore.com\/?product=xtech-xha-410-multiplicador-hdmi","title":{"rendered":"XTECH XHA-410 <BR>Multiplicador HDMI"},"content":{"rendered":"<div id=\"__BVID__3197\" class=\"tab-pane active\" role=\"tabpanel\" data-v-65763108=\"\" aria-hidden=\"false\" aria-labelledby=\"__BVID__3197___BV_tab_button__\">\n<div class=\"prod-specs\" data-v-65763108=\"\">\n<ul>\n<li><strong>Tipo:<\/strong> Multiplicador HDMI<\/li>\n<li><strong>Resoluci\u00f3n:<\/strong>\u00a01920x1080p<\/li>\n<li><strong>Puertos:<\/strong>\u00a0Un conector hembra HDMI (de entrada), cuatro conectores hembra HDMI (de salida)<\/li>\n<li><strong>Se\u00f1al de entrada de video:<\/strong>\u00a00,5 -1,0V p-p<\/li>\n<li><strong>Se\u00f1al de entrada DDC:<\/strong>\u00a05 V p-p (TTL)<\/li>\n<li><strong>Salida de video:\u00a0<\/strong>HDMI 1.3b, HDCP 1.0\/1.1\/1.2, DVI 1.0<\/li>\n<li><strong>Frecuencia:<\/strong>\u00a0Hasta 340MHz<\/li>\n<li><strong>Dimensiones:\u00a0<\/strong>17,9&#215;6,7&#215;2,4cm<\/li>\n<li><strong>Peso:<\/strong>\u00a0245g<\/li>\n<li><strong>Color:<\/strong> Negro<\/li>\n<li><strong>Garant\u00eda:<\/strong> Un a\u00f1o<\/li>\n<\/ul>\n<\/div>\n<\/div>\n","protected":false},"excerpt":{"rendered":"<h3><span style=\"color: #000080;\"><strong>4 salidas con alimentaci\u00f3n propia<\/strong><\/span><\/h3>\n<p>Resoluci\u00f3n: 1920x1080p<\/p>\n<p>Puertos: Un conector hembra HDMI (entrada), Cuatro conectores hembra HDMI (salida)<\/p>\n<p>Salida de video: HDMI 1.3b, HDCP 1.0\/1.1\/1.2, DVI 1.0<\/p>\n<p>Confiable multiplicador HDMI de 4 salidas para satisfacer sus necesidades de conexi\u00f3n, Distribuye una se\u00f1al de entrada HDMI a cuatro dispositivos de salida id\u00e9nticos HDMI, La mejor soluci\u00f3n para centros de entretenimiento digital, cine en el hogar, sala de conferencia, el aula y mucho m\u00e1s<\/p>\n<p>&nbsp;<\/p>\n","protected":false},"featured_media":9264,"comment_status":"closed","ping_status":"closed","template":"","meta":[],"product_brand":[124],"product_cat":[68,102,59,113],"product_tag":[],"class_list":{"0":"post-9262","1":"product","2":"type-product","3":"status-publish","4":"has-post-thumbnail","6":"product_brand-xtech","7":"product_cat-adaptadores","8":"product_cat-cable-hdmi","9":"product_cat-entretenimiento","10":"product_cat-monitores","12":"first","13":"instock","14":"sale","15":"taxable","16":"shipping-taxable","17":"purchasable","18":"product-type-simple"},"_links":{"self":[{"href":"https:\/\/comcellstore.com\/index.php?rest_route=\/wp\/v2\/product\/9262","targetHints":{"allow":["GET"]}}],"collection":[{"href":"https:\/\/comcellstore.com\/index.php?rest_route=\/wp\/v2\/product"}],"about":[{"href":"https:\/\/comcellstore.com\/index.php?rest_route=\/wp\/v2\/types\/product"}],"replies":[{"embeddable":true,"href":"https:\/\/comcellstore.com\/index.php?rest_route=%2Fwp%2Fv2%2Fcomments&post=9262"}],"version-history":[{"count":1,"href":"https:\/\/comcellstore.com\/index.php?rest_route=\/wp\/v2\/product\/9262\/revisions"}],"predecessor-version":[{"id":9265,"href":"https:\/\/comcellstore.com\/index.php?rest_route=\/wp\/v2\/product\/9262\/revisions\/9265"}],"wp:featuredmedia":[{"embeddable":true,"href":"https:\/\/comcellstore.com\/index.php?rest_route=\/wp\/v2\/media\/9264"}],"wp:attachment":[{"href":"https:\/\/comcellstore.com\/index.php?rest_route=%2Fwp%2Fv2%2Fmedia&parent=9262"}],"wp:term":[{"taxonomy":"product_brand","embeddable":true,"href":"https:\/\/comcellstore.com\/index.php?rest_route=%2Fwp%2Fv2%2Fproduct_brand&post=9262"},{"taxonomy":"product_cat","embeddable":true,"href":"https:\/\/comcellstore.com\/index.php?rest_route=%2Fwp%2Fv2%2Fproduct_cat&post=9262"},{"taxonomy":"product_tag","embeddable":true,"href":"https:\/\/comcellstore.com\/index.php?rest_route=%2Fwp%2Fv2%2Fproduct_tag&post=9262"}],"curies":[{"name":"wp","href":"https:\/\/api.w.org\/{rel}","templated":true}]}}