{"id":9597,"date":"2024-07-06T16:16:31","date_gmt":"2024-07-06T16:16:31","guid":{"rendered":"https:\/\/comcellstore.com\/?post_type=product&#038;p=9597"},"modified":"2025-05-27T21:46:04","modified_gmt":"2025-05-27T21:46:04","slug":"microsoft-surface-laptop-go-2-12-4","status":"publish","type":"product","link":"https:\/\/comcellstore.com\/?product=microsoft-surface-laptop-go-2-12-4","title":{"rendered":"Microsoft Surface <br>Laptop Go 2 12.4&#8243;"},"content":{"rendered":"<table id=\"productDetails_techSpec_section_1\" class=\"a-keyvalue prodDetTable\" role=\"presentation\">\n<tbody>\n<tr>\n<th class=\"a-color-secondary a-size-base prodDetSectionEntry\">Tama\u00f1o del \u00e1rea de visualizaci\u00f3n de la pantalla con pie<\/th>\n<td class=\"a-size-base prodDetAttrValue\">\u200e12,45 Pulgadas<\/td>\n<\/tr>\n<tr>\n<th class=\"a-color-secondary a-size-base prodDetSectionEntry\">Resoluci\u00f3n de la pantalla<\/th>\n<td class=\"a-size-base prodDetAttrValue\">\u200e1536 x 1024<\/td>\n<\/tr>\n<tr>\n<th class=\"a-color-secondary a-size-base prodDetSectionEntry\">M\u00e1xima resoluci\u00f3n de pantalla<\/th>\n<td class=\"a-size-base prodDetAttrValue\">\u200e1536 x 1024 P\u00edxeles<\/td>\n<\/tr>\n<tr>\n<th class=\"a-color-secondary a-size-base prodDetSectionEntry\">Procesador<\/th>\n<td class=\"a-size-base prodDetAttrValue\">\u200e4.2 GHz apple_ci5<\/td>\n<\/tr>\n<tr>\n<th class=\"a-color-secondary a-size-base prodDetSectionEntry\">RAM<\/th>\n<td class=\"a-size-base prodDetAttrValue\">\u200e8 GB LPDDR4X<\/td>\n<\/tr>\n<tr>\n<th class=\"a-color-secondary a-size-base prodDetSectionEntry\">Velocidad de memoria<\/th>\n<td class=\"a-size-base prodDetAttrValue\">\u200e2400 MHz<\/td>\n<\/tr>\n<tr>\n<th class=\"a-color-secondary a-size-base prodDetSectionEntry\">Disco Duro<\/th>\n<td class=\"a-size-base prodDetAttrValue\">\u200e128 GB SSD<\/td>\n<\/tr>\n<tr>\n<th class=\"a-color-secondary a-size-base prodDetSectionEntry\">Coprocesador de gr\u00e1ficos<\/th>\n<td class=\"a-size-base prodDetAttrValue\">\u200eIntel Iris Xe Graphics<\/td>\n<\/tr>\n<tr>\n<th class=\"a-color-secondary a-size-base prodDetSectionEntry\">Marca Chipset<\/th>\n<td class=\"a-size-base prodDetAttrValue\">\u200eIntel<\/td>\n<\/tr>\n<tr>\n<th class=\"a-color-secondary a-size-base prodDetSectionEntry\">Descripci\u00f3n de la tarjeta<\/th>\n<td class=\"a-size-base prodDetAttrValue\">\u200eIntegrado<\/td>\n<\/tr>\n<tr>\n<th class=\"a-color-secondary a-size-base prodDetSectionEntry\">Tama\u00f1o de RAM de la tarjeta gr\u00e1fica<\/th>\n<td class=\"a-size-base prodDetAttrValue\">\u200e8 GB<\/td>\n<\/tr>\n<tr>\n<th class=\"a-color-secondary a-size-base prodDetSectionEntry\">Tipo de conexi\u00f3n inal\u00e1mbrica<\/th>\n<td class=\"a-size-base prodDetAttrValue\">\u200e802.11ax<\/td>\n<\/tr>\n<tr>\n<th class=\"a-color-secondary a-size-base prodDetSectionEntry\">Duraci\u00f3n de la bater\u00eda media (en horas)<\/th>\n<td class=\"a-size-base prodDetAttrValue\">\u200e13,5 Horas<\/td>\n<\/tr>\n<\/tbody>\n<\/table>\n<table id=\"productDetails_techSpec_section_2\" class=\"a-keyvalue prodDetTable\" role=\"presentation\">\n<tbody>\n<tr>\n<th class=\"a-color-secondary a-size-base prodDetSectionEntry\">Marca<\/th>\n<td class=\"a-size-base prodDetAttrValue\">\u200eMicrosoft<\/td>\n<\/tr>\n<tr>\n<th class=\"a-color-secondary a-size-base prodDetSectionEntry\">Series<\/th>\n<td class=\"a-size-base prodDetAttrValue\">\u200eSurface Laptop Go 2<\/td>\n<\/tr>\n<tr>\n<th class=\"a-color-secondary a-size-base prodDetSectionEntry\">N\u00famero de modelo del producto<\/th>\n<td class=\"a-size-base prodDetAttrValue\">\u200e8QC-00037<\/td>\n<\/tr>\n<tr>\n<th class=\"a-color-secondary a-size-base prodDetSectionEntry\">Sistema operativo<\/th>\n<td class=\"a-size-base prodDetAttrValue\">\u200eWindows 11 Home<\/td>\n<\/tr>\n<tr>\n<th class=\"a-color-secondary a-size-base prodDetSectionEntry\">Dimensiones del producto<\/th>\n<td class=\"a-size-base prodDetAttrValue\">\u200e8,96 x 11,86 x 2,15 pulgadas<\/td>\n<\/tr>\n<tr>\n<th class=\"a-color-secondary a-size-base prodDetSectionEntry\">Dimensiones del art\u00edculo Largo x Ancho x Altura<\/th>\n<td class=\"a-size-base prodDetAttrValue\">\u200e8.96 x 11.86 x 2.15 pulgadas<\/td>\n<\/tr>\n<tr>\n<th class=\"a-color-secondary a-size-base prodDetSectionEntry\">Color<\/th>\n<td class=\"a-size-base prodDetAttrValue\">\u200ePlateado<\/td>\n<\/tr>\n<tr>\n<th class=\"a-color-secondary a-size-base prodDetSectionEntry\">Marca del procesador<\/th>\n<td class=\"a-size-base prodDetAttrValue\">\u200eIntel<\/td>\n<\/tr>\n<tr>\n<th class=\"a-color-secondary a-size-base prodDetSectionEntry\">N\u00famero de procesadores<\/th>\n<td class=\"a-size-base prodDetAttrValue\">\u200e4<\/td>\n<\/tr>\n<tr>\n<th class=\"a-color-secondary a-size-base prodDetSectionEntry\">Tipo de memoria del equipo<\/th>\n<td class=\"a-size-base prodDetAttrValue\">\u200eDDR4 SDRAM<\/td>\n<\/tr>\n<tr>\n<th class=\"a-color-secondary a-size-base prodDetSectionEntry\">Tama\u00f1o de memoria flash<\/th>\n<td class=\"a-size-base prodDetAttrValue\">\u200e128 GB<\/td>\n<\/tr>\n<tr>\n<th class=\"a-color-secondary a-size-base prodDetSectionEntry\">Fuente de energ\u00eda<\/th>\n<td class=\"a-size-base prodDetAttrValue\">\u200eBater\u00eda<\/td>\n<\/tr>\n<tr>\n<th class=\"a-color-secondary a-size-base prodDetSectionEntry\">Voltaje<\/th>\n<td class=\"a-size-base prodDetAttrValue\">\u200e6,8 Voltios<\/td>\n<\/tr>\n<tr>\n<th class=\"a-color-secondary a-size-base prodDetSectionEntry\">Pilas<\/th>\n<td class=\"a-size-base prodDetAttrValue\">\u200e1 Iones de litio necesaria(s), incluida(s)<\/td>\n<\/tr>\n<\/tbody>\n<\/table>\n","protected":false},"excerpt":{"rendered":"<h3 id=\"title\" class=\"a-size-large a-spacing-none\"><span id=\"productTitle\" class=\"a-size-large product-title-word-break\"><span style=\"color: #003366;\">Microsoft\u00a0 Go 2 Core i5<\/span><br \/>\n<\/span><\/h3>\n<p>&nbsp;<\/p>\n<ul class=\"a-unordered-list a-vertical a-spacing-mini\">\n<li class=\"a-spacing-mini\"><span class=\"a-list-item\"> Port\u00e1til port\u00e1til con pantalla t\u00e1ctil de superficie ligera con Windows 11 [2] y pantalla PixelSense de 12,4&#8243;. [1] A partir de solo 2.48 libras. <\/span><\/li>\n<li class=\"a-spacing-mini\"><span class=\"a-list-item\"> Trabaje, reproduzca, transmita y ejecute aplicaciones diarias con el procesador Intel Core i5 de 11\u00aa generaci\u00f3n. <\/span><\/li>\n<li class=\"a-spacing-mini\"><span class=\"a-list-item\"> Luce y suena lo mejor posible en videollamadas con c\u00e1mara HD mejorada y micr\u00f3fonos de estudio incorporados, adem\u00e1s de un sonido rico para m\u00fasica y espect\u00e1culos. <\/span><\/li>\n<li class=\"a-spacing-mini\"><span class=\"a-list-item\"> Bater\u00eda de larga duraci\u00f3n 13.5. [3] Adem\u00e1s, recarga r\u00e1pidamente con carga r\u00e1pida, hasta un 80% en poco m\u00e1s de una hora. [7] <\/span><\/li>\n<li class=\"a-spacing-mini\"><span class=\"a-list-item\"> Seguridad conveniente. Bot\u00f3n de encendido de huellas dactilares con Windows Hello e inicio de sesi\u00f3n One Touch en modelos seleccionados. <\/span><\/li>\n<li class=\"a-spacing-mini\"><span class=\"a-list-item\"> Necesitar\u00e1s Word, Excel y PowerPoint. No olvides agregar Microsoft 365 <\/span><\/li>\n<\/ul>\n","protected":false},"featured_media":9601,"comment_status":"closed","ping_status":"closed","template":"","meta":[],"product_brand":[],"product_cat":[107],"product_tag":[],"class_list":{"0":"post-9597","1":"product","2":"type-product","3":"status-publish","4":"has-post-thumbnail","6":"product_cat-computadoras-portatiles","8":"first","9":"instock","10":"taxable","11":"shipping-taxable","12":"purchasable","13":"product-type-simple"},"_links":{"self":[{"href":"https:\/\/comcellstore.com\/index.php?rest_route=\/wp\/v2\/product\/9597","targetHints":{"allow":["GET"]}}],"collection":[{"href":"https:\/\/comcellstore.com\/index.php?rest_route=\/wp\/v2\/product"}],"about":[{"href":"https:\/\/comcellstore.com\/index.php?rest_route=\/wp\/v2\/types\/product"}],"replies":[{"embeddable":true,"href":"https:\/\/comcellstore.com\/index.php?rest_route=%2Fwp%2Fv2%2Fcomments&post=9597"}],"version-history":[{"count":1,"href":"https:\/\/comcellstore.com\/index.php?rest_route=\/wp\/v2\/product\/9597\/revisions"}],"predecessor-version":[{"id":9606,"href":"https:\/\/comcellstore.com\/index.php?rest_route=\/wp\/v2\/product\/9597\/revisions\/9606"}],"wp:featuredmedia":[{"embeddable":true,"href":"https:\/\/comcellstore.com\/index.php?rest_route=\/wp\/v2\/media\/9601"}],"wp:attachment":[{"href":"https:\/\/comcellstore.com\/index.php?rest_route=%2Fwp%2Fv2%2Fmedia&parent=9597"}],"wp:term":[{"taxonomy":"product_brand","embeddable":true,"href":"https:\/\/comcellstore.com\/index.php?rest_route=%2Fwp%2Fv2%2Fproduct_brand&post=9597"},{"taxonomy":"product_cat","embeddable":true,"href":"https:\/\/comcellstore.com\/index.php?rest_route=%2Fwp%2Fv2%2Fproduct_cat&post=9597"},{"taxonomy":"product_tag","embeddable":true,"href":"https:\/\/comcellstore.com\/index.php?rest_route=%2Fwp%2Fv2%2Fproduct_tag&post=9597"}],"curies":[{"name":"wp","href":"https:\/\/api.w.org\/{rel}","templated":true}]}}