{"id":9607,"date":"2024-07-06T16:20:09","date_gmt":"2024-07-06T16:20:09","guid":{"rendered":"https:\/\/comcellstore.com\/?post_type=product&#038;p=9607"},"modified":"2025-05-27T22:33:40","modified_gmt":"2025-05-27T22:33:40","slug":"9607","status":"publish","type":"product","link":"https:\/\/comcellstore.com\/?product=9607","title":{"rendered":"HP PAVILION CORE I5"},"content":{"rendered":"<table class=\"c-product-all-details-table__table\" role=\"table\">\n<tbody>\n<tr class=\"c-product-all-details-table__tr\" role=\"row\">\n<th class=\"c-product-all-details-table__th\" role=\"rowheader\">Sistema operativo<\/th>\n<td class=\"c-product-all-details-table__td m-text-rte\" role=\"cell\">Windows 11 Home Single Language<\/td>\n<\/tr>\n<tr class=\"c-product-all-details-table__tr\" role=\"row\">\n<th class=\"c-product-all-details-table__th\" role=\"rowheader\">Familia del procesador<\/th>\n<td class=\"c-product-all-details-table__td m-text-rte\" role=\"cell\">Procesador Intel\u00ae Core\u2122 i5 de 12.\u00aa generaci\u00f3n<\/td>\n<\/tr>\n<tr class=\"c-product-all-details-table__tr\" role=\"row\">\n<th class=\"c-product-all-details-table__th\" role=\"rowheader\">Procesador<\/th>\n<td class=\"c-product-all-details-table__td m-text-rte\" role=\"cell\">IIntel\u00ae Core\u2122 i5-1235U (hasta 4,4 GHz con tecnolog\u00eda Intel\u00ae Turbo Boost, 12 MB de cach\u00e9 L3, 10 n\u00facleos y 12 subprocesos)<\/td>\n<\/tr>\n<tr class=\"c-product-all-details-table__tr\" role=\"row\">\n<th class=\"c-product-all-details-table__th\" role=\"rowheader\">Chipset<\/th>\n<td class=\"c-product-all-details-table__td m-text-rte\" role=\"cell\">SoC integrado Intel\u00ae<\/td>\n<\/tr>\n<tr class=\"c-product-all-details-table__tr\" role=\"row\">\n<th class=\"c-product-all-details-table__th\" role=\"rowheader\">Gr\u00e1ficos<\/th>\n<td class=\"c-product-all-details-table__td m-text-rte\" role=\"cell\">Integradas,<\/p>\n<p>Gr\u00e1ficos Intel\u00ae Iris\u00ae X<\/td>\n<\/tr>\n<tr class=\"c-product-all-details-table__tr\" role=\"row\">\n<th class=\"c-product-all-details-table__th\" role=\"rowheader\">Memoria<\/th>\n<td class=\"c-product-all-details-table__td m-text-rte\" role=\"cell\">8 GB de RAM DDR4-3200 MHz (1 x 4 GB, 1 x 8 GB)<\/p>\n<p><span class=\"footnotes\">(Velocidades de transferencia de hasta 3200 MT\/s)<\/span><\/td>\n<\/tr>\n<tr class=\"c-product-all-details-table__tr\" role=\"row\">\n<th class=\"c-product-all-details-table__th\" role=\"rowheader\">Almacenamiento interno<\/th>\n<td class=\"c-product-all-details-table__td m-text-rte\" role=\"cell\">Unidad de estado s\u00f3lido de 512 GB PCIe\u00ae NVMe\u2122 M.2<\/p>\n<p>&nbsp;<\/td>\n<\/tr>\n<tr class=\"c-product-all-details-table__tr\" role=\"row\">\n<th class=\"c-product-all-details-table__th\" role=\"rowheader\">Pantalla<\/th>\n<td class=\"c-product-all-details-table__td m-text-rte\" role=\"cell\">15.6&#8243; diagonal, FHD (1920 x 1080), micro-edge, anti-glare, 250 nits, 45% <span class=\"m-text-nowrap\">NTSC<span class=\"c-footnote-container\"> <sup><span class=\"footnote__number\">3<\/span><\/sup> <\/span><\/span><\/td>\n<\/tr>\n<tr class=\"c-product-all-details-table__tr\" role=\"row\">\n<th class=\"c-product-all-details-table__th\" role=\"rowheader\">Pantalla<\/th>\n<td class=\"c-product-all-details-table__td m-text-rte\" role=\"cell\">Pantalla FHD (1920 x 1080), de 15,6&#8243; (39,6 cm) en diagonal, con bisel microborde, antirreflejante, 250 nits, 45 % de <span class=\"m-text-nowrap\">NTSC<span class=\"c-footnote-container\"> <sup><span class=\"footnote__number\">3<\/span><\/sup> <\/span><\/span><\/td>\n<\/tr>\n<tr class=\"c-product-all-details-table__tr\" role=\"row\">\n<th class=\"c-product-all-details-table__th\" role=\"rowheader\">Pantalla t\u00e1ctil<\/th>\n<td class=\"c-product-all-details-table__td m-text-rte\" role=\"cell\">No<\/td>\n<\/tr>\n<tr class=\"c-product-all-details-table__tr\" role=\"row\">\n<th class=\"c-product-all-details-table__th\" role=\"rowheader\">Relaci\u00f3n pantalla-cuerpo (sin los altavoces)<\/th>\n<td class=\"c-product-all-details-table__td m-text-rte\" role=\"cell\"><span class=\"m-text-nowrap\">86%<span class=\"c-footnote-container\"> <sup><span class=\"footnote__number\">4<\/span><\/sup> <\/span><\/span><\/td>\n<\/tr>\n<tr class=\"c-product-all-details-table__tr\" role=\"row\">\n<th class=\"c-product-all-details-table__th\" role=\"rowheader\">Brillo<\/th>\n<td class=\"c-product-all-details-table__td m-text-rte\" role=\"cell\">250 nits<\/td>\n<\/tr>\n<tr class=\"c-product-all-details-table__tr\" role=\"row\">\n<th class=\"c-product-all-details-table__th\" role=\"rowheader\">Dimensiones m\u00ednimas (anch. x prof. x alt.)<\/th>\n<td class=\"c-product-all-details-table__td m-text-rte\" role=\"cell\">36,02 x 23,4 x 1,79 cm<\/td>\n<\/tr>\n<tr class=\"c-product-all-details-table__tr\" role=\"row\">\n<th class=\"c-product-all-details-table__th\" role=\"rowheader\">Peso<\/th>\n<td class=\"c-product-all-details-table__td m-text-rte\" role=\"cell\">1,74 kg<\/td>\n<\/tr>\n<tr class=\"c-product-all-details-table__tr\" role=\"row\">\n<th class=\"c-product-all-details-table__th\" role=\"rowheader\">Software &#8211; productividad y finanzas<\/th>\n<td class=\"c-product-all-details-table__td m-text-rte\" role=\"cell\">1 mes de prueba para los nuevos clientes de Microsoft <span class=\"m-text-nowrap\">365<span class=\"c-footnote-container\"> <sup><span class=\"footnote__number\">5<\/span><\/sup> <\/span><\/span><\/td>\n<\/tr>\n<tr class=\"c-product-all-details-table__tr\" role=\"row\">\n<th class=\"c-product-all-details-table__th\" role=\"rowheader\">Software incluido<\/th>\n<td class=\"c-product-all-details-table__td m-text-rte\" role=\"cell\">McAfee LiveSafe\u2122; Oferta de prueba gratuita de 1 mes de Adobe; Concepts Basic incluido (1 mes de prueba gratuita de Concepts Everything)<\/td>\n<\/tr>\n<tr class=\"c-product-all-details-table__tr\" role=\"row\">\n<th class=\"c-product-all-details-table__th\" role=\"rowheader\">Software preinstalado<\/th>\n<td class=\"c-product-all-details-table__td m-text-rte\" role=\"cell\">LastPass password manager (prueba gratuita de 30 d\u00edas); Duet\u00ae for HP (prueba gratuita de 30 d\u00edas)<\/td>\n<\/tr>\n<tr class=\"c-product-all-details-table__tr\" role=\"row\">\n<th class=\"c-product-all-details-table__th\" role=\"rowheader\">Servicios en la nube<\/th>\n<td class=\"c-product-all-details-table__td m-text-rte\" role=\"cell\">Almacenamiento en Dropbox de 25 GB durante 12 <span class=\"m-text-nowrap\">meses<span class=\"c-footnote-container\"> <sup><span class=\"footnote__number\">6<\/span><\/sup> <\/span><\/span><\/td>\n<\/tr>\n<tr class=\"c-product-all-details-table__tr\" role=\"row\">\n<th class=\"c-product-all-details-table__th\" role=\"rowheader\">Tipo de bater\u00eda<\/th>\n<td class=\"c-product-all-details-table__td m-text-rte\" role=\"cell\">Iones de litio de 3 celdas y 41 Wh<\/td>\n<\/tr>\n<tr class=\"c-product-all-details-table__tr\" role=\"row\">\n<th class=\"c-product-all-details-table__th\" role=\"rowheader\">Duraci\u00f3n de la bater\u00eda<\/th>\n<td class=\"c-product-all-details-table__td m-text-rte\" role=\"cell\">Hasta 7 horas y 30 <span class=\"m-text-nowrap\">minutos<span class=\"c-footnote-container\"> <sup><span class=\"footnote__number\">7<\/span><\/sup> <\/span><\/span><\/td>\n<\/tr>\n<tr class=\"c-product-all-details-table__tr\" role=\"row\">\n<th class=\"c-product-all-details-table__th\" role=\"rowheader\">Tiempo de recarga de la bater\u00eda<\/th>\n<td class=\"c-product-all-details-table__td m-text-rte\" role=\"cell\">Admite carga r\u00e1pida de la bater\u00eda: aproximadamente un 50 % en 45 <span class=\"m-text-nowrap\">minutos<span class=\"c-footnote-container\"> <sup><span class=\"footnote__number\">8<\/span><\/sup> <\/span><\/span><\/td>\n<\/tr>\n<tr class=\"c-product-all-details-table__tr\" role=\"row\">\n<th class=\"c-product-all-details-table__th\" role=\"rowheader\">Inal\u00e1mbrico<\/th>\n<td class=\"c-product-all-details-table__td m-text-rte\" role=\"cell\">Tarjeta inal\u00e1mbrica MediaTek Wi-Fi 6 MT7921 (2&#215;2) y Bluetooth\u00ae 5.3 (compatible con velocidad de datos de <span class=\"m-text-nowrap\">Gigabit)<span class=\"c-footnote-container\"> <sup><span class=\"footnote__number\">9<\/span><\/sup> <sup><span class=\"footnote__number\">10<\/span><\/sup> <sup><span class=\"footnote__number\">11<\/span><\/sup> <\/span><\/span> <span class=\"footnotes\">(Modo de espera moderno (conectado))<\/span><\/td>\n<\/tr>\n<tr class=\"c-product-all-details-table__tr\" role=\"row\">\n<th class=\"c-product-all-details-table__th\" role=\"rowheader\">Color de producto<\/th>\n<td class=\"c-product-all-details-table__td m-text-rte\" role=\"cell\">Cubierta de aluminio de color verde azulado, base de color verde azulado claro y marco de teclado de aluminio de color verde azulado claro<\/td>\n<\/tr>\n<tr class=\"c-product-all-details-table__tr\" role=\"row\">\n<th class=\"c-product-all-details-table__th\" role=\"rowheader\">Teclado<\/th>\n<td class=\"c-product-all-details-table__td m-text-rte\" role=\"cell\">Teclado de tama\u00f1o completo de color verde azulado claro con teclado num\u00e9rico<\/td>\n<\/tr>\n<tr class=\"c-product-all-details-table__tr\" role=\"row\">\n<th class=\"c-product-all-details-table__th\" role=\"rowheader\">C\u00e1mara Web<\/th>\n<td class=\"c-product-all-details-table__td m-text-rte\" role=\"cell\">C\u00e1mara HD HP Wide Vision de 720p con reducci\u00f3n de ruido temporal y micr\u00f3fonos digitales integrados de doble matriz<\/td>\n<\/tr>\n<tr class=\"c-product-all-details-table__tr\" role=\"row\">\n<th class=\"c-product-all-details-table__th\" role=\"rowheader\">Funciones de audio<\/th>\n<td class=\"c-product-all-details-table__td m-text-rte\" role=\"cell\">Audio by B&amp;O; Altavoces dobles; HP Audio Boost<\/td>\n<\/tr>\n<tr class=\"c-product-all-details-table__tr\" role=\"row\">\n<th class=\"c-product-all-details-table__th\" role=\"rowheader\">Dispositivo apuntador<\/th>\n<td class=\"c-product-all-details-table__td m-text-rte\" role=\"cell\">HP Mousepad compatible con la funci\u00f3n multit\u00e1ctil<\/td>\n<\/tr>\n<tr class=\"c-product-all-details-table__tr\" role=\"row\">\n<th class=\"c-product-all-details-table__th\" role=\"rowheader\">Puertos<\/th>\n<td class=\"c-product-all-details-table__td m-text-rte\" role=\"cell\">1 USB Type-C\u00ae con velocidad de se\u00f1alizaci\u00f3n de 10 Gbps (USB con suministro de energ\u00eda, DisplayPort\u2122 1.4, HP Sleep and Charge); 2 USB Tipo-A con velocidad de se\u00f1alizaci\u00f3n de 5 Gbps; 1 HDMI 2.1; 1 smart pin de CA; 1 combinaci\u00f3n de <span class=\"m-text-nowrap\">auriculares\/micr\u00f3fono<span class=\"c-footnote-container\"> <sup><span class=\"footnote__number\">12<\/span><\/sup> <\/span><\/span><\/td>\n<\/tr>\n<\/tbody>\n<\/table>\n","protected":false},"excerpt":{"rendered":"<h3 class=\"h1 c-product-details__title c-default-container\"><span style=\"color: #000080;\">HP Laptop <\/span><span style=\"color: #000080;\">DY 5000la<\/span><\/h3>\n<p>Incre\u00edble desempe\u00f1o en una laptop delgada para que puedas hacer m\u00e1s y disfrutar del entretenimiento donde quiera que vayas.<\/p>\n<ul>\n<li>Sistema operativo: Windows 11 Home Single Language<\/li>\n<li>Marca del procesador: Intel\u00ae Core\u2122 i5 1235U 12.\u00aa <span class=\"m-text-nowrap\">generaci\u00f3n<span class=\"c-footnote-container\"> <sup><span class=\"footnote__number\">1<\/span><\/sup> <sup><span class=\"footnote__number\">2<\/span><\/sup> <\/span><\/span><\/li>\n<li>Tama\u00f1o de la memoria: 8 GB DDR4<\/li>\n<li>Intel Iris<\/li>\n<\/ul>\n","protected":false},"featured_media":10091,"comment_status":"closed","ping_status":"closed","template":"","meta":[],"product_brand":[],"product_cat":[107,108],"product_tag":[],"class_list":{"0":"post-9607","1":"product","2":"type-product","3":"status-publish","4":"has-post-thumbnail","6":"product_cat-computadoras-portatiles","7":"product_cat-hp","9":"first","10":"instock","11":"taxable","12":"shipping-taxable","13":"purchasable","14":"product-type-simple"},"_links":{"self":[{"href":"https:\/\/comcellstore.com\/index.php?rest_route=\/wp\/v2\/product\/9607","targetHints":{"allow":["GET"]}}],"collection":[{"href":"https:\/\/comcellstore.com\/index.php?rest_route=\/wp\/v2\/product"}],"about":[{"href":"https:\/\/comcellstore.com\/index.php?rest_route=\/wp\/v2\/types\/product"}],"replies":[{"embeddable":true,"href":"https:\/\/comcellstore.com\/index.php?rest_route=%2Fwp%2Fv2%2Fcomments&post=9607"}],"version-history":[{"count":5,"href":"https:\/\/comcellstore.com\/index.php?rest_route=\/wp\/v2\/product\/9607\/revisions"}],"predecessor-version":[{"id":10095,"href":"https:\/\/comcellstore.com\/index.php?rest_route=\/wp\/v2\/product\/9607\/revisions\/10095"}],"wp:featuredmedia":[{"embeddable":true,"href":"https:\/\/comcellstore.com\/index.php?rest_route=\/wp\/v2\/media\/10091"}],"wp:attachment":[{"href":"https:\/\/comcellstore.com\/index.php?rest_route=%2Fwp%2Fv2%2Fmedia&parent=9607"}],"wp:term":[{"taxonomy":"product_brand","embeddable":true,"href":"https:\/\/comcellstore.com\/index.php?rest_route=%2Fwp%2Fv2%2Fproduct_brand&post=9607"},{"taxonomy":"product_cat","embeddable":true,"href":"https:\/\/comcellstore.com\/index.php?rest_route=%2Fwp%2Fv2%2Fproduct_cat&post=9607"},{"taxonomy":"product_tag","embeddable":true,"href":"https:\/\/comcellstore.com\/index.php?rest_route=%2Fwp%2Fv2%2Fproduct_tag&post=9607"}],"curies":[{"name":"wp","href":"https:\/\/api.w.org\/{rel}","templated":true}]}}