{"id":9867,"date":"2025-01-23T14:25:13","date_gmt":"2025-01-23T14:25:13","guid":{"rendered":"https:\/\/comcellstore.com\/?post_type=product&#038;p=9867"},"modified":"2025-05-27T21:48:27","modified_gmt":"2025-05-27T21:48:27","slug":"intel-gaming-motherboard-h310","status":"publish","type":"product","link":"https:\/\/comcellstore.com\/?product=intel-gaming-motherboard-h310","title":{"rendered":"BOETEC <br>Motherboard H310"},"content":{"rendered":"<ul>\n<li>Soporte de CPU : Compatible con CPU Intel serie i3\/i5\/i7<\/li>\n<\/ul>\n<ul>\n<li>Chipset : Intel H310 Chipset<\/li>\n<\/ul>\n<ul>\n<li>Gr\u00e1ficos a bordo : Procesador de gr\u00e1ficos integrado: compatibilidad con gr\u00e1ficos Intel\u00ae HD<\/li>\n<\/ul>\n<ul>\n<li>Memoria Ram : DDR4 de doble canal 2133\/2400\/2666\/3200 MHz (m\u00e1x. Admite hasta 16 GB de memoria)<\/li>\n<\/ul>\n<ul>\n<li>DIMM : 2 ranuras de memoria<\/li>\n<\/ul>\n<ul>\n<li>LAN : Interfaz de tarjeta de red adaptable Realtek\u00ae RTL8111e de 1000 Mbps integrada<\/li>\n<\/ul>\n<ul>\n<li>Audio : Chip integrado por Realtek 662 a bordo, admite salida de audio de 6 canales<\/li>\n<\/ul>\n<ul>\n<li>SATA : 3 x SATA 3.0 port, 1 x M.2<\/li>\n<\/ul>\n<ul>\n<li>E\/S reales : 1 x puerto para mouse PS\/2 1 x puerto para teclado PS\/2 1 x puerto VGA 1 x puerto HDMI 2 x USB 2.0 puerto 2 x puerto USB 3.0 1 x conector LAN 3 x conector de audio.<\/li>\n<\/ul>\n<ul>\n<li>E\/S interna : 2 cabezales USB 2.0 que admiten 4 puertos USB 2.0 adicionales. 1 cabezal USB 3.0 que admite, 2 puertos USB 3.0 adicionales 1 x cabezal de audio del panel frontal<\/li>\n<\/ul>\n<ul>\n<li>Ranuras de expansi\u00f3n : 1 ranura PCI Express x16<\/li>\n<\/ul>\n<ul>\n<li>Ranuras de formulario : MicroATX (19,7 x 17 cm)<\/li>\n<\/ul>\n<ul>\n<li>Soporte de sistema operativo : Compatible con Windows 7\/8\/8.1\/10(x64)<\/li>\n<\/ul>\n<ul>\n<li>Montaje : 6 agujeros de montaje<\/li>\n<\/ul>\n<ul>\n<li>Accesorios : 1 x cable SATA 1 x placa base de E\/S 1 x manual del usuario 1 x CD de controladores<\/li>\n<\/ul>\n","protected":false},"excerpt":{"rendered":"<h2 class=\"product_title entry-title elementor-heading-title elementor-size-default\"><span style=\"color: #33cccc;\"><strong>Gaming Motherboard H310<\/strong><\/span><\/h2>\n<p>La placa Boetec H310 para juegos, es una opci\u00f3n ideal para quienes buscan una soluci\u00f3n eficiente y econ\u00f3mica para sus PCs. Compatible con procesadores Intel.<\/p>\n<p>Socket LGA 1151<\/p>\n<p>Soporta 6ta, 7ma, 8va, 9na Generaci\u00f3n<\/p>\n","protected":false},"featured_media":9870,"comment_status":"closed","ping_status":"closed","template":"","meta":[],"product_brand":[126],"product_cat":[120,57,121],"product_tag":[],"class_list":{"0":"post-9867","1":"product","2":"type-product","3":"status-publish","4":"has-post-thumbnail","6":"product_brand-boetec","7":"product_cat-boetec","8":"product_cat-auricularesteclados-mecanicos-ratones","9":"product_cat-placa-madre","11":"first","12":"outofstock","13":"taxable","14":"shipping-taxable","15":"purchasable","16":"product-type-simple"},"_links":{"self":[{"href":"https:\/\/comcellstore.com\/index.php?rest_route=\/wp\/v2\/product\/9867","targetHints":{"allow":["GET"]}}],"collection":[{"href":"https:\/\/comcellstore.com\/index.php?rest_route=\/wp\/v2\/product"}],"about":[{"href":"https:\/\/comcellstore.com\/index.php?rest_route=\/wp\/v2\/types\/product"}],"replies":[{"embeddable":true,"href":"https:\/\/comcellstore.com\/index.php?rest_route=%2Fwp%2Fv2%2Fcomments&post=9867"}],"version-history":[{"count":6,"href":"https:\/\/comcellstore.com\/index.php?rest_route=\/wp\/v2\/product\/9867\/revisions"}],"predecessor-version":[{"id":10031,"href":"https:\/\/comcellstore.com\/index.php?rest_route=\/wp\/v2\/product\/9867\/revisions\/10031"}],"wp:featuredmedia":[{"embeddable":true,"href":"https:\/\/comcellstore.com\/index.php?rest_route=\/wp\/v2\/media\/9870"}],"wp:attachment":[{"href":"https:\/\/comcellstore.com\/index.php?rest_route=%2Fwp%2Fv2%2Fmedia&parent=9867"}],"wp:term":[{"taxonomy":"product_brand","embeddable":true,"href":"https:\/\/comcellstore.com\/index.php?rest_route=%2Fwp%2Fv2%2Fproduct_brand&post=9867"},{"taxonomy":"product_cat","embeddable":true,"href":"https:\/\/comcellstore.com\/index.php?rest_route=%2Fwp%2Fv2%2Fproduct_cat&post=9867"},{"taxonomy":"product_tag","embeddable":true,"href":"https:\/\/comcellstore.com\/index.php?rest_route=%2Fwp%2Fv2%2Fproduct_tag&post=9867"}],"curies":[{"name":"wp","href":"https:\/\/api.w.org\/{rel}","templated":true}]}}